{"id":11,"date":"2010-06-12T11:01:29","date_gmt":"2010-06-12T11:01:29","guid":{"rendered":"https:\/\/blog.iese.edu\/argandona\/?page_id=11"},"modified":"2020-04-23T14:05:06","modified_gmt":"2020-04-23T14:05:06","slug":"selected-publications-since-1995","status":"publish","type":"page","link":"https:\/\/blog.iese.edu\/aargandona\/selected-publications-since-1995\/","title":{"rendered":"Publicaciones (desde 1995)"},"content":{"rendered":"<p><a href=\"https:\/\/blog.iese.edu\/aargandona\/selected-publications-since-1995\/articles-in-refereed-journals\/\">Art\u00edculos en revistas con evaluadores externos<\/a><\/p>\n<p><a href=\"https:\/\/blog.iese.edu\/aargandona\/selected-publications-since-1995\/other-articles\/\">Art\u00edculos en revistas especializadas<\/a><\/p>\n<p><a href=\"https:\/\/blog.iese.edu\/aargandona\/selected-publications-since-1995\/otros-articulos-divulgacion\/\">Art\u00edculos en revistas de divulgaci\u00f3n<\/a><\/p>\n<p><a href=\"https:\/\/blog.iese.edu\/aargandona\/selected-publications-since-1995\/books\/\">Libros<\/a><\/p>\n<p><a href=\"https:\/\/blog.iese.edu\/aargandona\/selected-publications-since-1995\/chapters-in-books\/\">Cap\u00edtulos en obras colectivas<\/a><\/p>\n<p><a href=\"https:\/\/blog.iese.edu\/aargandona\/selected-publications-since-1995\/research-working-and-occasional-papers\/\">Documentos de investigaci\u00f3n<\/a><\/p>\n<p><a href=\"https:\/\/blog.iese.edu\/aargandona\/selected-publications-since-1995\/teaching-materials\/\">Materiales docentes<\/a><\/p>\n<p><a href=\"https:\/\/blog.iese.edu\/aargandona\/selected-publications-since-1995\/book-reviews\/\">Otras publicaciones<\/a><\/p>\n<p>*<a href=\"https:\/\/www.ieseinsight.com\/busquedaResultados.aspx?&amp;buscador=1&amp;general=argando%c3%b1a\" target=\"_blank\" rel=\"noopener noreferrer\">Consultar todas las publicaciones por orden cronol\u00f3gico<\/a> (se incluye el resumen y archivo en pdf si est\u00e1 disponible).<\/p>\n<p>___________________________________________________________________<\/p>\n<p><a href=\"https:\/\/www.iese.edu\/es\/claustro-investigacion\/catedras\/caixabank-responsabilidad-social-empresa-gobierno-corporativo\/\">Publicaciones de la C\u00e1tedra CaixaBank de Responsabilidad Social Corporativa<\/a><\/p>\n","protected":false},"excerpt":{"rendered":"<p>Art\u00edculos en revistas con evaluadores externos Art\u00edculos en revistas especializadas Art\u00edculos en revistas de divulgaci\u00f3n Libros Cap\u00edtulos en obras colectivas Documentos de investigaci\u00f3n Materiales docentes Otras publicaciones *Consultar todas las publicaciones por orden cronol\u00f3gico (se incluye el resumen y archivo en pdf si est\u00e1 disponible). ___________________________________________________________________ Publicaciones de la C\u00e1tedra CaixaBank de Responsabilidad Social Corporativa<\/p>\n","protected":false},"author":12,"featured_media":0,"parent":0,"menu_order":2,"comment_status":"closed","ping_status":"closed","template":"","meta":{"footnotes":""},"class_list":["post-11","page","type-page","status-publish","hentry"],"aioseo_notices":[],"_links":{"self":[{"href":"https:\/\/blog.iese.edu\/aargandona\/wp-json\/wp\/v2\/pages\/11","targetHints":{"allow":["GET"]}}],"collection":[{"href":"https:\/\/blog.iese.edu\/aargandona\/wp-json\/wp\/v2\/pages"}],"about":[{"href":"https:\/\/blog.iese.edu\/aargandona\/wp-json\/wp\/v2\/types\/page"}],"author":[{"embeddable":true,"href":"https:\/\/blog.iese.edu\/aargandona\/wp-json\/wp\/v2\/users\/12"}],"replies":[{"embeddable":true,"href":"https:\/\/blog.iese.edu\/aargandona\/wp-json\/wp\/v2\/comments?post=11"}],"version-history":[{"count":45,"href":"https:\/\/blog.iese.edu\/aargandona\/wp-json\/wp\/v2\/pages\/11\/revisions"}],"predecessor-version":[{"id":346,"href":"https:\/\/blog.iese.edu\/aargandona\/wp-json\/wp\/v2\/pages\/11\/revisions\/346"}],"wp:attachment":[{"href":"https:\/\/blog.iese.edu\/aargandona\/wp-json\/wp\/v2\/media?parent=11"}],"curies":[{"name":"wp","href":"https:\/\/api.w.org\/{rel}","templated":true}]}}