{"id":153,"date":"2010-12-20T16:20:58","date_gmt":"2010-12-20T16:20:58","guid":{"rendered":"https:\/\/blog.iese.edu\/argandona\/"},"modified":"2011-10-26T10:44:27","modified_gmt":"2011-10-26T10:44:27","slug":"otros-articulos-divulgacion","status":"publish","type":"page","link":"https:\/\/blog.iese.edu\/aargandona\/selected-publications-since-1995\/otros-articulos-divulgacion\/","title":{"rendered":"Art\u00edculos en revistas de divulgaci\u00f3n"},"content":{"rendered":"<ul>\n<li>\u201cISO 26000, una gu\u00eda para la responsabilidad social de las organizaciones\u201d, <em>Cuadernos de la C\u00e1tedra \u201cla Caixa\u201d de Responsabilidad Social de la Empresa y Gobierno Corporativo<\/em>, No. 11, June 2011 (with R. Isea).\u00a0<\/li>\n<li>\u201cLa lucha contra la corrupci\u00f3n: una perspectiva empresarial\u201d, <em>Cuadernos de la C\u00e1tedra \u201cla Caixa\u201d de Responsabilidad Social de la Empresa y Gobierno Corporativo<\/em>, No. 4, julio 2009 (con R. Morel). \u00a0\u00a0\u00a0\u00a0<\/li>\n<li>\u201cLa responsabilidad social de las instituciones microfinancieras: Contribuyendo a la reducci\u00f3n de la pobreza\u201d, <em>Cuadernos de la C\u00e1tedra \u201cla Caixa\u201d de Responsabilidad Social de la Empresa y Gobierno Corporativo<\/em>, No. 3, marzo 2009 (con A.I. Lari\u00fa y R. Morel).<\/li>\n<li>\u201cLa responsabilidad social de las empresas peque\u00f1as y medianas\u201d, <em>Cuadernos de la C\u00e1tedra \u201cla Caixa\u201d de Responsabilidad Social de la Empresa y Gobierno Corporativo<\/em>, No. 1, junio 2008.<\/li>\n<li>\u201cAn\u00e1lisis de sostenibilidad de la deuda p\u00fablica\u201d, <em>Estrategia Financiera<\/em>, 22, 232, octubre 2006, 32-35 (copn C. Carrasquero)<\/li>\n<li>\u201cEl trabajo, seg\u00fan las ense\u00f1anzas de San Josemar\u00eda Escriv\u00e1. Una reflexi\u00f3n en la perspectiva de las actuales corrientes econ\u00f3micas y sociol\u00f3gicas\u201d, <em>Nuestro Tiempo<\/em>, marzo 2003.<\/li>\n<li>\u201cL\u2019\u00e8tica a l\u2019empresa: luxe o necessitat?\u201d, <em>Revista de Qualitat<\/em>, 45, mayo 2002.<\/li>\n<li>\u201cLiberalismo y neoliberalismo en econom\u00eda: pasado y presente\u201d, <em>Bolet\u00edn Informativo<\/em>, Fundaci\u00f3n Juan March, 313, octubre 2001.<\/li>\n<li>\u00a0\u201cHi ha un paper per a l\u2019\u00e8tica a l\u2019empresa?\u201d, <em>Anuari de la Societat Catalana d\u2019Economia<\/em>, 17, 2001.<\/li>\n<li>\u201cNo des consejos a un gobierno que no te los pide\u201d, <em>Nueva Revista<\/em>, 69, mayo-junio 2000.<\/li>\n<li>\u201cC\u00f3mo sobrevivir entre sobornos y comisiones\u201d, <em>Palabra,<\/em> 433, julio 2000.<\/li>\n<li>\u201cLa otra cara de las <em>stock options<\/em>\u201d, <em>Palabra<\/em>, 427, febrero 2000.<\/li>\n<li>\u201cLa \u00e9tica en la empresa ante las nuevas tecnolog\u00edas\u201d, <em>Fomento del Trabajo<\/em> 2089,\u00a0 2000\/1. Reproducido en <em>Gesti\u00f3n de compras<\/em>, AERCE, 5, 20, enero-febrero 2001.<\/li>\n<li>\u201cEtica y negocios en la Espa\u00f1a del siglo veinte\u201d, <em>Acto de presentaci\u00f3n de la C\u00e1tedra Econom\u00eda y Etica. Discursos.<\/em> Barcelona: IESE, 21 de abril de 1999. Reproducido en <em>Nuestro Tiempo,<\/em> 540, junio 1999.<\/li>\n<li>\u201cLa responsabilidad de la empresa en la creaci\u00f3n y mantenimiento del empleo\u201d, <em>Servicio de Documentaci\u00f3n<\/em>, Instituto Empresa y Humanismo, Universidad de Navarra, 40, noviembre 1997.<\/li>\n<li>\u201cImportancia y actualidad de la \u00e9tica empresarial\u201d, <em>Servicio de Documentaci\u00f3n<\/em>, Instituto Empresa y Humanismo, 38, abril 1997.\u00a0<\/li>\n<li>\u201c\u00bfQu\u00e9 hace falta para que la econom\u00eda de mercado funcione?\u201d, <em>Nueva Revista<\/em>, 48, diciembre 1996-enero 1997.<\/li>\n<\/ul>\n","protected":false},"excerpt":{"rendered":"<p>\u201cISO 26000, una gu\u00eda para la responsabilidad social de las organizaciones\u201d, Cuadernos de la C\u00e1tedra \u201cla Caixa\u201d de Responsabilidad Social de la Empresa y Gobierno Corporativo, No. 11, June 2011 (with R. Isea).\u00a0 \u201cLa lucha contra la corrupci\u00f3n: una perspectiva empresarial\u201d, Cuadernos de la C\u00e1tedra \u201cla Caixa\u201d de Responsabilidad Social de la Empresa y Gobierno [&hellip;]<\/p>\n","protected":false},"author":172,"featured_media":0,"parent":11,"menu_order":3,"comment_status":"closed","ping_status":"open","template":"","meta":{"footnotes":""},"class_list":["post-153","page","type-page","status-publish","hentry"],"aioseo_notices":[],"_links":{"self":[{"href":"https:\/\/blog.iese.edu\/aargandona\/wp-json\/wp\/v2\/pages\/153","targetHints":{"allow":["GET"]}}],"collection":[{"href":"https:\/\/blog.iese.edu\/aargandona\/wp-json\/wp\/v2\/pages"}],"about":[{"href":"https:\/\/blog.iese.edu\/aargandona\/wp-json\/wp\/v2\/types\/page"}],"author":[{"embeddable":true,"href":"https:\/\/blog.iese.edu\/aargandona\/wp-json\/wp\/v2\/users\/172"}],"replies":[{"embeddable":true,"href":"https:\/\/blog.iese.edu\/aargandona\/wp-json\/wp\/v2\/comments?post=153"}],"version-history":[{"count":6,"href":"https:\/\/blog.iese.edu\/aargandona\/wp-json\/wp\/v2\/pages\/153\/revisions"}],"predecessor-version":[{"id":283,"href":"https:\/\/blog.iese.edu\/aargandona\/wp-json\/wp\/v2\/pages\/153\/revisions\/283"}],"up":[{"embeddable":true,"href":"https:\/\/blog.iese.edu\/aargandona\/wp-json\/wp\/v2\/pages\/11"}],"wp:attachment":[{"href":"https:\/\/blog.iese.edu\/aargandona\/wp-json\/wp\/v2\/media?parent=153"}],"curies":[{"name":"wp","href":"https:\/\/api.w.org\/{rel}","templated":true}]}}