{"id":2,"date":"2010-06-11T08:15:20","date_gmt":"2010-06-11T08:15:20","guid":{"rendered":""},"modified":"2020-04-23T14:06:06","modified_gmt":"2020-04-23T14:06:06","slug":"about","status":"publish","type":"page","link":"https:\/\/blog.iese.edu\/aargandona\/","title":{"rendered":"Biograf\u00eda"},"content":{"rendered":"<p>Antonio Argando\u00f1a R\u00e1miz es Profesor Em\u00e9rito de Econom\u00eda y de \u00c9tica de la Empresa y titular de la <a href=\"https:\/\/www.iese.edu\/es\/claustro-investigacion\/catedras\/caixabank-responsabilidad-social-empresa-gobierno-corporativo\/\" target=\"_blank\" rel=\"noopener noreferrer\">C\u00e1tedra CaixaBank de Responsabilidad Social Corporativa<\/a> del IESE, Universidad de Navarra.<\/p>\n<p>Recibi\u00f3 su doctorado (<em>summa cum laude<\/em>) en Econom\u00eda por la Universidad de Barcelona en 1969. Catedr\u00e1tico de Fundamentos del An\u00e1lisis Econ\u00f3mico (jubilado), ha impartido clases en las universidades de Barcelona, M\u00e1laga y Navarra.<\/p>\n<p>Es Acad\u00e9mico Numerario de la Real Academia de Ciencias Econ\u00f3micas y Financieras de Espa\u00f1a; Presidente del Comit\u00e9 de Normativa y \u00c9tica Profesional del Colegio de Economistas de Catalu\u00f1a; miembro de la Comission on Corporate Social Responsibility and Anti-Corruption de la International Chamber of Commerce de Par\u00eds, y pertenece a comit\u00e9s \u00e9ticos de instituciones financieras, asociaciones empresariales y medios de comunicaci\u00f3n, as\u00ed como al consejo editorial de varias publicaciones cient\u00edficas de prestigio internacional. Es tambi\u00e9n el Director del <em>IESE Insight<\/em> y del <em>IESE Alumni Magazine<\/em>.<\/p>\n<p>Recibi\u00f3 la Medalla de Oro de la Universidad de Navarra en 2016 y fue nombrado Colegial de M\u00e9rito del Colegio de Economistas de Catalu\u00f1a en 2005, entre otros galardones.<\/p>\n<p>Autor de numerosos libros y art\u00edculos sobre macroeconom\u00eda, econom\u00eda espa\u00f1ola y europea, \u00e9tica aplicada a la econom\u00eda y a la empresa, responsabilidad social corporativa y gobierno corporativo.<\/p>\n","protected":false},"excerpt":{"rendered":"<p>Antonio Argando\u00f1a R\u00e1miz es Profesor Em\u00e9rito de Econom\u00eda y de \u00c9tica de la Empresa y titular de la C\u00e1tedra CaixaBank de Responsabilidad Social Corporativa del IESE, Universidad de Navarra. Recibi\u00f3 su doctorado (summa cum laude) en Econom\u00eda por la Universidad de Barcelona en 1969. Catedr\u00e1tico de Fundamentos del An\u00e1lisis Econ\u00f3mico (jubilado), ha impartido clases en [&hellip;]<\/p>\n","protected":false},"author":12,"featured_media":0,"parent":0,"menu_order":1,"comment_status":"closed","ping_status":"open","template":"","meta":{"footnotes":""},"class_list":["post-2","page","type-page","status-publish","hentry"],"aioseo_notices":[],"_links":{"self":[{"href":"https:\/\/blog.iese.edu\/aargandona\/wp-json\/wp\/v2\/pages\/2","targetHints":{"allow":["GET"]}}],"collection":[{"href":"https:\/\/blog.iese.edu\/aargandona\/wp-json\/wp\/v2\/pages"}],"about":[{"href":"https:\/\/blog.iese.edu\/aargandona\/wp-json\/wp\/v2\/types\/page"}],"author":[{"embeddable":true,"href":"https:\/\/blog.iese.edu\/aargandona\/wp-json\/wp\/v2\/users\/12"}],"replies":[{"embeddable":true,"href":"https:\/\/blog.iese.edu\/aargandona\/wp-json\/wp\/v2\/comments?post=2"}],"version-history":[{"count":34,"href":"https:\/\/blog.iese.edu\/aargandona\/wp-json\/wp\/v2\/pages\/2\/revisions"}],"predecessor-version":[{"id":347,"href":"https:\/\/blog.iese.edu\/aargandona\/wp-json\/wp\/v2\/pages\/2\/revisions\/347"}],"wp:attachment":[{"href":"https:\/\/blog.iese.edu\/aargandona\/wp-json\/wp\/v2\/media?parent=2"}],"curies":[{"name":"wp","href":"https:\/\/api.w.org\/{rel}","templated":true}]}}