{"id":226,"date":"2011-02-28T11:10:44","date_gmt":"2011-02-28T11:10:44","guid":{"rendered":"https:\/\/blog.iese.edu\/argandona\/"},"modified":"2011-10-26T10:50:40","modified_gmt":"2011-10-26T10:50:40","slug":"articles-in-refereed-journals","status":"publish","type":"page","link":"https:\/\/blog.iese.edu\/aargandona\/publications-since-1995\/articles-in-refereed-journals\/?lang=en","title":{"rendered":"Articles in refereed journals"},"content":{"rendered":"<ul>\n<li>\u201cUna visi\u00f3n panor\u00e1mica de la \u00e9tica empresarial\u201d, <em>Universia Business Review<\/em>, 30, 2011, 12-21 (with J. Fontrodona).<\/li>\n<li>\u201cLa \u00e9tica y la toma de decisiones en la empresa\u201d, <em>Universia Business Review<\/em>, 30, 2011, 22-31.<\/li>\n<li>\u201cJosemar\u00eda Escriv\u00e1 de Balaguer y la misi\u00f3n del IESE en el mundo de la empresa\u201d, <em>Studia et Documenta<\/em>, 5, 2011, 131-162.<\/li>\n<li>\u201cFacing the crisis: Toward a new humanistic synthesis for business\u201d, <em>Journal of Business Ethics<\/em>, 99, 2011, 1-4 (with D. Mel\u00e9 and C. S\u00e1nchez-Runde).<\/li>\n<li>\u201cBeyond contracts: Love in firms\u201d, <em>Journal of Business Ethics<\/em>, 99, 2011, 77-85.<\/li>\n<li>\u201cSocial responsibility and social security: The foundation of <em>Caja de Pensiones para la Vejez y de Ahorros<\/em>\u201d, <em>Journal of Business Ethics<\/em>, 89, Supplement 3, 2009, 319-332 (with C. M. Moreno and J. M. Sol\u00e0).<\/li>\n<li>\u201cCorporate social responsibility in the first years of <em>Caja de Pensiones para la Vejez y de Ahorros<\/em>\u201d, <em>Journal of Business Ethics<\/em>, 89, Supplement 3, 2009, 333-346 (with C. M. Moreno and J. M. Sol\u00e0).<\/li>\n<li>\u201cCorporate Social Responsibility: One size does not fit all. Collecting evidence from Europe\u201d, <em>Journal of Business Ethics<\/em>, 89, Supplement 3, 2009, 221-234 (with H. von Weltzien-Hoivik).<\/li>\n<li>\u201cResponsible corporate governance: Towards a stakeholder board of directors?\u201d, <em>Corporate Ownership and Control<\/em>, 6, 4, 2009, 9-19 (with S. Ayuso).<\/li>\n<li>\u201cBest practices in credit accessibility and corporate social responsibility in financial institutions\u201d, <em>Journal of Business Ethics<\/em>, 87, 2009, 251-265 (with F. Prior).<\/li>\n<li>\u201cCredit accessibility and corporate social responsibility in financial institutions: the case of microfinance\u201d, <em>Business Ethics: A European Review<\/em>, 18, 4, 2009, 349-363 (with F. Prior).<\/li>\n<li>\u201cIntegrating ethics into action theory and organizational theory\u201d, <em>Journal of Business Ethics<\/em>, 78, 3, 2008, 435-446.<\/li>\n<li>\u201cThe United Nations Convention against Corruption and its impact on international companies\u201d, <em>Journal of Business <\/em>Ethics, 74, 4, 2007, 481-496.<\/li>\n<li>\u201cResponsabilidad social de la empresa: \u00bfQu\u00e9 modelo econ\u00f3mico? \u00bfQu\u00e9 modelo de empresa?\u201d, <em>Documentaci\u00f3n Social<\/em>, 146, 2007, 11-24.<\/li>\n<li>\u201cCorruption and companies: The use of facilitating payments\u201d, <em>Journal of Business Ethics<\/em>, 60, 3, 2005, 251-264.<\/li>\n<li>\u201cEconom\u00eda, teor\u00eda de la acci\u00f3n y \u00e9tica\u201d, <em>Informaci\u00f3n Comercial Espa\u00f1ola<\/em>, 823, 2005, 29-38.<\/li>\n<li>\u201cEconomic ethics and institutional change\u201d, <em>Journal of Business Ethics<\/em>, 53, 1-2, 2004, 191-201.<\/li>\n<li>\u201cOn ethical, social and environmental management systems\u201d, <em>Journal of Business Ethics<\/em>, 51, 1, 2004, 41-52.<\/li>\n<li>\u201cLa importancia del precio de los activos en el dise\u00f1o de la pol\u00edtica monetaria\u201d, <em>clm.Econom\u00eda<\/em>, 3, 2003, 95-115.<\/li>\n<li>\u201cPrivate-to-private corruption\u201d, <em>Journal of Business Ethics<\/em>, 47, 3, 2003, 253-267.<\/li>\n<li>\u201cFostering values in organizations\u201d, <em>Journal of Business Ethics<\/em>, 45, 1-2, 2003, 15-28.<\/li>\n<li>\u201cIntroduction\u201d, <em>Journal of Business Ethics<\/em>, 44, 1, 2003, 1-2.<\/li>\n<li>\u201cThe New Economy: ethical issues\u201d, <em>Journal of Business Ethics<\/em>, 44, 1, 2003, 3-22.<\/li>\n<li>\u201cManagement and acting \u2018beyond the call of duty\u2019\u201d, <em>Business Ethics. A European Review<\/em>, 10, 4, 2001, 320-330.<\/li>\n<li>\u201cCorruption: The corporate perspective\u201d, <em>Business Ethics. A European Review<\/em>, 10, 2, 2001, 163-175.<\/li>\n<li>\u201cEthics in Finance and Public Policy: The Ibercorp Case\u201d, <em>Journal of Business Ethics,<\/em> 22, 3, 1999, 219-231.<\/li>\n<li>\u201cBusiness Ethics in Spain\u201d, <em>Journal of Business Ethics,<\/em> 22, 3, 1999, 155-173.<\/li>\n<li>\u201cAlgunas tesis sobre los valores\u201d, <em>Revista Empresa y Humanismo<\/em>, III, 1\/01.<\/li>\n<li>\u201cSharing out in alliances: Trust and ethics\u201d, <em>Journal of Business Ethics,<\/em> 21, 2-3, 1999, 217-228.<\/li>\n<li>\u201cThe stakeholder theory and the common good\u201d, <em>Journal of Business Ethics<\/em>, 17,9-10, 1998, 1093-1102.<\/li>\n<li>\u201cThe 1996 ICC Report on Extortion and Bribery in International Business Transactions\u201d, <em>Business Ethics. A European Review<\/em>, 6, 3, 1997, 134-146.<\/li>\n<li>\u201cBusiness ethics in modern Spain\u201d, <em>Business Ethics. <\/em><em>A European Review<\/em>, 5, 1, 1996.<\/li>\n<li>\u201cEthical aspects of an urban catastrophe\u201d, <em>Journal of Business Ethics<\/em>, 14, 7, 1995, 511-530.<\/li>\n<\/ul>\n","protected":false},"excerpt":{"rendered":"<p>\u201cUna visi\u00f3n panor\u00e1mica de la \u00e9tica empresarial\u201d, Universia Business Review, 30, 2011, 12-21 (with J. Fontrodona). \u201cLa \u00e9tica y la toma de decisiones en la empresa\u201d, Universia Business Review, 30, 2011, 22-31. \u201cJosemar\u00eda Escriv\u00e1 de Balaguer y la misi\u00f3n del IESE en el mundo de la empresa\u201d, Studia et Documenta, 5, 2011, 131-162. \u201cFacing the [&hellip;]<\/p>\n","protected":false},"author":13,"featured_media":0,"parent":223,"menu_order":1,"comment_status":"closed","ping_status":"open","template":"","meta":{"footnotes":""},"class_list":["post-226","page","type-page","status-publish","hentry"],"aioseo_notices":[],"_links":{"self":[{"href":"https:\/\/blog.iese.edu\/aargandona\/wp-json\/wp\/v2\/pages\/226","targetHints":{"allow":["GET"]}}],"collection":[{"href":"https:\/\/blog.iese.edu\/aargandona\/wp-json\/wp\/v2\/pages"}],"about":[{"href":"https:\/\/blog.iese.edu\/aargandona\/wp-json\/wp\/v2\/types\/page"}],"author":[{"embeddable":true,"href":"https:\/\/blog.iese.edu\/aargandona\/wp-json\/wp\/v2\/users\/13"}],"replies":[{"embeddable":true,"href":"https:\/\/blog.iese.edu\/aargandona\/wp-json\/wp\/v2\/comments?post=226"}],"version-history":[{"count":5,"href":"https:\/\/blog.iese.edu\/aargandona\/wp-json\/wp\/v2\/pages\/226\/revisions"}],"predecessor-version":[{"id":290,"href":"https:\/\/blog.iese.edu\/aargandona\/wp-json\/wp\/v2\/pages\/226\/revisions\/290"}],"up":[{"embeddable":true,"href":"https:\/\/blog.iese.edu\/aargandona\/wp-json\/wp\/v2\/pages\/223"}],"wp:attachment":[{"href":"https:\/\/blog.iese.edu\/aargandona\/wp-json\/wp\/v2\/media?parent=226"}],"curies":[{"name":"wp","href":"https:\/\/api.w.org\/{rel}","templated":true}]}}