{"id":230,"date":"2011-02-28T11:12:49","date_gmt":"2011-02-28T11:12:49","guid":{"rendered":"https:\/\/blog.iese.edu\/argandona\/"},"modified":"2011-10-26T10:51:16","modified_gmt":"2011-10-26T10:51:16","slug":"230-2","status":"publish","type":"page","link":"https:\/\/blog.iese.edu\/aargandona\/publications-since-1995\/230-2\/?lang=en","title":{"rendered":"Other articles in specialized journals"},"content":{"rendered":"<ul>\n<li>\u201cEthical management systems for not-for-profit organizations\u201d, <em>Zeitschrift f\u00fcr Witschafts- und Unternehmensethik<\/em>, 1, 2009, 132-146.<\/li>\n<li>\u201cEl directivo de RSC: retos y dificultades de los nuevos agentes de cambio\u201d, <em>Harvard-Deusto Business Review<\/em>, mayo 2009, 37-41 (con J. Fontrodona y P. Garc\u00eda Lombard\u00eda).<\/li>\n<li>\u201cEl panorama macroeon\u00f2mic de l\u2019economia occidental i la crisi financera\u201d, <em>Paradigmes<\/em>, 2, junio 2009, 83-89.<\/li>\n<li>\u201cEl car\u00e0cter global de la crisi financera\u201d, <em>Q\u00fcestions de Vida Cristiana<\/em>, 234, 2009, 91-100.<\/li>\n<li>\u201cLa \u00e9tica personal y los valores. Un sistema alternativo a la RSC\u201d, <em>Telos. Cuadernos de Comunicaci\u00f3n e Innovaci\u00f3n<\/em>, 79, abril-junio 2009.<\/li>\n<li>\u201cLa responsabilitat social de l\u2019empresa a la llum de l\u2019\u00e8tica\u201d, <em>Comptabilitat i Direcci\u00f3<\/em>, n\u00famero monogr\u00e1fico Responsabilitat Social Corporativa, 7, 2008, 27-37.<\/li>\n<li>\u201cL\u2019empresa i la promoci\u00f3 de la cultura\u201d, <em>Revista Cultura<\/em>, 2, julio 2008, 54-67.<\/li>\n<li>\u201cResponsabilitat social i creaci\u00f3 de valor per a l\u2019accionista: Objectius contraposats o complementaris?\u201d, <em>Revista Econ\u00f2mica de Catalunya<\/em>, 55, 2007, 103-109.<\/li>\n<li>\u201cEl progr\u00e9s: una visi\u00f3 des de la ci\u00e8ncia econ\u00f2mica\u201d, <em>Q\u00fcestions de Vida Cristiana<\/em>, 228, 2007, 91-106.<\/li>\n<li>\u201cEconom\u00eda de mercado y responsabilidad social de la empresa\u201d, <em>Papeles de Econom\u00eda Espa\u00f1ola<\/em>, 108, 2006, 2-9.<\/li>\n<li>\u201cMilton Friedman (1912-2006)\u201d, <em>Cuadernos de Informaci\u00f3n Econ\u00f3mica<\/em>, 195, noviembre-diciembre 2006, 169-174.<\/li>\n<li>\u201cLa corrupci\u00f3n y las empresas: el caso de los pagos de facilitaci\u00f3n\u201d, <em>Anales de la Real Academia de Ciencias Econ\u00f3micas y Financieras. <\/em>Anales de los cursos acad\u00e9micos 2002-2003, 2003-2004, tomo XXVII. Barcelona: Real Academia de Ciencias Econ\u00f3micas y Financieras, 2005, 109-132.<\/li>\n<li>\u201c\u00bfPor qu\u00e9 el marketing debe tener en cuenta la \u00e9tica?\u201d, <em>Harvard-Deusto Marketing y Ventas<\/em>, 62, mayo-junio 2004.<\/li>\n<li>\u201cLos desequilibrios de la econom\u00eda espa\u00f1ola: una explicaci\u00f3n de sus determinantes y cambios en el tiempo\u201d, <em>Revista del Instituto de Estudios Econ\u00f3micos<\/em>, 1, 2004.<\/li>\n<li>\u201cLas funciones de la empresa: El papel de la maximizaci\u00f3n del valor para el accionista\u201d, <em>Revista del Instituto de Estudios Econ\u00f3micos, <\/em>1, 2003.<\/li>\n<li>\u201cSobre los sistemas de gesti\u00f3n \u00e9tica, social y medioambiental en las empresas\u201d, <em>Papeles de \u00c9tica, Econom\u00eda y Direcci\u00f3n<\/em>, 8, 2003.<\/li>\n<li>\u201c\u00c9tica y responsabilidad social de la empresa: \u00bfCu\u00e1les son los retos\u201d, <em>Papeles de \u00c9tica, Econom\u00eda y Direcci\u00f3n<\/em>, 7, 2002.<\/li>\n<li>\u201cG\u00f6nnertum und Wohlt\u00e4tigkeit\u201d, <em>Schweizer Monatshefte f\u00fcr Politik, Wirtschaft, Kultur<\/em>, 81, 7\/8, julio-agosto 2001.<\/li>\n<li>\u201cLa nueva econom\u00eda y el crecimiento de las naciones\u201d, <em>Bolet\u00edn de Estudios Econ\u00f3micos<\/em>, 56, 173, agosto 2001.<\/li>\n<li>\u201cLa Nueva Econom\u00eda y el crecimiento econ\u00f3mico\u201d, <em>Revista del Instituto de Estudios Econ\u00f3micos<\/em>, 1 y 2, 2001.<\/li>\n<li>\u201cLa financiaci\u00f3n de los partidos pol\u00edticos y la corrupci\u00f3n en las empresas\u201d, <em>Papeles de \u00c9tica, Econom\u00eda y Direcci\u00f3n<\/em>, 6, 2001.<\/li>\n<li>\u201cLas opciones sobre acciones y la remuneraci\u00f3n de directivos\u201d, <em>Harvard-Deusto Business Review<\/em>, 96, mayo-junio 2000.<\/li>\n<li>\u201cLos fondos \u00e9ticos y la promoci\u00f3n de la \u00e9tica en las finanzas\u201d, <em>Papeles de \u00c9tica, Econom\u00eda y Direcci\u00f3n<\/em>, 5, 2000 (con D. Sarsa).<\/li>\n<li>\u201cLos problemas \u00e9ticos de las \u2018stock options\u2019 en la remuneraci\u00f3n de directivos\u201d, <em>Harvard-Deusto Finanzas y Contabilidad<\/em>, 37, septiembre-octubre 2000.<\/li>\n<li>\u201cEl desempleo en Espa\u00f1a: Una visi\u00f3n de largo plazo\u201d, <em>Cuadernos de Formaci\u00f3n Veintiuno<\/em>, 17, 2000.<\/li>\n<li>\u201cOrden espont\u00e1neo y \u00e9tica: Una sugerencia\u201d, <em>Laissez Faire, <\/em>Universidad Francisco Marroquin, 10, marzo 1999.<\/li>\n<li>\u201cLa reforma laboral pendiente: Visi\u00f3n econ\u00f3mica\u201d, <em>Revista del Instituto de Estudios Econ\u00f3micos<\/em>, 1\u00a0 y 2, 1999.<\/li>\n<li>\u201cLas empresas ante la corrupci\u00f3n\u201d, <em>Papeles de \u00c9tica, Econom\u00eda y Direcci\u00f3n,<\/em> 4, 1999.<\/li>\n<li>\u201cLos cambios recientes en el dise\u00f1o y ejecuci\u00f3n de las pol\u00edticas econ\u00f3micas\u201d, <em>Revista del Instituto de Estudios Econ\u00f3micos<\/em>, n\u00famero monogr\u00e1fico sobre \u201cEstrategias para una econom\u00eda din\u00e1mica\u201d, 4, 1999.<\/li>\n<li>\u201cLa crisis asi\u00e1tica: Implicaciones para Espa\u00f1a y perspectivas de futuro\u201d, <em>Revista del Instituto de Estudios Econ\u00f3mico<\/em>s, 4, 1998.<\/li>\n<li>\u201cEmpresas y empresarios como motores del crecimiento\u201d, <em>Economistas<\/em>, 73, 1997.<\/li>\n<li>\u201cUna visi\u00f3 econ\u00f2mica de la pobresa i la narginaci\u00f3 a Catalunya\u201d, <em>Temes d&#8217;Avui. Revista de Teologia i Pastoral<\/em>, 2, julio 1997.<\/li>\n<li>\u201cVisi\u00f3n general\u201d, <em>Revista del Instituto de Estudios Econ\u00f3micos<\/em>, n\u00famero monogr\u00e1fico sobre \u201cFactores productivos y competitividad en Espa\u00f1a\u201d, 1 y 2, 1997.<\/li>\n<li>\u201cLa econom\u00eda de mercado\u201d, <em>Papeles de Etica, Economia y Direcci\u00f3n<\/em>, 4, 1996.<\/li>\n<li>\u201cLa inflaci\u00f3n: causas y consecuencias\u201d, <em>Revista del Instituto de Estudios Econ\u00f3micos<\/em>, n\u00famero monogr\u00e1fico sobre \u201cEl problema de la inflaci\u00f3n en Espa\u00f1a\u201d, 1-2, 1995.<\/li>\n<li>\u201cLas reformas estructurales y la inflaci\u00f3n\u201d, <em>Bolet\u00edn del C\u00edrculo de Empresarios<\/em>, n\u00famero monogr\u00e1fico sobre \u201cLas reformas de estructuras en Espa\u00f1a\u201d, 60, segundo semestre 1995.<\/li>\n<\/ul>\n","protected":false},"excerpt":{"rendered":"<p>\u201cEthical management systems for not-for-profit organizations\u201d, Zeitschrift f\u00fcr Witschafts- und Unternehmensethik, 1, 2009, 132-146. \u201cEl directivo de RSC: retos y dificultades de los nuevos agentes de cambio\u201d, Harvard-Deusto Business Review, mayo 2009, 37-41 (con J. Fontrodona y P. Garc\u00eda Lombard\u00eda). \u201cEl panorama macroeon\u00f2mic de l\u2019economia occidental i la crisi financera\u201d, Paradigmes, 2, junio 2009, 83-89. [&hellip;]<\/p>\n","protected":false},"author":13,"featured_media":0,"parent":223,"menu_order":2,"comment_status":"closed","ping_status":"open","template":"","meta":{"footnotes":""},"class_list":["post-230","page","type-page","status-publish","hentry"],"aioseo_notices":[],"_links":{"self":[{"href":"https:\/\/blog.iese.edu\/aargandona\/wp-json\/wp\/v2\/pages\/230","targetHints":{"allow":["GET"]}}],"collection":[{"href":"https:\/\/blog.iese.edu\/aargandona\/wp-json\/wp\/v2\/pages"}],"about":[{"href":"https:\/\/blog.iese.edu\/aargandona\/wp-json\/wp\/v2\/types\/page"}],"author":[{"embeddable":true,"href":"https:\/\/blog.iese.edu\/aargandona\/wp-json\/wp\/v2\/users\/13"}],"replies":[{"embeddable":true,"href":"https:\/\/blog.iese.edu\/aargandona\/wp-json\/wp\/v2\/comments?post=230"}],"version-history":[{"count":3,"href":"https:\/\/blog.iese.edu\/aargandona\/wp-json\/wp\/v2\/pages\/230\/revisions"}],"predecessor-version":[{"id":291,"href":"https:\/\/blog.iese.edu\/aargandona\/wp-json\/wp\/v2\/pages\/230\/revisions\/291"}],"up":[{"embeddable":true,"href":"https:\/\/blog.iese.edu\/aargandona\/wp-json\/wp\/v2\/pages\/223"}],"wp:attachment":[{"href":"https:\/\/blog.iese.edu\/aargandona\/wp-json\/wp\/v2\/media?parent=230"}],"curies":[{"name":"wp","href":"https:\/\/api.w.org\/{rel}","templated":true}]}}