{"id":233,"date":"2011-02-28T11:13:55","date_gmt":"2011-02-28T11:13:55","guid":{"rendered":"https:\/\/blog.iese.edu\/argandona\/"},"modified":"2011-10-26T10:52:52","modified_gmt":"2011-10-26T10:52:52","slug":"books","status":"publish","type":"page","link":"https:\/\/blog.iese.edu\/aargandona\/publications-since-1995\/books\/?lang=en","title":{"rendered":"Books"},"content":{"rendered":"<ul>\n<li><em>Libro Blanco del Consumo Responsable de Alcohol en Espa\u00f1a<\/em>. Barcelona: IESE, Center for Business and Society, y Diageo Espa\u00f1a S.A., 2009 (con J. Fontorodona y P. Garc\u00eda Lombard\u00eda).<\/li>\n<li><em>The Social Dimensions of Employment.<\/em> <em>Institutional Reforms in Labour Markets<\/em> (editor and co-author). Cheltenham: Edward Elgar, 2002 (with J. Gual).<\/li>\n<li><em>Una historia del desempleo en Espa\u00f1a.<\/em> Barcelona: Real Academia de Ciencias Econ\u00f3micas y Financieras, 1999.<\/li>\n<li><em>Macroeconom\u00eda Avanzada II. Fluctuaciones c\u00edclicas y crecimiento econ\u00f3mico<\/em>. Madrid: McGraw-Hill, 1997 (con C. G\u00e1mez y F. Moch\u00f3n).<\/li>\n<li><em>Macroeconom\u00eda Avanzada I. Modelos din\u00e1micos y teor\u00eda de la pol\u00edtica econ\u00f3mica<\/em>. Madrid: McGraw-Hill, 1996 (con C. g\u00e1mez y F. Moch\u00f3n).<\/li>\n<li><em>The Ethical Dimension of Financial Institutions and Markets,<\/em> editor and co-author. Heidelberg: Springer Verlag, 1995.<\/li>\n<li><em>La d<\/em><em>imensi\u00f3n \u00e9tica de las instituciones y los mercados financieros, <\/em>editor y coautor. Madrid: Fundaci\u00f3n BBV, 1995.<\/li>\n<\/ul>\n","protected":false},"excerpt":{"rendered":"<p>Libro Blanco del Consumo Responsable de Alcohol en Espa\u00f1a. Barcelona: IESE, Center for Business and Society, y Diageo Espa\u00f1a S.A., 2009 (con J. Fontorodona y P. Garc\u00eda Lombard\u00eda). The Social Dimensions of Employment. Institutional Reforms in Labour Markets (editor and co-author). Cheltenham: Edward Elgar, 2002 (with J. Gual). Una historia del desempleo en Espa\u00f1a. Barcelona: [&hellip;]<\/p>\n","protected":false},"author":13,"featured_media":0,"parent":223,"menu_order":4,"comment_status":"closed","ping_status":"open","template":"","meta":{"footnotes":""},"class_list":["post-233","page","type-page","status-publish","hentry"],"aioseo_notices":[],"_links":{"self":[{"href":"https:\/\/blog.iese.edu\/aargandona\/wp-json\/wp\/v2\/pages\/233","targetHints":{"allow":["GET"]}}],"collection":[{"href":"https:\/\/blog.iese.edu\/aargandona\/wp-json\/wp\/v2\/pages"}],"about":[{"href":"https:\/\/blog.iese.edu\/aargandona\/wp-json\/wp\/v2\/types\/page"}],"author":[{"embeddable":true,"href":"https:\/\/blog.iese.edu\/aargandona\/wp-json\/wp\/v2\/users\/13"}],"replies":[{"embeddable":true,"href":"https:\/\/blog.iese.edu\/aargandona\/wp-json\/wp\/v2\/comments?post=233"}],"version-history":[{"count":3,"href":"https:\/\/blog.iese.edu\/aargandona\/wp-json\/wp\/v2\/pages\/233\/revisions"}],"predecessor-version":[{"id":293,"href":"https:\/\/blog.iese.edu\/aargandona\/wp-json\/wp\/v2\/pages\/233\/revisions\/293"}],"up":[{"embeddable":true,"href":"https:\/\/blog.iese.edu\/aargandona\/wp-json\/wp\/v2\/pages\/223"}],"wp:attachment":[{"href":"https:\/\/blog.iese.edu\/aargandona\/wp-json\/wp\/v2\/media?parent=233"}],"curies":[{"name":"wp","href":"https:\/\/api.w.org\/{rel}","templated":true}]}}