{"id":236,"date":"2011-02-28T11:15:07","date_gmt":"2011-02-28T11:15:07","guid":{"rendered":"https:\/\/blog.iese.edu\/argandona\/"},"modified":"2011-10-26T10:53:42","modified_gmt":"2011-10-26T10:53:42","slug":"chapters-in-academic-books","status":"publish","type":"page","link":"https:\/\/blog.iese.edu\/aargandona\/publications-since-1995\/chapters-in-academic-books\/?lang=en","title":{"rendered":"Chapters in academic books"},"content":{"rendered":"<ul>\n<li>\u201cGovernance and subsidiarity in firms\u201d, in J-M. Aurifeille, C.J. Medlin, C. Tisdell, J. Gil Lafuente y J. Gil Aluja, eds., <em>Globalization, Governance and Ethics: New Managerial and Economic Insights<\/em>.New York: Nova Science Publishers, Inc., 2011, pp. 113-124 (con L. Strandberg).<\/li>\n<li>\u00a0\u201cLas virtudes en una teor\u00eda de la acci\u00f3n humana\u201d, in P. Requena and M. Schlag, eds., <em>La persona al centro del Magistero sociale della Chiesa<\/em>. Roma: Edusc, 2011, 49-71.<\/li>\n<li>\u00a0\u201cPosibilidades y limitaciones de las reformas estructurales\u201d, in J. Velarde, coord., <em>Lo que hay que hacer con urgencia<\/em>. San Sebasti\u00e1n de los Reyes: Actas, 2011, 34-57.<\/li>\n<li>\u201cFrom action theory to the theory of the firm\u201d, in J. Canals, ed., <em>The Future of Leadership Development<\/em>. Houndmills, UK: Palgrave Macmillan, 2011, 119-142.<\/li>\n<li>\u201cMicrofinance\u201d, in J.R. Boatright, ed., <em>Finance Ethics. Critical Issues in Theory and Practice<\/em>. Hoboken, N.J.: Johan Wiley and Sons, 2010, 419-434.<\/li>\n<li>\u201cDon y gratuidad en la empresa\u201d, en D. Mel\u00e9 y J.M. Castell\u00e0, eds., <em>El desarrollo humano integral. Comentarios interdisciplinares a la Enc\u00edclica <\/em>Caritas in veritate<em> de Benedicto XVI<\/em>. Barcelona: Editorial ITER, 2010, 227-241.<\/li>\n<li>\u201cEl amor en la empresa\u201d, en A. Mugarra, ed., <em>XVIII Congreso EBEN Espa\u00f1a \u201cTeor\u00eda Superior de Stakeholder\u201d<\/em>, CD, 2010.<\/li>\n<li>\u201cM\u00e1s all\u00e1 de la eficiencia: Lecciones \u00e9ticas de la crisis para la cultura empresarial\u201d, en T. Jim\u00e9nez Araya, ed., <em>Hacia una nueva \u00e9tica econ\u00f3mica global. Innovaci\u00f3n vs. statu quo<\/em>, Barcelona: Huygens Editorial, 2010, 203-226.<\/li>\n<li>\u201cLa econom\u00eda sumergida: consideraciones \u00e9ticas\u201d en C\u00edrculo de Empresarios, <em>Implicaciones de la econom\u00eda sumergida en Espa\u00f1a<\/em>, Madrid, C\u00edrculo de Empresarios, 2010, 45-61.<\/li>\n<li>\u201cIl bene comune dell\u2019impresa e la teoria dell\u2019organizzazione aziendale\u201d, en H. Alford, G. Rusconi y E. Monti, eds., <em>Responsabilit\u00e0 Sociale d\u2019Impresa e Dottrina Sociale della Chiesa Cattolica<\/em>. Milano: Franco Angeli, 2010, 97-120.<\/li>\n<li>\u201cCorporate governance and subsidiarity\u201d, en Real Academia de Ciencias Econ\u00f3micas y Financieras y Franco-Australian Centre for International Research in Management,<em> Actas del 4\u00ba Coloquio Internacional \u201cGlobalizaci\u00f3n y Gobernanza\u201d<\/em>. Barcelona: Real Academia de Ciencias Econ\u00f3micas y Financieras, 2009, 147-159 (con L. Strandberg).<\/li>\n<li>\u201c\u00bfTiene sentido enfocar la teor\u00eda de la organizaci\u00f3n desde el concepto de bien com\u00fan?\u201d en el CD <em>La fuerza de la coherencia: Los valores y la RSE<\/em>, XVI Congreso de \u00c9tica de la Econom\u00eda y de las Organizaciones, Madrid, Universidad San Pablo CEU, 2009, 9-26.<\/li>\n<li>\u201cCrisi financera: a la recerca de criteris \u00e8tics\u201d, en <em>La situaci\u00f3 econ\u00f2mica global. A la recerca d\u2019uns criteris \u00e8tics. <\/em>Barcelona: Facultat de Teologia de Catalunya, 2009, 77-96.<\/li>\n<li>\u201c\u00bfPuede la responsabilidad social corporativa ayudar a entender la crisis financiera?\u201d, en M.A. Arr\u00e1ez y P. Franc\u00e9s, eds., <em>\u00c9tica y Responsabilidad ante la Crisis<\/em>. Granada: Ediciones Sider, 2009, 51-83.<\/li>\n<li>\u201cWen oder was korrumpiert Korruption in Unternehmen? Weshalb ist Ethik f\u00fcr Unternehmen wichtig?\u201d, in H. Thomas and J. Hattler, eds., <em>Ethik im Dienst der Unternehmensf\u00fchrung<\/em>, Marburg: Metropolis Verlag, 2008, 33-56.<\/li>\n<li>\u201cThe ethical dimension of Corporate Social Responsibility\u201d, in <em>2008 EBEN-UK Annual Conference<\/em>, CD, 2008, 1-2 de abril de 2008.<\/li>\n<li>\u201cAnthropological and ethical foundations of organization theory\u201d, in S. Gregg and J.R. Stoner Jr., eds., <em>Rethinking Business Management. Examining the Foundations of Business Education<\/em>. Princeton: The Witherspoon Institute, 2008, 38-49.<\/li>\n<li>\u201cLa responsabilidad social de las empresas\u201d en A. del Valle, ed., <em>Problemas de la econom\u00eda mundial en el siglo XXI<\/em>. Salamanca: Universidad Pontificia de Salamanca, 2008, 85-120.<\/li>\n<li>\u201cEthical foundations of corporate social responsibility\u201d, in E. Bettini y F. Moscarini, eds., <em>Responsabilit\u00e0 Sociale d\u2019Impresa e Nuovo Humanesimo<\/em>. Genova: Sangiorgio Editrice, 2008, 31-56.<\/li>\n<li>\u201cLa \u00e9tica en los negocios\u201d, en <em>CAI en el siglo XXI. La \u00e9tica.<\/em> Zaragoza: Caja Inmaculada, 2008, 66-77.<\/li>\n<li>\u201cLa integraci\u00f3n de los inmigrantes\u201d, en <em>Joventut immigrant, empresa i societat<\/em>. Barcelona: Fundaci\u00f3 Grup Set e IESE, 2008, 102-124.<\/li>\n<li>\u201cLa teoria degli stakeholder e il bene comune\u201d, in R. Edward Freeman, G. Rusconi and M. Dorigatti, eds., <em>Teoria degli Stakeholder<\/em>. Milano: Franco Angeli, 2007, 270-281.<\/li>\n<li>\u201cLa Convenci\u00f3n de las Naciones Unidas sobre la Corrupci\u00f3n y su impacto sobre las empresas internacionales\u201d, en <em>XIV Congreso Nacional de \u00c9tica, Econom\u00eda y Direcci\u00f3n (EBEN \u2013 Espa\u00f1a).<\/em> CD, Valencia: Editorial Universidad Polit\u00e9cnica de Valencia, 2007.<\/li>\n<li>\u201cEl mercado\u201d, en J. de la Vega-Hazas, ed., <em>El mensaje social cristiano<\/em>. Pamplona, Eunsa, 2007, 155-170.<\/li>\n<li>\u201cLa prevenci\u00f3n de la corrupci\u00f3n\u201d, en Real Academia de Ciencias Econ\u00f3micas y Financieras, <em>La Responsabilidad Social de la Empresa (RSE). Propuesta para una nueva econom\u00eda de la empresa responsable y sostenible<\/em>. Barcelona: Real Academia de Ciencias Econ\u00f3micas y Financieras, 2007, 244-252.<\/li>\n<li>\u201cLa identidad cristiana del directivo de empresa\u201d, en A. Aranda, ed., <em>Identidad cristiana. Coloquios universitarios<\/em>. Pamplona, Eunsa, 2007, 383-404.<\/li>\n<li>\u201cEconomics, ethics and anthropology\u201d, in M.L. Djelic and R. Vranceanu, eds., <em>Moral Foundations of Management Knowledge<\/em>. Cheltenham: Edward Elgar, 2007, 67-84.<\/li>\n<li>\u201cCapitalism\u201d, in Robert W. Kolb, ed., <em>Encyclopedia of Business Ethics and Society<\/em>.<em> <\/em>Thousand Oaks, CA, Sage Publications, 2007, vol. 1, 257-265.<\/li>\n<li>\u201cComparative advantage\u201d, in W. Kolb, ed., <em>Encyclopedia of Business Ethics and Society<\/em>.<em> <\/em>Thousand Oaks, CA, Sage Publications, 2007, vol. 1, 381-384.<\/li>\n<li>\u201cExtortion\u201d, in W. Kolb, ed., <em>Encyclopedia of Business Ethics and Society<\/em>.<em> <\/em>Thousand Oaks, CA, Sage Publications, 2007, vol. 2, 843-844.<\/li>\n<li>\u201cFriedman, Milton\u201d, in W. Kolb, ed., <em>Encyclopedia of Business Ethics and Society<\/em>.<em> <\/em>Thousand Oaks, CA, Sage Publications, 2007, vol. 2, 960-961.<\/li>\n<li>\u201cGross Domestic Product (GDP)\u201d, in W. Kolb, ed., <em>Encyclopedia of Business Ethics and Society<\/em>.<em> <\/em>Thousand Oaks, CA, Sage Publications, 2007, vol. 2, 1043-1045.<\/li>\n<li>\u201cGross National Product (GNP)\u201d, in W. Kolb, ed., <em>Encyclopedia of Business Ethics and Society<\/em>.<em> <\/em>Thousand Oaks, CA, Sage Publications, 2007, vol. 2, 1045-1046.<\/li>\n<li>\u201cInflation\u201d, in W. Kolb, ed., <em>Encyclopedia of Business Ethics and Society<\/em>.<em> <\/em>Thousand Oaks, CA, Sage Publications, 2007, vol. 3, 1126-1129.<\/li>\n<li>\u201cInsider trading\u201d, in W. Kolb, ed., <em>Encyclopedia of Business Ethics and Society<\/em>.<em> <\/em>Thousand Oaks, CA, Sage Publications, 2007, vol. 3, 1135-1137.<\/li>\n<li>\u201cMonetary policy\u201d, in W. Kolb, ed., <em>Encyclopedia of Business Ethics and Society<\/em>.<em> <\/em>Thousand Oaks, CA, Sage Publications, 2007, vol. 3, 1397-1400.<\/li>\n<li>\u201cOn Ethical, Social and Environmental Management Systems\u201d, in Xiaohe Lu and D. Koehn, eds., <em>Business Ethics, Corporate Governance and a Harmonious Society<\/em> (en chino). Shanghai, 2006.<\/li>\n<li>\u201cDespre sisteme de management etic, social si de mediu\u201d, in D. Daianu and R. Vranceanu, eds., <em>Frontiere etice ale capitalismului<\/em>. Bucuresti: Polirom, 2006, 187-203.<\/li>\n<li>\u201cConflicto de intereses: el punto de vista \u00e9tico\u201d, en J.W. Ib\u00e1\u00f1ez, A. Partal y P. G\u00f3mez, eds., <em>El paradigma de la \u00e9tica econ\u00f3mica y financiera<\/em>. Madrid: Marcial Pons, 2006, 33-55.<\/li>\n<li>\u201cUna agenda para la econom\u00eda espa\u00f1ola\u201d, en J. Jan\u00e9 y O. Timoteo, eds., <em>Econom\u00eda efectiva. Miscel\u00e1nea en homenaje a Jos\u00e9 Jan\u00e9 Sol\u00e1<\/em>. Lleida: Milenio, 2006, 483-488.<\/li>\n<li>\u201cVeinte a\u00f1os de estabilizaci\u00f3n macroecon\u00f3mica\u201d, en <em>Veinte a\u00f1os de Espa\u00f1a en la integraci\u00f3n europea<\/em>. Barcelona: Real Academia de Ciencias Econ\u00f3micas y Financieras, 2006, 13-30.<\/li>\n<li>\u201cLos economistas y el bien com\u00fan\u201d, en <em>Doctor Mario Pifarr\u00e9 Riera: La ciencia de la contabilidad<\/em>. Barcelona: Publicacions i Edicions de la Universitat de Barcelona, 2005, pp. 59-72.<\/li>\n<li>\u201cOn Ethical, Social and Environmental Management Systems\u201d, in D. Daianu and R. Vranceanu, eds., <em>Ethical Boundaries of Capitalism<\/em>. Aldershot: Ashgate, 2005, 157-171.<\/li>\n<li>\u201cInforme de la Comissi\u00f3 encarregada d\u2019identificar i proposar mesures correctores del diferencial d\u2019inflaci\u00f3 de Catalunya. Conclusions i recomanacions\u201d, elaborado por una comisi\u00f3n presidida por Antonio Argando\u00f1a. En <em>La inflaci\u00f3 a Catalunya. An\u00e0lisi de les causes i recomanacions per a l\u2019acci\u00f3 de govern<\/em>. Barcelona: Generalitat de Catalunya, 2005.<\/li>\n<li>\u201cLa Uni\u00f3n Econ\u00f3mica y Monetaria en el nuevo contexto constitucional europeo\u201d, en Real Academia de Ciencias Econ\u00f3micas y Financieras, <em>Una Constituci\u00f3n para Europa. Estudios y debates<\/em>. Barcelona: Real Academia de Ciencias Econ\u00f3micas y Financieras, 2005.<\/li>\n<li>\u201cMassimizzazione del valore, propriet\u00e0 e gestione dell\u2019impresa\u201d, in S. Signori, G. Rusconi and M. Dorigatti, eds., <em>Etica e finanza<\/em>. Milano: Franco Angeli, 2005, 161-175.<\/li>\n<li>\u201cLa teor\u00eda de la acci\u00f3n y la teor\u00eda econ\u00f3mica\u201d, en R. Rubio de Urqu\u00eda, E.M. Ure\u00f1a y F. Mu\u00f1oz P\u00e9rez, eds., <em>Estudios de teor\u00eda econ\u00f3mica y antropolog\u00eda<\/em>. Madrid: Uni\u00f3n Editorial, 2005, 615-646.<\/li>\n<li>\u201cLos retos \u00e9ticos de la empresa en un entorno global\u201d, en <em>Internacionalizaci\u00f3n de la empresa. XI Jornada de Estudio para Empresarios de la Comunidad Valenciana, <\/em>Valencia, 2005.<\/li>\n<li>\u201cPropiedad y control en los procesos de toma de decisiones\u201d, en <em>Segundas jornadas sobre la singularidad de las cajas de ahorro espa\u00f1olas<\/em>. Zaragoza: Federaci\u00f3n de Usuarios de Cajas, 2004.<\/li>\n<li>\u201cDoctrina social de la Iglesia y econom\u00eda\u201d, en \u00c1. Galindo y J. Barrado, eds., <em>Le\u00f3n XIII y su tiempo<\/em>. Salamanca: Publicaciones Universidad Pontificia de Salamanca, 2004.<\/li>\n<li>\u201cL\u2019import\u00e0ncia de l\u2019\u00e9tica a l\u2019empresa en els processos de localitzaci\u00f3 i deslocalitzaci\u00f3\u201d, en A. Argando\u00f1a et al., <em>Deslocalitzaci\u00f3 i localitzaci\u00f3 d\u2019empreses a Catalunya<\/em>, Barcelona: Centre de Recerca Econ\u00f2mica i Social de Catalunya, 2004.<\/li>\n<li>\u201cEl trabajo seg\u00fan las ense\u00f1anzas de San Josemar\u00eda Escriv\u00e1. Una reflexi\u00f3n desde la perspectiva de las actuales corrientes econ\u00f3micas y sociol\u00f3gicas\u201d, en J. Borobia, M. Lluch, J.I. Murillo y E. Terrassa, eds., <em>Trabajo y esp\u00edritu. IV Simposio Internacional Fe Cristiana y Cultura Contempor\u00e1nea<\/em>. Pamplona: Eunsa, 2004.<\/li>\n<li>\u201cPrincipios \u00e9ticos para unas pol\u00edticas liberales\u201d, en E. Ban\u00fas y A. Llano, eds., <em>Presente y futuro del liberalismo<\/em>. Pamplona: Eunsa, 2004, 39-56.<\/li>\n<li>\u201cEuropa \u2013 Estados Unidos: el factor demogr\u00e1fico\u201d, en <em>Europa \u2013 Estados Unidos: flexibilidad, crecimiento y bienestar<\/em>. Madrid: C\u00edrculo de Empresarios, 2004, 13-25.<\/li>\n<li>\u201cDel Pacto de Estabilidad al crecimiento\u201d, en <em>Espa\u00f1a \u2013 Europa: Distintas alternativas para el crecimiento<\/em>. Madrid: C\u00edrculo de Empresarios, 2003.<\/li>\n<li>\u201cPreferencias y aprendizajes\u201d, en <em>De computis et scripturis. Estudios en homenaje de Mario Pifarr\u00e9 Riera<\/em>. Barcelona: Real Academia de Ciencias Econ\u00f3micas y Financieras, 2003.<\/li>\n<li>\u201cPolitical party funding and business corruption\u201d, in J. Wieland, ed., <em>Standards and Audits for Ethics Management Systems. <\/em><em>The European Perspective<\/em>. Berlin: SpringerVerlag, 2003.<\/li>\n<li>\u201c\u00c9tica de los empresarios y directivos\u201d, en E. Fontela y J. Guzm\u00e1n, eds., <em>Econom\u00eda \u00e9tica y bienestar social<\/em>. Madrid: Pir\u00e1mide, 2003.<\/li>\n<li>\u201c\u00bfQu\u00e9 es lo que est\u00e1 en crisis en Argentina?\u201d, en C. Aira et al., <em>Argentina: Un pa\u00eds desperdiciado<\/em>. Buenos Aires: Taurus, 2003.<\/li>\n<li>\u201cLa \u00e9tica empresarial en el siglo XXI\u201d, en <em>\u00c9tica y empresa<\/em>. Barcelona: Foment del Treball Nacional, Cambra de Comer\u00e7 de Barcelona y Societat Econ\u00f2mica Barcelonesa d\u2019Amics del Pa\u00eds, 2003.<\/li>\n<li>\u201cDimensiones econ\u00f3micas de la Nueva Econom\u00eda\u201d, en <em>La revoluci\u00f3n digital: Nueva Econom\u00eda e integraci\u00f3n social.<\/em> Vitoria: Fundaci\u00f3n de Cajas de Ahorros Vasco-Navarras, 2002.<\/li>\n<li>\u201cThe Social Dimensions of Labour Markets Institutions\u201d, in A. Argando\u00f1a and J. Gual, eds. <em>The Social Dimensions of Employment.<\/em> <em>Institutional Reforms in Labour Markets<\/em>. Cheltenham: Edward Elgar, 2002.<\/li>\n<li>\u201cEl Pacto de Estabilidad y Crecimiento: Una introducci\u00f3n\u201d, en <em>Pacto de Estabilidad y Crecimiento: Alternativas e implicaciones<\/em>. Madrid: C\u00edrculo de Empresarios, 2002.<\/li>\n<li>\u201cEl IESE: una escuela global de formaci\u00f3n de directivos\u201d, en E. Fuentes Quintana, dir., <em>Econom\u00eda y economistas espa\u00f1oles. <\/em>Vol 7.<em> La consolidaci\u00f3n acad\u00e9mica de la econom\u00eda<\/em>. Barcelona: Galaxia Gutenberg y C\u00edrculo de Lectores, 2002.<\/li>\n<li>\u201cDirectivos con valores, empresas con valores\u201d, en R. Adell, J. Corona, F. Guarner y J. Torra, eds., <em>Dirigir en el siglo XXI<\/em>. Bilbao: Deusto, 2002.<\/li>\n<li>\u201cPoblaci\u00f3n y recursos humanos\u201d, en <em>Actas del S\u00e9ptimo Congreso de Econom\u00eda Regional de Castilla y Le\u00f3n.<\/em> Valladolid: Junta de Castilla y Le\u00f3n, 2001.<\/li>\n<li>\u201cEspa\u00f1a en el mundo\u201d, en <em>El papel de Espa\u00f1a en una Uni\u00f3n Europea ampliada<\/em>. Madrid: C\u00edrculo de Empresarios, 2001.<\/li>\n<li>\u201cLa \u00e9tica como criterio de gesti\u00f3n\u201d, en Asociaci\u00f3n Galega para a Calidade, <em>Innovaci\u00f3n en calidad, seguridad y medio ambiente. Ponencias presentadas en el I Congreso Galego de Calidade<\/em>. Madrid: Editorial Puzzle, 2000.<\/li>\n<li>\u201cSobre la corrupci\u00f3n\u201d, en <em>Estudios de Comunicaci\u00f3n y Derecho. Homenaje al profesor Manuel Fern\u00e1ndez Areal<\/em>. Santiago: Editorial Compostela, 2000, 53-71.<\/li>\n<li>\u201cLos problemas econ\u00f3micos como l\u00edmite al desarrollo individual y colectivo\u201d, en M.R. Saulle, ed., <em>Della tutela giuridica all\u2019esercizio dei diritti humani. <\/em><em>Vol. II. I diritti dei singoli e delle colletivit\u00e0 nel terzo millenio<\/em>. Napoli: Edizioni Scientifiche Italiane, 2000.<\/li>\n<li>\u201cLa \u00e9tica como valor en la empresa familiar. El buen gobierno de la empresa familiar\u201d, en <em>\u00c9tica y Empresa Familiar. III Encuentro Regional sobre pol\u00edtica econ\u00f3mica y empresa familiar. <\/em>Valladolid:<em> <\/em>Empresa Familiar de Castilla y Le\u00f3n, 2000.<\/li>\n<li>\u201cSi no est\u00e1 estropeado, m\u00e1s vale no arreglarlo\u201d, en <em>Pol\u00edticas para prolongar la expansi\u00f3n<\/em>. Madrid: C\u00edrculo de Empresarios, 2000.<\/li>\n<li>\u201cLa ense\u00f1anza de la \u00e9tica por el m\u00e9todo del caso\u201d, en J.R. Flecha, ed., <em>Europa: \u00bfmercado o comunidad? De la Escuela de Salamanca a la Europa del futuro.<\/em> Salamanca: Publicaciones Universidad Pontificia, 1999.<\/li>\n<li>\u201cEntrada y salida del mercado de trabajo: Modalidades contractuales\u201d, en J.A. Sagardoy y J.M. S\u00e1nchez Molinero, eds., <em>La reforma estructural del mercado de trabajo.<\/em>Madrid: Fundaci\u00f3n para el An\u00e1lisis de los Problemas Sociales, 1999.<\/li>\n<li>\u201cEl Estado del Bienestar: \u00bfCrisis econ\u00f3mica o crisis \u00e9tica?\u201d, en E. Ban\u00fas y A. Llano, eds., <em>Raz\u00f3n pr\u00e1ctica y multiculturalismo. Actas del 1er. Simposio Internacional de Filosof\u00eda y Ciencias Sociales.<\/em> Pamplona: Newbook Ediciones, 1999.<\/li>\n<li>\u201cEtica y responsabilidad social en la empresa\u201d, en <em>Jornadas Empresariais Portuguesas. Encontro de Vidago. Comunica\u00e7oes e Discussoes<\/em>. Porto: Associa\u00e7ao Industrial Portuense, 1999, vol. II.<\/li>\n<li>\u201cPreguntas sobre la convergencia real\u201d, en <em>El desaf\u00edo de la convergencia real<\/em>. Madrid: C\u00edrculo de Empresarios, 1999.<\/li>\n<li>\u201cEtica\u201d, en <em>Veinte a\u00f1os por la econom\u00eda de mercado.<\/em> Madrid: Instituto de Estudios Econ\u00f3micos, 1999.<\/li>\n<li>\u201cUna nota sobre las relaciones entre \u00e9tica, econom\u00eda y finanzas\u201d, en D. Mel\u00e9, ed.,<em> Etica en la actividad financiera<\/em>. Pamplona: Eunsa, 1998.<\/li>\n<li>\u201cBases de datos y protecci\u00f3n de la intimidad\u201d, en D. Mel\u00e9, ed., <em>Etica de la direcci\u00f3n comercial y publicidad<\/em>. Pamplona: Eunsa, 1998.<\/li>\n<li>\u201cLa contribuci\u00f3n de la \u00e9tica al desarrollo econ\u00f3mico\u201d, en<em> I Congresso de \u00c9tica, Neg\u00f3cios e Economia na Am\u00e9rica Latina. <\/em><em>Anais do Congreso<\/em>. Sao Paulo: Centro de Estudos de \u00c9tica nas Organiza\u00e7oes, 1998.<\/li>\n<li>\u201cVenturas y desventuras de la cultura de la estabilidad\u201d, en <em>C\u00f3mo consolidar la recuperaci\u00f3n econ\u00f3mica.<\/em> Madrid: C\u00edrculo de Empresarios, 1998.<\/li>\n<li>\u201cLa evoluci\u00f3n de la cultura de la estabilidad en Espa\u00f1a\u201d, en M. Guiti\u00e1n y J. Muns, dirs., <em>La cultura de la estabilidad y el consenso de Washington.<\/em> Barcelona: La Caixa, 1998.<\/li>\n<li>\u201cPosici\u00f3n estrat\u00e9gica de Navarra: Factores diferenciales\u201d, en <em>La internacionalizaci\u00f3n de la econom\u00eda navarra. Actas del Segundo Congreso de Econom\u00eda de Navarra<\/em>. Pamplona: Gobierno de Navarra, 1998.<\/li>\n<li>\u201cLa empresa y el crecimiento econ\u00f3mico\u201d, en <em>Crecimiento e inversi\u00f3n<\/em>. Barcelona: Folio, 1997.<\/li>\n<li>\u201cLa inflaci\u00f3n\u201d, en <em>Empresa y coyuntura econ\u00f3mica<\/em>. Barcelona: Folio, 1997.<\/li>\n<li>\u201cC\u00f3mo analizar los datos macroecon\u00f3micos para la empresa\u201d, en <em>Empresa y coyuntura econ\u00f3mica<\/em>. Barcelona: Folio, 1997.<\/li>\n<li>\u201cSpain and the European Social Charter. Social harmonization with unemployment and high wage growth\u201d, in J.T. Addison and W. Stanley Siebert, eds., <em>Labour Markets in Europe. <\/em><em>Issues of Harmonization and Regulation<\/em>. Londres: Dryden Press, 1997.<\/li>\n<li>\u201cPol\u00edtica fiscal: Gasto p\u00fablico y d\u00e9ficit\u201d, en <em>Empresa y Pol\u00edtica fiscal<\/em>. Barcelona: Folio, 1997 (con A. Pastor).<\/li>\n<li>\u201cEl empleo y sus condicionantes\u201d, en <em>Empleo y trabajo: Previsi\u00f3n de futuro<\/em>. Barcelona: Folio, 1997.<\/li>\n<li>\u201cLas pol\u00edticas econ\u00f3micas ya no son lo que eran\u201d, en <em>En defensa de la libertad. Homenaje a V\u00edctor Mendoza Oliv\u00e1n<\/em>. Madrid: Instituto de Estudios Econ\u00f3micos, 1997.<\/li>\n<li>\u201cLa importancia de la \u00e9tica en la empresa\u201d, en <em>Etica Empresarial e Econ\u00f3mica. <\/em><em>1\u00ba Congresso Portugu\u00e9s de Etica Empresarial<\/em>. Porto: Associa\u00e7ao Portuguesa de Management, 1997.<\/li>\n<li>\u201cLa pol\u00edtica monetaria: Dise\u00f1o y ejecuci\u00f3n\u201d, en <em>La Banca moderna y el sistema financiero<\/em>. Barcelona: Folio, 1997.<\/li>\n<li>\u201c\u00bfQu\u00e9 es lo que diferencia a una empresa \u00e9tica?\u201d, en <em>Etica y empresa: una visi\u00f3n multidisciplinar<\/em>. Madrid: Fundaci\u00f3n Argentaria y Visor, 1997.<\/li>\n<li>\u201cEtica y participaci\u00f3n del trabajo en la cultura de la empresa\u201d, en <em>Etica y empresa: una visi\u00f3n multidisciplinar<\/em>. Madrid: Fundaci\u00f3n Argentaria y Visor, 1997.<\/li>\n<li>\u201cEl papel de los \u2018tecn\u00f3cratas\u2019 en la pol\u00edtica y en la econom\u00eda espa\u00f1ola, 1957-1964\u201d, en P. Casta\u00f1eda y M.J. Coci\u00f1a, coord., <em>Iglesia y Poder P\u00fablico. Actas del VII Simposio de Historia de la Iglesia en Espa\u00f1a y Am\u00e9rica<\/em>. C\u00f3rdoba: Publicaciones Obra Social y Cultural Cajasur, 1997.<\/li>\n<li>\u201cEspa\u00f1a en la moneda \u00fanica: Las ventajas de la estabilidad y los problemas del crecimiento\u201d, en <em>De la estabilidad al crecimiento estable<\/em>. Madrid: C\u00edrculo de Empresarios, 1997.<\/li>\n<li>\u201cPol\u00edticas macroecon\u00f3micas en los pa\u00edses industrializados\u201d, serie \u201cGrandes cuestiones de la Econom\u00eda\u201d, Fundaci\u00f3n Argentaria, 1996 (2\u00aa ed., 1998).<\/li>\n<li>\u201cSobre la responsabilidad social de los accionistas\u201d, en D. Mel\u00e9, ed., <em>Etica en el gobierno de la empresa<\/em>. Pamplona: Eunsa, 1996.<\/li>\n<li>\u201cLa empresa, entre el auge y la recesi\u00f3n\u201d, en <em>La Gesti\u00f3n de Empresas, Hoy<\/em>. Barcelona: Folio, 1996.<\/li>\n<li>\u201cEl sistema de seguridad social deseable\u201d, en <em>Estado del Bienestar y Autonom\u00edas en el a\u00f1o de Maastricht<\/em>, Madrid: C\u00edrculo de Empresarios, 1996.<\/li>\n<li>\u201cFactores determinantes del ahorro\u201d, en <em>El papel del ahorro e inversi\u00f3n en el desarrollo econ\u00f3mico<\/em>. Vitoria: Federaci\u00f3n de Cajas de Ahorros Vasco-Navarras, 1995.<\/li>\n<li>\u201cOccasional ethical consultancy\u201d, in H. von Weltzien-Hoivik and A. Follesdal, eds., <em>Ethics and Consultancy: European Perspectives<\/em>. Dordrecht: Kluwer, 1995.<\/li>\n<li>\u201cThe treatment of ethical problems in financial institutions and markets\u201d, in A. Argando\u00f1a, ed., <em>The Ethical Dimension of Financial Institutions and Markets<\/em>. Hannover: Springer Verlag, 1995.<\/li>\n<li>\u201cEl tratamiento de los problemas \u00e9ticos en las instituciones y los mercados financieros\u201d, en A. Argando\u00f1a, ed., <em>La dimensi\u00f3n \u00e9tica de las instituciones y los mercados financieros<\/em>. Madrid: Fundaci\u00f3n BBV, 1995.<\/li>\n<li>\u201cLa familia y la funci\u00f3n social de la empresa\u201d, en D. Mel\u00e9, ed., <em>Empresa y vida familiar<\/em>. Barcelona: Estudios y Ediciones IESE, 1995.<\/li>\n<li>\u201cPr\u00f3xima estaci\u00f3n: La Uni\u00f3n Monetaria\u201d, en <em>Pol\u00edtica econ\u00f3mica espa\u00f1ola: \u00bfQu\u00e9 hemos aprendido tras diez a\u00f1os de integraci\u00f3n europea?<\/em> Madrid: C\u00edrculo de Empresarios, 1995.<\/li>\n<li>\u201cContribuciones necesarias de la empresa a la vida de la familia\u201d, en World Association for Family and Education, <em>Valores, Familia y Educaci\u00f3n<\/em>. M\u00e9xico: J.G.H. Editores, 1995.<\/li>\n<li>\u201cEl empresario cristiano y su funci\u00f3n en la construcci\u00f3n de la sociedad\u201d, en <em>El Empresario: Razones para la esperanza<\/em>. Valencia: Instituto Social Empresarial, 1995.<\/li>\n<li>\u201cTreball: inventar el futur\u201d, en <em>Treball: Inventar el Futur<\/em>. Barcelona, 1995.<\/li>\n<\/ul>\n","protected":false},"excerpt":{"rendered":"<p>\u201cGovernance and subsidiarity in firms\u201d, in J-M. Aurifeille, C.J. Medlin, C. Tisdell, J. Gil Lafuente y J. Gil Aluja, eds., Globalization, Governance and Ethics: New Managerial and Economic Insights.New York: Nova Science Publishers, Inc., 2011, pp. 113-124 (con L. Strandberg). \u00a0\u201cLas virtudes en una teor\u00eda de la acci\u00f3n humana\u201d, in P. Requena and M. Schlag, [&hellip;]<\/p>\n","protected":false},"author":13,"featured_media":0,"parent":223,"menu_order":5,"comment_status":"closed","ping_status":"open","template":"","meta":{"footnotes":""},"class_list":["post-236","page","type-page","status-publish","hentry"],"aioseo_notices":[],"_links":{"self":[{"href":"https:\/\/blog.iese.edu\/aargandona\/wp-json\/wp\/v2\/pages\/236","targetHints":{"allow":["GET"]}}],"collection":[{"href":"https:\/\/blog.iese.edu\/aargandona\/wp-json\/wp\/v2\/pages"}],"about":[{"href":"https:\/\/blog.iese.edu\/aargandona\/wp-json\/wp\/v2\/types\/page"}],"author":[{"embeddable":true,"href":"https:\/\/blog.iese.edu\/aargandona\/wp-json\/wp\/v2\/users\/13"}],"replies":[{"embeddable":true,"href":"https:\/\/blog.iese.edu\/aargandona\/wp-json\/wp\/v2\/comments?post=236"}],"version-history":[{"count":4,"href":"https:\/\/blog.iese.edu\/aargandona\/wp-json\/wp\/v2\/pages\/236\/revisions"}],"predecessor-version":[{"id":294,"href":"https:\/\/blog.iese.edu\/aargandona\/wp-json\/wp\/v2\/pages\/236\/revisions\/294"}],"up":[{"embeddable":true,"href":"https:\/\/blog.iese.edu\/aargandona\/wp-json\/wp\/v2\/pages\/223"}],"wp:attachment":[{"href":"https:\/\/blog.iese.edu\/aargandona\/wp-json\/wp\/v2\/media?parent=236"}],"curies":[{"name":"wp","href":"https:\/\/api.w.org\/{rel}","templated":true}]}}