{"id":239,"date":"2011-02-28T11:16:46","date_gmt":"2011-02-28T11:16:46","guid":{"rendered":"https:\/\/blog.iese.edu\/argandona\/"},"modified":"2011-10-26T10:57:06","modified_gmt":"2011-10-26T10:57:06","slug":"miscellaneous-publications","status":"publish","type":"page","link":"https:\/\/blog.iese.edu\/aargandona\/publications-since-1995\/miscellaneous-publications\/?lang=en","title":{"rendered":"Miscellaneous publications"},"content":{"rendered":"<ul>\n<li>\u201cReview of <em>New Financial Horizons: The Emergence of an Economy of Communion<\/em>\u201d, <em>Markets and Morality<\/em>, 14, 1, 2011, 207-210.<\/li>\n<li>\u201cForeword\u201d, en M. Victoria Q. Caparas, ed., <em>Selected Papers on <\/em>Caritas in veritate. <em>The Philippine Experience<\/em>,Quezon City, 2010, ix-xii.\u201cRaymond Barre, el economista pr\u00e1ctico, gestor de la pol\u00edtica econ\u00f3mica.<\/li>\n<li>Sesi\u00f3n necrol\u00f3gica en memoria del Excmo. Sr. Dr. D. Raymond Barre\u201d, en Real Academia de Ciencias Econ\u00f3micas y Financieras, <em>Anales del Curso Acad\u00e9mico 2008-2009<\/em>. Barcelona: Real Academia de Ciencias Econ\u00f3micas y Financieras, 2009, 36-43.<\/li>\n<li>\u201cReview of <em>Business Ethics and Corporate Social Responsibility<\/em>\u201d, by D. Njavro and Kristijan Krkac, eds., <em>Markets and Morality<\/em>, 11, 1, 2008.<\/li>\n<li>\u201cPr\u00f3logo\u201d, M. Paladino, P. Debeljuh y P. Delbosco, <em>Integridad. Un liderazgo diferente<\/em>. Buenos Aires, Emec\u00e9 Editores, 2007, 17-23.<\/li>\n<li>\u201cGlosa\u201d en la sesi\u00f3n necrol\u00f3gica en memoria del Excmo. Sr. Dr. D. Rafael Termes Carrer\u00f3, en <em>Anales de los cursos acad\u00e9micos 2004-2005 y 2005-2006<\/em>. Barcelona: Real Academia de Ciencias Econ\u00f3micas y Financieras, 2006, 259-263.<\/li>\n<li>\u201cGlosa\u201d en la sesi\u00f3n necrol\u00f3gica en memoria del Excmo. Sr. D. Josep Cervera Bardera, en <em>Anales de los cursos acad\u00e9micos 2004-2005 y 2005-2006<\/em>. Barcelona: Real Academia de Ciencias Econ\u00f3micas y Financieras, 2006, 125-129.<\/li>\n<li>\u201cReview of <em>Business, Religion, and Spirituality: A New Synthesis<\/em>\u201d, by Oliver F. Williams, C.S.C., ed., <em>Markets and Morality<\/em>, 7, 1, 2004.<\/li>\n<li>\u201cPrologue to the Spanish Edition\u201d, J. Fontrodona, <em>Pragmatism and Management Inquiry<\/em>. Wesport: Quorum Books, 2002.<\/li>\n<li>\u201cPr\u00f3logo\u201d, Arist\u00f3teles, <em>\u00c9tica a Nic\u00f3maco<\/em>. Versi\u00f3n, introducci\u00f3n y notas de Javier Fern\u00e1ndez Aguado. Madrid: CIE Inversiones Editorial Dossat, 2000.<\/li>\n<li>\u201cRecensi\u00f3n de <em>Luxury Fever. Why Money Fails to Satisfy in an Era of Excess<\/em>\u201d, por R.H. Frank, <em>Barcelona Management Review<\/em>, 14, 2000.<\/li>\n<li>\u201cPr\u00f3logo\u201d, J. Fontrodona, <em>Ciencia y pr\u00e1ctica de la acci\u00f3n directiva.<\/em> Madrid: Rialp, 1999.<\/li>\n<li>\u201cPr\u00f3logo\u201d, M. A. Gallo y D. Mel\u00e9, <em>Etica en la empresa familiar.<\/em> Barcelona: Praxis, 1998.<\/li>\n<li>\u201cLa R\u00e1bida, la Universidad\u201d, en F. Fern\u00e1ndez, ed., <em>El esp\u00edritu de La R\u00e1bida. El legado cultural de Vicente Rodr\u00edguez Casado<\/em>. Madrid: Uni\u00f3n Editorial, 1995.<\/li>\n<\/ul>\n","protected":false},"excerpt":{"rendered":"<p>\u201cReview of New Financial Horizons: The Emergence of an Economy of Communion\u201d, Markets and Morality, 14, 1, 2011, 207-210. \u201cForeword\u201d, en M. Victoria Q. Caparas, ed., Selected Papers on Caritas in veritate. The Philippine Experience,Quezon City, 2010, ix-xii.\u201cRaymond Barre, el economista pr\u00e1ctico, gestor de la pol\u00edtica econ\u00f3mica. Sesi\u00f3n necrol\u00f3gica en memoria del Excmo. Sr. Dr. [&hellip;]<\/p>\n","protected":false},"author":13,"featured_media":0,"parent":223,"menu_order":8,"comment_status":"closed","ping_status":"open","template":"","meta":{"footnotes":""},"class_list":["post-239","page","type-page","status-publish","hentry"],"aioseo_notices":[],"_links":{"self":[{"href":"https:\/\/blog.iese.edu\/aargandona\/wp-json\/wp\/v2\/pages\/239","targetHints":{"allow":["GET"]}}],"collection":[{"href":"https:\/\/blog.iese.edu\/aargandona\/wp-json\/wp\/v2\/pages"}],"about":[{"href":"https:\/\/blog.iese.edu\/aargandona\/wp-json\/wp\/v2\/types\/page"}],"author":[{"embeddable":true,"href":"https:\/\/blog.iese.edu\/aargandona\/wp-json\/wp\/v2\/users\/13"}],"replies":[{"embeddable":true,"href":"https:\/\/blog.iese.edu\/aargandona\/wp-json\/wp\/v2\/comments?post=239"}],"version-history":[{"count":4,"href":"https:\/\/blog.iese.edu\/aargandona\/wp-json\/wp\/v2\/pages\/239\/revisions"}],"predecessor-version":[{"id":298,"href":"https:\/\/blog.iese.edu\/aargandona\/wp-json\/wp\/v2\/pages\/239\/revisions\/298"}],"up":[{"embeddable":true,"href":"https:\/\/blog.iese.edu\/aargandona\/wp-json\/wp\/v2\/pages\/223"}],"wp:attachment":[{"href":"https:\/\/blog.iese.edu\/aargandona\/wp-json\/wp\/v2\/media?parent=239"}],"curies":[{"name":"wp","href":"https:\/\/api.w.org\/{rel}","templated":true}]}}