{"id":242,"date":"2011-02-28T11:17:47","date_gmt":"2011-02-28T11:17:47","guid":{"rendered":"https:\/\/blog.iese.edu\/argandona\/"},"modified":"2011-10-26T10:55:46","modified_gmt":"2011-10-26T10:55:46","slug":"research-papers","status":"publish","type":"page","link":"https:\/\/blog.iese.edu\/aargandona\/publications-since-1995\/research-papers\/?lang=en","title":{"rendered":"Research papers"},"content":{"rendered":"<ul>\n<li>\u201cThe common good\u201d, <em>Working Paper<\/em>, WP-937 (DI-937), 2011.<\/li>\n<li>\u201cThe \u2018logic of gift\u2019 in business\u201d, <em>Working Paper<\/em>, WP-936, 2011.<\/li>\n<li>\u00a0\u201cThe management case for corporate social responsibility\u201d, <em>Research paper<\/em>, WP-930, 2011.<\/li>\n<li>\u201cStakeholder theory and value creation\u201d, <em>Research paper<\/em>, WP-922, 2011.<\/li>\n<li>\u00a0\u201cLa \u00e9tica y la toma de decisiones en la empresa\u201d, <em>Occasional Paper<\/em>, OP-190, 2011.<\/li>\n<li>\u201cA recent book on the Economy of Communion\u201d, <em>Occasional Paper<\/em>, OP-184-E, 2011.<\/li>\n<li>\u201cLas virtudes en una teor\u00eda de la acci\u00f3n humana\u201d, <em>Documento de investigaci\u00f3n,<\/em> D-880, 2010.<\/li>\n<li>\u201cCorporate Social Responsibility in the Encyclical <em>Caritas in veritate<\/em>\u201d, <em>Research paper<\/em>, D-878-E, 2010 (\u201cLa responsabilidad social de al empresa en la Enc\u00edclica <em>Caritas in veritate<\/em>\u201d, <em>Research Paper<\/em>, D-878)<\/li>\n<li>\u201cPosibilidades y limitaciones de las reformas estructurales\u201d, <em>Documento de investigaci\u00f3n<\/em>, D-877, 2010.<\/li>\n<li>\u201cM\u00e1s all\u00e1 de la eficiencia: Lecciones \u00e9ticas de la crisis para la cultura empresarial\u201d, <em>Documento de Investigaci\u00f3n,<\/em> D-876, 2010.<\/li>\n<li>\u201cFrugalidad\u201d, <em>Documento de investigaci\u00f3n<\/em> D-873, 2010 (\u201cFrugality\u201d, <em>Research Paper<\/em>, D-873-E).<\/li>\n<li>\u201cLa dimensi\u00f3n \u00e9tica de la crisis financiera\u201d, <em>Documento de investigaci\u00f3n<\/em>, D-872, 2010<\/li>\n<li>\u201cLa econom\u00eda sumergida: consideraciones \u00e9ticas\u201d, <em>Occasional Paper<\/em>, OP-175, 2010.<\/li>\n<li>\u201cLove in companies\u201d, <em>Research paper, <\/em>D-856-E, 2010 (\u201cEl amor en la empresa\u201d, <em>Documento de investigaci\u00f3n<\/em>, D-856).<\/li>\n<li>\u201cFrom action theory to the theory of the firm\u201d, <em>Research paper<\/em>, D-855-E, 2010.<\/li>\n<li>\u201cCorporate social responsibility in the tourism industry: Some lessons from the Spanish experience\u201d, <em>Research paper<\/em>, D-844-E, 2010.<\/li>\n<li>\u201cCorporate Social Responsibility: One size does not fit all. Collecting evidence from Europe\u201d, <em>Research paper<\/em>, D-834-E, 2009 (con H. von Weltzien-Hoivik).<\/li>\n<li>\u201cCorporate Social Responsibility in the first years of <em>Caja de Pensiones para la Vejez y de Ahorros<\/em>\u201d, <em>Research paper<\/em>, D-831-E, 2009 (con C.M. Moreno y J.M. Sol\u00e0).<\/li>\n<li>\u201cSocial responsibility and social security: The foundation of <em>Caja de Pensiones para la Vejez y de Ahorros<\/em>\u201d, <em>Research paper<\/em>, D-830-E, 2009 (con C.M. Moreno y J.M. Sol\u00e0).<\/li>\n<li>\u201cLa dimensi\u00f3n \u00e9tica de las microfinanzas\u201d, <em>Documento de investigaci\u00f3n<\/em>, D-791, 2009.<\/li>\n<li>\u201cCan Corporate Social Responsibility help us understand the credit crisis?\u201d, <em>Documento de investigaci\u00f3n<\/em>, D-790-E, 2009 (\u201cPuede la responsabilidad social corporativa ayudar a entender la crisis financiera?\u201d, <em>Documento de investigaci\u00f3n<\/em>, D-790).<\/li>\n<li>\u201cCrisis financiera: a la b\u00fasqueda de unos criterios \u00e9ticos\u201d, <em>Occasional Paper<\/em>, OP-168, 2009 (\u201cCrisi financera: a la recerca d\u2019uns criteris \u00e8tics\u201d, OP-168-C).<\/li>\n<li>\u201cUna descripci\u00f3n r\u00e1pida de la crisis financiera\u201d, <em>Occasional Paper<\/em>, OP-167, 2009.<\/li>\n<li>\u201cLa \u00e9tica personal, los valores y la responsabilidad social corporativa\u201d, <em>Occasional Paper<\/em>, OP-164, 2009.<\/li>\n<li>\u201cEl panorama macroecon\u00f2mic de la economia occidental y la crisi financera\u201d, <em>Occasional Paper<\/em>, OP-163-C, 2009.<\/li>\n<li>\u201cThe common good of the company and the theory of organization\u201d, <em>Research paper<\/em>, D-777-E, 2009 (\u201cEl bien com\u00fan de la empresa y la teor\u00eda de la organizaci\u00f3n\u201d, <em>Documento de investigaci\u00f3n, <\/em>D-777).<\/li>\n<li>\u201cEl perfil emergente del directivo de RSC\u201d, <em>Documento de investigaci\u00f3n<\/em>, D-756, 2008 (con J. Fontrodona, J.R. Pin y P. Garc\u00eda Lombard\u00eda).<\/li>\n<li>\u201cL\u2019empresa i la promoci\u00f3 de la cultura\u201d, <em>Occasional Paper<\/em>, OP-150-C, 2008 (\u201cLa empresa y la promoci\u00f3n de la cultura\u201d, <em>Occasional Paper<\/em>, OP-150).<\/li>\n<li>\u201cLa \u00e9tica en los negocios\u201d, <em>Occasional Paper<\/em>, 08\/10, 2008.<\/li>\n<li>\u201cAnthropological and ethical foundations of organization theory\u201d, <em>Research paper<\/em>, D-707-E, 2007.<\/li>\n<li>\u201cResponsabilidad social de la empresa: \u00bfQu\u00e9 modelo econ\u00f3mico? \u00bfQu\u00e9 modelo de empresa\u201d, <em>Documento de investigaci\u00f3n<\/em>, D-709, 2007.<\/li>\n<li>\u201cLa responsabilidad social de la empresa a la luz de la \u00e9tica\u201d, <em>Documento de investigaci\u00f3n<\/em>, D-708, 2007.<\/li>\n<li>\u201cEl progreso: una visi\u00f3n desde la ciencia econ\u00f3mica\u201d, <em>Documento de investigaci\u00f3n<\/em>, D-706, 2007 (\u201cEl progr\u00e9s: Una visi\u00f3 des de la ci\u00e8ncia econ\u00f2mica\u201d, <em>Documento de investigaci\u00f3n, <\/em>D-706-C).<\/li>\n<li>\u201cLa integraci\u00f3n de los inmigrantes\u201d, <em>Occasional Paper<\/em>, 08\/1, septiembre 2007.<\/li>\n<li>\u201cResponsible corporate governance: Towards a stakeholder board of directors?\u201d, <em>Research paper<\/em>, D-701-E, 2007 (con S. Ayuso).<\/li>\n<li>\u201cLa corrupci\u00f3n y las empresas\u201d, <em>Occasional Paper<\/em>, 07\/21, 2007 (\u201cDie korruption und die Unternehmen\u201d, <em>Occasional Paper, <\/em>07\/21-D).<\/li>\n<li>\u201cEthical management systems for not-for-profit organizations\u201d, <em>Research paper<\/em>, D-693-E, 2007.<\/li>\n<li>\u201cResponsabilitat social i creaci\u00f3 de valor per l\u2019accionista: objectius contraposats o complementaris?\u201d, <em>Occasional Paper<\/em>, 07\/16-C, 2007 (\u201cResponsabilidad social de al empresa: \u00bfObjetivos contrapuestos o complementarios?\u201d, <em>Documento de investigaci\u00f3n, <\/em>07\/16).<\/li>\n<li>\u201cImplicaciones de la relocalizaci\u00f3n empresarial en una econom\u00eda regional\u201d, <em>Occasional Paper<\/em>, 07\/13, 2007.<\/li>\n<li>\u201cMilton Friedman (1912-2006)\u201d, <em>Occasional Paper<\/em>, 07\/9, 2006.<\/li>\n<li>\u201cLa identidad cristiana del directivo de empresa\u201d, <em>Occasional Paper<\/em>, 07\/7, 2006.<\/li>\n<li>\u201cLa Convenci\u00f3n de las Naciones Unidas contra la Corrupci\u00f3n y su impacto sobre las empresas internacionales\u201d, <em>Documento de investigaci\u00f3n<\/em>, D-656, 2006 (\u201cThe United Nations Convention against Corruption and its impact on international companies\u201d, <em>Research Paper<\/em>, D-656-E).<\/li>\n<li>\u201cEthics in economics and in organizations: Can they be fully integrated\u201d, <em>Occasional Paper<\/em>, 06\/17-E, 2006 (\u201cLa \u00e9tica en la econom\u00eda y en las organizaciones: \u00bfes posible una integraci\u00f3n efectiva?\u201d, <em>Occasional Paper, <\/em>06\/17).<\/li>\n<li>\u201cVeinte a\u00f1os de estabilizaci\u00f3n macroecon\u00f3mica\u201d, <em>Occasional Paper<\/em>, 06\/16, 2006.<\/li>\n<li>\u201cEmpresa, econom\u00eda de mercado y responsabilidad social\u201d, <em>Documento de investigaci\u00f3n<\/em><em>,<\/em> D-600, 2005 (\u201cFirm, market economy and social responsibility\u201d, <em>Research Paper<\/em>, D-600-E).<\/li>\n<li>\u201cLa Uni\u00f3n Econ\u00f3mica y Monetaria en el nuevo contexto constitucional europeo\u201d, <em>Occasional Paper<\/em>, 05\/8, 2005.<\/li>\n<li>\u201cEuropa frente a Estados Unidos: El factor demogr\u00e1fico\u201d, <em>Occasional Paper<\/em>, 05\/5, 2004.<\/li>\n<li>\u201cPor qu\u00e9 las empresas han de ser \u00e9ticas&#8230; y por qu\u00e9 muchas veces no lo son\u201d, <em>Occasional Paper<\/em>, 05\/4, 2004.<\/li>\n<li>\u201cUnidad y \u00e9xito en las empresas\u201d, <em>Occasional Paper,<\/em> 05\/3, 2004 (\u201cUnity and success in business\u201d, <em>Occasional Paper, <\/em>05\/3-E).<\/li>\n<li>\u201cLos desequilibrios de la econom\u00eda espa\u00f1ola: una explicaci\u00f3n de sus determinantes y cambios en el tiempo\u201d, <em>Occasional Paper<\/em>, 04\/14, 2004.<\/li>\n<li>\u201cConflicto de intereses: el punto de vista \u00e9tico\u201d, <em>Documento de investigaci\u00f3n<\/em>, D-552, 2004 (\u201cConflicts of interest. The ethical viewpoint\u201d, <em>Research Paper<\/em>, D-552-E).<\/li>\n<li>\u201cLa importancia de la \u00e9tica en la empresa en los procesos de localizaci\u00f3n y deslocalizaci\u00f3n\u201d, <em>Occasional Paper,<\/em> 04\/9, 2004.<\/li>\n<li>\u201c\u00bfPor qu\u00e9 el marketing debe tener en cuenta la \u00e9tica?\u201d, <em>Occasional Paper,<\/em> 04\/8, 2004.<\/li>\n<li>\u201cCorruption and companies: the case of facilitating payments\u201d, <em>Research paper<\/em>, D-539-E, 2004 (\u201cLa corrupci\u00f3n y las empresas: el caso de los pagos de facilitaci\u00f3n\u201d, <em>Documento de investigaci\u00f3n, <\/em>D-539).<\/li>\n<li>\u201cWhat does being a Catholic add to a business vocation?\u201d, <em>Occasional Paper,<\/em> 04\/5-E, 2004.<\/li>\n<li>\u201cDoctrina social de la Iglesia y econom\u00eda\u201d, <em>Occasional Paper,<\/em> 04\/6, 2004.<\/li>\n<li>\u201cLa pol\u00edtica monetaria y los precios de los activos\u201d, <em>Occasional Paper,<\/em> 04\/4, 2004.<\/li>\n<li>\u201cPropiedad y control en los procesos de toma de decisiones\u201d, <em>Occasional Paper<\/em>, 04\/3, 2003.<\/li>\n<li>\u201cDel Pacto de Estabilidad al crecimiento\u201d, <em>Occasional Paper<\/em>, 04\/2, 2003.<\/li>\n<li>\u201cPrivate-to-private corruption\u201d, <em>Research paper<\/em>, D-531-E, 2003 (\u201cLa corrupci\u00f3n en el sector privado\u201d, <em>Documento de investigaci\u00f3n, <\/em>D-531).<\/li>\n<li>\u201cSobre los sistemas de gesti\u00f3n \u00e9tica, social y medioambiental en las empresas\u201d, <em>Documento de investigaci\u00f3n<\/em>, D-508, 2003 (\u201cOn ethical, social and environmental management systems\u201d, <em>Research Paper<\/em>, D-508-E).<\/li>\n<li>\u201cLas funciones de la empresa: El papel de la maximizaci\u00f3n del valor para el accionista\u201d, <em>Occasional Paper<\/em>, 03\/10, 2003.<\/li>\n<li>\u201c\u00c9tica y responsabilidad social de la empresa: \u00bfcu\u00e1les son los retos?\u201d, <em>Occasional Paper<\/em>, 03\/9, 2003.<\/li>\n<li>\u201cLa teor\u00eda de la acci\u00f3n y la teor\u00eda econ\u00f3mica\u201d, <em>Documento de investigaci\u00f3n<\/em>, D-484, 2003.<\/li>\n<li>\u201cFostering values in organizations\u201d, <em>Research paper<\/em>, D-483-E, 2002.<\/li>\n<li>\u201cEl Pacto de Estabilidad y Crecimiento: Una introducci\u00f3n\u201d, <em>Occasional Paper<\/em>, 03\/7, 2002.<\/li>\n<li>\u201cEthical challenges of the New Economy: An agenda of issues\u201d, <em>Research paper<\/em>, D-463-E, 2002.<\/li>\n<li>\u201cPolitical party funding and business corruption\u201d, <em>Research paper<\/em>, D-458-E, 2002.<\/li>\n<li>\u201c\u00bfUn mundo m\u00e1s rico, pero m\u00e1s desigual?\u201d, <em>Occasional Paper<\/em>, 01\/7, 2001.<\/li>\n<li>\u201cInstituciones y dimensi\u00f3n social del mercado de trabajo\u201d, <em>Documento de investigaci\u00f3n<\/em>, D-442, 2001 (\u201cThe social dimensions of labour market institutions\u201d, <em>Research Paper<\/em>, D-442-E).<\/li>\n<li>\u201c\u00bfHay un papel para la \u00e9tica en la empresa?\u201d, <em>Occasional Paper<\/em>, 01\/2, 2001 (\u201cHi ha un paper per a l\u2019\u00e8tica a l\u2019empresa\u201d, 01\/2-C).<\/li>\n<li>\u201cLa nueva econom\u00eda y el crecimiento econ\u00f3mico\u201d, <em>Documento de investigaci\u00f3n<\/em>, D-437, 2001.<\/li>\n<li>\u201cDirectivos con valores, empresas con valores\u201d, <em>Occasional Paper,<\/em> 01\/1, 2001.<\/li>\n<li>\u201cAlgunas tesis para un debate sobre los valores\u201d, <em>Documento de investigaci\u00f3n<\/em>, D-429, 2000.<\/li>\n<li>\u201cCorrupci\u00f3n: El punto de vista de las empresas\u201d, <em>Documento de investigaci\u00f3n<\/em>, D-422, 2000.<\/li>\n<li>\u201cLos problemas \u00e9ticos de las stock options en la remuneraci\u00f3n de directivos\u201d, <em>Occasional Paper<\/em>, 00\/3, 2000.<\/li>\n<li>\u201cLos fondos \u00e9ticos y la promoci\u00f3n de la \u00e9tica inversora\u201d, <em>Documento de investigaci\u00f3n<\/em>, D-421, 2000 (\u201cEthical funds as a tool for promoting business ethics\u201d, <em>Research Paper<\/em>, D-421-E) (con D. Sarsa).<\/li>\n<li>\u201cSobre la corrupci\u00f3n\u201d, <em>Documento de investigaci\u00f3n<\/em>, D-418, 2000.<\/li>\n<li>\u201cLa \u00e9tica en la empresa ante las nuevas tecnolog\u00edas\u201d, <em>Occasional Paper<\/em>, 00\/2, 2000.<\/li>\n<li>\u201cManagement and acting \u2018beyond the call of duty\u2019\u201d, <em>Research paper<\/em>, D-416-E, 2000.<\/li>\n<li>\u201cLa \u00e9tica como criterio de gesti\u00f3n\u201d, <em>Occasional Paper<\/em>, 00\/1, 2000.<\/li>\n<li>\u201cLa remuneraci\u00f3n de directivos mediante opciones sobre acciones: Aspectos econ\u00f3micos y \u00e9ticos\u201d, <em>Documento de investigaci\u00f3n<\/em>, D-411, 2000.<\/li>\n<li>\u201cLa \u00e9tica en el liderazgo empresarial ante los retos del siglo veintinuno\u201d, <em>Documento de investigaci\u00f3n<\/em>, D-401, 1999.<\/li>\n<li>\u201cUna historia del desempleo en Espa\u00f1a\u201d, <em>Documento de investigaci\u00f3n<\/em>, D-398, 1999.<\/li>\n<li>\u201cLas empresas ante la corrupci\u00f3n\u201d, <em>Documento de investigaci\u00f3n<\/em>, D-392, 1999.<\/li>\n<li>\u201cOrden espont\u00e1neo y \u00e9tica: Una sugerencia\u201d, <em>Documento de investigaci\u00f3n<\/em>, D-383, 1999.<\/li>\n<li>\u201cLa \u00e9tica en la empresa en Espa\u00f1a\u201d, <em>Documento de investigaci\u00f3n<\/em>, D-378, 1999 (\u201cBusiness ethics in Spain\u201d, D-378-E).<\/li>\n<li>\u201cLa evoluci\u00f3n de la \u2018cultura de la estabilidad\u2019 en Espa\u00f1a\u201d, <em>Documento de <\/em>investigaci\u00f3n, D-375, 1998.<\/li>\n<li>\u201cEthics in finance and public policy. The Ibercorp affair\u201d, <em>Research paper<\/em>, D-369-E, 1998.<\/li>\n<li>\u201cThe stakeholder theory and the common good\u201d, <em>Research paper<\/em>, D-355-E, 1998 (\u201cLa teor\u00eda de los stakeholders y el bien com\u00fan\u201d, D-355).<\/li>\n<li>\u201cFactores productivos y competitividad\u201d, <em>Occasional Paper<\/em>, 97\/1, 1997.<\/li>\n<li>\u201cUna visi\u00f3n econ\u00f3mica de la pobreza y la marginaci\u00f3n en Catalu\u00f1a\u201d, <em>Documento de investigaci\u00f3n<\/em>, D-337, 1997.<\/li>\n<li>\u201cEl estado del bienestar: \u00bfCrisis econ\u00f3mica o crisis \u00e9tica?\u201d, <em>Documento de investigaci\u00f3n<\/em>, D-333, 1997.<\/li>\n<li>\u201cThe 1996 ICC Report on Extortion and Bribery in Business Transactions\u201d, <em>Research paper<\/em>, D-326-E, 1996.<\/li>\n<li>\u201cUna nota sobre las relaciones entre \u00e9tica, econom\u00eda y finanzas\u201d, <em>Occasional Paper,<\/em> 96\/7, 1996.<\/li>\n<li>\u201cLa econom\u00eda y la teor\u00eda de la acci\u00f3n humana\u201d, <em>Documento de investigaci\u00f3n<\/em>, D-324, 1996 (\u201cEconomics and the theory of human behavior\u201d, D-324-E).<\/li>\n<li>\u201cLa infraestructura \u00e9tica del mercado en los pa\u00edses postcomunistas\u201d, <em>Documento de investigaci\u00f3n<\/em>, D-323, 1996.<\/li>\n<li>\u201cLa econom\u00eda de mercado\u201d, <em>Documento de investigaci\u00f3n<\/em>, D-310, IESE, 1996.<\/li>\n<li>\u201cEconomic ethics and institutional change\u201d, <em>Research paper<\/em>, D-302-E, 1996 (\u201cEtica econ\u00f3mica y cambio institucional\u201d, <em>Documento de investigaci\u00f3n, <\/em>D-302).<\/li>\n<li>\u201cSobre los determinantes de la modernizaci\u00f3n de la econom\u00eda espa\u00f1ola: Una recensi\u00f3n\u201d, <em>Documento de investigaci\u00f3n<\/em>, D-301, 1995.<\/li>\n<li>\u201cLa inflaci\u00f3n y los servicios\u201d, <em>Documento de investigaci\u00f3n<\/em>, D-296, 1995.<\/li>\n<li>\u201cLa moralidad de la econom\u00eda de mercado\u201d, <em>Documento de investigaci\u00f3n<\/em>, D-294, 1995.<\/li>\n<li>\u201cIndebtedness: Ethical Problems\u201d, <em>Research paper<\/em>, D-291-E, IESE, 1995.<\/li>\n<\/ul>\n","protected":false},"excerpt":{"rendered":"<p>\u201cThe common good\u201d, Working Paper, WP-937 (DI-937), 2011. \u201cThe \u2018logic of gift\u2019 in business\u201d, Working Paper, WP-936, 2011. \u00a0\u201cThe management case for corporate social responsibility\u201d, Research paper, WP-930, 2011. \u201cStakeholder theory and value creation\u201d, Research paper, WP-922, 2011. \u00a0\u201cLa \u00e9tica y la toma de decisiones en la empresa\u201d, Occasional Paper, OP-190, 2011. \u201cA recent book [&hellip;]<\/p>\n","protected":false},"author":13,"featured_media":0,"parent":223,"menu_order":6,"comment_status":"closed","ping_status":"open","template":"","meta":{"footnotes":""},"class_list":["post-242","page","type-page","status-publish","hentry"],"aioseo_notices":[],"_links":{"self":[{"href":"https:\/\/blog.iese.edu\/aargandona\/wp-json\/wp\/v2\/pages\/242","targetHints":{"allow":["GET"]}}],"collection":[{"href":"https:\/\/blog.iese.edu\/aargandona\/wp-json\/wp\/v2\/pages"}],"about":[{"href":"https:\/\/blog.iese.edu\/aargandona\/wp-json\/wp\/v2\/types\/page"}],"author":[{"embeddable":true,"href":"https:\/\/blog.iese.edu\/aargandona\/wp-json\/wp\/v2\/users\/13"}],"replies":[{"embeddable":true,"href":"https:\/\/blog.iese.edu\/aargandona\/wp-json\/wp\/v2\/comments?post=242"}],"version-history":[{"count":3,"href":"https:\/\/blog.iese.edu\/aargandona\/wp-json\/wp\/v2\/pages\/242\/revisions"}],"predecessor-version":[{"id":295,"href":"https:\/\/blog.iese.edu\/aargandona\/wp-json\/wp\/v2\/pages\/242\/revisions\/295"}],"up":[{"embeddable":true,"href":"https:\/\/blog.iese.edu\/aargandona\/wp-json\/wp\/v2\/pages\/223"}],"wp:attachment":[{"href":"https:\/\/blog.iese.edu\/aargandona\/wp-json\/wp\/v2\/media?parent=242"}],"curies":[{"name":"wp","href":"https:\/\/api.w.org\/{rel}","templated":true}]}}