{"id":36,"date":"2010-12-21T14:57:32","date_gmt":"2010-12-21T14:57:32","guid":{"rendered":"https:\/\/blog.iese.edu\/avaccaro\/"},"modified":"2022-09-20T17:30:01","modified_gmt":"2022-09-20T16:30:01","slug":"awards-grants","status":"publish","type":"page","link":"https:\/\/blog.iese.edu\/avaccaro\/awards-grants\/","title":{"rendered":"Awards &amp; Grants"},"content":{"rendered":"<p>Research Fellowship, Digitalization and Urban Security, Premi\u00e0 de Dalt City Council, 2020<\/p>\n<p>Marie Curie IF Fellowship, EU project 795925 \u2013 February 2018<\/p>\n<p>Grant SGR 2017-2019, Generalitat de Catalonia, Ag\u00e8ncia de Gesti\u00f3 d&#8217;Ajuts Universitaris i de Recerca<br \/>\nDepartament d&#8217;Empresa i Coneixement \u2013 February 2018<\/p>\n<p>To profit or not to profit? Organisational Identity Dynamics in Social Entrepreneurship, Spanish Minister of\u00a0 Economy, September 2016 Ref.: ECO2016-75059 (\u20ac 14,000).<\/p>\n<p>Academy of Management Annual Meeting 2015 Award (OMT Division) for the work \u201cHow Multiple Embeddedness: Can Facilitate the Implementation of Institutional Change\u201d invited for publication in the AOM Annual Conference Proceedings\u00a0(in co-authorship with Valeria Cavotta and Tommaso Ramus)<\/p>\n<p>Special Mention Alziator Prize for the book Addiopizzo, Cagliari, November 2014<\/p>\n<p>Creating sustainable businesses: provided by Camera di Commercio di Trento, September 2014 (\u20ac 40,000)<\/p>\n<p>The political role of NGOs grant provided by Atlas, April 2014 (\u20ac 25,000)<\/p>\n<p>Perceived Transparency and Social Preferences in a Bargaining Context, grant provided by the Spanish Ministry of Education, 2013\u00a0(\u20ac29,000)<\/p>\n<p>Symbolic Management, Transparency and Legitimacy grant provided by Euricse, 2012\u00a0(48,000 euros)<\/p>\n<p>Social Responsibility and Stakeholder Management, EDP Foundation, 2011\u00a0(\u20ac10,000)<\/p>\n<p>Funda\u00e7\u00e3o para a Ci\u00eancia e a Tecnologia grant n. \u00a0PTDC\/EGE-GES\/110805\/2009 (62,000 euros) with Caterina Moschieri<\/p>\n<p>Funda\u00e7\u00e3o para a Ci\u00eancia e a Tecnologia grant n. PTDC\/EGE-GES\/102569\/2008\u00a0 \u201cPublic Valorization of ethical approaches in the production of Goods\u201d (41,000 euros)<\/p>\n<p>INSEIT Fellow Award 2008-2009 for the study \u201cNetwork Neutrality: Ethical Challenges in the Information Era\u201d<\/p>\n<p>Project SINAIS (50,375 euros) granted by Funda\u00e7\u00e3o para a Ci\u00eancia e a Tecnologia in collaboration with University of Madeira and Carnegie Mellon University<\/p>\n<p>Southern Company\u2019s grant for \u201cA study on the relationship between transparency and public environmental awareness\u201d ($35,000)<\/p>\n<p>Funda\u00e7\u00e3o para a Ci\u00eancia e a Tecnologia grant n. SFRH\/BPD\/27097\/2007 (157,000 euros) in collaboration with CESPRI, Bocconi University and the Department of Chemical Engineering at the Massachusetts Institute of Technology<\/p>\n<p>Recipient of the post-doctoral scholarship at the Funda\u00e7\u00e3o para a Ci\u00eancia e a Tecnologia, Reference SFRH\/BPD\/27097\/2006<\/p>\n<p>Recipient of the doctoral scholarship at the Funda\u00e7\u00e3o para a Ci\u00eancia e a Tecnologia, reference SFRH\/BD\/17214\/2004<\/p>\n<p>Recipient of a\u00a0EU scholarship to attend a Master&#8217;s program in Supply Chain Management and the Global Economy, 1998<\/p>\n","protected":false},"excerpt":{"rendered":"<p>Research Fellowship, Digitalization and Urban Security, Premi\u00e0 de Dalt City Council, 2020 Marie Curie IF Fellowship, EU project 795925 \u2013 February 2018 Grant SGR 2017-2019, Generalitat de Catalonia, Ag\u00e8ncia de Gesti\u00f3 d&#8217;Ajuts Universitaris i de Recerca Departament d&#8217;Empresa i Coneixement \u2013 February 2018 To profit or not to profit? Organisational Identity Dynamics in Social Entrepreneurship, [&hellip;]<\/p>\n","protected":false},"author":354,"featured_media":0,"parent":0,"menu_order":2,"comment_status":"open","ping_status":"open","template":"","meta":{"footnotes":""},"class_list":["post-36","page","type-page","status-publish","hentry"],"aioseo_notices":[],"_links":{"self":[{"href":"https:\/\/blog.iese.edu\/avaccaro\/wp-json\/wp\/v2\/pages\/36","targetHints":{"allow":["GET"]}}],"collection":[{"href":"https:\/\/blog.iese.edu\/avaccaro\/wp-json\/wp\/v2\/pages"}],"about":[{"href":"https:\/\/blog.iese.edu\/avaccaro\/wp-json\/wp\/v2\/types\/page"}],"author":[{"embeddable":true,"href":"https:\/\/blog.iese.edu\/avaccaro\/wp-json\/wp\/v2\/users\/354"}],"replies":[{"embeddable":true,"href":"https:\/\/blog.iese.edu\/avaccaro\/wp-json\/wp\/v2\/comments?post=36"}],"version-history":[{"count":19,"href":"https:\/\/blog.iese.edu\/avaccaro\/wp-json\/wp\/v2\/pages\/36\/revisions"}],"predecessor-version":[{"id":244,"href":"https:\/\/blog.iese.edu\/avaccaro\/wp-json\/wp\/v2\/pages\/36\/revisions\/244"}],"wp:attachment":[{"href":"https:\/\/blog.iese.edu\/avaccaro\/wp-json\/wp\/v2\/media?parent=36"}],"curies":[{"name":"wp","href":"https:\/\/api.w.org\/{rel}","templated":true}]}}