{"id":46,"date":"2010-09-29T10:46:46","date_gmt":"2010-09-29T10:46:46","guid":{"rendered":"https:\/\/blog.iese.edu\/chinchilla\/"},"modified":"2020-04-21T00:50:31","modified_gmt":"2020-04-21T00:50:31","slug":"curriculum-vitae-2","status":"publish","type":"page","link":"https:\/\/blog.iese.edu\/chinchilla\/curriculum-vitae-2\/?lang=es","title":{"rendered":"Curr\u00edculum vitae"},"content":{"rendered":"<ul>\n<li>Es Profesora Ordinaria del Departamento \u201cDirecci\u00f3n de Personas en las Organizaciones\u201d y Fundadora y Directora del Centro Internacional Trabajo y Familia del IESE Business School (Universidad de Navarra).<\/li>\n<li>Conferenciante habitual en empresas y congresos internacionales de universidades europeas, americanas y africanas.<\/li>\n<li>Profesora visitante en Escuelas de Direcci\u00f3n como el IPADE-M\u00e9xico, ISE-Brasil, INALDE-Colombia, IDE-Ecuador, PAD-Per\u00fa, ESE-Chile, IAE-Argentina, IEEMUruguay, Lagos Business School-Nigeria, Strathmore University-Kenia, Trinity College-Dublin, AESE-Portugal, entre otras.<\/li>\n<li>Desde 1999 la profesora Chinchilla y su equipo investigador del <a href=\"https:\/\/www.iese.edu\/faculty-research\/research-centers\/icwf-international-center-work-family\/\" target=\"_blank\" rel=\"noopener noreferrer\">Centro Internacional Trabajo y Familia del IESE<\/a> realizan el estudio\u00a0<strong>IFREI <\/strong>(International Family- Responsible Employer Index), sobre el grado de implantaci\u00f3n de las pol\u00edticas y cultura familiarmente responsables en las diferentes empresas y sectores. En la <a href=\"https:\/\/www.iese.edu\/faculty-research\/research-centers\/icwf-international-center-work-family\/\" target=\"_blank\" rel=\"noopener noreferrer\">web del Centro<\/a> puede conseguirse un autodiagn\u00f3stico gratuito.<\/li>\n<li>Presidenta y fundadora de la empresa <a href=\"http:\/\/www.nchpartners.com\/\">NCH &amp; Partners: developing people and organizations<\/a>.<\/li>\n<li>Presidenta de Acci\u00f3n para la Democracia.<\/li>\n<\/ul>\n","protected":false},"excerpt":{"rendered":"<p>Es Profesora Ordinaria del Departamento \u201cDirecci\u00f3n de Personas en las Organizaciones\u201d y Fundadora y Directora del Centro Internacional Trabajo y Familia del IESE Business School (Universidad de Navarra). Conferenciante habitual en empresas y congresos internacionales de universidades europeas, americanas y africanas. Profesora visitante en Escuelas de Direcci\u00f3n como el IPADE-M\u00e9xico, ISE-Brasil, INALDE-Colombia, IDE-Ecuador, PAD-Per\u00fa, ESE-Chile, [&hellip;]<\/p>\n","protected":false},"author":12,"featured_media":0,"parent":0,"menu_order":3,"comment_status":"open","ping_status":"open","template":"","meta":{"footnotes":""},"class_list":["post-46","page","type-page","status-publish","hentry"],"aioseo_notices":[],"_links":{"self":[{"href":"https:\/\/blog.iese.edu\/chinchilla\/wp-json\/wp\/v2\/pages\/46","targetHints":{"allow":["GET"]}}],"collection":[{"href":"https:\/\/blog.iese.edu\/chinchilla\/wp-json\/wp\/v2\/pages"}],"about":[{"href":"https:\/\/blog.iese.edu\/chinchilla\/wp-json\/wp\/v2\/types\/page"}],"author":[{"embeddable":true,"href":"https:\/\/blog.iese.edu\/chinchilla\/wp-json\/wp\/v2\/users\/12"}],"replies":[{"embeddable":true,"href":"https:\/\/blog.iese.edu\/chinchilla\/wp-json\/wp\/v2\/comments?post=46"}],"version-history":[{"count":14,"href":"https:\/\/blog.iese.edu\/chinchilla\/wp-json\/wp\/v2\/pages\/46\/revisions"}],"predecessor-version":[{"id":1847,"href":"https:\/\/blog.iese.edu\/chinchilla\/wp-json\/wp\/v2\/pages\/46\/revisions\/1847"}],"wp:attachment":[{"href":"https:\/\/blog.iese.edu\/chinchilla\/wp-json\/wp\/v2\/media?parent=46"}],"curies":[{"name":"wp","href":"https:\/\/api.w.org\/{rel}","templated":true}]}}