{"id":52,"date":"2010-09-29T10:50:27","date_gmt":"2010-09-29T10:50:27","guid":{"rendered":"https:\/\/blog.iese.edu\/chinchilla\/"},"modified":"2020-04-21T00:47:35","modified_gmt":"2020-04-21T00:47:35","slug":"libros","status":"publish","type":"page","link":"https:\/\/blog.iese.edu\/chinchilla\/libros\/?lang=es","title":{"rendered":"Libros"},"content":{"rendered":"<p>Adem\u00e1s de prologar diversos libros y ser autora de numerosos casos de estudio y notas t\u00e9cnicas, es autora de los siguientes libros:<\/p>\n<ul>\n<li>Work and Family in the World (2009).<\/li>\n<li>Senhores do Nosso Destino, con Maruja Moragas (Aletheia, 2009).<\/li>\n<li>Masters of our destiny, con Maruja Moragas (Eunsa, 2008).<\/li>\n<li>Due\u00f1os de nuestro destino: C\u00f3mo conciliar la vida profesional, familiar y personal, con Maruja Moragas (Ariel, 2007).<\/li>\n<li>Ser una empresa familiarmente responsable: \u00bfLujo o necesidad? (Pearson Prentice Hall, 2006).<\/li>\n<li>La ambici\u00f3n femenina: c\u00f3mo conciliar trabajo y familia, con Consuelo Le\u00f3n (Aguilar, 2004).<\/li>\n<li>Female Ambition: how to reconcile work and family with Consuelo Le\u00f3n (Palgrave, 2005).<\/li>\n<li>La conciliaci\u00f3n de la vida laboral, familiar i personal con Steven Poelmans (Pla Estrat\u00e8gic Metropolit\u00e0 de Barcelona, 2004).<\/li>\n<li>Dos profesiones y una familia (Generalitat de Catalunya, 2003).<\/li>\n<li>Les millors pr\u00e0ctiques de conciliaci\u00f2 traball-fam\u00edlia a l\u2019empresa con Consuelo Le\u00f3n (Generalitat de Catalunya, 2003).<\/li>\n<li>Criterios de decisi\u00f3n en los procesos de selecci\u00f3n en Espa\u00f1a \u00bfSe discrimina a la mujer? (Fundaci\u00f3n ADECCO 2003).<\/li>\n<li>Paradigmas del Liderazgo (McGraw-Hill, 2002) vv.aa.<\/li>\n<li>Emprendiendo en femenino: \u00bfEmpresarias o directivas? con Anna Mercad\u00e9 y Pilar Garc\u00eda (Gesti\u00f3n 2000, 1998).<\/li>\n<li>Rotaci\u00f3n de Directivos (Gesti\u00f3n 2000, 1996), galardonado con el Premio EADA.<\/li>\n<li>La Mujer y su \u00c9xito, con Juan Antonio P\u00e9rez L\u00f3pez (Eunsa, 1995).<\/li>\n<\/ul>\n<p>Editora de:<\/p>\n<p>Liderazgo y Etica en la Direcci\u00f3n de Empresas (Deusto, 1998)<\/p>\n","protected":false},"excerpt":{"rendered":"<p>Adem\u00e1s de prologar diversos libros y ser autora de numerosos casos de estudio y notas t\u00e9cnicas, es autora de los siguientes libros: Work and Family in the World (2009). Senhores do Nosso Destino, con Maruja Moragas (Aletheia, 2009). Masters of our destiny, con Maruja Moragas (Eunsa, 2008). Due\u00f1os de nuestro destino: C\u00f3mo conciliar la vida [&hellip;]<\/p>\n","protected":false},"author":12,"featured_media":0,"parent":0,"menu_order":4,"comment_status":"open","ping_status":"open","template":"","meta":{"footnotes":""},"class_list":["post-52","page","type-page","status-publish","hentry"],"aioseo_notices":[],"_links":{"self":[{"href":"https:\/\/blog.iese.edu\/chinchilla\/wp-json\/wp\/v2\/pages\/52","targetHints":{"allow":["GET"]}}],"collection":[{"href":"https:\/\/blog.iese.edu\/chinchilla\/wp-json\/wp\/v2\/pages"}],"about":[{"href":"https:\/\/blog.iese.edu\/chinchilla\/wp-json\/wp\/v2\/types\/page"}],"author":[{"embeddable":true,"href":"https:\/\/blog.iese.edu\/chinchilla\/wp-json\/wp\/v2\/users\/12"}],"replies":[{"embeddable":true,"href":"https:\/\/blog.iese.edu\/chinchilla\/wp-json\/wp\/v2\/comments?post=52"}],"version-history":[{"count":9,"href":"https:\/\/blog.iese.edu\/chinchilla\/wp-json\/wp\/v2\/pages\/52\/revisions"}],"predecessor-version":[{"id":1845,"href":"https:\/\/blog.iese.edu\/chinchilla\/wp-json\/wp\/v2\/pages\/52\/revisions\/1845"}],"wp:attachment":[{"href":"https:\/\/blog.iese.edu\/chinchilla\/wp-json\/wp\/v2\/media?parent=52"}],"curies":[{"name":"wp","href":"https:\/\/api.w.org\/{rel}","templated":true}]}}