{"id":80,"date":"2010-09-29T14:36:02","date_gmt":"2010-09-29T14:36:02","guid":{"rendered":"https:\/\/blog.iese.edu\/chinchilla\/"},"modified":"2020-04-21T00:50:58","modified_gmt":"2020-04-21T00:50:58","slug":"inicio","status":"publish","type":"page","link":"https:\/\/blog.iese.edu\/chinchilla\/inicio\/?lang=es","title":{"rendered":"Biograf\u00eda"},"content":{"rendered":"<p><strong>Nuria Chinchilla<\/strong> es doctora en Ciencias Econ\u00f3micas y Empresariales por la Universidad de Navarra, Licenciada en Derecho por la Universidad de Barcelona, Master en Econom\u00eda y Direcci\u00f3n de Empresas y Doctora por el IESE Business School. Comenz\u00f3 su trayectoria en el IESE en 1984. Es asesora de diversas empresas y consejera de varias sociedades. Es miembro del Top Ten Management Espa\u00f1ol y de diversas asociaciones profesionales y acad\u00e9micas entre las que destacamos: miembro del Jurado de los Premios Fundaci\u00f3 Buf\u00ed y Planas y del <i>Barcelona Empresa Innovadora<\/i>, de la Revista Capital, del patronato de la Fundaci\u00f3n Alares, del Jurado de los Premios de la Fundaci\u00f3n Privada M\u00aa Teresa Rod\u00f3, del VIP Advisory Board de EPWN, del VIP Advisory Board del Women International Networking (WIN), del International Women\u2019s Forum, de Womenalia y de EWMD (European Network for Women in Management Development), miembro de CEDE (Asociaci\u00f3n Espa\u00f1ola de Directivos), de APDO (Asociaci\u00f3n de Profesionales en Desarrollo Organizativo), de AEDIPE (Asociaci\u00f3n Espa\u00f1ola de Directores de Personal), miembro del Consejo de Ilustres de FUNDE y es Mentora Acad\u00e9mica del Women in Business Club del IESE.<\/p>\n<p>Forma parte tambi\u00e9n de los siguientes comit\u00e9s y consejos: ONU, \u00a0Consejo de Expertos de la Generalitat de Catalunya (2004), Comit\u00e9 Cient\u00edfico de Business Digest, Comit\u00e9 de Honor de European Association single-sex education (EASSE), Comit\u00e9 de Honor de Manager Business Forum, Espa\u00f1a, Consejo de Redacci\u00f3n de la Publicaci\u00f3n Nueva Empresa, Consejo Econ\u00f3mico y Social de la Universidad Internacional de Catalu\u00f1a (UIC), Consejo de Administraci\u00f3n de las EFAS catalanas, miembro del Consejo Asesor de la Fundaci\u00f3n + Familia, del Consejo Asesor de la Revista de Estudios Pol\u00edticos y Sociales \u201cDialegs\u201d, del Consejo Asesor de la Agencia para la Calidad del Sistema Universitario de Castilla y Le\u00f3n (ACSUCYL), del Consejo Editorialde la Revista Executive Excellence (5 D\u00edas), Miembro del Patronato de Honor de \u201cThe Family Watch\u201d, Miembro del Consejo Asesor de fem.talent, Miembro del Patronato de la Fundaci\u00f3n Independiente y de la Comisi\u00f3n Nacional para racionalizaci\u00f3n de los horarios Espa\u00f1oles, miembro fundador de ARHOE (Asociaci\u00f3n para la Racionalizaci\u00f3n de los Horarios Espa\u00f1oles), as\u00ed como del Observatorio de la Empresa Flexible.<\/p>\n<p>La Doctora Chinchilla asesora a Gobiernos regionales y estatales de todo el mundo. Entre otras, ha desarrollado las \u201cGu\u00edas de Buenas Pr\u00e1cticas de la Empresa Flexible\u201d (Comunidad de Madrid 2004\u20102007 y 2009) y la \u201cGu\u00eda de Igualdad de oportunidades entre mujeres y hombres en la Empresa\u201d (2005 y 2007).<\/p>\n<p>Impulsora de un neofeminismo sobre la aportaci\u00f3n espec\u00edfica al mundo de la empresa y el trabajo y de los estilos femeninos de direcci\u00f3n. Pionera en impulsar el networking entre mujeres, a trav\u00e9s de eventos puntuales o mensuales como el MDir en Madrid, del Women\u2019s lobby en Barcelona y del Global Women\u2019s Forum en Nueva York. Participa en numerosos congresos y conferencias tanto internacionales de Naciones Unidas sobre las mujeres en Pekin, como nacionales.<\/p>\n<p>Referente mundial en temas de mujer y conciliaci\u00f3n. Directora acad\u00e9mica de programas del IESE enfocado a mujeres: Mujeres en Consejos de Administraci\u00f3n, Mujer y liderazgo, Alumnae Breakfast: Women in Power y Foro de mujeres consejeras y consejables. Sus \u00e1reas de especializaci\u00f3n tambi\u00e9n son el liderazgo, gesti\u00f3n del tiempo, \u00a0la conciliaci\u00f3n trabajo y familia, el coaching, los conflictos interpersonales, el desarrollo y cambio organizacional, los comit\u00e9s directivos y las empresas familiarmente responsables.<\/p>\n<p>Candidata de Espa\u00f1a para el CEDAW, ONU 2012. En 2011 y 2012 ha sido elegida como una de las \u201cTop 100 Mujeres L\u00edderes\u201d en el ranking realizado por \u201cMujeres y C\u00eda\u201d, en el campo profesional pensadoras y expertas. En 2001 recibe el premio FEDEPE a la Mujer Directiva del a\u00f1o, en el 2007 el \u201cMost Valuable Speaker\u201d concedido por Interban Network y en 2008 el Premio MujerDirectiva de la revista Estrategia Directiva en la categor\u00eda Conciliaci\u00f3n Empresa\u2010Familia. Tambi\u00e9n ha sido premiada por ALMUR y por la Asociaci\u00f3n Empresa Mujer con el premio ASEM de Oro por su continua aportaci\u00f3n a la Conciliaci\u00f3n Empresa\u2010Familia, as\u00ed como por la Fundaci\u00f3n Alares por su \u201cexcepcional trayectoria profesional, investigadora y educativa\u201d.<\/p>\n<p>En 2008 el Prof. Jeffery Pfeffer de la Universidad de Stanford escribi\u00f3 un caso sobre ella titulado \u201cNuria Chinchilla: el poder para cambiar el mundo de la empresa\u201c.<\/p>\n<p>Su biograf\u00eda aparece recogida en la edici\u00f3n \u201cPersonajes de Catalu\u00f1a 2010\u201d.<\/p>\n<p><a href=\"http:\/\/www.nuriachinchilla.com\/\" target=\"_blank\" rel=\"noopener noreferrer\">Blog personal<\/a><\/p>\n","protected":false},"excerpt":{"rendered":"<p>Nuria Chinchilla es doctora en Ciencias Econ\u00f3micas y Empresariales por la Universidad de Navarra, Licenciada en Derecho por la Universidad de Barcelona, Master en Econom\u00eda y Direcci\u00f3n de Empresas y Doctora por el IESE Business School. Comenz\u00f3 su trayectoria en el IESE en 1984. Es asesora de diversas empresas y consejera de varias sociedades. Es [&hellip;]<\/p>\n","protected":false},"author":12,"featured_media":0,"parent":0,"menu_order":1,"comment_status":"closed","ping_status":"closed","template":"","meta":{"footnotes":""},"class_list":["post-80","page","type-page","status-publish","hentry"],"aioseo_notices":[],"_links":{"self":[{"href":"https:\/\/blog.iese.edu\/chinchilla\/wp-json\/wp\/v2\/pages\/80","targetHints":{"allow":["GET"]}}],"collection":[{"href":"https:\/\/blog.iese.edu\/chinchilla\/wp-json\/wp\/v2\/pages"}],"about":[{"href":"https:\/\/blog.iese.edu\/chinchilla\/wp-json\/wp\/v2\/types\/page"}],"author":[{"embeddable":true,"href":"https:\/\/blog.iese.edu\/chinchilla\/wp-json\/wp\/v2\/users\/12"}],"replies":[{"embeddable":true,"href":"https:\/\/blog.iese.edu\/chinchilla\/wp-json\/wp\/v2\/comments?post=80"}],"version-history":[{"count":20,"href":"https:\/\/blog.iese.edu\/chinchilla\/wp-json\/wp\/v2\/pages\/80\/revisions"}],"predecessor-version":[{"id":1848,"href":"https:\/\/blog.iese.edu\/chinchilla\/wp-json\/wp\/v2\/pages\/80\/revisions\/1848"}],"wp:attachment":[{"href":"https:\/\/blog.iese.edu\/chinchilla\/wp-json\/wp\/v2\/media?parent=80"}],"curies":[{"name":"wp","href":"https:\/\/api.w.org\/{rel}","templated":true}]}}