{"id":3544,"date":"2021-09-09T14:06:04","date_gmt":"2021-09-09T13:06:04","guid":{"rendered":"https:\/\/blog.iese.edu\/empresafamiliar\/?page_id=3544"},"modified":"2025-10-14T11:59:26","modified_gmt":"2025-10-14T09:59:26","slug":"nuestro-equipo","status":"publish","type":"page","link":"https:\/\/blog.iese.edu\/empresafamiliar\/nuestro-equipo\/","title":{"rendered":"Nuestro equipo"},"content":{"rendered":"<p>La C\u00e1tedra de Empresa Familiar fue fundada en 1987 para fomentar y apoyar las iniciativas de la empresa familiar y de la familia empresaria. La primera de Europa en la materia, se ha destacado por la cantidad y calidad de sus publicaciones sobre la empresa familiar en sus diferentes facetas.<\/p>\n<p>Adem\u00e1s de su investigaci\u00f3n, la c\u00e1tedra organiza y participa en numerosas conferencias, encuentros de investigadores y otras actividades de formaci\u00f3n, incluyendo sesiones regulares en el IESE Alumni Learning Program.<\/p>\n<h2><strong><br \/>\nTITULAR<\/strong><\/h2>\n<p><a href=\"https:\/\/www.iese.edu\/es\/claustro-investigacion\/claustro\/alvaro-san-martin\/\" target=\"_blank\" rel=\"noopener\"><strong>\u00c1lvaro San Mart\u00edn<\/strong><\/a><br \/>\nProfesor de Direcci\u00f3n de Personas en las Organizaciones<\/p>\n<h2><span style=\"color: #333300\"><strong><br \/>\nEQUIPO ACAD\u00c9MICO<\/strong><\/span><\/h2>\n<p><a href=\"https:\/\/www.iese.edu\/es\/claustro-investigacion\/claustro\/pascual-berrone\/\" target=\"_blank\" rel=\"noopener noreferrer\"><strong>Pascual Berrone<\/strong><\/a><br \/>\nProfesor de Direcci\u00f3n Estrat\u00e9gica<\/p>\n<p><a href=\"https:\/\/www.iese.edu\/es\/claustro-investigacion\/claustro\/alfonso-chiner\/\" target=\"_blank\" rel=\"noopener noreferrer\"><strong>Alfonso Chiner<\/strong><\/a><br \/>\nLecturer de Direcci\u00f3n Estrat\u00e9gica<\/p>\n<p><a href=\"https:\/\/www.iese.edu\/es\/claustro-investigacion\/claustro\/joan-de-dou\/\" target=\"_blank\" rel=\"noopener noreferrer\"><strong>Joan de Dou<\/strong><\/a><br \/>\nLecturer S\u00e9nior de Direcci\u00f3n de Personas en las Organizaciones<\/p>\n<p><strong><a href=\"https:\/\/www.iese.edu\/es\/claustro-investigacion\/claustro\/marta-elvira\/\" target=\"_blank\" rel=\"noopener\">Marta Elvira<\/a><\/strong><br \/>\nProfesora de Direcci\u00f3n Estrat\u00e9gica y de Direcci\u00f3n de Personas en las Organizaciones<\/p>\n<p><strong><a href=\"https:\/\/www.iese.edu\/es\/claustro-investigacion\/claustro\/carlos-garcia-pont\/\" target=\"_blank\" rel=\"noopener\">Carlos Garc\u00eda Pont<\/a><\/strong><br \/>\nProfesor de Direcci\u00f3n Comercial y de An\u00e1lisis de Situaciones de Negocio<\/p>\n<p><a href=\"https:\/\/www.iese.edu\/es\/claustro-investigacion\/claustro\/heinrich-liechtenstein\/\" target=\"_blank\" rel=\"noopener noreferrer\"><strong>Heinrich Liechtenstein<\/strong><\/a><br \/>\nProfesor de Direcci\u00f3n Financiera<\/p>\n<p><a href=\"https:\/\/www.iese.edu\/es\/claustro-investigacion\/claustro\/jeroen-neckebrouck\/\" target=\"_blank\" rel=\"noopener noreferrer\"><strong>Jeroen Neckebrouck<\/strong><\/a><br \/>\nProfesor Agregado de Iniciativa Emprendedora<\/p>\n<p><a href=\"https:\/\/www.iese.edu\/es\/claustro-investigacion\/claustro\/edi-soler\/\" target=\"_blank\" rel=\"noopener\"><strong>Edi Soler<\/strong><\/a><br \/>\nProfesor Agregado de Contabilidad y Control y de An\u00e1lisis de Situaciones de Negocio<\/p>\n<p><a href=\"https:\/\/www.iese.edu\/es\/claustro-investigacion\/claustro\/josep-tapies\/\" target=\"_blank\" rel=\"noopener noreferrer\"><strong>Josep T\u00e0pies<\/strong><\/a><br \/>\nProfesor Em\u00e9rito de Direcci\u00f3n Estrat\u00e9gica<\/p>\n","protected":false},"excerpt":{"rendered":"<p>La C\u00e1tedra de Empresa Familiar fue fundada en 1987 para fomentar y apoyar las iniciativas de la empresa familiar y de la familia empresaria. La primera de Europa en la materia, se ha destacado por la cantidad y calidad de sus publicaciones sobre la empresa familiar en sus diferentes facetas. Adem\u00e1s de su investigaci\u00f3n, la [&hellip;]<\/p>\n","protected":false},"author":217,"featured_media":0,"parent":0,"menu_order":0,"comment_status":"closed","ping_status":"closed","template":"","meta":{"_acf_changed":false,"footnotes":""},"class_list":["post-3544","page","type-page","status-publish","hentry"],"acf":[],"aioseo_notices":[],"_links":{"self":[{"href":"https:\/\/blog.iese.edu\/empresafamiliar\/wp-json\/wp\/v2\/pages\/3544","targetHints":{"allow":["GET"]}}],"collection":[{"href":"https:\/\/blog.iese.edu\/empresafamiliar\/wp-json\/wp\/v2\/pages"}],"about":[{"href":"https:\/\/blog.iese.edu\/empresafamiliar\/wp-json\/wp\/v2\/types\/page"}],"author":[{"embeddable":true,"href":"https:\/\/blog.iese.edu\/empresafamiliar\/wp-json\/wp\/v2\/users\/217"}],"replies":[{"embeddable":true,"href":"https:\/\/blog.iese.edu\/empresafamiliar\/wp-json\/wp\/v2\/comments?post=3544"}],"version-history":[{"count":15,"href":"https:\/\/blog.iese.edu\/empresafamiliar\/wp-json\/wp\/v2\/pages\/3544\/revisions"}],"predecessor-version":[{"id":5481,"href":"https:\/\/blog.iese.edu\/empresafamiliar\/wp-json\/wp\/v2\/pages\/3544\/revisions\/5481"}],"wp:attachment":[{"href":"https:\/\/blog.iese.edu\/empresafamiliar\/wp-json\/wp\/v2\/media?parent=3544"}],"curies":[{"name":"wp","href":"https:\/\/api.w.org\/{rel}","templated":true}]}}