{"id":235,"date":"2011-02-14T17:00:26","date_gmt":"2011-02-14T15:00:26","guid":{"rendered":"https:\/\/blog.iese.edu\/empresario-mundo\/"},"modified":"2014-03-20T17:08:19","modified_gmt":"2014-03-20T16:08:19","slug":"research-projects","status":"publish","type":"page","link":"https:\/\/blog.iese.edu\/empresario-mundo\/research\/research-projects\/","title":{"rendered":"Proyectos de investigaci\u00f3n"},"content":{"rendered":"<ul>\n<li>Filantrop\u00eda en la Familia Empresaria<\/li>\n<li>El rol de la personalidad en el proceso de sucesi\u00f3n de las empresas familiares: Una aproximaci\u00f3n te\u00f3rica<\/li>\n<li>El Consejo de familia visto por las empresas familiares espa\u00f1olas<\/li>\n<li>Trends and impact of contributions in family business research: A study of family business review from 1998 to 2010<\/li>\n<li>Profitability: A comparison of family-owned businesses and non-family firms<\/li>\n<li>An adaptation of the Family Business Climate Scales (FCS) for Use in Spanish Speaking Family Firms<\/li>\n<li>The importance of Values in Family-Owned Businesses<\/li>\n<li>The perceptions of management students about family firms: A cross \u2013cultural approach<\/li>\n<li>The Wealth Stewardship profile and adaptation to the Spanish context<\/li>\n<\/ul>\n","protected":false},"excerpt":{"rendered":"<p>Filantrop\u00eda en la Familia Empresaria El rol de la personalidad en el proceso de sucesi\u00f3n de las empresas familiares: Una aproximaci\u00f3n te\u00f3rica El Consejo de familia visto por las empresas familiares espa\u00f1olas Trends and impact of contributions in family business research: A study of family business review from 1998 to 2010 Profitability: A comparison of [&hellip;]<\/p>\n","protected":false},"author":194,"featured_media":0,"parent":230,"menu_order":0,"comment_status":"closed","ping_status":"closed","template":"","meta":{"footnotes":""},"class_list":["post-235","page","type-page","status-publish","hentry"],"aioseo_notices":[],"_links":{"self":[{"href":"https:\/\/blog.iese.edu\/empresario-mundo\/wp-json\/wp\/v2\/pages\/235","targetHints":{"allow":["GET"]}}],"collection":[{"href":"https:\/\/blog.iese.edu\/empresario-mundo\/wp-json\/wp\/v2\/pages"}],"about":[{"href":"https:\/\/blog.iese.edu\/empresario-mundo\/wp-json\/wp\/v2\/types\/page"}],"author":[{"embeddable":true,"href":"https:\/\/blog.iese.edu\/empresario-mundo\/wp-json\/wp\/v2\/users\/194"}],"replies":[{"embeddable":true,"href":"https:\/\/blog.iese.edu\/empresario-mundo\/wp-json\/wp\/v2\/comments?post=235"}],"version-history":[{"count":12,"href":"https:\/\/blog.iese.edu\/empresario-mundo\/wp-json\/wp\/v2\/pages\/235\/revisions"}],"predecessor-version":[{"id":1662,"href":"https:\/\/blog.iese.edu\/empresario-mundo\/wp-json\/wp\/v2\/pages\/235\/revisions\/1662"}],"up":[{"embeddable":true,"href":"https:\/\/blog.iese.edu\/empresario-mundo\/wp-json\/wp\/v2\/pages\/230"}],"wp:attachment":[{"href":"https:\/\/blog.iese.edu\/empresario-mundo\/wp-json\/wp\/v2\/media?parent=235"}],"curies":[{"name":"wp","href":"https:\/\/api.w.org\/{rel}","templated":true}]}}