{"id":246,"date":"2011-02-15T12:15:59","date_gmt":"2011-02-15T10:15:59","guid":{"rendered":"https:\/\/blog.iese.edu\/empresario-mundo\/"},"modified":"2012-12-20T15:38:20","modified_gmt":"2012-12-20T14:38:20","slug":"publicaciones","status":"publish","type":"page","link":"https:\/\/blog.iese.edu\/empresario-mundo\/publicaciones\/","title":{"rendered":"Publicaciones"},"content":{"rendered":"<p><strong><a href=\"https:\/\/blog.iese.edu\/empresario-mundo\/publicaciones\/articulos-y-documentos-de-investigacion\/\"><span style=\"color: #800000\">Art\u00edculos y documentos de investigaci\u00f3n<\/span><\/a><\/strong><\/p>\n<p><strong><span style=\"color: #800000\"><a href=\"https:\/\/blog.iese.edu\/empresario-mundo\/publicaciones\/libros-y-capitulos\/\">Libros y cap\u00edtulos<\/a><\/span><\/strong><\/p>\n<p><strong><span style=\"color: #800000\"><a href=\"https:\/\/blog.iese.edu\/empresario-mundo\/publicaciones\/monograficos\/\"><span style=\"color: #800000\">Monogr\u00e1ficos<\/span><\/a><\/span><\/strong><\/p>\n<p><a href=\"https:\/\/blog.iese.edu\/empresario-mundo\/libros-de-conferencias\/\" target=\"_blank\"><strong>Libros de Conferencias<\/strong><\/a><\/p>\n<p><strong><span style=\"color: #800000\"><a href=\"https:\/\/blog.iese.edu\/empresario-mundo\/publicaciones\/articulos-de-divulgacion\/\"><span style=\"color: #800000\">Art\u00edculos de divulgaci\u00f3n<\/span><\/a><\/span><\/strong><\/p>\n","protected":false},"excerpt":{"rendered":"<p>Art\u00edculos y documentos de investigaci\u00f3n Libros y cap\u00edtulos Monogr\u00e1ficos Libros de Conferencias Art\u00edculos de divulgaci\u00f3n<\/p>\n","protected":false},"author":195,"featured_media":0,"parent":0,"menu_order":0,"comment_status":"closed","ping_status":"closed","template":"","meta":{"footnotes":""},"class_list":["post-246","page","type-page","status-publish","hentry"],"aioseo_notices":[],"_links":{"self":[{"href":"https:\/\/blog.iese.edu\/empresario-mundo\/wp-json\/wp\/v2\/pages\/246","targetHints":{"allow":["GET"]}}],"collection":[{"href":"https:\/\/blog.iese.edu\/empresario-mundo\/wp-json\/wp\/v2\/pages"}],"about":[{"href":"https:\/\/blog.iese.edu\/empresario-mundo\/wp-json\/wp\/v2\/types\/page"}],"author":[{"embeddable":true,"href":"https:\/\/blog.iese.edu\/empresario-mundo\/wp-json\/wp\/v2\/users\/195"}],"replies":[{"embeddable":true,"href":"https:\/\/blog.iese.edu\/empresario-mundo\/wp-json\/wp\/v2\/comments?post=246"}],"version-history":[{"count":12,"href":"https:\/\/blog.iese.edu\/empresario-mundo\/wp-json\/wp\/v2\/pages\/246\/revisions"}],"predecessor-version":[{"id":970,"href":"https:\/\/blog.iese.edu\/empresario-mundo\/wp-json\/wp\/v2\/pages\/246\/revisions\/970"}],"wp:attachment":[{"href":"https:\/\/blog.iese.edu\/empresario-mundo\/wp-json\/wp\/v2\/media?parent=246"}],"curies":[{"name":"wp","href":"https:\/\/api.w.org\/{rel}","templated":true}]}}