{"id":249,"date":"2011-02-15T12:15:40","date_gmt":"2011-02-15T10:15:40","guid":{"rendered":"https:\/\/blog.iese.edu\/empresario-mundo\/"},"modified":"2015-07-28T13:17:57","modified_gmt":"2015-07-28T12:17:57","slug":"articulos-y-documentos-de-investigacion","status":"publish","type":"page","link":"https:\/\/blog.iese.edu\/empresario-mundo\/publicaciones\/articulos-y-documentos-de-investigacion\/","title":{"rendered":"Art\u00edculos y documentos de investigaci\u00f3n"},"content":{"rendered":"<p>&nbsp;<\/p>\n<ul>\n<li><a href=\"https:\/\/blog.iese.edu\/empresario-mundo\/files\/2015\/02\/russell-reynolds_-practicas-gobierno_feb15_protect.pdf\" target=\"_blank\"><strong>Pr\u00e1cticas de Gobierno Corporativo en la Empresa Familiar<\/strong><\/a>. Russell Reynolds Associates &amp; C\u00e1tedra de Empresa Familiar. (2015)<\/li>\n<\/ul>\n<p>&nbsp;<\/p>\n<ul>\n<li><strong><a href=\"http:\/\/www.iese.edu\/research\/pdfs\/WP-1109.pdf\" target=\"_blank\">Demografia de la empresa espa\u00f1ola<\/a>.<\/strong>\u00a0Serra Parri, F., &amp; T\u00e0pies, J. (2014). IESE Working Paper WP-1109.<\/li>\n<\/ul>\n<p>&nbsp;<\/p>\n<ul>\n<li><a href=\"http:\/\/www.tandfonline.com\/doi\/abs\/10.1080\/1359432X.2014.900046\" target=\"_blank\"><strong>Towards a Positive Organizational Study of Family-Owned Businesses: Embracing a Fertile Territory<\/strong>.<\/a> Ceja, L. European Journal of Work and Organizational Psychology, Vol. 23 (5), p. 665-668. (2014).<\/li>\n<\/ul>\n<p>&nbsp;<\/p>\n<ul>\n<li><a href=\"http:\/\/ffipractitioner.org\/2014\/04\/23\/balancing-personality-traits-capitalizing-on-the-strengths-of-our-true-self\/\" target=\"_blank\"><strong>Balancing Personality Traits: Capitalizing on the strenghts of our true self<\/strong><strong>.<\/strong> <\/a>Ceja, L. (2014). The Practitioner.<\/li>\n<\/ul>\n<p>&nbsp;<\/p>\n<ul>\n<li><a href=\"http:\/\/www.ieseinsight.com\/doc.aspx?id=1488&amp;ar=15&amp;idioma=1\"><strong>El v\u00ednculo emocional marca la diferencia: Propiedad psicol\u00f3gica en la empresa familiar<\/strong>\u2028 .\u2028<\/a>T\u00e0pies, J., &amp; Ceja, L. (2013). IESE Insight, No 17, Segundo trimestre 2013, p\u00e1ginas 52 \u2013 59.<\/li>\n<\/ul>\n<p>&nbsp;<\/p>\n<ul>\n<li><a href=\"http:\/\/www.ieseinsight.com\/review\/articulo.aspx?doc=104627&amp;seccion=6\"><strong>Tips to foster ownership in your organization: the ties that bind.<\/strong> <\/a>T\u00e0pies, J., &amp; Ceja, L. (2013). IESE Insight, No 17, second quarter 2013, pages 52 \u2013 59.<\/li>\n<\/ul>\n<p>&nbsp;<\/p>\n<ul>\n<li><strong>Key Issues in Family Councils: Insights from the Spanish Experience.<\/strong> Ceja, L., Barbat, J., &amp; T\u00e0pies, J. (2013). IESE\u2028 Working paper WP-1070-E.<\/li>\n<\/ul>\n<p>Pulsar para ver PDF adjunto <a href=\"https:\/\/blog.iese.edu\/in-family-business\/files\/2013\/10\/3-A-WP-1070-.pdf\">3 A WP 1070<\/a><\/p>\n<p>&nbsp;<\/p>\n<ul>\n<li><strong>Cinco claves para perdurar con \u00e9xito: Empresa familiar.<\/strong> T\u00e0pies, J., &amp; Fern\u00e1ndez-Moya, M. (2013). Revista de Antiguos Alumnos, No 129, Abril \u2013 Junio 2013, p\u00e1ginas 30 \u2013 33.<\/li>\n<\/ul>\n<p>Pulsar para ver PDF adjunto <a href=\"https:\/\/blog.iese.edu\/in-family-business\/files\/2013\/10\/4-ART-2356-tapies-and-Fernandez-moya-2013-.pdf\">4 ART-2356 tapies and Fernandez moya 2013<\/a><\/p>\n<p>&nbsp;<\/p>\n<ul>\n<li><strong>How to Weather the Slings and Arrows of Fortune: Family Businesses.<\/strong> T\u00e0pies, J., &amp; Fern\u00e1ndez-Moya, M. (2013). Alumni Magazine, No 129, April \u2013 June 2013, pages 26 \u2013 29.<\/li>\n<\/ul>\n<p>Pulsar para ver PDF adjunto <a href=\"https:\/\/blog.iese.edu\/in-family-business\/files\/2013\/10\/5-A-ART-2356-E-Tapies-and-F-Moya-2013.pdf\">5 A ART-2356-E Tapies and F Moya 2013<\/a><\/p>\n<p>&nbsp;<\/p>\n<ul>\n<li><strong>Still a stereotype? The image of family-owned firms among MBA students.<\/strong> Fern\u00e1ndez-Moya, M., Ceja, L., &amp; T\u00e0pies, J. (2013). \u00a0Art\u00edculo presentado en IFERA St. Gallen, julio 2013.<\/li>\n<\/ul>\n<p>Pulsar para ver PDF adjunto\u00a0<a href=\"https:\/\/blog.iese.edu\/in-family-business\/files\/2013\/10\/6-Still-a-stereotype-Fernandez-ceja-and-tapies-2013.pdf\">6 Still a stereotype \u2013 Fernandez ceja and tapies 2013<\/a><\/p>\n<p>&nbsp;<\/p>\n<ul>\n<li><strong>\u201cIt is mine\u201d Psychological Ownership and the Next Generation<\/strong>. Ceja, L., &amp; T\u00e1pies, J. (2012). Tharawat Magazine, Vol 16, pp 40-44.<\/li>\n<\/ul>\n<p>Pulsar para ver PDF adjunto <a href=\"https:\/\/blog.iese.edu\/in-family-business\/files\/2013\/10\/7-Tmag16_40-45_E4.pdf\">7 Tmag16_40-45_E4<\/a><\/p>\n<p>&nbsp;<\/p>\n<ul>\n<li><a href=\"http:\/\/www.emeraldinsight.com\/journals.htm?articleid=17056423&amp;show=abstract\"><strong>Values and longevity in family business: Evidence from a cross-cultural analysis.\u00a0<\/strong> <\/a>T\u00e0pies, J., &amp; Fern\u00e1ndez-Moya, M. (2012).\u00a0 \u2028Journal of Family Business Management, Vol 2 (2), pp 130-146.<\/li>\n<\/ul>\n<p>&nbsp;<\/p>\n<ul>\n<li><strong><a href=\"https:\/\/blog.iese.edu\/in-family-business\/files\/2013\/10\/21-A-EF-Ni-tan-peque%C3%B1a-ni-tan-joven-2010.pdf\">21 A EF Ni tan peque\u00f1a ni tan joven 2010<\/a><\/strong>\u00a0T\u00e0pies, J., &amp; Fern\u00e1ndez-Moya, M. (2010). Actualidad de la Empresa Familiar, Fundaci\u00f3n nexia, No. 48, Abril-Junio 2010<\/li>\n<\/ul>\n<p>&nbsp;<\/p>\n<ul>\n<li><strong>Empresa familiar: un enfoque multidisciplinar.<\/strong> T\u00e0pies, J. (2011).\u00a0 Universia Business Review, No 32, Cuarto trimestre 2011, p\u00e1ginas 12 \u2013 25.<\/li>\n<\/ul>\n<p>Pulsar para ver PDF adjunto <a href=\"https:\/\/blog.iese.edu\/in-family-business\/files\/2013\/10\/9-Tapies-2011-universia-Business-Review.pdf\">9 Tapies 2011 universia Business Review<\/a><\/p>\n<p>&nbsp;<\/p>\n<ul>\n<li><strong>When Values Are a Family Affair: Family Business.<\/strong> T\u00e0pies, J., Ceja, L., &amp; Agulles, R. (2011). Alumni Magazine, No 122, July \u2013 September 2011, pages 28 \u2013 31.<\/li>\n<\/ul>\n<p>Pulsar para ver PDF adjunto <a href=\"https:\/\/blog.iese.edu\/in-family-business\/files\/2013\/10\/10-ART-2067-E-tapies-ceja-and-agulles-2011.pdf\">10 ART-2067-E tapies, ceja and agulles 2011<\/a><\/p>\n<p>&nbsp;<\/p>\n<ul>\n<li><strong>La importancia de los valores: Empresa Familiar.\u00a0<\/strong> T\u00e0pies, J., Ceja, L., &amp; Agulles, R. (2011). Revista de Antiguos Alumnos, No 122, Julio \u2013 Septiembre 2011, p\u00e1ginas 32 \u2013 35.<\/li>\n<\/ul>\n<p>Pulsar para ver PDF adjunto <a href=\"https:\/\/blog.iese.edu\/in-family-business\/files\/2013\/10\/11-ART-2067-Tapies-ceja-and-agulles-2011-spanish.pdf\">11 ART-2067 Tapies ceja and agulles 2011 spanish<\/a><\/p>\n<p>&nbsp;<\/p>\n<ul>\n<li><strong>Los protocolos familiares en pa\u00edses de habla hispana: c\u00f3mo son y para qu\u00e9 se utilizan.<\/strong> T\u00e0pies, J.,\u00a0 &amp; Ceja, L. (2011). IESE\u2028 Documento de Investigaci\u00f3n DI-931.<\/li>\n<\/ul>\n<p>Pulsar para ver PDF adjunto <a href=\"https:\/\/blog.iese.edu\/in-family-business\/files\/2013\/10\/12-DI-0931-protocolos-familiares-tapies-and-ceja-2011.pdf\">12 DI-0931 protocolos familiares tapies and ceja 2011<\/a><\/p>\n<p>&nbsp;<\/p>\n<ul>\n<li><strong>A model of psychological ownership in Next GenerationMembers of Family-Owned Firms: A Qualitative Study\u2028.\u00a0<\/strong> \u2028Ceja, L., &amp; T\u00e0pies, J. (2011). IESE Working Paper WP-929.<\/li>\n<\/ul>\n<p>Pulsar para ver PDF adjunto <a href=\"https:\/\/blog.iese.edu\/in-family-business\/files\/2013\/10\/13-DI-0929-E-psychological-ownership-ceja-and-tapies-2011.pdf\">13 DI-0929-E psychological ownership ceja and tapies 2011<\/a><\/p>\n<p>&nbsp;<\/p>\n<ul>\n<li><strong>Family values in practice: the corporate values guiding the world\u2019s largest family-owned businesses.<\/strong> Ceja, L., &amp; T\u00e0pies, J. (2011). \u2028 IESE Workig paper WP-916 (paper awarded as one of the best research articles presented at IFERA Americas 2011, Colombia Bogot\u00e1).<\/li>\n<\/ul>\n<p>Pulsar para ver PDF adjunto <a href=\"https:\/\/blog.iese.edu\/in-family-business\/files\/2013\/10\/14-DI-0916-E-IFERA-Americas-2011.pdf\">14 DI-0916-E IFERA Americas 2011<\/a><\/p>\n<p>&nbsp;<\/p>\n<ul>\n<li><a href=\"http:\/\/www.marcialpons.es\/libros\/la-empresa-familiar-y-su-relevo-generacional\/9788497688765\/\">Rompiendo mitos acerca de la fragilidad de las empresas familiares.<\/a> T\u00e0pies, J. &amp; Fernandez-Moya, M. (2011). En: \u00c1ngel Serrano de Nicol\u00e1s (Coord.). La empresa familiar y su relevo generacional. Madrid: Marcial Pons, 09\/2011. P\u00e1ginas 19 \u2013 54.<\/li>\n<\/ul>\n<p>&nbsp;<\/p>\n<ul>\n<li><strong>The importance of values in family-owned firms\u2028<\/strong> Working Paper Ceja., L; Agulles, R. &amp; T\u00e0pies, J. (2011). IESE Working Paper WP-875.<\/li>\n<\/ul>\n<p>Pulsar para ver PDF adjunto <a href=\"https:\/\/blog.iese.edu\/in-family-business\/files\/2013\/10\/16-The-importance-of-values-in-FB-2010.pdf\">16 The importance of values in FB 2010<\/a><\/p>\n<p>&nbsp;<\/p>\n<ul>\n<li><a href=\"http:\/\/www.ieseinsight.com\/review\/articulo.aspx?doc=6844&amp;seccion=6\"><strong>In Search of the Secrets to Longevity: Beyond Family Business Clich\u00e9s.<\/strong><\/a> T\u00e0pies, J. (2010). IESE Insight, No 7, Fourth Quarter 2010, pages 56 \u2013 63.<\/li>\n<\/ul>\n<p>&nbsp;<\/p>\n<ul>\n<li><strong>Values and longevity in family business: Evidence from a cross-cultural analysis.\u00a0<\/strong> T\u00e0pies, J. &amp; Fern\u00e1ndez-Moya, M. (2010). IESE Working paper WP-866.<\/li>\n<\/ul>\n<p>Pulsar para ver PDF adjunto\u00a0<a href=\"https:\/\/blog.iese.edu\/in-family-business\/files\/2013\/10\/18-DI-0866-E-Tapies-and-Moya-2010.pdf\">18 DI-0866-E Tapies and Moya 2010<\/a><\/p>\n<p>&nbsp;<\/p>\n<ul>\n<li><a href=\"http:\/\/www.ieseinsight.com\/review\/articulo.aspx?doc=6844&amp;seccion=6\" target=\"_blank\"><b>En busca del secreto de la longevidad empresarial: M\u00e1s all\u00e1 de los t\u00f3picos sobre la empresa familiar. <\/b><\/a>T\u00e0pies, J. (2010). IESE Insight, No 7, Cuarto trimestre 2010, p\u00e1ginas 56 \u2013 63.<\/li>\n<\/ul>\n<p>&nbsp;<\/p>\n<ul>\n<li><strong>Business School Students\u2019 perceptions on family-owned firms. A cross-cultural approach.<\/strong> T\u00e0pies, J., Kansikas, J., &amp; Ceja, L. (2010). Art\u00edculo presentado en IFERA Lancaster, UK 2010.<\/li>\n<\/ul>\n<p>&nbsp;<\/p>\n<ul>\n<li><strong>Effective knowledge transfer in family firms\u2028.<\/strong> Trevinyo, R.N., &amp; T\u00e0pies, J. (2010). IESE Working Paper WP-865.<\/li>\n<\/ul>\n<p>Pulsar para ver PDF adjunto\u00a0<a href=\"https:\/\/blog.iese.edu\/in-family-business\/files\/2013\/10\/21-DI-0865-E-Rosa-nelly-and-J-Tapies-2010.pdf\">21 DI-0865-E Rosa nelly and J Tapies 2010<\/a><\/p>\n<p>&nbsp;<\/p>\n<ul>\n<li><a href=\"http:\/\/www.ieseinsight.com\/review\/articulo.aspx?doc=5724&amp;seccion=10\" target=\"_blank\"><strong>From Compliance to Performance: Now might be a good time to burnish the tarnished image of boards.<\/strong> <\/a>T\u00e0pies, J. (2010). IESE Insight, No 4, First Quarter 2010, page 78.<\/li>\n<\/ul>\n<p>&nbsp;<\/p>\n<ul>\n<li><a href=\"http:\/\/www.ieseinsight.com\/review\/articulo.aspx?doc=5724&amp;seccion=10\"><strong>No es igual cumplir que rendir: Los consejos de administraci\u00f3n no han jugado su mejor papel en estos a\u00f1os. La crisis puede ser un buen momento para recuperar sus funciones.<\/strong><\/a> T\u00e0pies, J. (2010). IESE Insight, No 4, Primer trimestre 2010, p\u00e1gina 78.<\/li>\n<\/ul>\n<p>&nbsp;<\/p>\n<ul>\n<li><strong>\u00a0<a href=\"http:\/\/www.ieseinsight.com\/doc.aspx?id=1102&amp;ar=19&amp;idioma=1\">La gesti\u00f3n emprendedora de la empresa familiar.<\/a><\/strong> Nueno, P., &amp; T\u00e0pies, Josep (2009). Credit Suisse, No 4, Noviembre 2009, p\u00e1ginas 1 \u2013 39.<\/li>\n<\/ul>\n<p>&nbsp;<\/p>\n<ul>\n<li><strong>Attracting talent to family-owned businesses: The perceptions of MBA students\u2028.<\/strong> Ceja, L., &amp; T\u00e0pies, J. (2009). IESE Working Paper WP-875.<\/li>\n<\/ul>\n<p>Pulsar para ver PDF adjunto <a href=\"https:\/\/blog.iese.edu\/in-family-business\/files\/2013\/10\/25-DI-0815-E.pdf\">25 DI-0815-E<\/a><\/p>\n<p>&nbsp;<\/p>\n<ul>\n<li><strong>Values: the Cornerstone of Family Businesses: 4th International Family Business Conference.<\/strong> T\u00e0pies, J. (2009). Alumni Magazine, No 112, January \u2013 March 2009, pages 22 \u2013 25<\/li>\n<\/ul>\n<p>Pulsar para ver PDF adjunto <a href=\"https:\/\/blog.iese.edu\/in-family-business\/files\/2013\/10\/26-ART-1426-E-Values-Tapies-2008.pdf\">26 ART-1426-E Values Tapies 2008<\/a><\/p>\n<p>&nbsp;<\/p>\n<ul>\n<li><strong>Empresa familiar: el valor de los valores: Claves de futuro en la empresa familiar.<\/strong> T\u00e0pies, J. (2009). Revista de Antiguos Alumnos, No 112, Enero \u2013 Marzo 2009, p\u00e1ginas 28 \u2013 34.<\/li>\n<\/ul>\n<p>Pulsar para ver PDF adjunto <a href=\"https:\/\/blog.iese.edu\/in-family-business\/files\/2013\/10\/27-ART-1426-tapies-2009.pdf\">27 ART-1426 tapies 2009<\/a><\/p>\n<p>&nbsp;<\/p>\n<ul>\n<li><strong>Review of selected generally accepted corporate governance codes\u2028.<\/strong> Koblut, P., T\u00e0pies, J., &amp; Fraguas, Rafael. (2008). IESE Occasional Paper OP-151.<\/li>\n<\/ul>\n<p>Pulsar para ver PDF adjunto <a href=\"https:\/\/blog.iese.edu\/in-family-business\/files\/2013\/10\/28-OP-0151-E.pdf\">28 OP-0151-E<\/a><\/p>\n<p>&nbsp;<\/p>\n<ul>\n<li><strong>Contratos de alta direcci\u00f3n en empresas familiares. Contreras<\/strong>, I., G\u00f3mez L\u00f3pez-Egea, S &amp; T\u00e0pies, J. (2007). IESE Documento de Investigaci\u00f3n DI-703.<\/li>\n<\/ul>\n<p>Pulsar para ver PDF adjunto <a href=\"https:\/\/blog.iese.edu\/in-family-business\/files\/2013\/10\/29-DI-0703-Contreras-and-Tapies-2007.pdf\">29 DI-0703 Contreras and Tapies 2007<\/a><\/p>\n<p>&nbsp;<\/p>\n<ul>\n<li><strong>Empresa familiar: Introducci\u00f3n.<\/strong> T\u00e0pies, J. (2007). Acofar, No 462, Marzo 2007, p\u00e1ginas 58 \u2013 62.<\/li>\n<\/ul>\n<p>Pulsar para ver PDF adjunto<\/p>\n<p>&nbsp;<\/p>\n<ul>\n<li><strong>Vender o no vender, \u00e9sta es la cuesti\u00f3n\u2026: Vender puede asegurar el futuro de una empresa.<\/strong> Nueno, P., &amp; T\u00e0pies, J. (2007). Revista de Antiguos Alumnos IESE, No 104, Enero \u2013 Marzo 2007, p\u00e1ginas 14 \u2013 22.<\/li>\n<\/ul>\n<p>Pulsar para ver PDF adjunto <a href=\"https:\/\/blog.iese.edu\/in-family-business\/files\/2013\/10\/31-afondo.pdf\">31 afondo<\/a><\/p>\n<p>&nbsp;<\/p>\n<ul>\n<li><strong>To Sell or Not To Sell, That Is the Question: Selling Can Actually Ensure a Company\u2019s Future.<\/strong> Nueno, P., &amp; T\u00e0pies, J. (2007). IESE Alumni Magazine, No 104, January \u2013 March 2007, pages 14-22.<\/li>\n<\/ul>\n<p>Pulsar para ver PDF adjunto <a href=\"https:\/\/blog.iese.edu\/in-family-business\/files\/2013\/07\/P.-Nueno-E104.pdf\">P. Nueno E104<\/a><\/p>\n<p>&nbsp;<\/p>\n<ul>\n<li><strong>C\u00f3mo preservar el capital en la familia empresaria: Una nueva identidad para el family office. T<\/strong>\u00e0pies, J., &amp; Chiner, A. (2006). Revista de Antiguos Alumnos IESE, No 103, Octubre \u2013 Diciembre 2006, p\u00e1ginas 14 \u2013 18.<\/li>\n<\/ul>\n<p>Pulsar para ver PDF adjunto<\/p>\n<p>&nbsp;<\/p>\n<ul>\n<li><strong>A New Identity for the Family Office: How to Preserve Capital in the Family Business.<\/strong> T\u00e0pies, J., &amp; Chiner, A. (2006). Alumni Magazine, No 103, October \u2013 December 2006, pages 8 \u2013 12<\/li>\n<\/ul>\n<p>Pulsar para ver PDF adjunto <a href=\"https:\/\/blog.iese.edu\/in-family-business\/files\/2013\/10\/34-Tapies-y-Chiner-E-2006.pdf\">34 Tapies y Chiner E 2006<\/a><\/p>\n<p>&nbsp;<\/p>\n<ul>\n<li><strong>\u00bfCu\u00e1ndo hay que vender una empresa?<\/strong> Nueno, P., T\u00e0pies, J., &amp; Rodr\u00edguez, A. (2006). Ed. IESE, 07\/2006.<\/li>\n<\/ul>\n<p>Pulsar para ver PDF adjunto <a href=\"https:\/\/blog.iese.edu\/in-family-business\/files\/2013\/10\/35-ESTUDIO-40.pdf\">35 ESTUDIO-40<\/a><\/p>\n<p>&nbsp;<\/p>\n<ul>\n<li><strong>Transmisi\u00f3n de conocimiento intergeneracional: un reto para las empresas familiares.<\/strong> Trevinyo-Rodr\u00edguez, R.N., &amp; T\u00e0pies, J. (2006). Iniciativa Emprendedora y Empresa Familiar, No 50, Enero-Marzo 2006, p\u00e1ginas 149 \u2013 159.<\/li>\n<\/ul>\n<p>Pulsar para ver PDF adjunto<\/p>\n<p>&nbsp;<\/p>\n<ul>\n<li><strong>Internacionalizaci\u00f3n de la empresa familiar andorrana.<\/strong> T\u00e0pies, J., Romances, J. M., Ukolova, E., Tom\u00e0s, J., &amp; Destr\u00e9e, R. (2006). Ed. IESE estudio-83; Asociaci\u00f3n Empresa Familiar Andorrana, 01\/2006.<\/li>\n<\/ul>\n<p>Pulsar para ver PDF adjunto <a href=\"https:\/\/blog.iese.edu\/in-family-business\/files\/2013\/10\/37-ESTUDIO-83-empresa-familiar-andorrana.pdf\">37 ESTUDIO-83 empresa familiar andorrana<\/a><\/p>\n<p>&nbsp;<\/p>\n<ul>\n<li><strong>De empresa familiar a familia empresaria.<\/strong> T\u00e0pies, J. (2005). Harvard Deusto Finanzas &amp; Contabilidad, No 63, Enero \u2013 Febrero 2005, p\u00e1ginas 18 \u2013 25.<\/li>\n<\/ul>\n<p>Pulsar para ver PDF adjunto<\/p>\n<p>&nbsp;<\/p>\n<ul>\n<li><a href=\"http:\/\/fbr.sagepub.com\/content\/17\/4\/303\" target=\"_blank\"><strong>Comparison of family and nonfamily business: Financial logic and personal preferences.<\/strong> <\/a>Gallo, M. A., T\u00e0pies, Josep., &amp; Cappuyns, K. (2004). Family Business Review, Vol. 17, No 4, December 2004, pages 303 \u2013 318.<\/li>\n<\/ul>\n<p>&nbsp;<\/p>\n<ul>\n<li><strong>Making the Grade: Succession: The Family Business\u2019 Entrance<\/strong> Exam. T\u00e0pies, J. (2004). Alumni Magazine, No 95, October \u2013 December 2004, pages 16 \u2013 19<\/li>\n<\/ul>\n<p>Pulsar para ver PDF adjunto <a href=\"https:\/\/blog.iese.edu\/in-family-business\/files\/2013\/10\/40-Tapies-2004.pdf\">40 Tapies 2004<\/a><\/p>\n<p>&nbsp;<\/p>\n<ul>\n<li><strong>Pasar el testigo a tiempo: La sucesi\u00f3n en la empresa familiar.<\/strong> T\u00e0pies, J. (2004). Revista de Antiguos Alumnos, No 95, Octubre \u2013 Diciembre 2004, p\u00e1ginas 16 \u2013 20.<\/li>\n<\/ul>\n<p>Pulsar para ver PDF adjunto <a href=\"https:\/\/blog.iese.edu\/in-family-business\/files\/2013\/10\/41-A-Tapies-2004.pdf\">41 A Tapies 2004<\/a><\/p>\n<p>&nbsp;<\/p>\n<ul>\n<li><strong>Los procesos de fusi\u00f3n y adquisici\u00f3n en empresas familiares.<\/strong> T\u00e0pies, Josep., Gallo, M. A., Estap\u00e9, M. J., &amp; Romances, J. M. (2004). Ed. IESE, 05\/2004.<\/li>\n<\/ul>\n<p>Pulsar para ver PDF adjunto\u00a0<a href=\"https:\/\/blog.iese.edu\/in-family-business\/files\/2013\/10\/42-A-ESTUDIO-10.pdf\">42 A ESTUDIO-10<\/a> <a href=\"https:\/\/blog.iese.edu\/in-family-business\/wp-admin\/post.php?post=1480&amp;action=edit\">(<em>edit<\/em>)<\/a><\/p>\n","protected":false},"excerpt":{"rendered":"<p>&nbsp; Pr\u00e1cticas de Gobierno Corporativo en la Empresa Familiar. Russell Reynolds Associates &amp; C\u00e1tedra de Empresa Familiar. (2015) &nbsp; Demografia de la empresa espa\u00f1ola.\u00a0Serra Parri, F., &amp; T\u00e0pies, J. (2014). IESE Working Paper WP-1109. &nbsp; Towards a Positive Organizational Study of Family-Owned Businesses: Embracing a Fertile Territory. Ceja, L. European Journal of Work and Organizational [&hellip;]<\/p>\n","protected":false},"author":195,"featured_media":0,"parent":246,"menu_order":0,"comment_status":"closed","ping_status":"closed","template":"","meta":{"footnotes":""},"class_list":["post-249","page","type-page","status-publish","hentry"],"aioseo_notices":[],"_links":{"self":[{"href":"https:\/\/blog.iese.edu\/empresario-mundo\/wp-json\/wp\/v2\/pages\/249","targetHints":{"allow":["GET"]}}],"collection":[{"href":"https:\/\/blog.iese.edu\/empresario-mundo\/wp-json\/wp\/v2\/pages"}],"about":[{"href":"https:\/\/blog.iese.edu\/empresario-mundo\/wp-json\/wp\/v2\/types\/page"}],"author":[{"embeddable":true,"href":"https:\/\/blog.iese.edu\/empresario-mundo\/wp-json\/wp\/v2\/users\/195"}],"replies":[{"embeddable":true,"href":"https:\/\/blog.iese.edu\/empresario-mundo\/wp-json\/wp\/v2\/comments?post=249"}],"version-history":[{"count":25,"href":"https:\/\/blog.iese.edu\/empresario-mundo\/wp-json\/wp\/v2\/pages\/249\/revisions"}],"predecessor-version":[{"id":2309,"href":"https:\/\/blog.iese.edu\/empresario-mundo\/wp-json\/wp\/v2\/pages\/249\/revisions\/2309"}],"up":[{"embeddable":true,"href":"https:\/\/blog.iese.edu\/empresario-mundo\/wp-json\/wp\/v2\/pages\/246"}],"wp:attachment":[{"href":"https:\/\/blog.iese.edu\/empresario-mundo\/wp-json\/wp\/v2\/media?parent=249"}],"curies":[{"name":"wp","href":"https:\/\/api.w.org\/{rel}","templated":true}]}}