{"id":258,"date":"2011-02-15T12:21:37","date_gmt":"2011-02-15T10:21:37","guid":{"rendered":"https:\/\/blog.iese.edu\/empresario-mundo\/"},"modified":"2021-08-31T11:00:42","modified_gmt":"2021-08-31T09:00:42","slug":"libros-y-capitulos","status":"publish","type":"page","link":"https:\/\/blog.iese.edu\/empresario-mundo\/publicaciones\/libros-y-capitulos\/","title":{"rendered":"Libros y cap\u00edtulos"},"content":{"rendered":"<p><strong><img loading=\"lazy\" decoding=\"async\" class=\"alignleft wp-image-1927\" src=\"https:\/\/blog.iese.edu\/empresario-mundo\/files\/2011\/02\/3-197x3001.jpg\" alt=\"100 familias que cambiaron el mundo.\" width=\"111\" height=\"170\" srcset=\"https:\/\/blog.iese.edu\/empresario-mundo\/files\/2011\/02\/3-197x3001.jpg 252w, https:\/\/blog.iese.edu\/empresario-mundo\/files\/2011\/02\/3-197x3001-196x300.jpg 196w\" sizes=\"auto, (max-width: 111px) 100vw, 111px\" \/><a title=\"100 Familias que cambiaron el mundo\" href=\"https:\/\/blog.iese.edu\/empresario-mundo\/files\/2015\/01\/100_Familias-vfi-pfd-final.pdf\">100 Familias que cambiaron el mundo<\/a><\/strong><\/p>\n<p><em>Autores:<\/em> Josep T\u00e0pies, Elena San Rom\u00e1n y \u00c1gueda Gil L\u00f3pez<br \/>\nISBN: 978-84-86851-96-5<br \/>\nEl libro contempla la historia de Europa y los Estados Unidos de Am\u00e9rica fundadas entre la Revoluci\u00f3n Industrial y el 1914. Empresas que han cumplido m\u00e1s de cien a\u00f1os.<\/p>\n<p>&nbsp;<\/p>\n<p>&nbsp;<\/p>\n<p><strong><a href=\"https:\/\/blog.iese.edu\/empresario-mundo\/files\/2014\/02\/BLOG_si-quiero-el-compromiso-de-la-familia-empresaria_spine_big.jpg\"><img loading=\"lazy\" decoding=\"async\" class=\"alignleft wp-image-1582\" src=\"https:\/\/blog.iese.edu\/empresario-mundo\/files\/2014\/02\/BLOG_si-quiero-el-compromiso-de-la-familia-empresaria_spine_big.jpg\" alt=\"Si, quiero. El compromiso de la familia empresaria.\" width=\"122\" height=\"180\" srcset=\"https:\/\/blog.iese.edu\/empresario-mundo\/files\/2014\/02\/BLOG_si-quiero-el-compromiso-de-la-familia-empresaria_spine_big.jpg 260w, https:\/\/blog.iese.edu\/empresario-mundo\/files\/2014\/02\/BLOG_si-quiero-el-compromiso-de-la-familia-empresaria_spine_big-203x300.jpg 203w\" sizes=\"auto, (max-width: 122px) 100vw, 122px\" \/><\/a><a href=\"https:\/\/www.librosdecabecera.com\/si-quiero-el-compromiso-de-la-familia-empresaria\" target=\"_blank\" rel=\"noopener noreferrer\">S\u00ed, quiero. El compromiso de la familia empresaria<br \/>\n<\/a><\/strong><em>Aut<\/em><em>ores: <\/em>Josep T\u00e0pies y Carles M. Canals<br \/>\n<em>Editorial Libros de Cabecera. 12\/2013<br \/>\n<\/em><em>ISBN: 978-84-941406-0-0<br \/>\n<\/em>Bas\u00e1ndose en experiencias reales vividas en un centenar de empresas familiares, este libro aporta sugerencias y consejos muy pr\u00e1cticos para dar continuidad al negocio a trav\u00e9s de las generaciones.<\/p>\n<p>&nbsp;<\/p>\n<p>&nbsp;<\/p>\n<p><a href=\"http:\/\/www.lideditorial.com\/novedad\/libros\/1001792014101\/genesis-consejo.1.html\" target=\"_blank\" rel=\"noopener noreferrer\"><img loading=\"lazy\" decoding=\"async\" class=\"alignleft wp-image-979\" src=\"https:\/\/blog.iese.edu\/empresario-mundo\/files\/2012\/12\/Genesis-del-consejo1.jpg\" alt=\"G\u00e9nesis del consejo.\" width=\"111\" height=\"163\" \/><\/a><strong><a href=\"http:\/\/www.lideditorial.com\/novedad\/libros\/1001792014101\/genesis-consejo.1.html\" target=\"_blank\" rel=\"noopener noreferrer\">G\u00e9nesis del Consejo<br \/>\n<\/a><\/strong><em>Aut<\/em><em>ores: Josep T\u00e0pies y Jos\u00e9 Mar\u00eda Navarro-Rubio<br \/>\n<\/em><em>Editorial LID. 01\/2013<br \/>\n<\/em><em>ISBN: 9788483567050<br \/>\n<\/em>Pasos para lograr un consejo de administraci\u00f3n eficaz en las empresas familiares.<\/p>\n<address>\u00a0<\/address>\n<address>\u00a0<\/address>\n<p><a href=\"https:\/\/blog.iese.edu\/empresario-mundo\/files\/2012\/06\/Cubierta-Seur.jpg\"><img loading=\"lazy\" decoding=\"async\" class=\"alignleft\" src=\"https:\/\/blog.iese.edu\/empresario-mundo\/files\/2012\/06\/Cubierta-Seur.jpg\" alt=\"SEUR.\" width=\"109\" height=\"155\" \/><\/a><strong>SEUR<\/strong><br \/>\nAutores:\u00a0Josep T\u00e0pies, Elena San Rom\u00e1n, \u00c1gueda Gil<br \/>\nEditorial:\u00a0TF Artes Gr\u00e1ficas.<br \/>\nLa historia de\u00a0SEUR, al cumplir sus 70 a\u00f1os, se plasma en un libro resultado de la investigaci\u00f3n llevada a cabo por Josep Tapies, Elena San Rom\u00e1n y \u00c1gueda Gil. Es una historia de empresa multifamiliar que quiz\u00e1s puede servir de inspiraci\u00f3n y est\u00edmulo a las compa\u00f1\u00edas de hoy, as\u00ed como a las generaciones de emprendedores m\u00e1s j\u00f3venes.<\/p>\n<address>\u00a0<\/address>\n<p><a href=\"https:\/\/blog.iese.edu\/empresario-mundo\/files\/2011\/02\/Familia-empresaria7.jpg\"><img loading=\"lazy\" decoding=\"async\" class=\"alignleft\" src=\"https:\/\/blog.iese.edu\/empresario-mundo\/files\/2011\/02\/Familia-empresaria7.jpg\" alt=\"Libro Familia empresaria.\" width=\"105\" height=\"160\" \/><\/a><strong><a href=\"http:\/\/www.lideditorial.com\/tienda\/libros\/1000479016501\/%C2%ABfamilia-empresaria%C2%BB.1.html\" target=\"_blank\" rel=\"noopener noreferrer\">Familia empresaria<\/a><br \/>\n<\/strong><em>Josep T\u00e0pies<\/em><br \/>\n<em> Pr\u00f3logo de Leopoldo Abad\u00eda<\/em><br \/>\n<em> Editorial LID. 01\/2011, 1\u00aa\u00a0Ed.<\/em><br \/>\n<em>ISBN: 9788483564110<\/em><br \/>\nJosep T\u00e0pies aborda, con un grupo de expertos, los retos de la empresa familiar para mantener la unidad y asegurar su continuidad.<\/p>\n<address>\u00a0<\/address>\n<p><img loading=\"lazy\" decoding=\"async\" class=\"alignleft\" src=\"http:\/\/www.ieseinsight.com\/img\/books\/BK-T%C3%A0pies.gif\" alt=\"Empresa familiar: ni tan peque\u00f1a ni tan joven.\" width=\"100\" height=\"149\" \/><strong><a href=\"http:\/\/www.iese.edu\/en\/multimedia\/EmpresaFamiliarNitanpequeanitanjovenJTapies_tcm41-62405.pdf\" target=\"_blank\" rel=\"noopener noreferrer\">Empresa Familiar: Ni tan peque\u00f1a, ni tan joven<br \/>\n<\/a><\/strong><em>Una renovada aproximaci\u00f3n a la edad y el tama\u00f1o de la empresa familiar espa\u00f1ola<br \/>\n<\/em><em>Josep T\u00e0pies<br \/>\n<\/em>Fundaci\u00f3n Jes\u00fas Serra. 09\/2009<\/p>\n<p><em>\u00a0<\/em><\/p>\n<p>&nbsp;<\/p>\n<p><img loading=\"lazy\" decoding=\"async\" class=\"alignleft\" src=\"https:\/\/blog.iese.edu\/tapies\/files\/2010\/09\/BK-PlandeVuelo6.gif\" alt=\"Plan de vuelo.\" width=\"100\" height=\"149\" \/><strong><a href=\"http:\/\/www.iesep.com\/fichaProducto.aspx?sigla=LIBRO-0047\">Plan de vuelo<\/a><br \/>\n<\/strong>(editado tambi\u00e9n en catal\u00e1n por La Magrana)<br \/>\nMart\u00ed Gironell, Josep Lagares &amp; Josep T\u00e0pies<br \/>\nRBA, Libros S.A. Mayo 2009, 1\u00aa edici\u00f3n<br \/>\nISBN: 9788498675429<\/p>\n<address>\u00a0<\/address>\n<address>\u00a0<\/address>\n<p><em><img loading=\"lazy\" decoding=\"async\" class=\"alignleft\" src=\"https:\/\/blog.iese.edu\/tapies\/files\/2010\/09\/FV-and-VC4.jpg\" alt=\"Family values and Value Creation.\" width=\"96\" height=\"152\" \/><strong>Family values and value creation<\/strong><br \/>\n<\/em>The fostering of enduring values within family-owned businesses<br \/>\nJosep T\u00e0pies, John L. Ward (Editors)<br \/>\nPalgrave Macmillan, June 2008<br \/>\nISBN: 9780230212190<\/p>\n<address>\u00a0<\/address>\n<address>\u00a0<\/address>\n<address><strong>Manage<img loading=\"lazy\" decoding=\"async\" class=\"alignleft\" src=\"https:\/\/blog.iese.edu\/tapies\/files\/2010\/09\/management-buy-out3.jpg\" alt=\"Management buy out.\" width=\"95\" height=\"130\" \/>ment Buy Out<\/strong><br \/>\nJosep T\u00e0pies, A. Ortega<br \/>\nMcGraw-Hill, 2000, 200 pages<br \/>\nISBN: 9788448125417\u00a0<\/address>\n<p><em>\u00a0 <\/em><em><br \/>\n<\/em><\/p>\n<address>\u00a0<\/address>\n<address><strong>Fin<img loading=\"lazy\" decoding=\"async\" class=\"alignleft\" src=\"https:\/\/blog.iese.edu\/tapies\/files\/2010\/09\/Finanzas-opertivas1-e1291369536473.jpg\" alt=\"Finanzas operativas.\" width=\"97\" height=\"128\" \/>anzas operativas<\/strong><br \/>\nGesti\u00f3n financiera de las operaciones del d\u00eda a d\u00eda<br \/>\nJosep T\u00e0pies, Josep Faus<br \/>\nEstudios y Ediciones IESE, S.L., 4th edition, 1999, 339 pages.<\/address>\n<address>\u00a0<\/address>\n<address>\u00a0<\/address>\n<address><strong>Las r<img loading=\"lazy\" decoding=\"async\" class=\"alignleft\" src=\"https:\/\/blog.iese.edu\/tapies\/files\/2010\/09\/Las-relaciones-con-la-banca.jpg\" alt=\"Las relaciones con la banca.\" width=\"97\" height=\"142\" \/>elaciones con la banca<\/strong><br \/>\nJosep T\u00e0pies, Lluis Prat<br \/>\nBiblioteca IESE de Gesti\u00f3n de Empresas, Vol. 7, Ed. Folio, Barcelona 1997<\/address>\n<address>\u00a0<\/address>\n<p>&nbsp;<\/p>\n<ul>\n<li>\u00a0Psychological ownership and the next generation, <em>Manual de Gest\u00e3o de Empresas Familiares<\/em>. Ceja, L. &amp; T\u00e0pies, J. &#8211; En proceso<\/li>\n<\/ul>\n<ul>\n<li>The role of values in family-owned firms <em>(Fern\u00e1ndez-P\u00e9rez, &amp; A. Colli Eds., A Global Revolution. Endurance and Transformation of Large Family Businesses in the World).<\/em> Agulles, R.; Ceja, L. &amp; T\u00e0pies, J. &#8211; En proceso<\/li>\n<li>Fusiones y adquisiciones en el \u00e1mbito de la empresa familiar <em>(Conflictos en torno a los patrimonios personales y empresariales, editorial Bosch, noviembre 2010, p\u00e1ginas 723-760 ).<\/em> T\u00e0pies, J.<\/li>\n<li>Family firms and the contingent value of board interlocks: The Spanish case <em>(Family values and value creation. The fostering of enduring values within family-owned businesses, edited by Josep T\u00e0pies and J.L. Ward, Palgrave MacMillan, June 2008, p\u00e1ginas 236-259).<\/em> Salvaj, E. ; Ferraro, F. &amp; T\u00e0pies, J.<\/li>\n<li>Fusiones y adquisiciones en el \u00e1mbito de la empresa familiar <em>(El patrimonio familiar, profesional y empresarial. Sus protocolos; 7 vol\u00famenes, editado por Mart\u00edn Garrido Melero y Jos\u00e9 Mar\u00eda Fugardo Estivill, Editorial Bosch, mayo 2005, p\u00e1ginas 677-715).<\/em> T\u00e0pies, J.<\/li>\n<\/ul>\n","protected":false},"excerpt":{"rendered":"<p>100 Familias que cambiaron el mundo Autores: Josep T\u00e0pies, Elena San Rom\u00e1n y \u00c1gueda Gil L\u00f3pez ISBN: 978-84-86851-96-5 El libro contempla la historia de Europa y los Estados Unidos de Am\u00e9rica fundadas entre la Revoluci\u00f3n Industrial y el 1914. Empresas que han cumplido m\u00e1s de cien a\u00f1os. &nbsp; &nbsp; S\u00ed, quiero. El compromiso de la [&hellip;]<\/p>\n","protected":false},"author":195,"featured_media":0,"parent":246,"menu_order":0,"comment_status":"closed","ping_status":"closed","template":"","meta":{"footnotes":""},"class_list":["post-258","page","type-page","status-publish","hentry"],"aioseo_notices":[],"_links":{"self":[{"href":"https:\/\/blog.iese.edu\/empresario-mundo\/wp-json\/wp\/v2\/pages\/258","targetHints":{"allow":["GET"]}}],"collection":[{"href":"https:\/\/blog.iese.edu\/empresario-mundo\/wp-json\/wp\/v2\/pages"}],"about":[{"href":"https:\/\/blog.iese.edu\/empresario-mundo\/wp-json\/wp\/v2\/types\/page"}],"author":[{"embeddable":true,"href":"https:\/\/blog.iese.edu\/empresario-mundo\/wp-json\/wp\/v2\/users\/195"}],"replies":[{"embeddable":true,"href":"https:\/\/blog.iese.edu\/empresario-mundo\/wp-json\/wp\/v2\/comments?post=258"}],"version-history":[{"count":95,"href":"https:\/\/blog.iese.edu\/empresario-mundo\/wp-json\/wp\/v2\/pages\/258\/revisions"}],"predecessor-version":[{"id":3764,"href":"https:\/\/blog.iese.edu\/empresario-mundo\/wp-json\/wp\/v2\/pages\/258\/revisions\/3764"}],"up":[{"embeddable":true,"href":"https:\/\/blog.iese.edu\/empresario-mundo\/wp-json\/wp\/v2\/pages\/246"}],"wp:attachment":[{"href":"https:\/\/blog.iese.edu\/empresario-mundo\/wp-json\/wp\/v2\/media?parent=258"}],"curies":[{"name":"wp","href":"https:\/\/api.w.org\/{rel}","templated":true}]}}