{"id":264,"date":"2011-02-15T12:22:17","date_gmt":"2011-02-15T10:22:17","guid":{"rendered":"https:\/\/blog.iese.edu\/empresario-mundo\/"},"modified":"2015-06-16T11:44:37","modified_gmt":"2015-06-16T10:44:37","slug":"articulos-de-divulgacion","status":"publish","type":"page","link":"https:\/\/blog.iese.edu\/empresario-mundo\/publicaciones\/articulos-de-divulgacion\/","title":{"rendered":"Art\u00edculos de divulgaci\u00f3n"},"content":{"rendered":"<p><span style=\"color: #800000\"><strong>Revistas especializadas<\/strong><\/span><\/p>\n<ul>\n<li>\u00abDesde el consejo\u00bb, <em>IESE Insight<\/em>, No 137,\u00a0Second Quarter 2015, pages\u00a012-20.<\/li>\n<li>\u201cIt is mine \u2013 Pyschological Ownership and the Next Generation\u201d<br \/>\nCeja, L., T\u00e0pies, J.<br \/>\nTharawat (the Arabian publication for family Business), Volume 16, p\u00e1gs. 40-44, 2012<\/li>\n<li>Empresa familiar: ni tan peque\u00f1a ni tan joven<br \/>\nT\u00e0pies, J., &amp;\u00a0 Fern\u00e1ndez-Moya, M.<br \/>\nRevista Actualidad de la Empresa Familiar Fundaci\u00f3n Nexia, No. 48, April-June 2010<\/li>\n<li>Empresa familiar: Introducci\u00f3n<br \/>\nT\u00e0pies, J.<br \/>\nAcofar, revista de la distribuci\u00f3n farmac\u00e9utica, No 462, 2007, pages 58-62<\/li>\n<li>De empresa familiar a familia empresaria<br \/>\nT\u00e0pies, J.<br \/>\nHarvard Deusto Finanzas &amp; Contabilidad, No. 63, January-Fabruary, 2005, pages 18-26<\/li>\n<li>\u00abIn Search of the Secrets to Longevity\u00bb, <em>IESE Insight<\/em>, No 7, Fourth Quarter 2010, pages 56-63.<\/li>\n<li>\u00abFrom Compliance to Performance\u00bb, <em>IESE Insight<\/em>, No 4, First Quarter 2010, page 78.<\/li>\n<li>\u00ab\u00bbValues: the Cornerstone of Family Businesses\u00bb, <em>Alumni Magazine<\/em>, No 112, January &#8211; March 2009, pages 22-25.<\/li>\n<li>\u201cEmpresa familiar: Introducci\u00f3n\u201d. <em>Acofar, revista de la distribuci\u00f3n farmac\u00e9utica<\/em>, 2007, N\u00ba 462, p\u00e1gs. 58-62.<\/li>\n<li>\u00abTo Sell or Not To Sell, That Is the Question\u00bb, <em>Alumni Magazine<\/em>, No 104, January &#8211; March 2007.Nueno, P. &amp;\u00a0T\u00e0pies, J.<\/li>\n<li>\u00abA New Identity for the \u201cFamily Office\u201d\u00bb, <em>Alumni Magazine<\/em>, No 103, October &#8211; December 2006, pages 8\u201312. T\u00e0pies, J. &amp; Chiner, A.<\/li>\n<li>\u00abTransmisi\u00f3n de conocimiento intergeneracional: un reto para las empresas familiares\u00bb, <em>Iniciativa Emprendedora y Empresa Familiar<\/em>, No 50, Enero-Marzo 2006, p\u00e1ginas 149\u2013159. Trevinyo-Rodr\u00edguez R. N. &amp;\u00a0T\u00e0pies, J.<\/li>\n<li>\u00abC\u00f3mo financiar un MBO con capital riesgo. El ejemplo de Gerposa\u00bb, <em>Estrategia Financiera<\/em>, No 218, Junio 2005, p\u00e1ginas 44\u201353. Pradas, L. &amp;\u00a0T\u00e0pies, J.<\/li>\n<li>\u00abDe empresa familiar a familia empresaria\u00bb, <em>Harvard Deusto Finanzas &amp; Contabilidad, No 63<\/em>, Enero &#8211; Febrero 2005, p\u00e1ginas 18\u201325.<\/li>\n<li>\u00abSalidas a bolsa. An\u00e1lisis de sus ventajas e inconvenientes\u00bb, <em>Iniciativa Emprendedora y Empresa Familiar<\/em>, No 15, Marzo &#8211; Abril 1999, p\u00e1ginas 42\u201345. T\u00e0pies, J. &amp; \u00a0Garayalde, M. L.<\/li>\n<li>\u00abCrecimiento y tensiones financieras. Ense\u00f1anza para una empresa de nueva creaci\u00f3n\u00bb, Iniciativa Emprendedora y Empresa Familiar, No 9, Marzo &#8211; Abril 1998, p\u00e1ginas 4\u201311. Pradas, L. &amp;\u00a0T\u00e0pies, J.<\/li>\n<li>\u00abManagement buy out\u00bb, Iniciativa Emprendedora, No 3, Marzo &#8211; Abril 1997, p\u00e1ginas 36\u201340. T\u00e0pies, J. &amp; \u00a0Garayalde, M. L.<\/li>\n<li>\u00abEl management buy out\u00bb, Harvard Deusto Finanzas y Contabilidad, No 8, Noviembre &#8211; Diciembre 1995, p\u00e1ginas 16\u201345.<\/li>\n<li>\u201cDossier: Gesti\u00f3n de la tesorer\u00eda y negociaci\u00f3n con entidades bancarias\u201d. <em>Harvard Deusto Finanzas y Contabilidad<\/em>, n\u00ba 2\/94, 1994, p\u00e1gs. 26-44. Prat L, &amp; T\u00e0pies J.<\/li>\n<li>C\u00f3mo negociar con la banca\u201d, <em>Estrategia Financiera<\/em>, Issue 3.<\/li>\n<li>\u201cDesarrollar la vocaci\u00f3n de l\u00edder en las PYME\u201d, <em>Nueva Empresa<\/em> , Issue 3.<\/li>\n<li>\u201cReflexiones en torno de un fracaso\u201d, <em>Alumni Magazine<\/em>, Issue 19. 1985-86.<\/li>\n<li>\u201cRelaciones empresa-banco\u201d, <em>Mercado<\/em>, Issue 221. 1985-86<\/li>\n<li>\u201cCase of the week: \u00abDificultades con beneficios\u00bb, <em>Perspectivas y Mercado<\/em>, Issue 110. 1983-84.<\/li>\n<li>\u201cInform\u00e1tica y P.Y.M.E.S.\u201d, <em>Horizonte Empresarial (Department for the Development of National Employment),<\/em> Issue 1914. 1982-83.<\/li>\n<li>\u201cLas sociedades de garant\u00eda rec\u00edproca: instrumento de financiaci\u00f3n para la PYME (I)\u201d. <em>Alumni Magazine<\/em>, Issue 7. 1982-83.<\/li>\n<li>\u201cLas sociedades de garant\u00eda rec\u00edproca: instrumento de financiaci\u00f3n para la PYME (II)\u201d, <em>Alumni Magazine<\/em>, Issue 8. 1982-83.<\/li>\n<li>\u201cLa formaci\u00f3n en la empresa: una inversi\u00f3n rentable\u201d, <em>GREMI (publication of the Barcelona Graphic Arts Association),<\/em> Issue 32, 1981-82.<\/li>\n<li>Report: \u00abLa importancia de la formaci\u00f3n\u00bb, <em>Horizonte Empresarial (Department for the Development of National Employment)<\/em>, Issue 1905, 1981-82.<\/li>\n<li>\u201cUn caso pr\u00e1ctico de maximizaci\u00f3n de m\u00e1rgenes\u201d, <em>CEAM de Econom\u00eda Industrial<\/em>, Issue 140, 1977-78.<\/li>\n<li>\u201cUn caso pr\u00e1ctico de maximizaci\u00f3n de m\u00e1rgenes\u201d, <em>CEAM de Econom\u00eda Industrial<\/em>, Issue 137, 1975-76.<\/li>\n<\/ul>\n<p><span style=\"color: #800000\"><strong>Newsletters<\/strong><\/span><\/p>\n<ul>\n<li><span style=\"color: #000000\">Filantrop\u00eda en la empresa familiar. M\u00e1s all\u00e1 del beneficio econ\u00f3mico\u00bb. <em>Newsletter de Empresa Familiar<\/em>, Enero 2010, No 53.<\/span><\/li>\n<li>\u00abEl rol del presidente del Consejo de Administraci\u00f3n en la empresa familiar\u00bb. <em>Newsletter de Empresa Familiar<\/em>, Junio 2009, No 47.<\/li>\n<li>\u00abPlan de carrera: necesario para familiares y no familiares\u201d. <em>Newsletter de Empresa Familiar<\/em> , Marzo 2008, No 33<\/li>\n<li>Evaluaci\u00f3n del desempe\u00f1o: los miembros de la familia, a examen\u00bb. <em>Newsletter de Empresa Familiar<\/em>, Febrero 2008, No 32.<\/li>\n<li>\u00ab\u00bbC\u00f3mo dise\u00f1ar una pol\u00edtica de retribuci\u00f3n en la empresa familiar\u00bb. <em>Newsletter de Empresa Familiar<\/em>, Enero 2008, No 31.<\/li>\n<\/ul>\n<p><span style=\"color: #800000\"><strong>Prensa<\/strong><\/span><\/p>\n<ul>\n<li>\u201cUna victoria colectiva\u201d, <em>Expansi\u00f3n<\/em>, 30\/06\/2008<\/li>\n<li>\u201cEl caser\u00f3n familiar\u201d, <em>Expansi\u00f3n<\/em>, 16\/06\/2008<\/li>\n<li>\u201cLa verdadera raz\u00f3n de ser\u201d, <em>Expansi\u00f3n<\/em>, 09\/06\/2008<\/li>\n<li>\u201cMaquiavelo y Lampedusa avisaban\u201d, <em>Expansi\u00f3n<\/em>, 02\/06\/2008<\/li>\n<li>\u201c\u00bfValor? Se le supone\u201d, <em>Expansi\u00f3n<\/em>, 19\/05\/2008<\/li>\n<li>\u201cManual de instrucciones de obligada lectura\u201d, <em>Expansi\u00f3n<\/em>, 12\/05\/2008<\/li>\n<li>\u201cEl enga\u00f1o\u201d, <em>Expansi\u00f3n<\/em>, 05\/05\/2008<\/li>\n<li>\u201cProhibido abdicar\u201d, <em>Expansi\u00f3n<\/em>, 28\/04\/2008<\/li>\n<li>\u201cTres cosas hay en la vida\u201d, <em>Expansi\u00f3n<\/em>, 14\/04\/2008<\/li>\n<li>\u201cLa sucesi\u00f3n en la empresa familiar: de la primera a la segunda generaci\u00f3n\u201d, <em>Expansi\u00f3n<\/em>, 01\/04\/2008<\/li>\n<li>\u201cLa sucesi\u00f3n en la empresa familiar\u201d, <em>Expansi\u00f3n<\/em>, 01\/04\/2008<\/li>\n<li>\u201cCoraz\u00f3n loco\u201d, <em>Expansi\u00f3n<\/em>, 07\/04\/2008<\/li>\n<li>\u201cCuando la sombra del padre es alargada\u201d, <em>Expansi\u00f3n<\/em>, 31\/03\/2008<\/li>\n<li>\u201c\u00bfMe presta el martillo, por favor?\u201d, <em>Expansi\u00f3n<\/em>, 17\/03\/2008<\/li>\n<li>\u201cEscuchar, decidir, actuar y rectificar\u201d, <em>Expansi\u00f3n<\/em>, 10\/03\/2008<\/li>\n<li>\u00abNi tanto que queme al santo, ni tan poco que no le alumbre\u201d, <em>Expansi\u00f3n<\/em>, 03\/03\/2008<\/li>\n<li>\u201cNo te preguntes lo que tu pa\u00eds puede hacer por ti\u201d, <em>Expansi\u00f3n<\/em>, 18\/02\/2008<\/li>\n<li>\u201cDe oca a oca y tiro porque me toca\u201d, <em>Expansi\u00f3n<\/em>, 12\/02\/2008<\/li>\n<li>\u201cPor amor al arte\u201d, <em>Expansi\u00f3n<\/em>, 04\/02\/2008<\/li>\n<li>\u201cNo podemos conducir por ti\u201d, <em>Expansi\u00f3n<\/em>, 21\/01\/2008<\/li>\n<li>\u201cDon Quijote &#8216;thinks out the box&#8217;\u201d, <em>Expansi\u00f3n<\/em>, 14\/01\/2008<\/li>\n<li>\u201cLa mujer del C\u00e9sar\u201d, <em>Expansi\u00f3n<\/em>, 07\/01\/2008<\/li>\n<li>\u201cJuan Breve &#8216;versus&#8217; Pedro Duradero\u201d, <em>Expansi\u00f3n<\/em>, 17\/12\/2007<\/li>\n<li>\u201cLlueve, \u00bfde qui\u00e9n es la culpa?\u201d, <em>Expansi\u00f3n<\/em>, 26\/11\/2007<\/li>\n<li>\u201cHans Christian Andersen y el CAPMA\u201d, <em>Expansi\u00f3n<\/em>, 19\/11\/2007<\/li>\n<li>\u201c\u00bfSon rentables las empresas familiares?\u201d, <em>Expansi\u00f3n<\/em>, 12\/11\/2007<\/li>\n<li>\u201c\u00a1Soy tu padre!\u201d, <em>Expansi\u00f3n<\/em>, 05\/11\/2007<\/li>\n<li>\u201cEwing oil\u201d , <em>Expansi\u00f3n<\/em>, 22\/10\/2007<\/li>\n<li>\u201c\u00bfJusticia o igualdad?\u201d, <em>Expansi\u00f3n<\/em>, 15\/10\/2007<\/li>\n<li>\u201cUn inter\u00e9s creciente y necesario\u201d, <em>Expansi\u00f3n<\/em>, 01\/10\/2007<\/li>\n<\/ul>\n","protected":false},"excerpt":{"rendered":"<p>Revistas especializadas \u00abDesde el consejo\u00bb, IESE Insight, No 137,\u00a0Second Quarter 2015, pages\u00a012-20. \u201cIt is mine \u2013 Pyschological Ownership and the Next Generation\u201d Ceja, L., T\u00e0pies, J. Tharawat (the Arabian publication for family Business), Volume 16, p\u00e1gs. 40-44, 2012 Empresa familiar: ni tan peque\u00f1a ni tan joven T\u00e0pies, J., &amp;\u00a0 Fern\u00e1ndez-Moya, M. Revista Actualidad de la [&hellip;]<\/p>\n","protected":false},"author":195,"featured_media":0,"parent":246,"menu_order":0,"comment_status":"closed","ping_status":"closed","template":"","meta":{"footnotes":""},"class_list":["post-264","page","type-page","status-publish","hentry"],"aioseo_notices":[],"_links":{"self":[{"href":"https:\/\/blog.iese.edu\/empresario-mundo\/wp-json\/wp\/v2\/pages\/264","targetHints":{"allow":["GET"]}}],"collection":[{"href":"https:\/\/blog.iese.edu\/empresario-mundo\/wp-json\/wp\/v2\/pages"}],"about":[{"href":"https:\/\/blog.iese.edu\/empresario-mundo\/wp-json\/wp\/v2\/types\/page"}],"author":[{"embeddable":true,"href":"https:\/\/blog.iese.edu\/empresario-mundo\/wp-json\/wp\/v2\/users\/195"}],"replies":[{"embeddable":true,"href":"https:\/\/blog.iese.edu\/empresario-mundo\/wp-json\/wp\/v2\/comments?post=264"}],"version-history":[{"count":15,"href":"https:\/\/blog.iese.edu\/empresario-mundo\/wp-json\/wp\/v2\/pages\/264\/revisions"}],"predecessor-version":[{"id":2225,"href":"https:\/\/blog.iese.edu\/empresario-mundo\/wp-json\/wp\/v2\/pages\/264\/revisions\/2225"}],"up":[{"embeddable":true,"href":"https:\/\/blog.iese.edu\/empresario-mundo\/wp-json\/wp\/v2\/pages\/246"}],"wp:attachment":[{"href":"https:\/\/blog.iese.edu\/empresario-mundo\/wp-json\/wp\/v2\/media?parent=264"}],"curies":[{"name":"wp","href":"https:\/\/api.w.org\/{rel}","templated":true}]}}