{"id":347,"date":"2011-04-12T11:09:56","date_gmt":"2011-04-12T09:09:56","guid":{"rendered":"https:\/\/blog.iese.edu\/empresario-mundo\/?page_id=347"},"modified":"2012-12-20T16:09:01","modified_gmt":"2012-12-20T15:09:01","slug":"material-docente","status":"publish","type":"page","link":"https:\/\/blog.iese.edu\/empresario-mundo\/material-docente\/","title":{"rendered":"Cursos y material"},"content":{"rendered":"<p><span style=\"color: #800000\"><a href=\"https:\/\/blog.iese.edu\/empresario-mundo\/material-docente\/cursos\/\">Cursos<\/a><\/span><\/p>\n<p><span style=\"color: #800000\">Material Docente<\/span><\/p>\n<ul>\n<li><strong>Empresa Familiar<\/strong>\n<ul>\n<li><a href=\"http:\/\/www.empresafamiliar-iese.com\/\" target=\"_blank\">Notas t\u00e9cnicas Audiovisuales<\/a><\/li>\n<li><a href=\"https:\/\/blog.iese.edu\/empresario-mundo\/casos-de-empresa-familiar\/\" target=\"_blank\">Casos<\/a><\/li>\n<li><a href=\"https:\/\/blog.iese.edu\/empresario-mundo\/notas-tecnicas-de-empresa-familiar\/\" target=\"_blank\">Notas t\u00e9cnicas<\/a><\/li>\n<\/ul>\n<\/li>\n<li><strong>Direcci\u00f3n Estrat\u00e9gica<\/strong>\n<ul>\n<li><a href=\"https:\/\/blog.iese.edu\/empresario-mundo\/casos-de-direccion-estrategica\/\" target=\"_blank\">Casos<\/a><\/li>\n<li><a href=\"https:\/\/blog.iese.edu\/empresario-mundo\/notas-tecnicas-de-direccion-estrategica\/\" target=\"_blank\">Notas t\u00e9cnicas<\/a><\/li>\n<\/ul>\n<\/li>\n<li><strong>Direcci\u00f3n Financiera<\/strong>\n<ul>\n<li><a href=\"https:\/\/blog.iese.edu\/empresario-mundo\/casos-de-direccion-financiera\/\" target=\"_blank\">Casos<\/a><\/li>\n<li><a href=\"https:\/\/blog.iese.edu\/empresario-mundo\/notas-tecnicas-de-direccion-financiera\/\" target=\"_blank\">Notas t\u00e9cnicas<\/a><\/li>\n<\/ul>\n<\/li>\n<\/ul>\n","protected":false},"excerpt":{"rendered":"<p>Cursos Material Docente Empresa Familiar Notas t\u00e9cnicas Audiovisuales Casos Notas t\u00e9cnicas Direcci\u00f3n Estrat\u00e9gica Casos Notas t\u00e9cnicas Direcci\u00f3n Financiera Casos Notas t\u00e9cnicas<\/p>\n","protected":false},"author":195,"featured_media":0,"parent":0,"menu_order":0,"comment_status":"closed","ping_status":"closed","template":"","meta":{"footnotes":""},"class_list":["post-347","page","type-page","status-publish","hentry"],"aioseo_notices":[],"_links":{"self":[{"href":"https:\/\/blog.iese.edu\/empresario-mundo\/wp-json\/wp\/v2\/pages\/347","targetHints":{"allow":["GET"]}}],"collection":[{"href":"https:\/\/blog.iese.edu\/empresario-mundo\/wp-json\/wp\/v2\/pages"}],"about":[{"href":"https:\/\/blog.iese.edu\/empresario-mundo\/wp-json\/wp\/v2\/types\/page"}],"author":[{"embeddable":true,"href":"https:\/\/blog.iese.edu\/empresario-mundo\/wp-json\/wp\/v2\/users\/195"}],"replies":[{"embeddable":true,"href":"https:\/\/blog.iese.edu\/empresario-mundo\/wp-json\/wp\/v2\/comments?post=347"}],"version-history":[{"count":25,"href":"https:\/\/blog.iese.edu\/empresario-mundo\/wp-json\/wp\/v2\/pages\/347\/revisions"}],"predecessor-version":[{"id":974,"href":"https:\/\/blog.iese.edu\/empresario-mundo\/wp-json\/wp\/v2\/pages\/347\/revisions\/974"}],"wp:attachment":[{"href":"https:\/\/blog.iese.edu\/empresario-mundo\/wp-json\/wp\/v2\/media?parent=347"}],"curies":[{"name":"wp","href":"https:\/\/api.w.org\/{rel}","templated":true}]}}