{"id":55,"date":"2010-10-20T13:02:00","date_gmt":"2010-10-20T13:02:00","guid":{"rendered":"https:\/\/blog.iese.edu\/empresario-mundo\/"},"modified":"2015-06-22T11:48:57","modified_gmt":"2015-06-22T10:48:57","slug":"biografia-josep-tapies","status":"publish","type":"page","link":"https:\/\/blog.iese.edu\/empresario-mundo\/biografia-josep-tapies\/","title":{"rendered":"Biograf\u00eda"},"content":{"rendered":"<p style=\"text-align: left\">Josep T\u00e0pies es Profesor de Direcci\u00f3n General y Titular de la <a href=\"http:\/\/www.iese.edu\/es\/Research\/CentersandChairs\/Chairs\/Family-OwnedBusinessChair\/Home\/ChairFamilyOwnedBusinessHome.asp\">C\u00e1tedra de Empresa Familiar<\/a> del <a href=\"http:\/\/www.iese.edu\/\">IESE<\/a>, doctor en Ingenier\u00eda Industrial por la Universitat Polit\u00e8cnica de Catalunya (UPC) y Master en Administraci\u00f3n de Empresas por ESADE .<\/p>\n<p style=\"text-align: left\">Sus \u00e1reas de especializaci\u00f3n incluyen, entre otras, la direcci\u00f3n estrat\u00e9gica, el gobierno corporativo, las empresas familiares, su desarrollo y sus sistemas de gobierno. Actualmente imparte varios cursos tanto en los <a href=\"http:\/\/www.iese.edu\/es\/MBAPrograms\/programs\/index.asp\">programas MBA<\/a> como en los <a href=\"http:\/\/www.iese.edu\/en\/ExecutiveEducation\/GeneralManagementPrograms\/GMP.asp\">programas de formaci\u00f3n de directivos<\/a> del IESE. Tambi\u00e9n dise\u00f1a programas altamente enfocados en la problem\u00e1tica de la empresa familiar donde ense\u00f1a Direcci\u00f3n, Gobierno y Estrategia de la empresa familiar.<\/p>\n<p style=\"text-align: left\">Ejerce como profesor en distintas escuelas de direcci\u00f3n de empresas tanto de Europa como de Am\u00e9rica Latina: <a href=\"http:\/\/www.aese.pt\/\">AESE<\/a> en Portugal, <a href=\"http:\/\/www.ide.edu.ec\/IDE\/WebApp\/index.aspx\">IDE<\/a> en Ecuador, <a href=\"http:\/\/www.pad.edu\/\">PAD<\/a> Universidad de Piura en Per\u00fa, <a href=\"http:\/\/www.ise.org.br\/\">ISE<\/a> en Brasil, <a href=\"http:\/\/www.iae.edu.ar\/Paginas\/IAE_Home.aspx\">IAE<\/a> en Argentina, <a href=\"http:\/\/www.ese.cl\/\">ESE<\/a> en Chile e <a href=\"http:\/\/www.inalde.edu.co\/\">INALDE<\/a> en Colombia, entre otras. Tambi\u00e9n ha sido miembro del Consejo Acad\u00e9mico de <a href=\"http:\/\/www.ipade.mx\/Pages\/home-pagina-de-inicio-de-IPADE-business-school.aspx\">IPADE<\/a> en M\u00e9xico y de ESE en Santiago de Chile.<\/p>\n<p style=\"text-align: left\">El profesor T\u00e0pies ha ejercido como consultor de varias empresas as\u00ed como para bancos espa\u00f1oles e internacionales. Forma parte de los Consejos de Administraci\u00f3n de varias empresas espa\u00f1olas. Es Fellow de la <a href=\"http:\/\/www.ifera.org\/\">International Family Enterprise Research Academy<\/a> (IFERA) y\u00a0pertenece a la Junta Directiva de la Asociaci\u00f3n Espa\u00f1ola de Consultores y Acad\u00e9micos de la Empresa Familiar (CAEF). Tambi\u00e9n es miembro\u00a0de la International Academy of Management.<\/p>\n<p>El profesor T\u00e0pies es autor de numerosos\u00a0cap\u00edtulos de libros y libros como \u00ab100 Familias que cambiaron el mundo: las empresas familiares y la industrializaci\u00f3n\u00bb, \u00a0\u00abS\u00ed, quiero. El compromiso de la Famila Empresaria\u00bb, \u201cG\u00e9nesis del consejo\u201d, \u201cFamilia empresaria\u201d, \u00abEmpresa familiar, ni tan peque\u00f1a ni tan joven\u201d, \u00abPlan de vuelo\u00bb,\u00a0\u00abFamily values and value creation\u00bb (junto con el profesor John L. Ward) y \u00abManagement Buy out\u00bb.\u00a0Asimismo, ha redactado una gran variedad de art\u00edculos acad\u00e9micos y period\u00edsticos sobre las empresas familiares.<\/p>\n","protected":false},"excerpt":{"rendered":"<p>Josep T\u00e0pies es Profesor de Direcci\u00f3n General y Titular de la C\u00e1tedra de Empresa Familiar del IESE, doctor en Ingenier\u00eda Industrial por la Universitat Polit\u00e8cnica de Catalunya (UPC) y Master en Administraci\u00f3n de Empresas por ESADE . Sus \u00e1reas de especializaci\u00f3n incluyen, entre otras, la direcci\u00f3n estrat\u00e9gica, el gobierno corporativo, las empresas familiares, su desarrollo [&hellip;]<\/p>\n","protected":false},"author":195,"featured_media":0,"parent":0,"menu_order":0,"comment_status":"closed","ping_status":"closed","template":"","meta":{"footnotes":""},"class_list":["post-55","page","type-page","status-publish","hentry"],"aioseo_notices":[],"_links":{"self":[{"href":"https:\/\/blog.iese.edu\/empresario-mundo\/wp-json\/wp\/v2\/pages\/55","targetHints":{"allow":["GET"]}}],"collection":[{"href":"https:\/\/blog.iese.edu\/empresario-mundo\/wp-json\/wp\/v2\/pages"}],"about":[{"href":"https:\/\/blog.iese.edu\/empresario-mundo\/wp-json\/wp\/v2\/types\/page"}],"author":[{"embeddable":true,"href":"https:\/\/blog.iese.edu\/empresario-mundo\/wp-json\/wp\/v2\/users\/195"}],"replies":[{"embeddable":true,"href":"https:\/\/blog.iese.edu\/empresario-mundo\/wp-json\/wp\/v2\/comments?post=55"}],"version-history":[{"count":42,"href":"https:\/\/blog.iese.edu\/empresario-mundo\/wp-json\/wp\/v2\/pages\/55\/revisions"}],"predecessor-version":[{"id":3707,"href":"https:\/\/blog.iese.edu\/empresario-mundo\/wp-json\/wp\/v2\/pages\/55\/revisions\/3707"}],"wp:attachment":[{"href":"https:\/\/blog.iese.edu\/empresario-mundo\/wp-json\/wp\/v2\/media?parent=55"}],"curies":[{"name":"wp","href":"https:\/\/api.w.org\/{rel}","templated":true}]}}