{"id":862,"date":"2012-11-09T13:19:52","date_gmt":"2012-11-09T12:19:52","guid":{"rendered":"https:\/\/blog.iese.edu\/empresario-mundo\/?page_id=862"},"modified":"2015-06-16T11:22:02","modified_gmt":"2015-06-16T10:22:02","slug":"notas-tecnicas-de-empresa-familiar","status":"publish","type":"page","link":"https:\/\/blog.iese.edu\/empresario-mundo\/notas-tecnicas-de-empresa-familiar\/","title":{"rendered":"Notas t\u00e9cnicas de Empresa familiar"},"content":{"rendered":"<ul>\n<li>La funci\u00f3n y las responsabilidades del Consejo de Administraci\u00f3n en la empresa familiar (SMN-693) Ceja, Luc\u00eda; T\u00e0pies J. 2015<\/li>\n<li>Function and Responsibilities of the Board of Directors in the Family Enterprise (SMN-693-E) Ceja, Luc\u00eda; T\u00e0pies J. 2015<\/li>\n<li>Gu\u00eda para reflexionar sobre la entrada en el empresa familiar (SMN-691) Ceja, Luc\u00eda; T\u00e0pies J. 2015<\/li>\n<li>A Guide to Reflect on Your Entrance Into the Family Enterprise (SMN-691-E) Ceja, Luc\u00eda; T\u00e0pies J. 2014<\/li>\n<li>C\u00f3mo conseguir unas reuniones familiares eficaces y armoniosas: algunas reflexiones (SMN-690) Ceja, Luc\u00eda; T\u00e0pies J. 2014<\/li>\n<li>Reaching effective and healthy family meetings: Some reflections (SMN-690-E) Ceja, Luc\u00eda; T\u00e0pies\u00a0J. 2014<\/li>\n<li>Incorporaci\u00f3n del patrimonio vital a la agenda de la familia empresaria (SMN-686) G\u00f3mez-Pallete, F., T\u00e0pies J. 2013<\/li>\n<li>Protocolo: \u00bfnormativo o acuerdo marco? (SMN-684) T\u00e0pies J. 2012. Versi\u00f3n en ingl\u00e9s: Family: Regulation or Framework Agreement? (SMN-684-E)<\/li>\n<li>El conflicto en la empresa familiar: un enfoque transformador (SMN-683) T\u00e0pies J., Rus, S. 2012<\/li>\n<li>Family Office (SMN-669) Chiner A., T\u00e0pies J. 2009. Versi\u00f3n en ingl\u00e9s: The Family Office (SMN-669-E)<\/li>\n<li>Formaci\u00f3n necesaria para el accionista de la empresa familiar (SMN-668) Rus, S., T\u00e0pies J. 2009. Versi\u00f3n en ingl\u00e9s: Family Business Ownership Training (SMN-668-E)<\/li>\n<li>Accionistas en la empresa familiar (SMN-667) Rus, S., T\u00e0pies J. 2009. Versi\u00f3n en ingl\u00e9s: Family Business Ownership (SMN-667-E)<\/li>\n<li>El Consejo de Familia (SMN-662) T\u00e0pies J. 2008.\u00a0Versi\u00f3n en ingl\u00e9s: The Family Council (SMN-662-E)<\/li>\n<li>La sucesi\u00f3n en la empresa familiar: de la 1\u00aa a la 2\u00aa generaci\u00f3n, La (DGN-658) Larburu A., T\u00e0pies J. 2007. Versi\u00f3n en ingl\u00e9s: Succession in the Family Business: From the 1st to the 2nd Generation (DGN-658-E)<\/li>\n<li>El gobierno de la familia empresaria (DGN-657) Chiner A., T\u00e0pies J. 2007. Versi\u00f3n en ingl\u00e9s: Family Business Governance (DGN-657-E)<\/li>\n<li>Un sistema de gobierno para las familias empresarias: m\u00e1s all\u00e1 del family office (DGN-653) Chiner A., T\u00e0pies J. 2006. Versi\u00f3n en ingl\u00e9s: A Governance System for Families in Business: Beyond the Family Office (DGN-653-E)<\/li>\n<li>Ciclos vitales en la Empresa Familiar (DGN-652) Gallo M. A., T\u00e0pies J. 2006. Versi\u00f3n en ingl\u00e9s: Life Cycles in the Family Business (DGN-652-E)<\/li>\n<li>Empresa Familiar: introducci\u00f3n (DGN-651) T\u00e0pies J. 2006. Versi\u00f3n en ingl\u00e9s: The Family Business: An Introduction (DGN-651-E)<\/li>\n<li>El Protocolo familiar: \u00e1mbito y contenido (DGN-640) Chiner A., T\u00e0pies J. 2004. Versi\u00f3n en ingl\u00e9s:\u00a0 The Family Constitution: Scope and Content (DGN-640-E)<\/li>\n<\/ul>\n<div>\n<hr align=\"left\" size=\"1\" width=\"33%\" \/>\n<\/div>\n","protected":false},"excerpt":{"rendered":"<p>La funci\u00f3n y las responsabilidades del Consejo de Administraci\u00f3n en la empresa familiar (SMN-693) Ceja, Luc\u00eda; T\u00e0pies J. 2015 Function and Responsibilities of the Board of Directors in the Family Enterprise (SMN-693-E) Ceja, Luc\u00eda; T\u00e0pies J. 2015 Gu\u00eda para reflexionar sobre la entrada en el empresa familiar (SMN-691) Ceja, Luc\u00eda; T\u00e0pies J. 2015 A Guide [&hellip;]<\/p>\n","protected":false},"author":335,"featured_media":0,"parent":0,"menu_order":0,"comment_status":"closed","ping_status":"closed","template":"","meta":{"footnotes":""},"class_list":["post-862","page","type-page","status-publish","hentry"],"aioseo_notices":[],"_links":{"self":[{"href":"https:\/\/blog.iese.edu\/empresario-mundo\/wp-json\/wp\/v2\/pages\/862","targetHints":{"allow":["GET"]}}],"collection":[{"href":"https:\/\/blog.iese.edu\/empresario-mundo\/wp-json\/wp\/v2\/pages"}],"about":[{"href":"https:\/\/blog.iese.edu\/empresario-mundo\/wp-json\/wp\/v2\/types\/page"}],"author":[{"embeddable":true,"href":"https:\/\/blog.iese.edu\/empresario-mundo\/wp-json\/wp\/v2\/users\/335"}],"replies":[{"embeddable":true,"href":"https:\/\/blog.iese.edu\/empresario-mundo\/wp-json\/wp\/v2\/comments?post=862"}],"version-history":[{"count":7,"href":"https:\/\/blog.iese.edu\/empresario-mundo\/wp-json\/wp\/v2\/pages\/862\/revisions"}],"predecessor-version":[{"id":2222,"href":"https:\/\/blog.iese.edu\/empresario-mundo\/wp-json\/wp\/v2\/pages\/862\/revisions\/2222"}],"wp:attachment":[{"href":"https:\/\/blog.iese.edu\/empresario-mundo\/wp-json\/wp\/v2\/media?parent=862"}],"curies":[{"name":"wp","href":"https:\/\/api.w.org\/{rel}","templated":true}]}}