{"id":865,"date":"2012-11-09T13:21:24","date_gmt":"2012-11-09T12:21:24","guid":{"rendered":"https:\/\/blog.iese.edu\/empresario-mundo\/?page_id=865"},"modified":"2012-11-16T12:35:36","modified_gmt":"2012-11-16T11:35:36","slug":"casos-de-direccion-estrategica","status":"publish","type":"page","link":"https:\/\/blog.iese.edu\/empresario-mundo\/casos-de-direccion-estrategica\/","title":{"rendered":"Casos de Direcci\u00f3n Estrat\u00e9gica"},"content":{"rendered":"<ul>\n<li>\u00c1REAS: Compitiendo en un mercado global, (SM-1567). T\u00e0pies J., Ricart E., Fern\u00e1ndez J. A., Bakardjieva M., 2011<\/li>\n<li>Barona S. A. (SM-1526) Fraguas R., T\u00e0pies J. 2008<\/li>\n<li>Profitable Social Responsability at Grupo Siro (DG-1524-E) Siega L., T\u00e0pies J., 2007<\/li>\n<li>Banco Sabadell: Adquisici\u00f3n de Banco Atl\u00e1ntico, S. A. (DG-1490) Trevinyo-Rodr\u00edguez R. N., T\u00e0pies J. 2005<br \/>\nVersi\u00f3n en ingl\u00e9s: Banco Sabadell: Acquisition of Banco Atl\u00e1ntico, S. A. (DG-1490-E)<\/li>\n<li>Grupo Prisa (DG-1468) Rosenberg M., T\u00e0pies J., Verg\u00e9s S. 2004<br \/>\nVersi\u00f3n en ingl\u00e9s: Grupo Prisa (DG-1468-E)<\/li>\n<li>North American Hitech (DG-1455) T\u00e0pies J., Verg\u00e9s S. 2003<\/li>\n<li>Aceites Borges Pont, S.A. (DG-1385), Verg\u00e9s S., Ricart J.E., T\u00e0pies J.<br \/>\nVersi\u00f3n en ingl\u00e9s: Aceites Borges Pont, S.A. (DG-1385-E)<\/li>\n<\/ul>\n","protected":false},"excerpt":{"rendered":"<p>\u00c1REAS: Compitiendo en un mercado global, (SM-1567). T\u00e0pies J., Ricart E., Fern\u00e1ndez J. A., Bakardjieva M., 2011 Barona S. A. (SM-1526) Fraguas R., T\u00e0pies J. 2008 Profitable Social Responsability at Grupo Siro (DG-1524-E) Siega L., T\u00e0pies J., 2007 Banco Sabadell: Adquisici\u00f3n de Banco Atl\u00e1ntico, S. A. (DG-1490) Trevinyo-Rodr\u00edguez R. N., T\u00e0pies J. 2005 Versi\u00f3n en [&hellip;]<\/p>\n","protected":false},"author":335,"featured_media":0,"parent":0,"menu_order":0,"comment_status":"closed","ping_status":"closed","template":"","meta":{"footnotes":""},"class_list":["post-865","page","type-page","status-publish","hentry"],"aioseo_notices":[],"_links":{"self":[{"href":"https:\/\/blog.iese.edu\/empresario-mundo\/wp-json\/wp\/v2\/pages\/865","targetHints":{"allow":["GET"]}}],"collection":[{"href":"https:\/\/blog.iese.edu\/empresario-mundo\/wp-json\/wp\/v2\/pages"}],"about":[{"href":"https:\/\/blog.iese.edu\/empresario-mundo\/wp-json\/wp\/v2\/types\/page"}],"author":[{"embeddable":true,"href":"https:\/\/blog.iese.edu\/empresario-mundo\/wp-json\/wp\/v2\/users\/335"}],"replies":[{"embeddable":true,"href":"https:\/\/blog.iese.edu\/empresario-mundo\/wp-json\/wp\/v2\/comments?post=865"}],"version-history":[{"count":4,"href":"https:\/\/blog.iese.edu\/empresario-mundo\/wp-json\/wp\/v2\/pages\/865\/revisions"}],"predecessor-version":[{"id":909,"href":"https:\/\/blog.iese.edu\/empresario-mundo\/wp-json\/wp\/v2\/pages\/865\/revisions\/909"}],"wp:attachment":[{"href":"https:\/\/blog.iese.edu\/empresario-mundo\/wp-json\/wp\/v2\/media?parent=865"}],"curies":[{"name":"wp","href":"https:\/\/api.w.org\/{rel}","templated":true}]}}