{"id":868,"date":"2012-11-09T13:22:43","date_gmt":"2012-11-09T12:22:43","guid":{"rendered":"https:\/\/blog.iese.edu\/empresario-mundo\/?page_id=868"},"modified":"2012-11-16T12:35:57","modified_gmt":"2012-11-16T11:35:57","slug":"notas-tecnicas-de-direccion-estrategica","status":"publish","type":"page","link":"https:\/\/blog.iese.edu\/empresario-mundo\/notas-tecnicas-de-direccion-estrategica\/","title":{"rendered":"Notas t\u00e9cnicas de Direcci\u00f3n Estrat\u00e9gica"},"content":{"rendered":"<ul>\n<li>A Brief History of Strategic Theory (DGN-655-E) Trevinyo-Rodr\u00edguez R. N., T\u00e0pies J., 2006<\/li>\n<\/ul>\n","protected":false},"excerpt":{"rendered":"<p>A Brief History of Strategic Theory (DGN-655-E) Trevinyo-Rodr\u00edguez R. N., T\u00e0pies J., 2006<\/p>\n","protected":false},"author":335,"featured_media":0,"parent":0,"menu_order":0,"comment_status":"closed","ping_status":"closed","template":"","meta":{"footnotes":""},"class_list":["post-868","page","type-page","status-publish","hentry"],"aioseo_notices":[],"_links":{"self":[{"href":"https:\/\/blog.iese.edu\/empresario-mundo\/wp-json\/wp\/v2\/pages\/868","targetHints":{"allow":["GET"]}}],"collection":[{"href":"https:\/\/blog.iese.edu\/empresario-mundo\/wp-json\/wp\/v2\/pages"}],"about":[{"href":"https:\/\/blog.iese.edu\/empresario-mundo\/wp-json\/wp\/v2\/types\/page"}],"author":[{"embeddable":true,"href":"https:\/\/blog.iese.edu\/empresario-mundo\/wp-json\/wp\/v2\/users\/335"}],"replies":[{"embeddable":true,"href":"https:\/\/blog.iese.edu\/empresario-mundo\/wp-json\/wp\/v2\/comments?post=868"}],"version-history":[{"count":3,"href":"https:\/\/blog.iese.edu\/empresario-mundo\/wp-json\/wp\/v2\/pages\/868\/revisions"}],"predecessor-version":[{"id":910,"href":"https:\/\/blog.iese.edu\/empresario-mundo\/wp-json\/wp\/v2\/pages\/868\/revisions\/910"}],"wp:attachment":[{"href":"https:\/\/blog.iese.edu\/empresario-mundo\/wp-json\/wp\/v2\/media?parent=868"}],"curies":[{"name":"wp","href":"https:\/\/api.w.org\/{rel}","templated":true}]}}