{"id":871,"date":"2012-11-09T13:23:54","date_gmt":"2012-11-09T12:23:54","guid":{"rendered":"https:\/\/blog.iese.edu\/empresario-mundo\/?page_id=871"},"modified":"2012-11-16T12:36:16","modified_gmt":"2012-11-16T11:36:16","slug":"casos-de-direccion-financiera","status":"publish","type":"page","link":"https:\/\/blog.iese.edu\/empresario-mundo\/casos-de-direccion-financiera\/","title":{"rendered":"Casos de Direcci\u00f3n Financiera"},"content":{"rendered":"<ul>\n<li>Aceites del Centro S.A. (F-762), Verg\u00e9s S., Faus J., T\u00e0pies J., 2004<\/li>\n<li>Grupo DOGI, S.A. \u2013 Salida a Bolsa (F-699) Rahnema A., T\u00e0pies J. 2000<\/li>\n<li>ABC Logistics, S.A. (F-680) Pradas L., T\u00e0pies J. 2000<\/li>\n<li>Bodegas Vidal, S.A. (F-706) Porter D., Pradas L., T\u00e0pies J. 2000<\/li>\n<li>Gerposa (F-687) Pradas L., T\u00e0pies J. 1998<\/li>\n<li>European Retail Inc. (A-C), (C-666 \u2013 C-668), Rahnema A., T\u00e0pies J., V\u00e1zquez-Dodero J.C., 1996<\/li>\n<li>Grupo de Empresas Fortuny (A-E) (F-602-F-606) \u00c1lvarez E., T\u00e0pies J. 1995<\/li>\n<li>Grupo de Empresas Fortuny (A y B) \u2013 (Abreviado) (F-622) T\u00e0pies J. 1995<\/li>\n<li>Grupo de Empresas Fortuny (C) \u2013 (Abreviado) (F-623) T\u00e0pies J. 1995<\/li>\n<li>Titanium, S.A. (F-621) P\u00e9rez A., T\u00e0pies J. 1995<\/li>\n<li>Diablesa (A, B) (F-346, F-347) T\u00e0pies J. 1994<\/li>\n<li>Artes Gr\u00e1ficas Romero, S.A. (F-592) \u00c1lvarez E., Santom\u00e1 J., T\u00e0pies J. 1994<\/li>\n<li>Promadi, S.A. (F-597) Prat Ll., T\u00e0pies J. 1994<\/li>\n<li>Grupo Espa\u00f1ol General Cable (F-447) Ib\u00e1rcena F., T\u00e0pies J. 1991<\/li>\n<li>Empresas Marco (F-436) Fern\u00e1ndez P., T\u00e0pies J. 1990<\/li>\n<li>C &amp; M (F-376) L\u00f3pez H., T\u00e0pies J. 1989<\/li>\n<li>Indo Internacional, S.A.: Salida a Bolsa (F-377) L\u00f3pez H., Rahnema A., T\u00e0pies J. 1989<\/li>\n<li>Autodise\u00f1o, S.A. (F-380) L\u00f3pez H., T\u00e0pies J. 1989<\/li>\n<li>La Plasmaf\u00e9resis en la cl\u00ednica Universitaria de Tuix\u00e9n (F-372) Ligero M., T\u00e0pies J., 1988<\/li>\n<li>Autopistas del Maresme (A, B, C, D) (F-366, F-36, F-368, F-371) T\u00e0pies J., Villaseca R. 1987<\/li>\n<li>General de Conservas, S.A. (B) (F-370) Andreu R., T\u00e0pies J., Uranga J. 1987<\/li>\n<li>G\u00e1miz, S.A. (F-343) Soley J., T\u00e0pies J. 1986<\/li>\n<li>Productos L\u00e1cteos Tamboril, S.A. (F-348), Pendas E., T\u00e0pies J. 1986<\/li>\n<li>Coticsa (F-356) Pendas E., T\u00e0pies J. 1986<\/li>\n<li>Tintes, aprestos y acabados de Arag\u00f3n (F-361) Soley J., T\u00e0pies J. 1986<\/li>\n<li>Industrias Zaragozanas, S.A. (F-345) Soley J., T\u00e0pies J. 1986<\/li>\n<li>Los Novillos (F-320) T\u00e0pies J. 1985<\/li>\n<li>El Yeclano (A, B) (F-321) Esp\u00e1rrago F., T\u00e0pies J. 1985<\/li>\n<li>Explotaciones Agrarias Reunidas, S.A. (F-325) Esp\u00e1rrago F., T\u00e0pies J. 1985<\/li>\n<li>ERT-Uni\u00f3n Explosivos R\u00edo Tinto (F-327) Soley J., T\u00e0pies J. 1985<\/li>\n<li>Compa\u00f1\u00eda de Factoring (F-329) Garc\u00eda de Castro A., T\u00e0pies J. 1985<\/li>\n<li>General de Conservas, S.A. (A) (F-369) Garc\u00eda de Castro A., T\u00e0pies J. 1985<\/li>\n<li>El Atarfal (F-319) Esp\u00e1rrago F., T\u00e0pies J. 1985<\/li>\n<li>El Rinc\u00f3n (A, B) (C-577, C-578), Esp\u00e1rrago F., Pereira F., T\u00e0pies J., 1985<\/li>\n<\/ul>\n","protected":false},"excerpt":{"rendered":"<p>Aceites del Centro S.A. (F-762), Verg\u00e9s S., Faus J., T\u00e0pies J., 2004 Grupo DOGI, S.A. \u2013 Salida a Bolsa (F-699) Rahnema A., T\u00e0pies J. 2000 ABC Logistics, S.A. (F-680) Pradas L., T\u00e0pies J. 2000 Bodegas Vidal, S.A. (F-706) Porter D., Pradas L., T\u00e0pies J. 2000 Gerposa (F-687) Pradas L., T\u00e0pies J. 1998 European Retail Inc. [&hellip;]<\/p>\n","protected":false},"author":335,"featured_media":0,"parent":0,"menu_order":0,"comment_status":"closed","ping_status":"closed","template":"","meta":{"footnotes":""},"class_list":["post-871","page","type-page","status-publish","hentry"],"aioseo_notices":[],"_links":{"self":[{"href":"https:\/\/blog.iese.edu\/empresario-mundo\/wp-json\/wp\/v2\/pages\/871","targetHints":{"allow":["GET"]}}],"collection":[{"href":"https:\/\/blog.iese.edu\/empresario-mundo\/wp-json\/wp\/v2\/pages"}],"about":[{"href":"https:\/\/blog.iese.edu\/empresario-mundo\/wp-json\/wp\/v2\/types\/page"}],"author":[{"embeddable":true,"href":"https:\/\/blog.iese.edu\/empresario-mundo\/wp-json\/wp\/v2\/users\/335"}],"replies":[{"embeddable":true,"href":"https:\/\/blog.iese.edu\/empresario-mundo\/wp-json\/wp\/v2\/comments?post=871"}],"version-history":[{"count":3,"href":"https:\/\/blog.iese.edu\/empresario-mundo\/wp-json\/wp\/v2\/pages\/871\/revisions"}],"predecessor-version":[{"id":911,"href":"https:\/\/blog.iese.edu\/empresario-mundo\/wp-json\/wp\/v2\/pages\/871\/revisions\/911"}],"wp:attachment":[{"href":"https:\/\/blog.iese.edu\/empresario-mundo\/wp-json\/wp\/v2\/media?parent=871"}],"curies":[{"name":"wp","href":"https:\/\/api.w.org\/{rel}","templated":true}]}}