{"id":968,"date":"2012-12-20T15:37:51","date_gmt":"2012-12-20T14:37:51","guid":{"rendered":"https:\/\/blog.iese.edu\/empresario-mundo\/?page_id=968"},"modified":"2015-01-09T16:43:15","modified_gmt":"2015-01-09T15:43:15","slug":"libros-de-conferencias","status":"publish","type":"page","link":"https:\/\/blog.iese.edu\/empresario-mundo\/libros-de-conferencias\/","title":{"rendered":"Libros de conferencias"},"content":{"rendered":"<ul>\n<li>IV\u00a0Conferencia Internacional de Empresa Familiar: Valores Familiares y Creaci\u00f3n de Valor. Chiner,A., &amp; T\u00e0pies, J. (Eds.)<em> Estudios y ediciones IESE, S.L., 2008<\/em><\/li>\n<li>III Conferencia de Empresa Familiar: nuevas y mejores pr\u00e1cticas. Chiner,A., &amp; T\u00e0pies, J. (Eds.)<em> Estudios y ediciones IESE, S.L., 2007<\/em><\/li>\n<li>II Conferencia de Empresa Familiar: nuevas ideas y mejores pr\u00e1cticas. Chiner,A., &amp; T\u00e0pies, J. (Eds.)<em> Estudios y ediciones IESE, S.L., 2006<\/em><\/li>\n<li>I Conferencia de Empresa Familiar: nuevas ideas\u00a0y\u00a0buenas pr\u00e1cticas. Chiner,A., &amp; T\u00e0pies, J. (Eds.)<em> Estudios y ediciones IESE, S.L., 2005<\/em><\/li>\n<\/ul>\n","protected":false},"excerpt":{"rendered":"<p>IV\u00a0Conferencia Internacional de Empresa Familiar: Valores Familiares y Creaci\u00f3n de Valor. Chiner,A., &amp; T\u00e0pies, J. (Eds.) Estudios y ediciones IESE, S.L., 2008 III Conferencia de Empresa Familiar: nuevas y mejores pr\u00e1cticas. Chiner,A., &amp; T\u00e0pies, J. (Eds.) Estudios y ediciones IESE, S.L., 2007 II Conferencia de Empresa Familiar: nuevas ideas y mejores pr\u00e1cticas. Chiner,A., &amp; T\u00e0pies, [&hellip;]<\/p>\n","protected":false},"author":335,"featured_media":0,"parent":0,"menu_order":0,"comment_status":"open","ping_status":"closed","template":"","meta":{"footnotes":""},"class_list":["post-968","page","type-page","status-publish","hentry"],"aioseo_notices":[],"_links":{"self":[{"href":"https:\/\/blog.iese.edu\/empresario-mundo\/wp-json\/wp\/v2\/pages\/968","targetHints":{"allow":["GET"]}}],"collection":[{"href":"https:\/\/blog.iese.edu\/empresario-mundo\/wp-json\/wp\/v2\/pages"}],"about":[{"href":"https:\/\/blog.iese.edu\/empresario-mundo\/wp-json\/wp\/v2\/types\/page"}],"author":[{"embeddable":true,"href":"https:\/\/blog.iese.edu\/empresario-mundo\/wp-json\/wp\/v2\/users\/335"}],"replies":[{"embeddable":true,"href":"https:\/\/blog.iese.edu\/empresario-mundo\/wp-json\/wp\/v2\/comments?post=968"}],"version-history":[{"count":5,"href":"https:\/\/blog.iese.edu\/empresario-mundo\/wp-json\/wp\/v2\/pages\/968\/revisions"}],"predecessor-version":[{"id":2048,"href":"https:\/\/blog.iese.edu\/empresario-mundo\/wp-json\/wp\/v2\/pages\/968\/revisions\/2048"}],"wp:attachment":[{"href":"https:\/\/blog.iese.edu\/empresario-mundo\/wp-json\/wp\/v2\/media?parent=968"}],"curies":[{"name":"wp","href":"https:\/\/api.w.org\/{rel}","templated":true}]}}