{"id":216,"date":"2011-06-30T14:48:51","date_gmt":"2011-06-30T12:48:51","guid":{"rendered":"https:\/\/blog.iese.edu\/ferraro\/?page_id=216"},"modified":"2025-11-06T12:27:47","modified_gmt":"2025-11-06T11:27:47","slug":"academic-articles","status":"publish","type":"page","link":"https:\/\/blog.iese.edu\/ferraro\/research\/academic-articles\/","title":{"rendered":"Academic articles"},"content":{"rendered":"<p style=\"text-align: justify\"><strong>Peer-reviewed articles:<\/strong><\/p>\n<p>Beccarini, I., Beunza, D., Ferraro, F., Hoepner, A. 2023. \u201c<a href=\"https:\/\/doi.org\/10.1017\/beq.2021.46\">The Contingent Role of Conflict: Deliberative Interaction and Disagreement in Shareholder Engagement<\/a>\u201d. Business Ethics Quarterly, 1 (33), 26-66.<\/p>\n<p>Casanovas, Guillermo and Fabrizio Ferraro. 2021. &#8220;<a href=\"https:\/\/blog.iese.edu\/ferraro\/files\/2021\/10\/Speciation-in-Nascent-Markets-Collective-learning-through-cultural-and-material-scaffolding.pdf\">Speciation in Nascent Markets: Collective learning through cultural and material scaffolding&#8221;<\/a><span lang=\"CA\" style=\"margin: 0px;font-family: 'Times New Roman',serif;font-size: 11pt\"><span style=\"color: #000000\"><span style=\"float: none;background-color: transparent;color: #333333;cursor: text;font-family: Georgia,'Times New Roman','Bitstream Charter',Times,serif;font-size: 16px;font-style: normal;font-variant: normal;font-weight: 400;letter-spacing: normal;text-align: left;text-decoration: none;text-indent: 0px;text-transform: none\">. Organization Studies, 43(6), 829\u2013860.<\/span><\/span><\/span><\/p>\n<p><span style=\"float: none;background-color: transparent;color: #333333;cursor: text;font-family: Georgia,'Times New Roman','Bitstream Charter',Times,serif;font-size: 16px;font-style: normal;font-variant: normal;font-weight: 400;letter-spacing: normal;text-align: left;text-decoration: none;text-indent: 0px;text-transform: none\">Yan, S.; Ferraro, Fabrizio; Almandoz, John.<\/span> 2021. <a href=\"https:\/\/blog.iese.edu\/ferraro\/files\/2021\/10\/The-Impact-of-Logic-In-Compatibility.pdf\">&#8220;The Impact of Logic\u00a0 In Compatibility: GreeniInvesting, state policy, and corporate environmental performance&#8221;<\/a>. Administrative Science Quarterly, 1-42.<\/p>\n<p>Yan, S.; Ferraro, Fabrizio; Almandoz, John.<span style=\"float: none;background-color: transparent;color: #333333;cursor: text;font-family: Georgia,'Times New Roman','Bitstream Charter',Times,serif;font-size: 16px;font-style: normal;font-variant: normal;font-weight: 400;letter-spacing: normal;text-align: left;text-decoration: none;text-indent: 0px;text-transform: none\"> 2021<\/span>. <a href=\"https:\/\/blog.iese.edu\/ferraro\/files\/2021\/10\/The-Rise-of-Socially-Responsible-Investment-Funds-The-Paradoxical-Role-of-the-Financial-Logic.pdf\">&#8220;The Rise of Socially Responsible Investment Funds: The Paradoxical Role of the Financial Logic&#8221;<\/a>. Administrative Science Quarterly, 64 (2), 446-501.<\/p>\n<p><span style=\"float: none;background-color: transparent;color: #333333;cursor: text;font-family: Georgia,'Times New Roman','Bitstream Charter',Times,serif;font-size: 16px;font-style: normal;font-variant: normal;font-weight: 400;letter-spacing: normal;text-align: left;text-decoration: none;text-indent: 0px;text-transform: none\">Beunza, Daniel and Fabrizio Ferraro. 2019. &#8220;<a href=\"https:\/\/blog.iese.edu\/ferraro\/files\/2021\/10\/Performative-Work-Bridging-Performativity-and-Institutional-Theory-in-the-Responsible-Investment-Field.pdf\">Performative Work :Bridging Performativity and Institutional Theory in the Responsible Investment Field&#8221;<\/a>. <\/span>Organization Studies, 40, (4), 515 \u2013543.<\/p>\n<p>Ferraro, Fabrizio. 2019. &#8220;<a href=\"https:\/\/blog.iese.edu\/ferraro\/files\/2019\/10\/Ferraro2019_Article_GoingPoliticalTowardsDeliberat.pdf\">GoingPolitical? Towards Deliberative Corporate Governance&#8221;<\/a>. Journal of Management and Governance, 23, (1): 3\u201320<\/p>\n<p>Beunza, Daniel and Fabrizio Ferraro. 2018. &#8220;<a href=\"https:\/\/blog.iese.edu\/ferraro\/files\/2019\/10\/Performative-Work-Bridging-Performativity-and-Institutional-Theory-in-the-Responsible-Investment-Field.pdf\">Performative Work: Bridging Performativity and Institutional Theory in the Responsible Investment Field<\/a>&#8220;. Organization Studies, 40, (4), 515 \u2013543.<\/p>\n<p>Beunza, Daniel, Fabrizio Ferraro. 2018. &#8220;<a href=\"https:\/\/blog.iese.edu\/ferraro\/files\/2019\/10\/Creating-Common-Ground-A-Communicative-Action-Model-of-Dialogue-in-Shareholder-Engagement.pdf\">Creating Common Ground: A Communicative Action Model of Dialogue in Shareholder Engagement<\/a>&#8220;. Organization Science, 29, (6): 1187-1207.<\/p>\n<p>Prato, Matteo, and Fabrizio Ferraro. 2018.\u00a0\u201c<a href=\"https:\/\/blog.iese.edu\/ferraro\/files\/2019\/10\/Starstruck-How-Hiring-High-Status-Employees-Affects-Incumbents-Performance.pdf\">Starstruck: How Hiring High-Status Employees Affects Incumbents Performance<\/a>&#8220;. Organization Science, 29 (5): 755-794.<\/p>\n<p>Yan, S.; Ferraro, Fabrizio; Almandoz, John. 2018. &#8220;<a href=\"https:\/\/blog.iese.edu\/ferraro\/files\/2019\/10\/The-Rise-of-Socially-Responsible-Investment-Funds-The-Paradoxical-Role-of-the-Financial-Logic.pdf\">The Rise of Socially Responsible Investment Funds: The Paradoxical Role of the Financial Logic<\/a>&#8220;. Administrative Science Quarterly 64 (2),466\u2013501.<\/p>\n<p>Etzion, Dror, Joel Gehman, Fabrizio Ferraro, and Miron Avidan. 2017.&#8221;\u00a0<a href=\"https:\/\/blog.iese.edu\/ferraro\/files\/2011\/06\/Unleased-Sustainability-Transformations-through-Robust-Action.pdf\">Unleashing Sustainability Transformations through Robust Action<\/a>&#8221; Journal of Cleaner Production, 140 (1), 167 &#8211; 178.<\/p>\n<p>Torrents, Jordi, and Fabrizio Ferraro. 2015. &#8220;<a href=\"https:\/\/blog.iese.edu\/ferraro\/files\/2011\/06\/Structural-Cohesion-Visualization-and-Heuristics-for-Fast-Computation.pdf\">Structural Cohesion Visualization and Heuristics for Fast Computation<\/a>&#8221; Journal of Social Structure, 16, (8), 2015, 1132\u20131205.<\/p>\n<p style=\"text-align: justify\">Ferraro, Fabrizio, Etzion, Dror and Joel Gehman, 2015.<span style=\"color: #0000ff\"> <a style=\"color: #0000ff\" href=\"https:\/\/journals.sagepub.com\/doi\/full\/10.1177\/0170840614563742\">&#8220;Tackling Grand Challenges Pragmatically: Robust Action Revisited&#8221;<\/a><\/span>\u00a0Organization Studies, 1-28.<\/p>\n<p style=\"text-align: justify\">Etzion, Dror, and Fabrizio Ferraro. 2010. \u201c<a href=\"https:\/\/blog.iese.edu\/ferraro\/files\/2011\/05\/The-role-of-analogy-in-the-institutionalization-of-sustainable-reporting.pdf\" target=\"_blank\" rel=\"noopener noreferrer\">The Role of Analogy in the Institutionalization of Sustainability Reporting<\/a>.\u201d Organization Science, 21 (5): 1092-1107.<\/p>\n<p style=\"text-align: justify\">Ferraro, Fabrizio, and Kerem Gurses. 2009. \u201c<a href=\"https:\/\/blog.iese.edu\/ferraro\/files\/2011\/07\/Ferraro-Gurses-2009-LewWasserman.pdf\" target=\"_blank\" rel=\"noopener noreferrer\">Building Architectural Advantage in the US Motion Picture Industry: Lew Wasserman and the Music Corporation of America<\/a>.\u201d European Management Review, 6: 233-249.<\/p>\n<p style=\"text-align: justify\">Ferraro, Fabrizio, Jeffrey Pfeffer, and Robert I Sutton. 2009. &#8220;<a href=\"https:\/\/blog.iese.edu\/ferraro\/files\/2011\/06\/How-and-why-thoeries-matter.pdf\" target=\"_blank\" rel=\"noopener noreferrer\">How and Why Theories Matter: A Comment con Felin and Foss<\/a>.&#8221; Organization Science, 20 (3): 669-675.<\/p>\n<p style=\"text-align: justify\">O&#8217;Mahony, Siobhan, and Fabrizio Ferraro. 2007. &#8220;<a href=\"https:\/\/blog.iese.edu\/ferraro\/files\/2011\/05\/The-emergence-of-governance-in-an-open-source-community.pdf\" target=\"_blank\" rel=\"noopener noreferrer\">The Emergence of Governance in an Open Source Community<\/a>.&#8221; Academy of Management Journal, 50 (5): 1079\u20131106.<\/p>\n<p style=\"text-align: justify\">Ferraro, Fabrizio, Jeffrey Pfeffer, and Robert I. Sutton. 2005. \u201c<a href=\"https:\/\/blog.iese.edu\/ferraro\/files\/2011\/05\/Economics-Language-and-Assumptions-How-Theories-Can-Become-Self-fulfilling.pdf\" target=\"_blank\" rel=\"noopener noreferrer\">Economics Language and Assumptions:\u00a0 How Theories Can Become Self-fulfilling<\/a>.\u201d Academy of Management Review, 30 (1):8-24.<\/p>\n<p style=\"text-align: justify\">Ferraro, Fabrizio, Jeffrey Pfeffer, and Robert I. Sutton. 2005. \u201c<a href=\"https:\/\/blog.iese.edu\/ferraro\/files\/2011\/05\/Prescriptions-are-not-enough.pdf\" target=\"_blank\" rel=\"noopener noreferrer\">Prescriptions are not enough<\/a>.\u201d\u00a0Academy of Management Review, 30: 32-35.<\/p>\n<p style=\"text-align: justify\"><strong>Book chapters and other articles:<\/strong><\/p>\n<p>Gehman, J., Etzion, D., Ferraro, F. (2022). <a href=\"https:\/\/www.emerald.com\/books\/oa-edited-volume\/13719\/chapter\/84474587\/Robust-Action-Advancing-a-Distinctive-Approach-to\">Robust action. Advancing a distinctive approach to grand challenges<\/a>. In G\u00fcm\u00fcsay, Ali Aslan ; Marti, Emilio; Trittin-Ulbrich, Hannah; Wickert, Christopher (Eds.), Organizing for societal grand challenges (pp. 259-278). Bingley: Emerald Publishing Limited.<\/p>\n<p>Vandebroek, T.P., Ferraro, F., Mascena, A., Liechtenstein, H. 2019. <a href=\"https:\/\/www.taylorfrancis.com\/chapters\/edit\/10.4324\/9781003052456-12\/impact-quantification-integration-impact-investing-1-tom-vandebroek-fabrizio-ferraro-alice-mascena-heinrich-liechtenstein\">\u201cImpact quantification and integration in impact investment\u201d<\/a> in the Routledge Companion to Organizational Anthropology, Edited by Raza Mir and Anne-Laure Fayard<\/p>\n<p>Ferraro, Fabrizio, Guillermo Casasnovas. 2018.\u00a0\u201c<a href=\"https:\/\/www.oxfordbibliographies.com\/view\/document\/obo-9780199846740\/obo-9780199846740-0152.xml\">Financial Markets in Organization Theory and Economic Sociology<\/a>\u201d. Oxford Bibliographies.<\/p>\n<p>Yan, Shipeng, and Fabrizio Ferraro. 2016. &#8220;<a href=\"https:\/\/blog.iese.edu\/ferraro\/files\/2011\/06\/State-Mediation-in-Market-Emergence-Socially-Responsible-Investing-in-China.pdf\">State Mediation in Market Emergence Socially Responsible Investing in China<\/a>&#8221; in\u00a0Joel Gehman\u00a0,\u00a0Michael Lounsbury\u00a0,\u00a0Royston Greenwood\u00a0(ed.)\u00a0\u201cHow Institutions Matter!\u201d (Research in the Sociology of Organizations, Volume 48B)\u00a0Emerald Group Publishing Limited, pp.173 &#8211; 206.<strong>\u00a0<\/strong><\/p>\n<p style=\"text-align: justify\">Ferraro, Fabrizio, and Jordi Torrents, 2013 <span style=\"color: #993366\">&#8220;<a href=\"https:\/\/blog.iese.edu\/ferraro\/files\/2011\/06\/Open-Source.pdf\">Open Source<\/a>&#8221;\u00a0<span style=\"color: #000000\">The Palgrave Encyclopedia of Strategic Management, edited by Mie Augier and David Teece.<\/span><\/span><\/p>\n<p style=\"text-align: justify\">Ferraro, Fabrizio, and Siobhan O\u00b4Mahony. 2012. &#8220;<a href=\"https:\/\/blog.iese.edu\/ferraro\/files\/2012\/01\/091215-Chapter-18-Ferraro-OMahony.pdf\" target=\"_blank\" rel=\"noopener noreferrer\">Managing the Boundaries of an &#8216;Open&#8217;\u00a0Project<\/a>.&#8221; In<em> The Emergence of Organizations and Markets<\/em>, edited by John F. Padgett and Walter W. Powell. Princeton and Oxford: Princeton University Press.<\/p>\n<p style=\"text-align: justify\">Ferraro, Fabrizio, Gherard Schnyder, Eelke M. Heemskerk, Raffaele Corrao, and Nathalie del Vecchio. 2012. \u201cStructural Breaks and Governance Networks in Western Europe.&#8221; In\u00a0<em>The Small Worlds of Corporate Governance<\/em>, edited by Bruce Kogut. Cambridge, Massachusetts: MIT\u00a0Press.<\/p>\n<p style=\"text-align: justify\">Salvaj, Erica, Fabrizio Ferraro, and Josep Tapies. 2008. &#8220;<a href=\"https:\/\/blog.iese.edu\/ferraro\/files\/2011\/06\/Salvaj.Ferraro.Tapies.2008.pdf\" target=\"_blank\" rel=\"noopener noreferrer\">Family Firms and the Contingent Value of Board Interlocks: the Spanish Case<\/a>.&#8221;\u00a0In <em>Family Values and Value Creation: How do Family Owned Businesses Foster Enduring Values, e<\/em>dited by Josep Tapies and John Ward. Palgrave.<\/p>\n<p style=\"text-align: justify\">Salvaj, Erica, and Fabrizio Ferraro. 2005. \u201c<a href=\"https:\/\/blog.iese.edu\/ferraro\/files\/2011\/06\/Salvaj.Ferraro.2003.pdf\" target=\"_blank\" rel=\"noopener noreferrer\">Las\u00a0 Redes de Propiedad y de Consejos de\u00a0\u00a0Administraci\u00f3n del IBEX 35<\/a>.\u201d In <em>Los accionistas y el gobierno de la empresa: An\u00e1lisis de la situaci\u00f3n Espa\u00f1ola<\/em>, edited by Joan Enric Ricart i Costa, Julia Gifra, and J.L. Alvarez. Ediciones Deusto.<\/p>\n<p>&nbsp;<\/p>\n","protected":false},"excerpt":{"rendered":"<p>Peer-reviewed articles: Beccarini, I., Beunza, D., Ferraro, F., Hoepner, A. 2023. \u201cThe Contingent Role of Conflict: Deliberative Interaction and Disagreement in Shareholder Engagement\u201d. Business Ethics Quarterly, 1 (33), 26-66. Casanovas, Guillermo and Fabrizio Ferraro. 2021. &#8220;Speciation in Nascent Markets: Collective learning through cultural and material scaffolding&#8221;. Organization Studies, 43(6), 829\u2013860. Yan, S.; Ferraro, Fabrizio; Almandoz, [&hellip;]<\/p>\n","protected":false},"author":407,"featured_media":0,"parent":4,"menu_order":0,"comment_status":"closed","ping_status":"open","template":"","meta":{"footnotes":""},"class_list":["post-216","page","type-page","status-publish","hentry"],"aioseo_notices":[],"_links":{"self":[{"href":"https:\/\/blog.iese.edu\/ferraro\/wp-json\/wp\/v2\/pages\/216","targetHints":{"allow":["GET"]}}],"collection":[{"href":"https:\/\/blog.iese.edu\/ferraro\/wp-json\/wp\/v2\/pages"}],"about":[{"href":"https:\/\/blog.iese.edu\/ferraro\/wp-json\/wp\/v2\/types\/page"}],"author":[{"embeddable":true,"href":"https:\/\/blog.iese.edu\/ferraro\/wp-json\/wp\/v2\/users\/407"}],"replies":[{"embeddable":true,"href":"https:\/\/blog.iese.edu\/ferraro\/wp-json\/wp\/v2\/comments?post=216"}],"version-history":[{"count":64,"href":"https:\/\/blog.iese.edu\/ferraro\/wp-json\/wp\/v2\/pages\/216\/revisions"}],"predecessor-version":[{"id":816,"href":"https:\/\/blog.iese.edu\/ferraro\/wp-json\/wp\/v2\/pages\/216\/revisions\/816"}],"up":[{"embeddable":true,"href":"https:\/\/blog.iese.edu\/ferraro\/wp-json\/wp\/v2\/pages\/4"}],"wp:attachment":[{"href":"https:\/\/blog.iese.edu\/ferraro\/wp-json\/wp\/v2\/media?parent=216"}],"curies":[{"name":"wp","href":"https:\/\/api.w.org\/{rel}","templated":true}]}}