{"id":17,"date":"2010-07-13T11:49:56","date_gmt":"2010-07-13T11:49:56","guid":{"rendered":"https:\/\/blog.iese.edu\/gallo\/?page_id=17"},"modified":"2020-03-30T17:43:28","modified_gmt":"2020-03-30T16:43:28","slug":"documentos-de-investigacion-de-iese","status":"publish","type":"page","link":"https:\/\/blog.iese.edu\/gallo\/investigaciones-y-publicaciones\/documentos-de-investigacion-de-iese\/","title":{"rendered":"Documentos de investigaci\u00f3n"},"content":{"rendered":"<ul>\n<li>\u00abCorporate social responsibility and economic effectiveness the Spanish situation\u00bb, N\u00ba 9<\/li>\n<li>\u00abPolicy preferences and the management process\u00bb, N\u00ba 24<\/li>\n<li>\u00abThe firm&#8217;s social responsibilities\u00bb, N\u00ba 25<\/li>\n<li>\u00abA method for identifying social responsibilities. Model for the information of social results in business\u00bb, N\u00ba 28<\/li>\n<li>\u00abO processo de internacionaliza\u00e7ao das empresas: Os varios modelos\u00bb, N\u00ba 45<\/li>\n<li>\u00abLa responsabilidad social de la banca en la formulaci\u00f3n y venta de sus productos\u00bb, N\u00ba 52<\/li>\n<li>\u00abO processo de multinacionaliza\u00e7ao das empresas espanholas: Una abordagen inicial acerca das etapas, for\u00e7as e dificultades que caracterizam o fen\u00f2meno\u00bb, N\u00ba 59<\/li>\n<li>\u00abThe structural crisis in family enterprises in different countries\u00bb, N\u00ba 69<\/li>\n<li>\u00abMultinationalization of small and medium size business. Some considerations\u00bb, N\u00ba 76<\/li>\n<li>\u00abGetting to know the Latinoamerican entrepreneur: Some considerations\u00bb, N\u00ba 90<\/li>\n<li>\u00abStrategic management in state-owned companies: A brief analysis of the portuguese case\u00bb, N\u00ba 104<\/li>\n<li>\u00abLa empresa familiar en la econom\u00eda espa\u00f1ola\u00bb, N\u00ba 143<\/li>\n<li>\u00abThe family business in the Spanish economy\u00bb, N\u00ba 144<\/li>\n<li>\u00abThe role of the general manager in the first stages of internationalization\u00bb, N\u00ba 145<\/li>\n<li>\u00abFiscalidad en la transmisi\u00f3n de la Empresa Familiar. Influencia en su continuidad y desarrollo\u00bb, N\u00ba 182<\/li>\n<li>\u00abTax matters in hereditary succession of a family enterprise. The influence on its continuity and development\u00bb, N\u00ba 182 bis<\/li>\n<li>\u00abEl papel de la esposa en la empresa familiar\u00bb, N\u00ba 192<\/li>\n<li>\u00abThe role of the wife in the family business\u00bb, N\u00ba 192 bis<\/li>\n<li>\u00abLa asociaci\u00f3n capital-trabajo en la empresa de servicios profesionales \u00bbIDOM\u00bb: Consideraciones \u00e9ticas\u00bb, N\u00ba 209<\/li>\n<li>\u00abEmpresa Familiar: Directivos que no son miembros de la familia\u00bb, N\u00ba 220<\/li>\n<li>\u00abFamily Business: Non Family Managers\u00bb, N\u00ba 220 bis<\/li>\n<li>\u00abInternacionalizaci\u00f3n del sector de fabricantes de muebles en Espa\u00f1a\u00bb, N\u00ba 226<\/li>\n<li>\u00abInternacionalizaci\u00f3n de la Empresa Familiar\u00bb, N\u00ba 230<\/li>\n<li>\u00abThe internationalization of the Family Business\u00bb, N\u00ba 230 bis<\/li>\n<li>\u00abLa Empresa Familiar entre las 1000 mayores empresas de Espa\u00f1a\u00bb, N\u00ba 231<\/li>\n<li>\u00abThe Family Business among the top 1000 Spanish companies\u00bb, N\u00ba 231 bis<\/li>\n<li>\u00abFactores importantes en la Internacionalizaci\u00f3n de la Empresa Familiar\u00bb, N\u00ba 256<\/li>\n<li>\u00abImportant factors in the Family Business internationalization\u00bb, N\u00ba 256 bis<\/li>\n<li>\u00abLa Empresa Familiar en el sector espa\u00f1ol de la alimentaci\u00f3n y bebidas\u00bb, N\u00ba 265<\/li>\n<li>\u00abThe Family Business in the Spanish food and beverage industry (I)\u00bb, N\u00ba 265 bis<\/li>\n<li>\u00abSector espa\u00f1ol de la alimentaci\u00f3n y bebidas: Empresas Familiares y no Familiares (II)\u00bb, N\u00ba 267<\/li>\n<li>\u00abThe Family Business in the Spanish food and beverage industry (II)\u00bb, N\u00ba 267 bis<\/li>\n<li>\u00abLa continuidad de las Empresas Familiares\u00bb, N\u00ba 290<\/li>\n<li>\u00abContinuity of Family Businesses\u00bb, N\u00ba 290 bis<\/li>\n<li>\u00abIncorporaci\u00f3n de graduados universitarios a la Empresa Familiar\u00bb, N\u00ba 304<\/li>\n<li>\u00abBringing University Graduates into the Family Business\u00bb, N\u00ba 304 bis<\/li>\n<\/ul>\n","protected":false},"excerpt":{"rendered":"<p>\u00abCorporate social responsibility and economic effectiveness the Spanish situation\u00bb, N\u00ba 9 \u00abPolicy preferences and the management process\u00bb, N\u00ba 24 \u00abThe firm&#8217;s social responsibilities\u00bb, N\u00ba 25 \u00abA method for identifying social responsibilities. Model for the information of social results in business\u00bb, N\u00ba 28 \u00abO processo de internacionaliza\u00e7ao das empresas: Os varios modelos\u00bb, N\u00ba 45 \u00abLa responsabilidad [&hellip;]<\/p>\n","protected":false},"author":12,"featured_media":0,"parent":10,"menu_order":0,"comment_status":"open","ping_status":"open","template":"","meta":{"footnotes":""},"class_list":["post-17","page","type-page","status-publish","hentry"],"aioseo_notices":[],"_links":{"self":[{"href":"https:\/\/blog.iese.edu\/gallo\/wp-json\/wp\/v2\/pages\/17","targetHints":{"allow":["GET"]}}],"collection":[{"href":"https:\/\/blog.iese.edu\/gallo\/wp-json\/wp\/v2\/pages"}],"about":[{"href":"https:\/\/blog.iese.edu\/gallo\/wp-json\/wp\/v2\/types\/page"}],"author":[{"embeddable":true,"href":"https:\/\/blog.iese.edu\/gallo\/wp-json\/wp\/v2\/users\/12"}],"replies":[{"embeddable":true,"href":"https:\/\/blog.iese.edu\/gallo\/wp-json\/wp\/v2\/comments?post=17"}],"version-history":[{"count":6,"href":"https:\/\/blog.iese.edu\/gallo\/wp-json\/wp\/v2\/pages\/17\/revisions"}],"predecessor-version":[{"id":109,"href":"https:\/\/blog.iese.edu\/gallo\/wp-json\/wp\/v2\/pages\/17\/revisions\/109"}],"up":[{"embeddable":true,"href":"https:\/\/blog.iese.edu\/gallo\/wp-json\/wp\/v2\/pages\/10"}],"wp:attachment":[{"href":"https:\/\/blog.iese.edu\/gallo\/wp-json\/wp\/v2\/media?parent=17"}],"curies":[{"name":"wp","href":"https:\/\/api.w.org\/{rel}","templated":true}]}}