{"id":21,"date":"2010-07-13T11:57:22","date_gmt":"2010-07-13T11:57:22","guid":{"rendered":"https:\/\/blog.iese.edu\/gallo\/?page_id=21"},"modified":"2020-03-30T17:42:46","modified_gmt":"2020-03-30T16:42:46","slug":"articulos","status":"publish","type":"page","link":"https:\/\/blog.iese.edu\/gallo\/investigaciones-y-publicaciones\/articulos\/","title":{"rendered":"Art\u00edculos"},"content":{"rendered":"<ul>\n<li>\u00abEl follow-up (sobre formaci\u00f3n de mandos intermedios)\u00bb, CEAM, 1956<\/li>\n<li>\u00abLa formaci\u00f3n de mandos intermedios\u00bb, C\u00e1mara de Comercio, Industria y Navegaci\u00f3n de Valencia, 1958<\/li>\n<li>\u00abResponsabilidades pol\u00edtico-sociales de los ciudadanos, instituciones p\u00fablicas y privadas, y eficacia econ\u00f3mica en Espa\u00f1a 1975\u00bb, Nuestro Tiempo, mayo 1975<\/li>\n<li>\u00abCircunstancias actuales del entorno socio-pol\u00edtico, econ\u00f3mico y su repercusi\u00f3n en los pactos de trabajo\u00bb, Nuestro Tiempo, mayo 1976<\/li>\n<li>\u00abLa participaci\u00f3n de los operarios en los resultados de la empresa\u00bb, Nuestro Tiempo, octubre 1976<\/li>\n<li>\u00abLos negocios con los pa\u00edses del Este (I)\u00bb, Nuestro Tiempo, junio 1977<\/li>\n<li>\u00abLos negocios con los pa\u00edses del Este (II)\u00bb, Nuestro Tiempo,agosto 1977<\/li>\n<li>\u00abLa participaci\u00f3n de los operarios en los resultados de la empresa\u00bb, ISTMO (M\u00e9xico), septiembre-diciembre 1978<\/li>\n<li>\u00abEl proceso de direcci\u00f3n en la Europa socialista\u00bb, ISTMO (M\u00e9xico), mayo-junio 1979<\/li>\n<li>\u00abRetos de los a\u00f1os 80 para la empresa\u00bb, ISTMO (M\u00e9xico), No. 131, 1980<\/li>\n<li>\u00abLas respuestas de alta direcci\u00f3n\u00bb, ISTMO (M\u00e9xico), No. 13, 1981<\/li>\n<li>\u00abLa responsabilidad de la banca en la formulaci\u00f3n y venta de sus productos\u00bb, cap\u00edtulo en El balance social de la empresa y las instituciones financieras, Madrid 1982<\/li>\n<li>\u00abLos buenos empresarios latinoamericanos\u00bb, Bolet\u00edn de Antiguos del IESE, N\u00ba. 12, diciembre 1983<\/li>\n<li>\u00abEl caso de la semana: Industrias Askar, S.A.\u00bb, Revista Mercado<\/li>\n<li>\u00abFunciones de los gestores: Imaginar y hacer\u00bb, Nueva Empresa, junio 1984<\/li>\n<li>\u00abEl problema de la semana: CLOSA, empresa familiar\u00bb, Mercado, junio 1984<\/li>\n<li>\u00abEl problema de la semana: Las inercias de la empresa de la familia\u00bb, Mercado, junio 1984<\/li>\n<li>\u00abLos sistemas de valores del directivo y el proceso de direcci\u00f3n\u00bb, Sinergia (Revista de la Escuela de Ingenier\u00eda Comercial de la Universidad Cat\u00f3lica de Valpara\u00edso en Chile), N\u00ba. 2, 1984<\/li>\n<li>\u00abResponsabilidades sociales de la empresa\u00bb, fasc\u00edculo en la Enciclopedia de la Empresa, Editorial ORBIS, 1985<\/li>\n<li>\u00abLas empresas familiares\u00bb, fasc\u00edculo en la Enciclopedia de la Empresa, Editorial ORBIS, 1985<\/li>\n<li>\u00abEl problema de la semana: Davis empresa-problema familiar\u00bb, Mercado, marzo 1985<br \/>\n\u00abEl problema de la semana: Crear empresas para los hijos\u00bb, Mercado, marzo 1985<\/li>\n<li>\u00abDirecci\u00f3n estrat\u00e9gica en Latinoam\u00e9rica\u00bb, Bolet\u00edn de Antiguos del IESE, N\u00ba. 20, diciembre 1985<\/li>\n<li>\u00abMultinacionaliza\u00e7ao de empresas de peque\u00f1o e medio porte. Algunas considera\u00e7oes\u00bb, Revista de Administra\u00e7ao de Empresas, enero-marzo 1986<\/li>\n<li>\u00abC\u00f3mo ayudar a la I&amp;D desde la Administraci\u00f3n\u00bb, Bolet\u00edn de Antiguos del IESE, N\u00ba 21, marzo 1986<\/li>\n<li>\u00abEl proceso de exportaci\u00f3n e internacionalizaci\u00f3n de la empresa espa\u00f1ola\u00bb, Bolet\u00edn de Antiguos del IESE, N\u00ba 22, junio 1986<\/li>\n<li>\u00abInvertir en Latinoam\u00e9rica\u00bb, Dinero, junio 1986<\/li>\n<li>\u00abEl proceso de exportaci\u00f3n e internacionalizaci\u00f3n de la empresa espa\u00f1ola\u00bb, Expansi\u00f3n, octubre 1986<\/li>\n<li>\u00abLa tendencia en la internacionalizaci\u00f3n de la empresa\u00bb, Informaci\u00f3n Comercial Espa\u00f1ola, marzo 1987<\/li>\n<li>\u00abConveniencia de una base europea en la internacionalizaci\u00f3n de la empresa espa\u00f1ola de ingenier\u00eda\u00bb, Expansi\u00f3n, julio 1987 y Revista de Obras P\u00fablicas, Julio 1989<\/li>\n<li>\u00abLa Empresa Familiar en la Econom\u00eda Espa\u00f1ola\u00bb, Papeles de Econom\u00eda Espa\u00f1ola n\u00ba 39\/40, 1989<\/li>\n<li>\u00abInternationalizing the Family Business: Facilitating and Restraining Factors\u00bb, Family Business Review, Summer 1991<\/li>\n<li>\u00abLas trampas profundas de la Empresa Familiar\u00bb, Staff, Noviembre 1991<\/li>\n<li>\u00abLos problemas de las Empresas Familiares\u00bb, Estrategia Financiera, Febrero 1992<\/li>\n<li>\u00abInternationalization: A challenging change for family business\u00bb, Proceedings. Culture in the Family Business\u00bb, Conference, Marzo 1992.<\/li>\n<li>\u00abDe tota la vida\u00bb, Avui, Marzo 1992<\/li>\n<li>\u00abLa sucesi\u00f3n: El principal trauma de la Empresa Familiar\u00bb, Recambio libre, Mayo 1992<\/li>\n<li>\u00abDirectivos que no son miembros de la familia\u00bb, Cinco d\u00edas, 6 Agosto 1992<\/li>\n<li>\u00abContinuidad de la Empresa Familiar\u00bb, Made in Catalunya, Febrero 1993<\/li>\n<li>\u00abConsejos de Administraci\u00f3n en la Empresa Familiar\u00bb, Staff Catalunya, Marzo 1993<\/li>\n<li>\u00abRetrasar la sucesi\u00f3n en la Empesa Familiar\u00bb, Expansi\u00f3n, Octubre 1994<\/li>\n<li>\u00abPol\u00edticas financieras de la Empresa Familiar\u00bb, Avui, 24 Diciembre 1994<\/li>\n<li>\u00abLas &#8216;3 generaciones&#8217; en la Empresa Familiar\u00bb, Avui, 25 Febrero 1995<\/li>\n<li>\u00abEmpresa Familiar: Directivos externos\u00bb, Avui, 25 Marzo 1995<\/li>\n<li>\u00abLos problemas de &#8216;ir a partes iguales&#8217; en la Empesa Familiar\u00bb, Avui, 22 Abril 1995<\/li>\n<li>\u00abAccionistas &#8216;pasivos&#8217; de la Empresa Familiar\u00bb, Avui, 20 Mayo 1995<\/li>\n<li>\u00abEl protocolo familiar\u00bb, Avui, 15 Julio 1995<\/li>\n<\/ul>\n","protected":false},"excerpt":{"rendered":"<p>\u00abEl follow-up (sobre formaci\u00f3n de mandos intermedios)\u00bb, CEAM, 1956 \u00abLa formaci\u00f3n de mandos intermedios\u00bb, C\u00e1mara de Comercio, Industria y Navegaci\u00f3n de Valencia, 1958 \u00abResponsabilidades pol\u00edtico-sociales de los ciudadanos, instituciones p\u00fablicas y privadas, y eficacia econ\u00f3mica en Espa\u00f1a 1975\u00bb, Nuestro Tiempo, mayo 1975 \u00abCircunstancias actuales del entorno socio-pol\u00edtico, econ\u00f3mico y su repercusi\u00f3n en los pactos de [&hellip;]<\/p>\n","protected":false},"author":12,"featured_media":0,"parent":10,"menu_order":0,"comment_status":"open","ping_status":"open","template":"","meta":{"footnotes":""},"class_list":["post-21","page","type-page","status-publish","hentry"],"aioseo_notices":[],"_links":{"self":[{"href":"https:\/\/blog.iese.edu\/gallo\/wp-json\/wp\/v2\/pages\/21","targetHints":{"allow":["GET"]}}],"collection":[{"href":"https:\/\/blog.iese.edu\/gallo\/wp-json\/wp\/v2\/pages"}],"about":[{"href":"https:\/\/blog.iese.edu\/gallo\/wp-json\/wp\/v2\/types\/page"}],"author":[{"embeddable":true,"href":"https:\/\/blog.iese.edu\/gallo\/wp-json\/wp\/v2\/users\/12"}],"replies":[{"embeddable":true,"href":"https:\/\/blog.iese.edu\/gallo\/wp-json\/wp\/v2\/comments?post=21"}],"version-history":[{"count":7,"href":"https:\/\/blog.iese.edu\/gallo\/wp-json\/wp\/v2\/pages\/21\/revisions"}],"predecessor-version":[{"id":107,"href":"https:\/\/blog.iese.edu\/gallo\/wp-json\/wp\/v2\/pages\/21\/revisions\/107"}],"up":[{"embeddable":true,"href":"https:\/\/blog.iese.edu\/gallo\/wp-json\/wp\/v2\/pages\/10"}],"wp:attachment":[{"href":"https:\/\/blog.iese.edu\/gallo\/wp-json\/wp\/v2\/media?parent=21"}],"curies":[{"name":"wp","href":"https:\/\/api.w.org\/{rel}","templated":true}]}}