{"id":27,"date":"2010-07-13T12:00:38","date_gmt":"2010-07-13T12:00:38","guid":{"rendered":"https:\/\/blog.iese.edu\/gallo\/?page_id=27"},"modified":"2020-03-30T17:44:59","modified_gmt":"2020-03-30T16:44:59","slug":"experiencia-en-consultas","status":"publish","type":"page","link":"https:\/\/blog.iese.edu\/gallo\/experiencia-en-consultas\/","title":{"rendered":"Consultor\u00eda"},"content":{"rendered":"<p>Administraci\u00f3n Santamarina (Argentina)<br \/>\nAGF-UNI\u00d3N F\u00c9NIX Agfa Gevaert<br \/>\nAlfombras Imperial<br \/>\nArgos Vergara Atec (Argentina)<br \/>\nAyra Durex<br \/>\nBankuni\u00f3n<br \/>\nBasso y Tonellier (Argentina)<br \/>\nCiba-Geigy (Suiza y Espa\u00f1a)<br \/>\nCifag (Portugal)<br \/>\nCLVSA (Argentina)<br \/>\nCobega<br \/>\nCorporaci\u00f3n Uniland<br \/>\nDelaviuda, S.A.<br \/>\nDesa<br \/>\nDol<br \/>\nEdit Media<br \/>\nEfsa<br \/>\nEmpresa Nacional Adaro<br \/>\nEmpresa Nacional de Celulosa<br \/>\nEscorpi\u00f3n<br \/>\nExplosivos Rio Tinto<br \/>\nGarc\u00eda-Forte<br \/>\nGKN<br \/>\nGPM<br \/>\nGrupo Bens\u00e1ude (Portugal)<br \/>\nGrupo Corona<br \/>\nGrupo Puchades<br \/>\nHijos de Tecla Sala<br \/>\nIdom, S.A.<br \/>\nIFA<br \/>\nInsbanca (Venezuela)<br \/>\nLa Favorita (Argentina)<br \/>\nLa Vajilla En\u00e9riz<br \/>\nLaboratorios Dr. Esteve<br \/>\nMabor (Portugal)<br \/>\nMalbram (Argentina)<br \/>\nMetalogenia<br \/>\nMinisterio de Obras P\u00fablicas<br \/>\nMuebles Rey, S.A.<br \/>\nPersan, S.A.<br \/>\nRENFE<br \/>\nRitransa<br \/>\nRJR (Argentina)<br \/>\nRoca Radiadores<br \/>\nRodrigo Sancho, S.A.<br \/>\nS.A. Echevarr\u00eda<br \/>\nSagetum<br \/>\nSaica<br \/>\nSalvat Editores<br \/>\nS\u00e1nchez-Marcos<br \/>\nSider\u00fargica de Guadalajara (M\u00e9xico)<br \/>\nSogimair<br \/>\nSonae (Portugal)<br \/>\nSoponata (Portugal)<br \/>\nSPS (Argentina)<br \/>\nTAP (Portugal)<br \/>\nTaurus<br \/>\nTexsa<br \/>\nTorras Holding<br \/>\nTorras Hostench, S.A.<br \/>\nViajes Doria<br \/>\nViajes Juli\u00e0 Tours<br \/>\nA. Vierci (Paraguay)<br \/>\nVitorio Luzuriaga, S.A.<br \/>\nWitcel (Argentina)<br \/>\nZanini<\/p>\n","protected":false},"excerpt":{"rendered":"<p>Administraci\u00f3n Santamarina (Argentina) AGF-UNI\u00d3N F\u00c9NIX Agfa Gevaert Alfombras Imperial Argos Vergara Atec (Argentina) Ayra Durex Bankuni\u00f3n Basso y Tonellier (Argentina) Ciba-Geigy (Suiza y Espa\u00f1a) Cifag (Portugal) CLVSA (Argentina) Cobega Corporaci\u00f3n Uniland Delaviuda, S.A. Desa Dol Edit Media Efsa Empresa Nacional Adaro Empresa Nacional de Celulosa Escorpi\u00f3n Explosivos Rio Tinto Garc\u00eda-Forte GKN GPM Grupo Bens\u00e1ude (Portugal) [&hellip;]<\/p>\n","protected":false},"author":12,"featured_media":0,"parent":0,"menu_order":3,"comment_status":"open","ping_status":"closed","template":"","meta":{"footnotes":""},"class_list":["post-27","page","type-page","status-publish","hentry"],"aioseo_notices":[],"_links":{"self":[{"href":"https:\/\/blog.iese.edu\/gallo\/wp-json\/wp\/v2\/pages\/27","targetHints":{"allow":["GET"]}}],"collection":[{"href":"https:\/\/blog.iese.edu\/gallo\/wp-json\/wp\/v2\/pages"}],"about":[{"href":"https:\/\/blog.iese.edu\/gallo\/wp-json\/wp\/v2\/types\/page"}],"author":[{"embeddable":true,"href":"https:\/\/blog.iese.edu\/gallo\/wp-json\/wp\/v2\/users\/12"}],"replies":[{"embeddable":true,"href":"https:\/\/blog.iese.edu\/gallo\/wp-json\/wp\/v2\/comments?post=27"}],"version-history":[{"count":9,"href":"https:\/\/blog.iese.edu\/gallo\/wp-json\/wp\/v2\/pages\/27\/revisions"}],"predecessor-version":[{"id":115,"href":"https:\/\/blog.iese.edu\/gallo\/wp-json\/wp\/v2\/pages\/27\/revisions\/115"}],"wp:attachment":[{"href":"https:\/\/blog.iese.edu\/gallo\/wp-json\/wp\/v2\/media?parent=27"}],"curies":[{"name":"wp","href":"https:\/\/api.w.org\/{rel}","templated":true}]}}