{"id":2,"date":"2015-11-05T12:40:56","date_gmt":"2015-11-05T12:40:56","guid":{"rendered":"https:\/\/blog.iese.edu\/managent-y-humanismo\/?page_id=2"},"modified":"2015-11-16T13:15:23","modified_gmt":"2015-11-16T12:15:23","slug":"sample-page","status":"publish","type":"page","link":"https:\/\/blog.iese.edu\/managent-racional-y-humanista\/sample-page\/","title":{"rendered":"Sobre el blog"},"content":{"rendered":"<h2><span style=\"color: #800000;\">Una visi\u00f3n humanista\u00a0y\u00a0racional<\/span><br \/>\n<span style=\"color: #800000;\"> Buenas y malas pr\u00e1cticas en <em>management<\/em><\/span><\/h2>\n<p>Este blog intenta ser un <strong>punto de reflexi\u00f3n<\/strong> <strong>sobre los (muchos, desgraciadamente) males que aquejan al <em>management<\/em> tal como se predica y como se practica hoy en d\u00eda<\/strong>. Si en tiempos pasados (antes de la II\u00a0Guerra Mundial, por ejemplo) el principal mal era que muchas veces se dirig\u00eda por mera intuici\u00f3n o \u00fanicamente por la propia experiencia, <strong>hoy hay muchas pr\u00e1cticas (algunas buenas y muchas malas) que supuestamente se basan en conocimientos s\u00f3lidos<\/strong>. <strong>Pero en conjunto han conducido, entre otras cosas, a la actual crisis<\/strong>, a que los niveles de confianza de unos en otros hayan bajado en picado, a la falta de integraci\u00f3n de las personas en la empresa y a la falta de compromiso de la empresa con sus empleados y con sus clientes.<\/p>\n<p><strong>Las empresas<\/strong>, y las organizaciones en general, no son entes aislados del conjunto de la sociedad, sino que <strong>reflejan en una buena medida los valores sociales y las maneras de hacer de la vida corriente<\/strong>, a la vez que contribuyen a crearlos. Y si (como muchos pensamos) hay una <strong>crisis de valores que hace que no sepamos muy bien a donde vamos como sociedad, podr\u00edamos esperar que esta crisis afecte a la direcci\u00f3n de organizaciones<\/strong>.<\/p>\n<p>Lo cual claramente ocurre. As\u00ed, en los \u00faltimos tiempos hemos visto <strong>c\u00f3mo se ha popularizado la idea de que el objetivo principal de la empresa debe ser la maximizaci\u00f3n del valor<\/strong> de la misma, lo que horroriza a otros. En nuestra opini\u00f3n, con raz\u00f3n, pero no tienen una teor\u00eda alternativa que ofrecer, s\u00f3lo algunos atisbos. Y entonces, la corriente dominante pone en pr\u00e1ctica procedimientos y procesos que pueden ser consistentes con aquella idea, pero que producen efectos muy negativos.<\/p>\n<p>Obviamente hay <strong>tambi\u00e9n aspectos positivos, la mayor parte de los cuales producen poco ruido<\/strong>. Como siempre, las malas noticias se abren paso mejor que las buenas.<\/p>\n<p>Este blog se ha puesto en marcha para <strong>criticar estas malas pr\u00e1cticas, algunas bastante generalizadas, divulgar justificar y fundamentar las buenas<\/strong>. A la vez, <strong>proponer pr\u00e1cticas alternativas<\/strong> que conduzcan a algo m\u00e1s que un puro rendimiento econ\u00f3mico o eficacia inmediata: a un <strong>desarrollo de las personas, a un aumento de su bienestar y a un clima social y organizativo mejor que el que tenemos<\/strong>.<\/p>\n<p>Como sugerimos en el t\u00edtulo, <strong>hay dos puntos de partida fundamentales en nuestra manera de ver las cosas: la racionalidad y el humanismo<\/strong>. La racionalidad empieza por <strong>utilizar los medios correctos para conseguir los fines que se proponen y ayuda a escoger los fines que merecen la pena<\/strong>; el humanismo ayuda a tener en cuenta, como dec\u00eda <strong>Drucker<\/strong>, que <strong>cuando se contrata a una persona, se contrata a una persona entera, no una \u201cmano\u201d<\/strong> o cualquier otra extremidad. Lo cual tiene importantes implicaciones para escoger los fines que merece la pena conseguir.<\/p>\n","protected":false},"excerpt":{"rendered":"<p>Una visi\u00f3n humanista\u00a0y\u00a0racional Buenas y malas pr\u00e1cticas en management Este blog intenta ser un punto de reflexi\u00f3n sobre los (muchos, desgraciadamente) males que aquejan al management tal como se predica y como se practica hoy en d\u00eda. Si en tiempos pasados (antes de la II\u00a0Guerra Mundial, por ejemplo) el principal mal era que muchas veces [&hellip;]<\/p>\n","protected":false},"author":2047,"featured_media":0,"parent":0,"menu_order":0,"comment_status":"closed","ping_status":"closed","template":"","meta":{"footnotes":""},"class_list":["post-2","page","type-page","status-publish","hentry"],"aioseo_notices":[],"_links":{"self":[{"href":"https:\/\/blog.iese.edu\/managent-racional-y-humanista\/wp-json\/wp\/v2\/pages\/2","targetHints":{"allow":["GET"]}}],"collection":[{"href":"https:\/\/blog.iese.edu\/managent-racional-y-humanista\/wp-json\/wp\/v2\/pages"}],"about":[{"href":"https:\/\/blog.iese.edu\/managent-racional-y-humanista\/wp-json\/wp\/v2\/types\/page"}],"author":[{"embeddable":true,"href":"https:\/\/blog.iese.edu\/managent-racional-y-humanista\/wp-json\/wp\/v2\/users\/2047"}],"replies":[{"embeddable":true,"href":"https:\/\/blog.iese.edu\/managent-racional-y-humanista\/wp-json\/wp\/v2\/comments?post=2"}],"version-history":[{"count":2,"href":"https:\/\/blog.iese.edu\/managent-racional-y-humanista\/wp-json\/wp\/v2\/pages\/2\/revisions"}],"predecessor-version":[{"id":111,"href":"https:\/\/blog.iese.edu\/managent-racional-y-humanista\/wp-json\/wp\/v2\/pages\/2\/revisions\/111"}],"wp:attachment":[{"href":"https:\/\/blog.iese.edu\/managent-racional-y-humanista\/wp-json\/wp\/v2\/media?parent=2"}],"curies":[{"name":"wp","href":"https:\/\/api.w.org\/{rel}","templated":true}]}}