{"id":19,"date":"2010-06-16T09:03:56","date_gmt":"2010-06-16T08:03:56","guid":{"rendered":"https:\/\/blog.iese.edu\/martinezabascal\/?page_id=19"},"modified":"2024-12-12T08:25:27","modified_gmt":"2024-12-12T07:25:27","slug":"books","status":"publish","type":"page","link":"https:\/\/blog.iese.edu\/martinezabascal\/","title":{"rendered":"Libros"},"content":{"rendered":"<p><img loading=\"lazy\" decoding=\"async\" class=\"alignleft\" title=\"Finanzas para directivos\" src=\"https:\/\/blog.iese.edu\/martinezabascal\/files\/2023\/10\/finanzas-para-directivos-2023.jpg\" alt=\"Finanzas para directivos, Eduardo Mart\u00ednez Abascal, IESE\" width=\"122\" height=\"194\" \/><\/p>\n<p><strong><em><a href=\"https:\/\/blog.iese.edu\/martinezabascal\/books\/finanzas-para-directivos-2023\/\">Finanzas para Directivos<\/a><br \/>\n<\/em><\/strong>Amazon, 3\u00aa Edici\u00f3n, 2023<\/p>\n<p>&nbsp;<\/p>\n<p>&nbsp;<\/p>\n<p><img loading=\"lazy\" decoding=\"async\" class=\"alignleft\" title=\"Finance for Managers\" src=\"https:\/\/blog.iese.edu\/martinezabascal\/files\/2023\/10\/finance-for-managers-2023.jpg\" alt=\"Finance for Managers, Eduardo Mart\u00ednez Abascal, IESE\" width=\"121\" height=\"193\" \/><\/p>\n<p><strong><em><a href=\"https:\/\/blog.iese.edu\/martinezabascal\/books\/finance-for-managers-2023\/\">Finance for Managers<\/a><\/em><br \/>\n<\/strong>Amazon, 3<sup>rd<\/sup> Edition, 2023<\/p>\n<p>&nbsp;<\/p>\n<p>&nbsp;<\/p>\n<p>&nbsp;<br \/>\n<img loading=\"lazy\" decoding=\"async\" class=\"alignleft\" title=\"Finan\u00e7as para Executivos\" src=\"https:\/\/blog.iese.edu\/martinezabascal\/files\/2024\/12\/financas-para-executivos-2024-3ed.jpg\" alt=\"Finan\u00e7as para Executivos, Eduardo Mart\u00ednez Abascal, IESE\" width=\"122\" height=\"194\" \/><\/p>\n<p><strong><em><a href=\"https:\/\/blog.iese.edu\/martinezabascal\/books\/financas-para-executivos-2024\/\">Finan\u00e7as para Executivos<\/a><\/em><br \/>\n<\/strong>Amazon, 3\u00aa Edi\u00e7\u00e3o, 2024<\/p>\n<p>&nbsp;<\/p>\n<p>&nbsp;<\/p>\n<p>&nbsp;<\/p>\n<p><strong><em><a href=\"https:\/\/blog.iese.edu\/martinezabascal\/financas-para-executivos\/\"><img loading=\"lazy\" decoding=\"async\" class=\"alignleft wp-image-4072\" src=\"https:\/\/blog.iese.edu\/martinezabascal\/files\/2020\/06\/Finan\u00e7as-para-Executivos.jpg\" alt=\"\" width=\"120\" height=\"171\" \/><\/a><\/em><\/strong><\/p>\n<p><strong><em><a href=\"https:\/\/blog.iese.edu\/martinezabascal\/financas-para-executivos\/\">Finan\u00e7as para Executivos<\/a><\/em><br \/>\n<\/strong>McGraw-Hill, 1\u00aa Edi\u00e7\u00e3o, 2019<\/p>\n<p>&nbsp;<\/p>\n<p>&nbsp;<\/p>\n<p><strong><em><a href=\"http:\/\/www.mcgraw-hill.co.uk\/html\/0077140079.html\"><img loading=\"lazy\" decoding=\"async\" class=\"alignleft\" title=\"Finance for Managers\" src=\"https:\/\/blog.iese.edu\/martinezabascal\/files\/2012\/10\/Finance-for-Managers-197x300.jpg\" alt=\"Finance for Managers, Eduardo Mart\u00ednez Abascal\" width=\"111\" height=\"169\" \/><\/a><\/em><\/strong><\/p>\n<p><strong><em><a href=\"https:\/\/blog.iese.edu\/martinezabascal\/books\/2309-2\/\">Finance for Managers<\/a><\/em><br \/>\n<\/strong>McGraw-Hill, 1<sup>st<\/sup> Edition, 2012<\/p>\n<p>&nbsp;<\/p>\n<p>&nbsp;<\/p>\n<p><img loading=\"lazy\" decoding=\"async\" class=\"alignleft\" title=\"Finanzas para directivos\" src=\"https:\/\/blog.iese.edu\/martinezabascal\/files\/2010\/06\/Finanzas-para-directivos-2012.jpg\" alt=\"Finanzas para directivos, Eduardo Mart\u00ednez Abascal, IESE\" width=\"108\" height=\"151\" \/><\/p>\n<p><a href=\"https:\/\/blog.iese.edu\/martinezabascal\/books\/finanzas-para-directivos-2012\/\"><em><strong>Finanzas para Directivos<\/strong><\/em><\/a><br \/>\nMcGraw-Hill, 2\u00aa Edici\u00f3n, 2017<\/p>\n<p>&nbsp;<\/p>\n<p>&nbsp;<\/p>\n<p><a href=\"https:\/\/blog.iese.edu\/martinezabascal\/books\/finanzas-para-directivos\/\"><img loading=\"lazy\" decoding=\"async\" class=\"alignleft\" src=\"https:\/\/blog.iese.edu\/martinezabascal\/files\/2010\/06\/finanzas-para-directivos.jpg\" alt=\"\" width=\"102\" height=\"147\" \/><\/a><\/p>\n<p><em><strong><a href=\"https:\/\/blog.iese.edu\/martinezabascal\/books\/finanzas-para-directivos\/\">Finanzas para Directivos<\/a><\/strong><\/em><br \/>\nMcGraw-Hill, 1\u00aa Edici\u00f3n, 2005<\/p>\n<p>&nbsp;<\/p>\n<p>&nbsp;<\/p>\n<p><a href=\"https:\/\/blog.iese.edu\/martinezabascal\/books\/gestion-de-carteras\/\"><img loading=\"lazy\" decoding=\"async\" class=\"alignleft\" src=\"https:\/\/blog.iese.edu\/martinezabascal\/files\/2010\/06\/gesti\u00f3n-de-carteras-de-renta-fija.gif\" alt=\"\" width=\"101\" height=\"132\" \/><\/a><\/p>\n<p><em><strong><a href=\"https:\/\/blog.iese.edu\/martinezabascal\/books\/gestion-de-carteras\/\">Gesti\u00f3n de carteras de renta fija<\/a><\/strong><\/em><a title=\"Gesti\u00f3n de carteras de renta fija\" href=\"https:\/\/blog.iese.edu\/martinezabascal\/2010\/07\/21\/75\/\" target=\"_self\" rel=\"noopener noreferrer\"><br \/>\n<\/a>McGraw-Hill, 2002<\/p>\n<p><a title=\"Pedido libro\" href=\"http:\/\/www.iese.edu\/_garbi\/prof\/libros_ema.asp?libro=1\" target=\"_blank\" rel=\"noopener noreferrer\"><em>REALIZAR PEDIDOS<\/em><\/a><\/p>\n<p>&nbsp;<\/p>\n<p><a href=\"https:\/\/blog.iese.edu\/martinezabascal\/books\/per-bolsa\/\"><img loading=\"lazy\" decoding=\"async\" class=\"alignleft\" src=\"https:\/\/blog.iese.edu\/martinezabascal\/files\/2010\/06\/per-y-valoraci\u00f3n-en-bolsa.jpg\" alt=\"\" width=\"103\" height=\"132\" \/><\/a><\/p>\n<p><em><strong><a href=\"https:\/\/blog.iese.edu\/martinezabascal\/books\/per-bolsa\/\">PER y valoraci\u00f3n en bolsa<\/a><\/strong><\/em><a href=\"https:\/\/blog.iese.edu\/martinezabascal\/2010\/07\/21\/77\/\" target=\"_self\" rel=\"noopener noreferrer\"><br \/>\n<\/a><\/p>\n<p><a href=\"http:\/\/www.edicionespiramide.es\/\" target=\"_blank\" rel=\"noopener noreferrer\">Ediciones Pir\u00e1mide, 2001<\/a><a href=\"http:\/\/www.edicionespiramide.es\/\"><br \/>\n<\/a><\/p>\n<p>&nbsp;<\/p>\n<p>&nbsp;<\/p>\n<p><em style=\"text-align: left;\"><img loading=\"lazy\" decoding=\"async\" class=\"alignleft\" src=\"https:\/\/blog.iese.edu\/martinezabascal\/files\/2010\/06\/bolsa-e-inversion.jpg\" alt=\"\" width=\"104\" height=\"138\" \/><em><strong>Bolsa e inversi\u00f3n<br \/>\n<\/strong><\/em><\/em><em>Ediciones Deusto, 2000 (contribuci\u00f3n)<\/em><\/p>\n<p>&nbsp;<\/p>\n<p>&nbsp;<\/p>\n<p>&nbsp;<\/p>\n<p><a href=\"https:\/\/blog.iese.edu\/martinezabascal\/books\/invertir-en-bolsa\/\"><img loading=\"lazy\" decoding=\"async\" class=\"alignleft\" src=\"https:\/\/blog.iese.edu\/martinezabascal\/files\/2010\/06\/invertir-en-bolsa-conceptos-y-estrategias.gif\" alt=\"\" width=\"104\" height=\"132\" \/><\/a><em><strong><a href=\"https:\/\/blog.iese.edu\/martinezabascal\/books\/invertir-en-bolsa\/\">Invertir en bolsa, conceptos y estrategias<\/a><br \/>\n<\/strong><\/em>McGraw-Hill, 1998<\/p>\n<p>&nbsp;<\/p>\n<table border=\"0\" width=\"98%\" align=\"center\">\n<tbody>\n<tr>\n<td width=\"21%\" height=\"64\"><\/td>\n<td valign=\"top\" width=\"79%\" height=\"64\"><\/td>\n<\/tr>\n<tr>\n<td width=\"21%\" height=\"64\"><em><img loading=\"lazy\" decoding=\"async\" class=\"alignleft size-full wp-image-337\" src=\"https:\/\/blog.iese.edu\/martinezabascal\/files\/2010\/06\/mercado_capitales1.gif\" alt=\"\" width=\"104\" height=\"132\" \/><\/em><\/td>\n<td valign=\"top\" width=\"79%\" height=\"64\"><em><strong>Mercado de capitales, <\/strong><\/em><strong>volumen 33<br \/>\n<\/strong>Biblioteca IESE de Gesti\u00f3n de Empresas<br \/>\nEdiciones Folio 1997<\/td>\n<\/tr>\n<tr>\n<td width=\"21%\" height=\"64\"><em><img loading=\"lazy\" decoding=\"async\" class=\"alignleft size-full wp-image-338\" src=\"https:\/\/blog.iese.edu\/martinezabascal\/files\/2010\/06\/derivados.gif\" alt=\"\" width=\"103\" height=\"132\" \/><\/em><\/td>\n<td valign=\"top\" width=\"79%\" height=\"64\"><em><strong>Derivados financieros. Opciones, volumen 40<\/strong><\/em><br \/>\nBiblioteca IESE de Gesti\u00f3n de Empresas<br \/>\nEdiciones Folio 1997<\/td>\n<\/tr>\n<tr>\n<td width=\"21%\" height=\"64\"><em><img loading=\"lazy\" decoding=\"async\" class=\"alignleft size-full wp-image-341\" src=\"https:\/\/blog.iese.edu\/martinezabascal\/files\/2010\/06\/finance2.gif\" alt=\"\" width=\"102\" height=\"132\" \/><\/em><\/td>\n<td valign=\"top\" width=\"79%\" height=\"64\"><strong><em>European Casebook on Finance<\/em><\/strong><br \/>\nPrentice Hall, Londres, 1995 (contribuci\u00f3n)<\/td>\n<\/tr>\n<tr>\n<td width=\"21%\" height=\"64\"><em><img loading=\"lazy\" decoding=\"async\" class=\"alignleft size-full wp-image-339\" src=\"https:\/\/blog.iese.edu\/martinezabascal\/files\/2010\/06\/eficiencia.gif\" alt=\"\" width=\"101\" height=\"132\" \/><\/em><\/td>\n<td valign=\"top\" width=\"79%\" height=\"64\"><em><strong>Eficiencia d\u00e9bil del mercado burs\u00e1til espa\u00f1ol<\/strong><br \/>\n<\/em>Servicio de Publicaciones de la Bolsa de Madrid, 1993<\/td>\n<\/tr>\n<tr>\n<td width=\"20%\"><em><img loading=\"lazy\" decoding=\"async\" class=\"alignleft size-full wp-image-340\" src=\"https:\/\/blog.iese.edu\/martinezabascal\/files\/2010\/06\/futuros.gif\" alt=\"\" width=\"100\" height=\"132\" \/><\/em><\/td>\n<td valign=\"top\" width=\"80%\"><em><strong>Futuros y opciones en la gesti\u00f3n de carteras<\/strong><br \/>\n<\/em>McGraw-Hill, 1993<\/td>\n<\/tr>\n<\/tbody>\n<\/table>\n<p><a href=\"#top\">top<\/a><\/p>\n<div><\/div>\n","protected":false},"excerpt":{"rendered":"<p>Finanzas para Directivos Amazon, 3\u00aa Edici\u00f3n, 2023 &nbsp; &nbsp; Finance for Managers Amazon, 3rd Edition, 2023 &nbsp; &nbsp; &nbsp; Finan\u00e7as para Executivos Amazon, 3\u00aa Edi\u00e7\u00e3o, 2024 &nbsp; &nbsp; &nbsp; Finan\u00e7as para Executivos McGraw-Hill, 1\u00aa Edi\u00e7\u00e3o, 2019 &nbsp; &nbsp; Finance for Managers McGraw-Hill, 1st Edition, 2012 &nbsp; &nbsp; Finanzas para Directivos McGraw-Hill, 2\u00aa Edici\u00f3n, 2017 &nbsp; [&hellip;]<\/p>\n","protected":false},"author":166,"featured_media":0,"parent":0,"menu_order":4,"comment_status":"closed","ping_status":"closed","template":"","meta":{"footnotes":""},"class_list":["post-19","page","type-page","status-publish","hentry"],"aioseo_notices":[],"_links":{"self":[{"href":"https:\/\/blog.iese.edu\/martinezabascal\/wp-json\/wp\/v2\/pages\/19","targetHints":{"allow":["GET"]}}],"collection":[{"href":"https:\/\/blog.iese.edu\/martinezabascal\/wp-json\/wp\/v2\/pages"}],"about":[{"href":"https:\/\/blog.iese.edu\/martinezabascal\/wp-json\/wp\/v2\/types\/page"}],"author":[{"embeddable":true,"href":"https:\/\/blog.iese.edu\/martinezabascal\/wp-json\/wp\/v2\/users\/166"}],"replies":[{"embeddable":true,"href":"https:\/\/blog.iese.edu\/martinezabascal\/wp-json\/wp\/v2\/comments?post=19"}],"version-history":[{"count":154,"href":"https:\/\/blog.iese.edu\/martinezabascal\/wp-json\/wp\/v2\/pages\/19\/revisions"}],"predecessor-version":[{"id":4263,"href":"https:\/\/blog.iese.edu\/martinezabascal\/wp-json\/wp\/v2\/pages\/19\/revisions\/4263"}],"wp:attachment":[{"href":"https:\/\/blog.iese.edu\/martinezabascal\/wp-json\/wp\/v2\/media?parent=19"}],"curies":[{"name":"wp","href":"https:\/\/api.w.org\/{rel}","templated":true}]}}