{"id":2289,"date":"2012-10-15T13:24:30","date_gmt":"2012-10-15T12:24:30","guid":{"rendered":"https:\/\/blog.iese.edu\/martinezabascal\/?page_id=2289"},"modified":"2021-04-15T10:47:48","modified_gmt":"2021-04-15T09:47:48","slug":"finanzas-para-directivos-2012","status":"publish","type":"page","link":"https:\/\/blog.iese.edu\/martinezabascal\/books\/finanzas-para-directivos-2012\/","title":{"rendered":"Finanzas para Directivos (2017)"},"content":{"rendered":"<p><a href=\"http:\/\/www.mghbooks.com\/ficha.php?id=9788448175351\" target=\"_blank\" rel=\"noopener noreferrer\"><img loading=\"lazy\" decoding=\"async\" class=\"size-full wp-image-2286 alignleft\" title=\"Finanzas para directivos, Eduardo Mart\u00ednez Abascal\" src=\"https:\/\/blog.iese.edu\/martinezabascal\/files\/2010\/06\/Finanzas-para-directivos-2012.jpg\" alt=\"Finanzas para directivos, Eduardo Mart\u00ednez Abascal\" width=\"140\" height=\"196\" \/><\/a><\/p>\n<p><strong>Finanzas para Directivos<\/strong><\/p>\n<p>McGraw-Hill<\/p>\n<p>Eduardo Mart\u00ednez Abascal<br \/>\nProfesor de Finanzas, IESE-CIF<\/p>\n<p>Este libro persigue explicar los conceptos b\u00e1sicos de las finanzas de una empresa (finanzas corporativas), es decir, lo que de finanzas deber\u00eda saber cualquier directivo, sea este de marketing, comercial, recursos humanos, etc. Pretende transmitir el conocimiento en finanzas necesario para comprender al director financiero de tu empresa e incluso para hacerle preguntas sensatas.<\/p>\n<p>Su primera edici\u00f3n ha sido utilizada en los \u00faltimos seis a\u00f1os en multitud de programas de formaci\u00f3n de directivos (<em>Executive Education<\/em>) y <em>MBA<\/em>, por m\u00e1s de 5.000 directivos, en al menos diez pa\u00edses distintos y en cuatro continentes. En esta segunda edici\u00f3n he recogido los muchos comentarios y sugerencias de participantes y alumnos, de gran utilidad para mejorar el contenido y la claridad.<\/p>\n<p>La mayor\u00eda de manuales \u201ccl\u00e1sicos\u201d de finanzas adoptan la perspectiva de grandes empresas y cotizadas en bolsa. En tal aspecto, este libro es diferente, pues pretende dirigirse a directivos de empresas \u201cnormales\u201d, que son m\u00e1s del 99,5% de las existentes en el mundo: empresas que o no son grandes o no cotizan en bolsa.<\/p>\n<p><a title=\"Finanzas para directivos, Eduardo Mart\u00ednez Abascal, IESE\" href=\"https:\/\/www.mheducation.es\/finanzas-para-directivos-9788448175351-spain-group\" target=\"_blank\" rel=\"noopener noreferrer\"><em>Comprar<\/em><\/a><\/p>\n<p>&nbsp;<\/p>\n<p><strong>Tabla de Contenidos<\/strong><\/p>\n<p>1. Finanzas operativas (I). An\u00e1lisis y diagn\u00f3stico.<\/p>\n<p>2. Finanzas operativas (II). Previsi\u00f3n financiera.<\/p>\n<p>3. Caso pr\u00e1ctico y su resoluci\u00f3n.<\/p>\n<p>4. Productos bancarios para obtener financiaci\u00f3n.<\/p>\n<p>5. C\u00e1lculo financiero con Excel.<\/p>\n<p>6. Introducci\u00f3n a las finanzas estructurales.<\/p>\n<p>7. An\u00e1lisis de proyectos de inversi\u00f3n.<\/p>\n<p>8. Casos de an\u00e1lisis de proyectos de inversi\u00f3n.<\/p>\n<p>9. Decisiones sobre financiaci\u00f3n: deuda <em>vs <\/em>capital.<\/p>\n<p>10. Valoraci\u00f3n de empresas. Un resumen.<\/p>\n<p>&nbsp;<\/p>\n<p><strong>Anexos en Espa\u00f1ol, Ingl\u00e9s y Portugu\u00e9s<br \/>\n<\/strong><\/p>\n<ul>\n<li><a href=\"https:\/\/blog.iese.edu\/martinezabascal\/files\/2020\/06\/Chapter-1.-Exhibits-y-Anexos.xlsx\">Cap\u00edtulo 1 Anexos<\/a><\/li>\n<li><a href=\"https:\/\/blog.iese.edu\/martinezabascal\/files\/2020\/06\/Chapter-2.-Exhibits-y-Anexos.xlsx\">Cap\u00edtulo 2 Anexos<\/a><\/li>\n<li><a href=\"https:\/\/blog.iese.edu\/martinezabascal\/files\/2020\/06\/Chapter-3.-Exhibits-y-Anexos.xlsx\">Cap\u00edtulo 3 Anexos<\/a><\/li>\n<li><a href=\"https:\/\/blog.iese.edu\/martinezabascal\/files\/2021\/02\/Chapter-4.-Exhibits-y-Anexos.xlsm\">Cap\u00edtulo 4 Anexos<\/a><\/li>\n<li><a href=\"https:\/\/blog.iese.edu\/martinezabascal\/files\/2020\/06\/Chapter-5.-Exhibits-y-Anexos.xlsx\">Cap\u00edtulo 5 Anexos<\/a><\/li>\n<li><a href=\"https:\/\/blog.iese.edu\/martinezabascal\/files\/2020\/06\/Chapter-6.-Exhibits-y-Anexos.xlsx\">Cap\u00edtulo 6 Anexos<\/a><\/li>\n<li><a href=\"https:\/\/blog.iese.edu\/martinezabascal\/files\/2020\/06\/Chapter-7.-Exhibits-y-Anexos.xlsx\">Cap\u00edtulo 7 Anexos<\/a><\/li>\n<li><a href=\"https:\/\/blog.iese.edu\/martinezabascal\/files\/2021\/04\/Chapter-8-Anexos.xls\">Cap\u00edtulo 8 Anexos (s\u00f3lo en Espa\u00f1ol)<\/a><\/li>\n<li><a href=\"https:\/\/blog.iese.edu\/martinezabascal\/files\/2020\/06\/Chapter-9.-Exhibits-y-Anexos.xlsx\">Cap\u00edtulo 9 Anexos<\/a><\/li>\n<li><a href=\"https:\/\/blog.iese.edu\/martinezabascal\/files\/2020\/06\/Chapter-10.-Exhibits-y-Anexos.xlsx\">Cap\u00edtulo 10 Anexos<\/a><\/li>\n<\/ul>\n<p>&nbsp;<\/p>\n<p>&nbsp;<\/p>\n","protected":false},"excerpt":{"rendered":"<p>Finanzas para Directivos McGraw-Hill Eduardo Mart\u00ednez Abascal Profesor de Finanzas, IESE-CIF Este libro persigue explicar los conceptos b\u00e1sicos de las finanzas de una empresa (finanzas corporativas), es decir, lo que de finanzas deber\u00eda saber cualquier directivo, sea este de marketing, comercial, recursos humanos, etc. Pretende transmitir el conocimiento en finanzas necesario para comprender al director [&hellip;]<\/p>\n","protected":false},"author":166,"featured_media":0,"parent":19,"menu_order":0,"comment_status":"closed","ping_status":"open","template":"","meta":{"footnotes":""},"class_list":["post-2289","page","type-page","status-publish","hentry"],"aioseo_notices":[],"_links":{"self":[{"href":"https:\/\/blog.iese.edu\/martinezabascal\/wp-json\/wp\/v2\/pages\/2289","targetHints":{"allow":["GET"]}}],"collection":[{"href":"https:\/\/blog.iese.edu\/martinezabascal\/wp-json\/wp\/v2\/pages"}],"about":[{"href":"https:\/\/blog.iese.edu\/martinezabascal\/wp-json\/wp\/v2\/types\/page"}],"author":[{"embeddable":true,"href":"https:\/\/blog.iese.edu\/martinezabascal\/wp-json\/wp\/v2\/users\/166"}],"replies":[{"embeddable":true,"href":"https:\/\/blog.iese.edu\/martinezabascal\/wp-json\/wp\/v2\/comments?post=2289"}],"version-history":[{"count":24,"href":"https:\/\/blog.iese.edu\/martinezabascal\/wp-json\/wp\/v2\/pages\/2289\/revisions"}],"predecessor-version":[{"id":4146,"href":"https:\/\/blog.iese.edu\/martinezabascal\/wp-json\/wp\/v2\/pages\/2289\/revisions\/4146"}],"up":[{"embeddable":true,"href":"https:\/\/blog.iese.edu\/martinezabascal\/wp-json\/wp\/v2\/pages\/19"}],"wp:attachment":[{"href":"https:\/\/blog.iese.edu\/martinezabascal\/wp-json\/wp\/v2\/media?parent=2289"}],"curies":[{"name":"wp","href":"https:\/\/api.w.org\/{rel}","templated":true}]}}