{"id":2867,"date":"2013-10-09T15:19:52","date_gmt":"2013-10-09T14:19:52","guid":{"rendered":"https:\/\/blog.iese.edu\/martinezabascal\/?page_id=2867"},"modified":"2014-04-23T15:03:12","modified_gmt":"2014-04-23T14:03:12","slug":"moderacion-de-comentarios","status":"publish","type":"page","link":"https:\/\/blog.iese.edu\/martinezabascal\/moderacion-de-comentarios\/","title":{"rendered":"Moderaci\u00f3n de comentarios"},"content":{"rendered":"<p><strong>Econom\u00eda para todos<\/strong> es un blog <strong>abierto al debate<\/strong>. <strong>El autor agradece la participaci\u00f3n<\/strong> de los lectores, que ha sido siempre ejemplar. No es necesario explicar que\u00a0<strong>el blog est\u00e1 abierto a la discrepancia con las opiniones del autor o de otros comentaristas<\/strong>, siempre que se manifieste desde el respeto.<\/p>\n<p><strong>Los comentarios de este blog est\u00e1n moderados y se aprueban con la m\u00e1xima celeridad<\/strong>, salvo que se env\u00eden de modo an\u00f3nimo o se empleen para expresar opiniones sin guardar las formas m\u00ednimas. Por tanto, agradecer\u00edamos que <strong>los comentaristas se identificaran con su nombre, apellidos y una direcci\u00f3n de correo electr\u00f3nico reales<\/strong>.<\/p>\n<p><strong>El autor responder\u00e1 los comentarios cuando lo considere oportuno e incluso podr\u00eda contestar personalmente por correo electr\u00f3nico<\/strong> a alguno de los lectores del blog en caso de que lo crea necesario.<\/p>\n<p>De nuevo, <strong>agradecemos la calidad de los comentarios que envi\u00e1is<\/strong>, que enriquecen el contenido del blog y contribuyen al debate, y os animamos a continuar participando, proponiendo temas, objeciones, discrepancias, complementando la informaci\u00f3n de los posts, etc. Todos salimos ganando.<\/p>\n","protected":false},"excerpt":{"rendered":"<p>Econom\u00eda para todos es un blog abierto al debate. El autor agradece la participaci\u00f3n de los lectores, que ha sido siempre ejemplar. No es necesario explicar que\u00a0el blog est\u00e1 abierto a la discrepancia con las opiniones del autor o de otros comentaristas, siempre que se manifieste desde el respeto. Los comentarios de este blog est\u00e1n [&hellip;]<\/p>\n","protected":false},"author":13,"featured_media":0,"parent":0,"menu_order":0,"comment_status":"closed","ping_status":"closed","template":"","meta":{"footnotes":""},"class_list":["post-2867","page","type-page","status-publish","hentry"],"aioseo_notices":[],"_links":{"self":[{"href":"https:\/\/blog.iese.edu\/martinezabascal\/wp-json\/wp\/v2\/pages\/2867","targetHints":{"allow":["GET"]}}],"collection":[{"href":"https:\/\/blog.iese.edu\/martinezabascal\/wp-json\/wp\/v2\/pages"}],"about":[{"href":"https:\/\/blog.iese.edu\/martinezabascal\/wp-json\/wp\/v2\/types\/page"}],"author":[{"embeddable":true,"href":"https:\/\/blog.iese.edu\/martinezabascal\/wp-json\/wp\/v2\/users\/13"}],"replies":[{"embeddable":true,"href":"https:\/\/blog.iese.edu\/martinezabascal\/wp-json\/wp\/v2\/comments?post=2867"}],"version-history":[{"count":3,"href":"https:\/\/blog.iese.edu\/martinezabascal\/wp-json\/wp\/v2\/pages\/2867\/revisions"}],"predecessor-version":[{"id":3186,"href":"https:\/\/blog.iese.edu\/martinezabascal\/wp-json\/wp\/v2\/pages\/2867\/revisions\/3186"}],"wp:attachment":[{"href":"https:\/\/blog.iese.edu\/martinezabascal\/wp-json\/wp\/v2\/media?parent=2867"}],"curies":[{"name":"wp","href":"https:\/\/api.w.org\/{rel}","templated":true}]}}