{"id":3097,"date":"2014-02-18T09:45:30","date_gmt":"2014-02-18T08:45:30","guid":{"rendered":"https:\/\/blog.iese.edu\/martinezabascal\/?page_id=3097"},"modified":"2014-02-18T09:45:30","modified_gmt":"2014-02-18T08:45:30","slug":"suscripcion-por-correo-electronico","status":"publish","type":"page","link":"https:\/\/blog.iese.edu\/martinezabascal\/suscripcion-por-correo-electronico\/","title":{"rendered":"Suscripci\u00f3n por correo electr\u00f3nico"},"content":{"rendered":"<form style=\"border: 1px solid #ccc; padding: 3px; text-align: center;\" action=\"http:\/\/feedburner.google.com\/fb\/a\/mailverify\" method=\"post\" target=\"popupwindow\" onsubmit=\"window.open('http:\/\/feedburner.google.com\/fb\/a\/mailverify?uri=iese\/MartinezAbascal', 'popupwindow', 'scrollbars=yes,width=550,height=520');return true\">Introduzca su direcci\u00f3n de correo electr\u00f3nico*:<\/p>\n<p><input style=\"width: 140px;\" type=\"text\" name=\"email\" \/><\/p>\n<p><input type=\"hidden\" name=\"uri\" value=\"iese\/MartinezAbascal\" \/><input type=\"hidden\" name=\"loc\" value=\"es_ES\" \/><input type=\"submit\" value=\"Suscribirse\" \/><\/p>\n<p>&nbsp;<\/p>\n<p>Si experimenta alg\u00fan problema, contacte con nosotros por\u00a0<a href=\"mailto:blog@iese.edu\">correo electr\u00f3nico<\/a>.<\/p>\n<p>*<em>El Sitio Web utiliza FeedBurner como gestor de suscripciones al feed, bajo la presente pol\u00edtica de privacidad y la de Google. La \u00fanica finalidad con la que los datos ser\u00e1n utilizados ser\u00e1 la de gestionar la suscripci\u00f3n del usuario al feed, enviarle las actualizaciones del Sitio Web y llevar a cabo an\u00e1lisis estad\u00edsticos del uso del Sitio Web por los usuarios. El usuario suscrito v\u00eda e-mail al Sitio Web, puede darse de baja en cualquier momento pulsando el enlace que le aparece al final de cada mensaje de actualizaci\u00f3n del feed que reciba en su e-mail, escribiendo a\u00a0<\/em><a href=\"mailto:blog@iese.edu\"><em>blog@iese.edu<\/em><\/a><em>, o por correo postal a IESE Blogs, IESE Business School, Av. Pearson 21, 08034 Barcelona, o ejercitando sus derechos de acceso, rectificaci\u00f3n, cancelaci\u00f3n y oposici\u00f3n mediante comunicaci\u00f3n dirigida al propietario del Sitio Web a la direcci\u00f3n de correo electr\u00f3nico\u00a0<a href=\"mailto:blog@iese.edu\"><em>blog@iese.edu<\/em><\/a><\/em>\u00a0<a href=\"https:\/\/blog.iese.edu\/in-family-business\/wp-admin\/post.php?post=2239&amp;action=edit\">(<em>edit<\/em>)<\/a><\/p>\n<\/form>\n","protected":false},"excerpt":{"rendered":"<p>Introduzca su direcci\u00f3n de correo electr\u00f3nico*: &nbsp; Si experimenta alg\u00fan problema, contacte con nosotros por\u00a0correo electr\u00f3nico. *El Sitio Web utiliza FeedBurner como gestor de suscripciones al feed, bajo la presente pol\u00edtica de privacidad y la de Google. La \u00fanica finalidad con la que los datos ser\u00e1n utilizados ser\u00e1 la de gestionar la suscripci\u00f3n del usuario [&hellip;]<\/p>\n","protected":false},"author":13,"featured_media":0,"parent":0,"menu_order":0,"comment_status":"closed","ping_status":"closed","template":"","meta":{"footnotes":""},"class_list":["post-3097","page","type-page","status-publish","hentry"],"aioseo_notices":[],"_links":{"self":[{"href":"https:\/\/blog.iese.edu\/martinezabascal\/wp-json\/wp\/v2\/pages\/3097","targetHints":{"allow":["GET"]}}],"collection":[{"href":"https:\/\/blog.iese.edu\/martinezabascal\/wp-json\/wp\/v2\/pages"}],"about":[{"href":"https:\/\/blog.iese.edu\/martinezabascal\/wp-json\/wp\/v2\/types\/page"}],"author":[{"embeddable":true,"href":"https:\/\/blog.iese.edu\/martinezabascal\/wp-json\/wp\/v2\/users\/13"}],"replies":[{"embeddable":true,"href":"https:\/\/blog.iese.edu\/martinezabascal\/wp-json\/wp\/v2\/comments?post=3097"}],"version-history":[{"count":3,"href":"https:\/\/blog.iese.edu\/martinezabascal\/wp-json\/wp\/v2\/pages\/3097\/revisions"}],"predecessor-version":[{"id":3100,"href":"https:\/\/blog.iese.edu\/martinezabascal\/wp-json\/wp\/v2\/pages\/3097\/revisions\/3100"}],"wp:attachment":[{"href":"https:\/\/blog.iese.edu\/martinezabascal\/wp-json\/wp\/v2\/media?parent=3097"}],"curies":[{"name":"wp","href":"https:\/\/api.w.org\/{rel}","templated":true}]}}