{"id":4171,"date":"2023-10-19T15:44:01","date_gmt":"2023-10-19T14:44:01","guid":{"rendered":"https:\/\/blog.iese.edu\/martinezabascal\/?page_id=4171"},"modified":"2025-08-20T12:21:57","modified_gmt":"2025-08-20T11:21:57","slug":"finanzas-para-directivos-2023","status":"publish","type":"page","link":"https:\/\/blog.iese.edu\/martinezabascal\/books\/finanzas-para-directivos-2023\/","title":{"rendered":"Finanzas para Directivos, 3\u00aa Ed. 2023"},"content":{"rendered":"<p><a href=\"https:\/\/www.amazon.es\/Finanzas-Directivos-Eduardo-Martinez-Abascal-ebook\/dp\/B0CLK4S2H5\/ref=sr_1_5?adgrpid=55596050589&amp;hvadid=601358958140&amp;hvdev=c&amp;hvlocphy=1005424&amp;hvnetw=g&amp;hvqmt=b&amp;hvrand=3895260557198477020&amp;hvtargid=kwd-302765076840&amp;hydadcr=15220_2291255&amp;keywords=eduardo+martinez+abascal&amp;qid=1698238103&amp;s=books&amp;sr=1-5\" target=\"_blank\" rel=\"noopener noreferrer\"><img loading=\"lazy\" decoding=\"async\" class=\"size-full wp-image-2286 alignleft\" title=\"Finanzas para directivos, Eduardo Mart\u00ednez Abascal\" src=\"https:\/\/blog.iese.edu\/martinezabascal\/files\/2023\/10\/finanzas-para-directivos-2023.jpg\" alt=\"Finanzas para directivos, Eduardo Mart\u00ednez Abascal\" width=\"140\" height=\"223\" \/><\/a><\/p>\n<p><strong>Finanzas para Directivos<\/strong><\/p>\n<p>Amazon<\/p>\n<p>Eduardo Mart\u00ednez Abascal<br \/>\nProfesor de Finanzas, IESE<\/p>\n<p>Esta obra pretende explicar los conceptos financieros b\u00e1sicos de una empresa (finanzas corporativas), es decir, lo que de finanzas deber\u00eda saber cualquier directivo, sea este de marketing, comercial, de recursos humanos, etc. Pretende transmitir el conocimiento en finanzas necesario para comprender al director financiero de tu empresa e incluso para hacerle preguntas sensatas.<\/p>\n<p>Desde la primera edici\u00f3n, el libro se ha utilizado en multitud de programas de formaci\u00f3n de directivos (Executive Education) y MBA, por m\u00e1s de 25.000 directivos, en al menos diez pa\u00edses distintos y en cuatro continentes. En esta \u00faltima edici\u00f3n he recogido los muchos comentarios y sugerencias de participantes y alumnos, de gran utilidad para mejorar su contenido y claridad.<\/p>\n<p>La mayor\u00eda de manuales \u00abcl\u00e1sicos\u00bb de finanzas adoptan la perspectiva de grandes empresas y cotizadas en bolsa. En tal aspecto, este libro es diferente, pues va dirigido a directivos de empresas \u00abnormales\u00bb, que son m\u00e1s del 99,5 % de las existentes en el mundo: empresas que o no son grandes o no cotizan en bolsa.<\/p>\n<p><a title=\"Finanzas para directivos, Eduardo Mart\u00ednez Abascal, IESE\" href=\"https:\/\/www.amazon.es\/Finanzas-Directivos-Eduardo-Martinez-Abascal\/dp\/B0CM43Z3Q7\/ref=sr_1_2?crid=3EZ98MDOQUHGC&amp;dib=eyJ2IjoiMSJ9.T_xB3nvl_Wob74_lHTN0rMW4nycJERFaN3P84l_lqaUABFeOK0XKCnm6ch2s5_XS0StzS3V6x6nfIxATvSR0RTRGXUW1rQuglwoMYeUOEmkYcZGxeCDTMRr5G1Ig8d2G.sQNeY0N-mbSjFqzzm2efPUptZgNsTVlQnl9HvemniiE&amp;dib_tag=se&amp;keywords=finanzas+para+directivos+abascal&amp;qid=1712317875&amp;sprefix=finanzas+para+dire%2Caps%2C99&amp;sr=8-2\" target=\"_blank\" rel=\"noopener\"><strong>Comprar<\/strong><\/a><\/p>\n<p>&nbsp;<\/p>\n<p><strong>Tabla de Contenidos<\/strong><\/p>\n<p>Cap 0. Introducci\u00f3n y uso del libro<\/p>\n<p>Cap 1. Finanzas operativas-I. An\u00e1lisis y diagn\u00f3stico financiero.<\/p>\n<p>Cap 2. Finanzas operativas-II. Previsi\u00f3n financiera.<\/p>\n<p>Cap 3. Caso pr\u00e1ctico y su resoluci\u00f3n.<\/p>\n<p>Cap 4. Financiaci\u00f3n bancaria.<\/p>\n<p>Cap 5. C\u00e1lculo financiero con Excel.<\/p>\n<p>Cap 6. Introducci\u00f3n a las finanzas estructurales.<\/p>\n<p>Cap 7. Decisiones de Inversi\u00f3n.<\/p>\n<p>Cap 8. Casos de decisiones de inversi\u00f3n.<\/p>\n<p>Cap 9. Decisiones sobre financiaci\u00f3n: deuda vs capital.<\/p>\n<p>Cap 10. Valoraci\u00f3n de empresas. Un resumen.<\/p>\n<p>&nbsp;<\/p>\n<p><strong>Anexos en Espa\u00f1ol, Ingl\u00e9s y Portugu\u00e9s<br \/>\n<\/strong><\/p>\n<ul>\n<li><a href=\"https:\/\/blog.iese.edu\/martinezabascal\/files\/2024\/12\/Chapter-1-Exhibits-y-Anexos-FINAL.xlsm\">Cap\u00edtulo 1 Anexos<\/a><\/li>\n<li><a href=\"https:\/\/blog.iese.edu\/martinezabascal\/files\/2026\/03\/Chapter-2-Exhibits-y-Anexos-NEW-FINAL.xlsm\">Cap\u00edtulo 2 Anexos<\/a><\/li>\n<li><a href=\"https:\/\/blog.iese.edu\/martinezabascal\/files\/2024\/12\/Chapter-3-Exhibits-y-Anexos-FINAL.xlsm\">Cap\u00edtulo 3 Anexos<\/a><\/li>\n<li><a href=\"https:\/\/blog.iese.edu\/martinezabascal\/files\/2024\/12\/Chapter-4-Exhibits-y-Anexos-FINAL.xlsx\">Cap\u00edtulo 4 Anexos<\/a><\/li>\n<li><a href=\"https:\/\/blog.iese.edu\/martinezabascal\/files\/2024\/12\/Chapter-5-Exhibits-y-Anexos-FINAL.xlsm\">Cap\u00edtulo 5 Anexos<\/a><\/li>\n<li><a href=\"https:\/\/blog.iese.edu\/martinezabascal\/files\/2024\/12\/Chapter-6-Exhibits-y-Anexos-FINAL.xlsm\">Cap\u00edtulo 6 Anexos<\/a><\/li>\n<li><a href=\"https:\/\/blog.iese.edu\/martinezabascal\/files\/2026\/04\/Chapter-7-Exhibits-y-Anexos-NEW-FINAL.xlsm\">Cap\u00edtulo 7 Anexos<\/a><\/li>\n<li><a href=\"https:\/\/blog.iese.edu\/martinezabascal\/files\/2026\/04\/Chapter-8-Exhibits-y-Anexos-NEW-FINAL.xlsm\">Cap\u00edtulo 8 Anexos<\/a><\/li>\n<li><a href=\"https:\/\/blog.iese.edu\/martinezabascal\/files\/2024\/12\/Chapter-9-Exhibits-y-Anexos-FINAL.xlsm\">Cap\u00edtulo 9 Anexos<\/a><\/li>\n<li><a href=\"https:\/\/blog.iese.edu\/martinezabascal\/files\/2024\/12\/Chapter-10-Exhibits-y-Anexos-FINAL.xlsm\">Cap\u00edtulo 10 Anexos<\/a><\/li>\n<\/ul>\n<p>&nbsp;<\/p>\n<p>&nbsp;<\/p>\n","protected":false},"excerpt":{"rendered":"<p>Finanzas para Directivos Amazon Eduardo Mart\u00ednez Abascal Profesor de Finanzas, IESE Esta obra pretende explicar los conceptos financieros b\u00e1sicos de una empresa (finanzas corporativas), es decir, lo que de finanzas deber\u00eda saber cualquier directivo, sea este de marketing, comercial, de recursos humanos, etc. Pretende transmitir el conocimiento en finanzas necesario para comprender al director financiero [&hellip;]<\/p>\n","protected":false},"author":217,"featured_media":0,"parent":19,"menu_order":0,"comment_status":"closed","ping_status":"closed","template":"","meta":{"footnotes":""},"class_list":["post-4171","page","type-page","status-publish","hentry"],"aioseo_notices":[],"_links":{"self":[{"href":"https:\/\/blog.iese.edu\/martinezabascal\/wp-json\/wp\/v2\/pages\/4171","targetHints":{"allow":["GET"]}}],"collection":[{"href":"https:\/\/blog.iese.edu\/martinezabascal\/wp-json\/wp\/v2\/pages"}],"about":[{"href":"https:\/\/blog.iese.edu\/martinezabascal\/wp-json\/wp\/v2\/types\/page"}],"author":[{"embeddable":true,"href":"https:\/\/blog.iese.edu\/martinezabascal\/wp-json\/wp\/v2\/users\/217"}],"replies":[{"embeddable":true,"href":"https:\/\/blog.iese.edu\/martinezabascal\/wp-json\/wp\/v2\/comments?post=4171"}],"version-history":[{"count":14,"href":"https:\/\/blog.iese.edu\/martinezabascal\/wp-json\/wp\/v2\/pages\/4171\/revisions"}],"predecessor-version":[{"id":4289,"href":"https:\/\/blog.iese.edu\/martinezabascal\/wp-json\/wp\/v2\/pages\/4171\/revisions\/4289"}],"up":[{"embeddable":true,"href":"https:\/\/blog.iese.edu\/martinezabascal\/wp-json\/wp\/v2\/pages\/19"}],"wp:attachment":[{"href":"https:\/\/blog.iese.edu\/martinezabascal\/wp-json\/wp\/v2\/media?parent=4171"}],"curies":[{"name":"wp","href":"https:\/\/api.w.org\/{rel}","templated":true}]}}