{"id":476,"date":"2011-01-13T16:56:08","date_gmt":"2011-01-13T15:56:08","guid":{"rendered":"https:\/\/blog.iese.edu\/martinezabascal\/"},"modified":"2011-06-29T10:19:54","modified_gmt":"2011-06-29T09:19:54","slug":"invertir-en-bolsa","status":"publish","type":"page","link":"https:\/\/blog.iese.edu\/martinezabascal\/books\/invertir-en-bolsa\/","title":{"rendered":"Invertir en bolsa, conceptos y estrategias"},"content":{"rendered":"<div><img loading=\"lazy\" decoding=\"async\" class=\"alignleft size-full wp-image-335\" title=\"invertir en bolsa conceptos y estrategias\" src=\"https:\/\/blog.iese.edu\/martinezabascal\/files\/2010\/06\/invertir-en-bolsa-conceptos-y-estrategias.gif\" alt=\"\" width=\"92\" height=\"132\" \/>Invertir en bolsa: conceptos y estrategias\u00a0pretende dar una explicaci\u00f3n sencilla y con orientaci\u00f3n pr\u00e1ctica sobre el mercado burs\u00e1til y el modo de gestionar una cartera de acciones. Despu\u00e9s de desarrollar los diversos productos b\u00e1sicos para invertir en renta variable y los mercados en los que se negocian, el autor introduce los conceptos de rentabilidad y riesgo y como medirlos, incluye adem\u00e1s una visi\u00f3n hist\u00f3rica de la rentabilidad de las principales bolsas mundiales.&nbsp;<\/p>\n<p>Posteriormente se estudian los modelos de optimizaci\u00f3n, CAPM, APT y Teor\u00eda de la eficiencia. Por \u00faltimo se centra en las diversas estrategias de gesti\u00f3n de renta variable (tanto activas como pasivas, arbitraje y cobertura) y c\u00f3mo llevarlas a cabo. Esta obra es de lectura recomendada para todo gestor de cartera de renta variable as\u00ed como para el p\u00fablico en general, ya que la bolsa ha pasado a ocupar un papel fundamental no s\u00f3lo en los pa\u00edses desarrollados sino tambi\u00e9n en los pa\u00edses en v\u00eda de desarrollo.<\/p>\n<div>\n<h3><strong>\u00cdndice<\/strong><\/h3>\n<p><strong>PARTE I: PRODUCTOS<\/strong><\/p>\n<p>1. La bolsa: funcionamiento y magnitudes<\/p>\n<p>2. Fondos de inversi\u00f3n mobiliaria<\/p>\n<p>3. Productos especiales: derechos, dividendos y convertibles<\/p>\n<p>4. Futuros sobre renta variable<\/p>\n<p>5.\u00a0 Opciones sobre renta variable<\/p>\n<p><strong>PARTE II: TEOR\u00cdA DE CARTERAS<\/strong><\/p>\n<p>6. Rentabilidad, riesgo y optimizaci\u00f3n de carteras<\/p>\n<p>7. Rentabilidad simple y continua en acciones<\/p>\n<p>8. CAPM, modelo de mercado y multifactorial<\/p>\n<p>9. Eficiencia del mercado burs\u00e1til<\/p>\n<p>10. Riesgo y rentabilidad en la bolsa: historia reciente<\/p>\n<p><strong>PARTE III: ESTRATEGIAS DE GESTI\u00d3N EN RENTA VARIABLE<\/strong><\/p>\n<p>11. Estrategias de gesti\u00f3n: visi\u00f3n general<\/p>\n<p>12. Criterios para la formaci\u00f3n de carteras y asignaci\u00f3n de activos<\/p>\n<p>13. An\u00e1lisis fundamental: an\u00e1lisis macroecon\u00f3micos (Top-Down)<\/p>\n<p>14. An\u00e1lisis fundamental: valoraci\u00f3n de acciones (Bottom-Up)<\/p>\n<p>15. EL PER: concepto y uso en la gesti\u00f3n de carteras<\/p>\n<p>16. Introducci\u00f3n al an\u00e1lisis t\u00e9cnico burs\u00e1til<\/p>\n<p>17. Cobertura y seguro de carteras<\/p>\n<p>18. Gesti\u00f3n pasiva, carteras \u00edndice y arbitraje<\/p>\n<p>19. Gesti\u00f3n internacional<\/p>\n<p>20. Evaluaci\u00f3n de carteras<\/p>\n<\/div>\n<\/div>\n","protected":false},"excerpt":{"rendered":"<p>Invertir en bolsa: conceptos y estrategias\u00a0pretende dar una explicaci\u00f3n sencilla y con orientaci\u00f3n pr\u00e1ctica sobre el mercado burs\u00e1til y el modo de gestionar una cartera de acciones. Despu\u00e9s de desarrollar los diversos productos b\u00e1sicos para invertir en renta variable y los mercados en los que se negocian, el autor introduce los conceptos de rentabilidad y [&hellip;]<\/p>\n","protected":false},"author":166,"featured_media":0,"parent":19,"menu_order":0,"comment_status":"closed","ping_status":"closed","template":"","meta":{"footnotes":""},"class_list":["post-476","page","type-page","status-publish","hentry"],"aioseo_notices":[],"_links":{"self":[{"href":"https:\/\/blog.iese.edu\/martinezabascal\/wp-json\/wp\/v2\/pages\/476","targetHints":{"allow":["GET"]}}],"collection":[{"href":"https:\/\/blog.iese.edu\/martinezabascal\/wp-json\/wp\/v2\/pages"}],"about":[{"href":"https:\/\/blog.iese.edu\/martinezabascal\/wp-json\/wp\/v2\/types\/page"}],"author":[{"embeddable":true,"href":"https:\/\/blog.iese.edu\/martinezabascal\/wp-json\/wp\/v2\/users\/166"}],"replies":[{"embeddable":true,"href":"https:\/\/blog.iese.edu\/martinezabascal\/wp-json\/wp\/v2\/comments?post=476"}],"version-history":[{"count":15,"href":"https:\/\/blog.iese.edu\/martinezabascal\/wp-json\/wp\/v2\/pages\/476\/revisions"}],"predecessor-version":[{"id":1526,"href":"https:\/\/blog.iese.edu\/martinezabascal\/wp-json\/wp\/v2\/pages\/476\/revisions\/1526"}],"up":[{"embeddable":true,"href":"https:\/\/blog.iese.edu\/martinezabascal\/wp-json\/wp\/v2\/pages\/19"}],"wp:attachment":[{"href":"https:\/\/blog.iese.edu\/martinezabascal\/wp-json\/wp\/v2\/media?parent=476"}],"curies":[{"name":"wp","href":"https:\/\/api.w.org\/{rel}","templated":true}]}}