{"id":485,"date":"2011-01-13T17:02:12","date_gmt":"2011-01-13T16:02:12","guid":{"rendered":"https:\/\/blog.iese.edu\/martinezabascal\/"},"modified":"2020-06-03T11:01:44","modified_gmt":"2020-06-03T10:01:44","slug":"per-bolsa","status":"publish","type":"page","link":"https:\/\/blog.iese.edu\/martinezabascal\/books\/per-bolsa\/","title":{"rendered":"PER y valoraci\u00f3n en bolsa"},"content":{"rendered":"<div>\n<div><img loading=\"lazy\" decoding=\"async\" class=\"alignleft\" title=\"per y valoraci\u00f3n en bolsa\" src=\"https:\/\/blog.iese.edu\/martinezabascal\/files\/2010\/06\/per-y-valoraci\u00f3n-en-bolsa.jpg\" alt=\"\" width=\"97\" height=\"132\" \/><\/div>\n<p>En este libro se realiza un estudio del PER (Price Earnings Ratio) como medida de valoraci\u00f3n tanto de \u00edndices burs\u00e1tiles como de empresas. Se examina el PER de varias bolsas y la influencia que sobre \u00e9l tienen algunas variables, tales como los tipos de inter\u00e9s, el crecimiento econ\u00f3mico y las primas de riesgo. Asimismo, se explica la relaci\u00f3n existente entre el PER de una empresa, su rentabilidad sobre recursos propios (ROE), su crecimiento y la creaci\u00f3n de valor.<\/p>\n<p>Tras la definici\u00f3n y c\u00e1lculo del PER a partir del descuento de flujos futuros, se realiza un an\u00e1lisis del PER de las bolsas de Estados Unidos, Inglaterra, Jap\u00f3n, Alemania y Espa\u00f1a y su relaci\u00f3n con los tipos de inter\u00e9s. Se estudia la relaci\u00f3n entre el crecimiento y el PER y se muestra c\u00f3mo una buena parte del PER pagado por los inversores se debe a las expectativas de crecimiento econ\u00f3mico, especialmente en las bolsas norteamericana y japonesa. Finalmente, se abordan las condiciones para la creaci\u00f3n de valor por parte de una empresa y su relaci\u00f3n con el PER.<br \/>\n<strong>\u00cdndice<\/strong><\/p>\n<p>Presentaci\u00f3n.<\/p>\n<p>1. PER y descuento de flujos.<\/p>\n<p>2. PER y tipos de inter\u00e9s.<\/p>\n<p>3. PER y crecimiento.<\/p>\n<p>4. PER y crecimiento. Evidencia emp\u00edrica.<\/p>\n<p>5. PER y rentabilidad de la empresa.<\/p>\n<p>6. PER y creaci\u00f3n de valor. Resumen.<\/p>\n<\/div>\n<p><span style=\"color: #ff0000\"><a style=\"color: #ff0000\" href=\"https:\/\/www.iese.edu\/es\/claustro-investigacion\/claustro\/eduardo-martinez-abascal\/\">Eduardo Mart\u00ednez Abascal<\/a><\/span> es Profesor Ordinario del<span style=\"color: #ff0000\"><a style=\"color: #ff0000\" href=\"https:\/\/www.iese.edu\/es\/\"> IESE<\/a> <\/span>en el \u00e1rea de <span style=\"color: #ff0000\"><a style=\"color: #ff0000\" href=\"https:\/\/www.iese.edu\/es\/claustro-investigacion\/departamentos-academicos\/direccion-financiera\/\">Direcci\u00f3n Financiera<\/a><\/span>.<\/p>\n","protected":false},"excerpt":{"rendered":"<p>En este libro se realiza un estudio del PER (Price Earnings Ratio) como medida de valoraci\u00f3n tanto de \u00edndices burs\u00e1tiles como de empresas. Se examina el PER de varias bolsas y la influencia que sobre \u00e9l tienen algunas variables, tales como los tipos de inter\u00e9s, el crecimiento econ\u00f3mico y las primas de riesgo. Asimismo, se [&hellip;]<\/p>\n","protected":false},"author":166,"featured_media":0,"parent":19,"menu_order":0,"comment_status":"closed","ping_status":"closed","template":"","meta":{"footnotes":""},"class_list":["post-485","page","type-page","status-publish","hentry"],"aioseo_notices":[],"_links":{"self":[{"href":"https:\/\/blog.iese.edu\/martinezabascal\/wp-json\/wp\/v2\/pages\/485","targetHints":{"allow":["GET"]}}],"collection":[{"href":"https:\/\/blog.iese.edu\/martinezabascal\/wp-json\/wp\/v2\/pages"}],"about":[{"href":"https:\/\/blog.iese.edu\/martinezabascal\/wp-json\/wp\/v2\/types\/page"}],"author":[{"embeddable":true,"href":"https:\/\/blog.iese.edu\/martinezabascal\/wp-json\/wp\/v2\/users\/166"}],"replies":[{"embeddable":true,"href":"https:\/\/blog.iese.edu\/martinezabascal\/wp-json\/wp\/v2\/comments?post=485"}],"version-history":[{"count":14,"href":"https:\/\/blog.iese.edu\/martinezabascal\/wp-json\/wp\/v2\/pages\/485\/revisions"}],"predecessor-version":[{"id":4069,"href":"https:\/\/blog.iese.edu\/martinezabascal\/wp-json\/wp\/v2\/pages\/485\/revisions\/4069"}],"up":[{"embeddable":true,"href":"https:\/\/blog.iese.edu\/martinezabascal\/wp-json\/wp\/v2\/pages\/19"}],"wp:attachment":[{"href":"https:\/\/blog.iese.edu\/martinezabascal\/wp-json\/wp\/v2\/media?parent=485"}],"curies":[{"name":"wp","href":"https:\/\/api.w.org\/{rel}","templated":true}]}}