{"id":489,"date":"2011-01-13T17:03:44","date_gmt":"2011-01-13T16:03:44","guid":{"rendered":"https:\/\/blog.iese.edu\/martinezabascal\/"},"modified":"2011-06-29T10:19:44","modified_gmt":"2011-06-29T09:19:44","slug":"gestion-de-carteras","status":"publish","type":"page","link":"https:\/\/blog.iese.edu\/martinezabascal\/books\/gestion-de-carteras\/","title":{"rendered":"Gesti\u00f3n de carteras de renta fija"},"content":{"rendered":"<div>\n<p><img loading=\"lazy\" decoding=\"async\" class=\"alignleft\" title=\"gesti\u00f3n de carteras de renta fija\" src=\"https:\/\/blog.iese.edu\/martinezabascal\/files\/2010\/06\/gesti\u00f3n-de-carteras-de-renta-fija.gif\" alt=\"\" width=\"92\" height=\"132\" \/><strong>Eduardo Mart\u00ednez Abascal\u00a0y\u00a0Jordi Guasch Ruiz, gestor de fondos de inversi\u00f3n.<\/strong><\/p>\n<p>La renta fija es el coraz\u00f3n del sistema financiero de cualquier pa\u00eds. La negociaci\u00f3n en renta fija (bonos, letras, pr\u00e9stamos, pagar\u00e9s, etc.) alcanza m\u00e1s del 90% del volumen total diario que se negocia en los mercados de capitales. Desde los 80 han ido apareciendo un creciente n\u00famero de productos y de t\u00e9cnicas de gesti\u00f3n de renta fija, que cubren espec\u00edficas necesidades de los clientes, pero que tienen, en muchos casos, un contenido t\u00e9cnico complejo (ej. swaps, VaR, bonos de pa\u00edses emergentes, productos garantizados, etc.).La literatura sobre gesti\u00f3n de renta fija es abundante en pa\u00edses anglosajones, que cuentan con una larga tradici\u00f3n inversora, pero no es as\u00ed en el mundo de habla hispana que va todav\u00eda muy retrasado respecto a los anteriores.\u00bbGesti\u00f3n de carteras de renta fija\u00bb es el libro m\u00e1s completo sobre este campo escrito en castellano.<\/p>\n<p>Este libro pretende dar una explicaci\u00f3n sencilla y con clara orientaci\u00f3n pr\u00e1ctica sobre los productos y el modo de gestionar una cartera de renta fija. Recoge la experiencia pr\u00e1ctica en gesti\u00f3n de renta fija aportada por Jordi Guasch Ruiz y el enfoque pedag\u00f3gico del Prof. Eduardo Mart\u00ednez-Abascal, fruto de sus 13 a\u00f1os de experiencia en cursos de formaci\u00f3n de directivos y de MBA del IESE. El libro se divide en tres partes.En la primera parte del libro se exponen los conceptos b\u00e1sicos de valoraci\u00f3n, rentabilidad y volatilidad de bonos. En la segunda, se describen los productos y mercados m\u00e1s t\u00edpicos en renta fija (mercados monetario y de deuda, mercados emergentes, titulizaci\u00f3n de activos, swaps, etc.).Por \u00faltimo, la tercera parte y n\u00facleo del libro est\u00e1 dedicada a las diversas estrategias de gesti\u00f3n, utilizadas hoy en d\u00eda en el mercado. Tambi\u00e9n, incluye las t\u00e9cnicas m\u00e1s actuales de medici\u00f3n del riesgo como son el VaR y el VaR de cr\u00e9dito.<\/p>\n<p>El libro incluye detalles pr\u00e1cticos para el lector, como es el resumen final de cada cap\u00edtulo o las referencias a las pantallas de informaci\u00f3n (Bloomberg y Reuters) y a la prensa financiera. Se a\u00f1ade tambi\u00e9n un vocabulario de t\u00e9rminos ingl\u00e9s-castellano, el \u00edndice anal\u00edtico, algunas p\u00e1ginas de inter\u00e9s en Internet y una bibliograf\u00eda seleccionada de libros y art\u00edculos para cada tema al final del libro. Para ayudar al lector a asimilar los conceptos, el libro contiene numerosos gr\u00e1ficos, tablas, y ejemplos. Todo el libro tiene un marcado car\u00e1cter internacional en el tratamiento de los temas, muy acorde a las condiciones de mundo sin fronteras que es el mercado de capitales en la actualidad.El libro va dirigido a tanto a profesionales de los mercados de capitales y del mundo financiero en general (banca, seguros, etc.) como a gestores de carteras (fondos de inversi\u00f3n mobiliaria, de pensiones) y a inversores individuales. Puede ser tambi\u00e9n de inter\u00e9s para estudiantes de programas de postgrado (MBA, programa doctoral) o de \u00faltimo curso de licenciatura.<\/p>\n<p>Este libro ha sido patrocinado por el CIIF, Centro Internacional de Investigaci\u00f3n Financiera del IESE, cuyas empresas patrono son: Aena, A.T. Kearney, Caja Madrid, Fundaci\u00f3n Ram\u00f3n Areces, Grupo Endesa, Telef\u00f3nica y Uni\u00f3n Fenosa.<\/p>\n<table border=\"0\" cellspacing=\"0\" cellpadding=\"0\" width=\"96%\" align=\"center\">\n<tbody>\n<tr>\n<td><\/td>\n<\/tr>\n<\/tbody>\n<\/table>\n<\/div>\n","protected":false},"excerpt":{"rendered":"<p>Eduardo Mart\u00ednez Abascal\u00a0y\u00a0Jordi Guasch Ruiz, gestor de fondos de inversi\u00f3n. La renta fija es el coraz\u00f3n del sistema financiero de cualquier pa\u00eds. La negociaci\u00f3n en renta fija (bonos, letras, pr\u00e9stamos, pagar\u00e9s, etc.) alcanza m\u00e1s del 90% del volumen total diario que se negocia en los mercados de capitales. Desde los 80 han ido apareciendo un [&hellip;]<\/p>\n","protected":false},"author":166,"featured_media":0,"parent":19,"menu_order":0,"comment_status":"closed","ping_status":"closed","template":"","meta":{"footnotes":""},"class_list":["post-489","page","type-page","status-publish","hentry"],"aioseo_notices":[],"_links":{"self":[{"href":"https:\/\/blog.iese.edu\/martinezabascal\/wp-json\/wp\/v2\/pages\/489","targetHints":{"allow":["GET"]}}],"collection":[{"href":"https:\/\/blog.iese.edu\/martinezabascal\/wp-json\/wp\/v2\/pages"}],"about":[{"href":"https:\/\/blog.iese.edu\/martinezabascal\/wp-json\/wp\/v2\/types\/page"}],"author":[{"embeddable":true,"href":"https:\/\/blog.iese.edu\/martinezabascal\/wp-json\/wp\/v2\/users\/166"}],"replies":[{"embeddable":true,"href":"https:\/\/blog.iese.edu\/martinezabascal\/wp-json\/wp\/v2\/comments?post=489"}],"version-history":[{"count":7,"href":"https:\/\/blog.iese.edu\/martinezabascal\/wp-json\/wp\/v2\/pages\/489\/revisions"}],"predecessor-version":[{"id":1525,"href":"https:\/\/blog.iese.edu\/martinezabascal\/wp-json\/wp\/v2\/pages\/489\/revisions\/1525"}],"up":[{"embeddable":true,"href":"https:\/\/blog.iese.edu\/martinezabascal\/wp-json\/wp\/v2\/pages\/19"}],"wp:attachment":[{"href":"https:\/\/blog.iese.edu\/martinezabascal\/wp-json\/wp\/v2\/media?parent=489"}],"curies":[{"name":"wp","href":"https:\/\/api.w.org\/{rel}","templated":true}]}}