{"id":47,"date":"2011-09-16T11:35:06","date_gmt":"2011-09-16T11:35:06","guid":{"rendered":"https:\/\/blog.iese.edu\/martinezdealbeniz\/?page_id=47"},"modified":"2019-06-12T21:49:09","modified_gmt":"2019-06-12T20:49:09","slug":"education","status":"publish","type":"page","link":"https:\/\/blog.iese.edu\/martinezdealbeniz\/education\/","title":{"rendered":"Education"},"content":{"rendered":"<p><strong><strong>Academic<\/strong><\/strong><\/p>\n<p>Ph. D. in Operations Research, 2004.<br \/>\nMassachusetts Institute of Technology (MIT), Cambridge, MA, 2001-2004.<br \/>\nAdvisor: David Simchi-Levi. GPA: 5.0\/5.0.<\/p>\n<p>Master of Science in Statistics and Economics, 2002.<br \/>\n\u00c9cole Nationale de la Statistique et de l&#8217;Administration \u00c9conomique (ENSAE), Malakoff, France, 2000-2001.<\/p>\n<p>Bachelor and Master of Engineering, 2000.<br \/>\n\u00c9cole Polytechnique, Palaiseau, France, 1998-2000.<br \/>\nMajor in Applied Mathematics.<\/p>\n<p><strong>Professional<\/strong><\/p>\n<p>Programa de Desarrollo Directivo (PDD), 2006.<br \/>\nIESE Business School, University of Navarra, Barcelona, Spain, 2005-2006.<\/p>\n<p>Product Design, Development, and Management, 2005.<br \/>\nMassachusetts Institute of Technology (MIT), Cambridge, MA, 2005.<\/p>\n","protected":false},"excerpt":{"rendered":"<p>Academic Ph. D. in Operations Research, 2004. Massachusetts Institute of Technology (MIT), Cambridge, MA, 2001-2004. Advisor: David Simchi-Levi. GPA: 5.0\/5.0. Master of Science in Statistics and Economics, 2002. \u00c9cole Nationale de la Statistique et de l&#8217;Administration \u00c9conomique (ENSAE), Malakoff, France, 2000-2001. Bachelor and Master of Engineering, 2000. \u00c9cole Polytechnique, Palaiseau, France, 1998-2000. Major in Applied [&hellip;]<\/p>\n","protected":false},"author":13,"featured_media":0,"parent":0,"menu_order":2,"comment_status":"open","ping_status":"open","template":"","meta":{"footnotes":""},"class_list":["post-47","page","type-page","status-publish","hentry"],"aioseo_notices":[],"_links":{"self":[{"href":"https:\/\/blog.iese.edu\/martinezdealbeniz\/wp-json\/wp\/v2\/pages\/47","targetHints":{"allow":["GET"]}}],"collection":[{"href":"https:\/\/blog.iese.edu\/martinezdealbeniz\/wp-json\/wp\/v2\/pages"}],"about":[{"href":"https:\/\/blog.iese.edu\/martinezdealbeniz\/wp-json\/wp\/v2\/types\/page"}],"author":[{"embeddable":true,"href":"https:\/\/blog.iese.edu\/martinezdealbeniz\/wp-json\/wp\/v2\/users\/13"}],"replies":[{"embeddable":true,"href":"https:\/\/blog.iese.edu\/martinezdealbeniz\/wp-json\/wp\/v2\/comments?post=47"}],"version-history":[{"count":8,"href":"https:\/\/blog.iese.edu\/martinezdealbeniz\/wp-json\/wp\/v2\/pages\/47\/revisions"}],"predecessor-version":[{"id":363,"href":"https:\/\/blog.iese.edu\/martinezdealbeniz\/wp-json\/wp\/v2\/pages\/47\/revisions\/363"}],"wp:attachment":[{"href":"https:\/\/blog.iese.edu\/martinezdealbeniz\/wp-json\/wp\/v2\/media?parent=47"}],"curies":[{"name":"wp","href":"https:\/\/api.w.org\/{rel}","templated":true}]}}