{"id":14,"date":"2010-08-31T13:03:41","date_gmt":"2010-08-31T13:03:41","guid":{"rendered":"https:\/\/blog.iese.edu\/mcanela\/"},"modified":"2023-12-22T11:24:16","modified_gmt":"2023-12-22T09:24:16","slug":"recent-research-papers","status":"publish","type":"page","link":"https:\/\/blog.iese.edu\/mcanela\/recent-research-papers\/","title":{"rendered":"Recent research"},"content":{"rendered":"<p>75. I Alegre, MA Canela &amp; D Pastoriza (2022), Dataset on PGA Tour tournament entry, <em>Data in Brief<\/em>, https:\/\/doi.org\/10.1016\/j.dib.2022.107952.<\/p>\n<p>74. <span class=\"s1\">A Barroso, X Tort-Martorell &amp; MA Canela (2022), How shareholders react to sustainable narratives about leading European energy companies? An event study using sentiment data from the Global Database for Events, Language and Tone (GDELT), <i>Applied Economics<\/i>, https:\/\/doi.org\/10.1080\/00036846.2021.2009759.<\/span><\/p>\n<p>73. D Pastoriza, I Alegre &amp; MA Canela (2021), Conditioning the effect of prize on tournament self-selection, <em>Journal of Economic Psychology<\/em>\u00a0<strong>86<\/strong>, 1-19.<\/p>\n<p>72. AM V\u00e9lez-Pereira, C De Linares, MA Canela &amp; J Belmonte (2021), Spatial distribution of fungi from the analysis of aerobiological data with a gamma function, <em>Aerobiologia<\/em>\u00a0<strong>37<\/strong>, 461-477.<\/p>\n<p style=\"text-align: justify\"><span class=\"s1\">71. B G\u00fc\u00e7l\u00fc &amp; MA Canela (2021), <\/span>The destructive effect of complex analytics on innovativeness, in <em>Research Anthology on Digital Transformation, Organizational Change, and the Impact of Remote Work<\/em>, ed. M Khosrow-Pour. 415-431, ICI Global.<\/p>\n<p style=\"text-align: justify\">70. M Schweinsberg, MA Canela <em>et al<\/em> (2021), Same data, different conclusions \u2014 Radical dispersion in empirical results when independent analysts operationalize and test the same hypothesis, <em>Organizational Behavior and Human Decision Processes<\/em>\u00a0<strong>165<\/strong>, 228-249.<\/p>\n<p><span class=\"s1\">69. AM V\u00e9lez-Pereira, C De Linares, MA Canela &amp; J Belmonte (2019), Logistic regression models for predicting daily airborne Alternaria and Cladosporium concentration levels in Catalonia (NE Spain), <i>International Journal of Biometeorology<\/i>\u00a0<strong>63<\/strong>, 1541-1553.<\/span><\/p>\n<p>68.\u00a0<span class=\"s1\">B G\u00fc\u00e7l\u00fc, MA Canela &amp; I Alegre (2019),\u00a0<\/span>An exploratory analysis using co-authorship network\u00a0<span class=\"s1\"><i>\u2014<\/i><\/span> Trends in risk behavior, in <em>Machine Learning Techniques for Improved Business Analytics<\/em>, ed. D Kumar, p. 166-200, ICI Global.<\/p>\n<p>67. M Moleskis, I Alegre &amp; MA Canela (2019), Crowdfunding entrepreneurial or humanitarian needs? The influence of signals and biases on decisions, <em>Nonprofit and Voluntary Sector Quarterly<\/em> <strong>48<\/strong>(3), 552-571.<\/p>\n<p>66. A<span class=\"s2\">M V\u00e9lez-Pereira, C De Linares, MA Canela &amp; J Belmonte (2018), Time series analysis with a Gamma probability density function of airborne fungal spores in Catalonia, in <em>Proceedings of the I<\/em><i>nternational Conference on Time Series and Forecasting 2018<\/i>, ed. O Valenzuela.<\/span><\/p>\n<p style=\"text-align: justify\">65.\u00a0<span class=\"s1\">B G\u00fc\u00e7l\u00fc &amp; MA Canela (2017),\u00a0<\/span>The destructive effect of complex analytics on innovativeness, <em>International Journal of Applied Behavioral Economics\u00a0<\/em><strong>6<\/strong>(4), 38-56.<\/p>\n<p>64. MN N&#8217;Guessan, I Alegre &amp; MA Canela (2017), Crowdfunding in Africa &#8212; An Empirical Study of Kiva Platform Users in Sub-Saharian Africa,\u00a0<em>IESE Working Paper <\/em><strong>WP-1172<\/strong>.<\/p>\n<p>63.\u00a0<span class=\"s1\">B G\u00fc\u00e7l\u00fc &amp; MA Canela (2017),\u00a0Analytics overuse in advertising and promotion budget forecasting, in\u00a0A<i>dvertising and Branding \u2014 Concepts, Methodologies, Tools, and Applications<\/i>, ed.\u00a0 M Khosrow-Pour, p. 477-505, ICI Global.<\/span><\/p>\n<p>62.\u00a0<span class=\"s1\">A Ibarra, N Cuguer\u00f3 &amp; MA Canela (2017), Prosocial Crowdlending in Kenya,<span class=\"Apple-converted-space\">\u00a0<\/span><i>IESE Working Paper <\/i><b>WP-1166<\/b>.<\/span><\/p>\n<p><span class=\"s1\">61. B G\u00fc\u00e7l\u00fc &amp; MA Canela (2016),\u00a0Analytics overuse in advertising and promotion budget forecasting, in\u00a0<i>Organizational Productivity and Performance Measurements Using Predictive Modeling and Analytics<\/i>, ed. M Tavana, K Szabat &amp; K Puranam, p. 163-191, ICI Global.<\/span><\/p>\n<p style=\"text-align: justify\">60. M Moleskis &amp; MA Canela (2016), Crowdfunding success &#8212; The case of kiva.org,\u00a0<em>IESE Working Paper <\/em><strong>WP-1137<\/strong>.<\/p>\n<p style=\"text-align: justify\">59.\u00a0D Pastoriza, H Zarco-Jasso &amp; MA Canela (2015),\u00a0A hierarchical model of SME internationalization\u00a0&#8212;\u00a0Evidence from Spain, in <em>Decision-Making: Processes, Behavioral Influences and Role in Business Management<\/em>, ed.\u00a0R Hudson, p. 15-39, Novinka.<\/p>\n<p style=\"text-align: justify\">58.\u00a0M \u00a0Rafecas, LI Arranz, M Garc\u00eda, J Hern\u00e1ndez &amp; MA Canela (2015),\u00a0Weight loss and improvement of body composition in a group of women using food supplements along with hypocaloric diet, <em>International Journal of Food &amp; Nutritional Science<\/em>\u00a0<strong>2<\/strong>(5), 1-5.<\/p>\n<p style=\"text-align: justify\">57.\u00a0O Hidalgo, J Vall\u00e8s, A Romo, MA Canela &amp;\u00a0T Garnatje (2015),\u00a0Genome size variation in gymnosperms under different growth conditions,\u00a0<i>Caryologia<\/i>\u00a0<strong>69<\/strong>(2), 92-96.<\/p>\n<p>56.\u00a0D Pastoriza, MA Ari\u00f1o, JE Ricart &amp; MA Canela (2015),\u00a0Does an ethical work context generate internal social capital?, <i>Journal of Business Ethics<\/i> <strong>129<\/strong>, 77-92.<\/p>\n<p>55. M Moleskis, MA Ari\u00f1o &amp; MA CAnela (2015),\u00a0Transient industry effects: How much are industries exposed? <em>IESE Working Paper <\/em><strong>WP-1130<\/strong>.<\/p>\n<p style=\"text-align: justify\">54.\u00a0M Rafecas, LI Arranz, M\u00a0Garc\u00eda &amp; MA Canela (2014), Improvement of weight and body composition in a group of women through a weight management program using food supplements with or without a hypocaloric diet program,\u00a0<em>Journal of Pharmacy and Nutrition Sciences <\/em><strong>4<\/strong>,\u00a0238-245<em>.<\/em><\/p>\n<p style=\"text-align: justify\">53.\u00a0C De Linares, I Postigo, J Belmonte, MA Canela &amp;\u00a0J Mart\u00ednez (2014),\u00a0Optimization of the measurement of outdoor airborne allergens using a protein microarrays platform,\u00a0<i>Aerobiologia<\/i>\u00a0<strong>30<\/strong>, 217-227.<\/p>\n<p style=\"text-align: justify\">52.\u00a0M Rafecas, LI Arranz, M\u00a0Garc\u00eda\u00a0&amp; MA Canela (2014),\u00a0Anthropometric characteristics and other dietary aspects of a group of Spanish women looking for weight loss and enrolled in a weight management program,\u00a0<em>Journal of Pharmacy and Nutrition Sciences<\/em>\u00a0<strong>4<\/strong>, 177-182.<\/p>\n<p style=\"text-align: justify\">51.\u00a0N Cuguer\u00f3, M Fortin &amp; MA Canela (2014),\u00a0Righting the wrong for third parties &#8212; How monetary compensation, procedure changes and apologies can restore justice for observers of injustice,\u00a0<i>Journal of Business Ethics<\/i>\u00a0<strong>122<\/strong>, 253-268.<\/p>\n<p style=\"text-align: justify\">50. S Garcia, IJ Leitch, A Anadon, MA Canela, F G\u00e1lvez, T Garnatje, A Gras, O Hidalgo, G Mas de Xaxars, J Pellicer, S Siljak-Yakovlev, J Vall\u00e8s, D Vitales, E Johnston &amp; \u00a0MD Bennett (2014),\u00a0Recent updates and developments to plant genome size databases,\u00a0<i>Nucleic Acids Research<\/i>\u00a0<strong>42<\/strong>(D1),\u00a01159\u20131166.<\/p>\n<p style=\"text-align: justify\">49.\u00a0P Cardona, S Reiche, Y-T Lee &amp; MA Canela (2014),\u00a0Why do managers engage in trustworthy behavior? A multilevel study in 18 countries, <em>Personnel Psychology <\/em><strong>67<\/strong>, 61-98.<\/p>\n<p style=\"text-align: justify\">48.\u00a0J Vall\u00e8s, MA Canela, S Garcia, O Hidalgo, J Pellicer, I S\u00e1nchez-Jim\u00e9nez, S Siljak-Yakovlev, D Vitales &amp; T Garnatje (2013),\u00a0Genome size variation and evolution in the family Asteraceae, <i>Caryologia: International Journal of Cytology, Cytosystematics and Cytogenetics<\/i>\u00a0<strong>66<\/strong>(3), 221-235.<\/p>\n<p style=\"text-align: justify\">47. A Gibert, AG Kruizinga, S Neuhold, G Houben, MA Canela, A Fasano &amp; C Catassi (2013),\u00a0Might gluten traces in wheat substitutes pose a risk for patients with celiac disease? A population-based probabilistic approach to risk estimation, <em>American Journal of Clinical Nutrition<\/em>\u00a0<strong>97<\/strong>, 109-116.<\/p>\n<p style=\"text-align: justify\"><span style=\"text-align: justify\">46. MA Canela &amp; E Pedreira-Collazo (2012),\u00a0Modelling dependence in Latin American markets using copula functions,\u00a0<em>Journal of Emerging Market Finance<\/em>\u00a0<strong>11<\/strong>(3), 231-270.<\/span><\/p>\n<p style=\"text-align: justify\">45.\u00a0\u00a0LI Arranz, MA Canela &amp; M Rafecas\u00a0(2012),\u00a0Relationship between body mass\u00a0index, fat mass and lean mass with SF-36 quality of life scores in a\u00a0group of fibromyalgia patients,\u00a0<em>Rheumatology International<\/em>\u00a0<strong>32<\/strong>, 3605-3611.<\/p>\n<p style=\"text-align: justify\">44. LI Arranz, MA Canela &amp; M Rafecas\u00a0(2012),\u00a0Dietary aspects in fibromyalgia patients: results of a survey on food awareness, allergies, and nutritional supplementation,\u00a0<em>Rheumatology International<\/em>\u00a0<strong>32<\/strong>, 2615-2621.<\/p>\n<p style=\"text-align: justify\">43. E Pedreira &amp; MA Canela (2012),\u00a0Materias primas: \u00bfQu\u00e9 cambi\u00f3 en la \u00faltima d\u00e9cada?, <em>Documentos de Trabajo 06\/2012<\/em>, la Caixa.<\/p>\n<p style=\"text-align: justify\">42. I S\u00e1nchez-Jim\u00e9nez, O Hidalgo, MA Canela, S Siljak-Yakovlev, ME Solic, J Vall\u00e8s &amp; T Garnatje\u00a0(2012), Genome size and chromosome numbers of Echinops (Asteraceae, Cardueae) in the Aegean and Balkan regions: technical aspects of nuclear DNA amount assessment and genome evolution in a phylogenetic frame,\u00a0<em>Plant Systematics and Evolution<\/em>\u00a0<strong>298<\/strong>, 1085-1099.<\/p>\n<p style=\"text-align: justify\">41. LI Arranz, MA Canela &amp; M Rafecas (2011),\u00a0Fibromyalgia and diet-related diseases: Does health professional advice make sense?,\u00a0<em>Journal of Pharmacy and Nutrition Sciences\u00a0<\/em><strong>1<\/strong>,\u00a01-8.<\/p>\n<p style=\"text-align: justify\">40.\u00a0D Navarro, J Belmonte &amp; MA Canela (2011),\u00a0Aerobiological distribution map of Artemisia pollen in Spain, in <em>Aerobiological Monographs, Towards a comprehensive vision<\/em>, ed. B Clot, P Comtois &amp; B Escamilla-Garc\u00eda, p. 39-54, MeteoSwiss and University of Montreal.<\/p>\n<p style=\"text-align: justify\">39.\u00a0R Garc\u00eda-Castro, MA Ari\u00f1o &amp;\u00a0MA Canela\u00a0(2011), Over the long run? The impact of stakeholder management on short run and long run shareholder value creation,\u00a0<em>Business &amp; Society<\/em>\u00a0<strong>50<\/strong>, 485-512.37.<\/p>\n<p style=\"text-align: justify\">38. T Garnatje, MA Canela, S Garcia, O Hidalgo, J Pellicer, I S\u00e1nchez-Jim\u00e9nez, S Siljak-Yakovlev, D Vitales &amp; J Vall\u00e8s (2011),\u00a0GSAD: a genome size database in the Asteraceae,\u00a0<em>Cytometry: Part A<\/em> <strong>79A<\/strong>, 401-404.<\/p>\n<p style=\"text-align: justify\">37.\u00a0C De Linares, J Belmonte, MA Canela, F Alba, C D\u00edaz de la Guardia, S Sabariego &amp; S Alonso\u00a0(2010), \u00a0Dispersal patterns of\u00a0Alternaria\u00a0conidia,\u00a0<em>Agricultural and Forest Meteorology <\/em><strong>150<\/strong>, 1491-1500.<\/p>\n<p style=\"text-align: justify\">36.\u00a0LI Arranz, MA Canela &amp; M Rafecas\u00a0(2010),\u00a0Fibromyalgia and nutrition, what do we know?, <em>Rheumatology International<\/em> <strong>30<\/strong>(11), 1417-1427.<\/p>\n<p style=\"text-align: justify\">35.\u00a0J Pellicer, S Garcia, MA Canela, T Garnatje, A Korobkov, JD Twibell &amp; J Vall\u00e8s\u00a0(2010),\u00a0Genome size dynamics in Artemisia L. (Asteraceae): following the track of polyploidy,\u00a0<em>Plant Biology<\/em> <strong>12<\/strong>, 820-830.<\/p>\n<p style=\"text-align: justify\">34.\u00a0AP Groh, H von Liechtenstein &amp; MA Canela\u00a0(2010),\u00a0Limited partners\u2019 perceptions of the Central Eastern European venture capital and private equity market,\u00a0<em>Journal of Alternative Investments<\/em> <strong>12<\/strong>, 96\u2013112.32.<\/p>\n<p style=\"text-align: justify\">33. R Garc\u00eda-Castro, MA Ari\u00f1o &amp; MA Canela\u00a0(2010),\u00a0Does social performance really lead to financial performance? Accounting for endogeneity,\u00a0<em>Journal of Business Ethics<\/em> <strong>92<\/strong>, 107-126.<\/p>\n<p style=\"text-align: justify\">32. N Chinchilla, C Le\u00f3n, E Torres &amp; MA Canela (2008),\u00a0Career inhibitors and career enablers for executive women, in <em>Women Executives: Endeavour and Encumbrances<\/em>, ed. S Ghosh, Icfai Books.<\/p>\n<p style=\"text-align: justify\">31.\u00a0S Garcia,\u00a0MA Canela, T Garnatje, ED McArthur, J Pellicer, SC Sanderson &amp; J Vall\u00e8s\u00a0(2008), Evolutionary and ecological implications of genome size in the North American endemic sagebrushes and allies (Artemisia, Asteraceae),\u00a0<em>Biological Journal of the Linnean Society<\/em> <strong>94<\/strong>, 631-649.<\/p>\n<p style=\"text-align: justify\">30.\u00a0AP Groh, H von Liechtenstein &amp; MA Canela\u00a0(2008), Limited partners\u2019 perceptions of the Central Eastern European venture capital and private equity market, <em>IESE\u00a0Working\u00a0Paper<\/em>\u00a0<strong>WP-<\/strong><strong>727<\/strong>.<\/p>\n<p style=\"text-align: justify\">29.\u00a0AP Groh, H von Liechtenstein &amp; MA Canela\u00a0(2008),\u00a0International allocation determinants of institutional investments in venture capital and private equity limited partnerships,\u00a0<em>IESE Research Paper<\/em> <strong>726.<\/strong><\/p>\n<p style=\"text-align: justify\">28.\u00a0G Brufau, MA Canela &amp; M Rafecas\u00a0(2008),\u00a0Phytosterols: physiologic and metabolic aspects related to cholesterol-lowering properties,\u00a0<em>Nutrition Research<\/em> <strong>28<\/strong>, 217-225.<\/p>\n<p style=\"text-align: justify\">27.\u00a0G Brufau, J Qu\u00edlez, MA Canela &amp; M Rafecas (2008), Phytosterols and pectin added to a high-saturated fat diet, do not show hypocholesterolemic activity in female guinea pigs,\u00a0<em>European Journal of Lipid Science and Technology <\/em><strong>110<\/strong>, 206-215.<\/p>\n<p style=\"text-align: justify\">26.\u00a0AP Groh, H von Liechtenstein &amp; MA Canela (2007),\u00a0Allocation determinants of institutional investments in venture capital and private equity limited partnerships in Central Eastern Europe,\u00a0<em>IESE\u00a0<em>Working\u00a0Paper<\/em>\u00a0<\/em><strong>WP-<\/strong><strong>691<\/strong>.<\/p>\n<p style=\"text-align: justify\">25.\u00a0I Alegre, N Chinchilla, C Le\u00f3n &amp; MA Canela (2007),\u00a0Pol\u00edticas de conciliaci\u00f3n, liderazgo y cultura en 2.200 PYMES espa\u00f1olas,<em>Centro Internacional Trabajo y Familia, IESE Business School, Estudio<\/em> <strong>50<\/strong>.<\/p>\n<p style=\"text-align: justify\">24.\u00a0N Chinchilla, C Le\u00f3n, MA Canela &amp; E Torres (2007), Trayectoria, conciliaci\u00f3n y rol de los directivos,\u00a0<em>Centro Internacional Trabajo y Familia, IESE Business School, Estudio<\/em> <strong>49<\/strong>.<\/p>\n<p style=\"text-align: justify\">23.\u00a0G Brufau, MA Canela &amp; M Rafecas (2007), Phytosterols, but not pectin, added to a high-saturated fat diet, modify saturated fatty acid excretion related to chain length,\u00a0<em>Journal of Nutritional Biochemistry<\/em> <strong>18<\/strong>, 580-586.<\/p>\n<p style=\"text-align: justify\">22.\u00a0MA Canela &amp; E Pedreira-Collazo (2007), Portfolio selection with skewness in emerging market industries,\u00a0<em>Emerging Markets Review<\/em> <strong>8<\/strong>, 230-250.<\/p>\n<p style=\"text-align: justify\">21.\u00a0JV Pascual, M Rafecas, MA Canela, J Boatella, R Bou, MD Baucells &amp; R Codony (2007), Effect of increasing amounts of a linoleic-rich dietary fat on the fat composition of four pig breeds. Part III: Triacylglycerols,\u00a0<em>Food Chemistry<\/em> <strong>102<\/strong>, 50-58.<\/p>\n<p style=\"text-align: justify\">20. JV Pascual, M Rafecas, MA Canela, J Boatella, R Bou, AC Barroeta &amp; R Codony (2007), Effect of increasing amounts of a linoleic-rich dietary fat on the fat composition of four pig breeds. Part II: Fatty acid composition in muscle and fat tissues,\u00a0<em>Food Chemistry<\/em> <strong>100<\/strong>, 1639-1648.<\/p>\n<p style=\"text-align: justify\">19.\u00a0T Garnatje, S Garcia &amp; MA Canela (2007), Genome size variation from a phylogenetic perspective phylogeny in the genus Cheirolophus Cass. (Asteraceae): biogeographic implications,\u00a0<em>Plant Systematics and Evolution<\/em> <strong>264<\/strong>, 117-134.<\/p>\n<p style=\"text-align: justify\">18<em>.\u00a0<strong><span style=\"font-weight: normal\"><span style=\"font-style: normal\">N<\/span><\/span><span style=\"font-style: normal\"><span style=\"font-weight: normal\"> Chinchilla, C Le\u00f3n, MA Canela, MA Ari\u00f1o &amp; V Quiroga<\/span><\/span><\/strong><span style=\"font-style: normal\"> (2006)<\/span>, An\u00e1lisis sectorial de las pol\u00edticas de conciliaci\u00f3n<\/em>, <em>Centro Internacional Trabajo y Familia, IESE Business School, Estudio<\/em>\u00a0<strong>41<\/strong>.<\/p>\n<p style=\"text-align: justify\">17.\u00a0N Chinchilla, C Le\u00f3n, E Torres &amp; MA Canela (2006),\u00a0Frenos e impulsores en la trayectoria profesional de las mujeres directivas,\u00a0<em>IESE\u00a0<\/em><span class=\"s1\"><i>Documento de Investigaci\u00f3n <\/i><strong>DI-<\/strong><\/span><strong>632<\/strong>.<\/p>\n<p style=\"text-align: justify\">16.\u00a0MA Ari\u00f1o &amp; MA Canela (2006),\u00a0Study of the dollar-euro exchange rate.\u00a0<em>IESE Working\u00a0Paper<\/em>\u00a0<strong>WP-620.<\/strong><\/p>\n<p style=\"text-align: justify\">15.\u00a0G Brufau, MA Canela, R Codony &amp; M Rafecas (2006), Rapid and quantitative determination of total sterols of plant and animal origin in liver samples by gas-chromatography,\u00a0<em>Chromatographia<\/em> <strong>64<\/strong>, 559-563.<\/p>\n<p style=\"text-align: justify\">14.\u00a0A Gibert, M Espadaler, A S\u00e1nchez, N Vaquer, MA Canela &amp; M Rafecas (2006), Consumption of gluten-free products: Should the threshold value for trace amounts of gluten at 20, 100 or 200 ppm?,\u00a0<em>European Journal of Gastroenterology &amp; Hepatology<\/em> <strong>18<\/strong>, 1187-1186.<\/p>\n<p style=\"text-align: justify\">13.\u00a0G Brufau, MA Canela, R Codony &amp; M Rafecas (2006), Fatty acid profile after plant sterols and pectin consumption enriched into a saturated diet in guinea pigs,\u00a0<em>Atherosclerosis Supplements<\/em> <strong>7<\/strong>(3), 451.<\/p>\n<p style=\"text-align: justify\">12.\u00a0G Brufau, J Qu\u00edlez, MA Canela &amp; M Rafecas (2006), Effect of the consumption of pectin and phytosterols on sterol levels supplemented to a saturated diet in guinea pigs,\u00a0<em>Atherosclerosis Supplements<\/em> <strong>7<\/strong>(3), 451.<\/p>\n<p style=\"text-align: justify\">11.\u00a0G Brufau, MA Canela &amp; M Rafecas (2006), A high-saturated fat diet enriched with phytosterol and pectin affects fatty acid profile in guinea pigs,\u00a0<em>Lipids<\/em> <strong>41<\/strong>(2), 159-168.<\/p>\n<p style=\"text-align: justify\">10.\u00a0J Pascual, M Rafecas, MA Canela, J Boatella, R Bou,\u00a0<strong><span style=\"font-weight: normal\">MD Baucells &amp; R Codony<\/span> <\/strong>(2006), Effect of increasing amounts of a linoleic-rich dietary fat on the composition of four pig breeds. Part I: Backfat fatty acid evolution\u00a0<em>Food Chemistry<\/em> <strong>96<\/strong>, 538-548.<\/p>\n<p style=\"text-align: justify\">9.\u00a0J Belmonte &amp; MA Canela (2005),\u00a0Cambio clim\u00e1tico y aerobiolog\u00eda del polen\u00a0 (coautor J), in <em>Polinosis III<\/em>, ed. A Valero &amp; A Cadah\u00eda, p. 31-40, Asociaci\u00f3n Espa\u00f1ola de Alergolog\u00eda.<\/p>\n<p style=\"text-align: justify\">8.\u00a0A Mathias, F Grond, R Guardans, D Seese, MA Canela &amp; H Diebner (2004), Algorithms for spectral analysis of irregularly sampled time series,\u00a0<em>Journal of Statistical Software<\/em> <strong>11<\/strong>(2).<\/p>\n<p style=\"text-align: justify\">7.\u00a0G Brufau,\u00a0 J Qu\u00edlez, MA Canela, J Salas-Salvad\u00f3, M Bull\u00f3 &amp; M Rafecas (2004), Evaluation of lipid oxidation after ingestion of bakery products enriched with phytosterols, beta-carotene and alpha-tocopherol,<em> Clinical Nutrition<\/em> <strong>23<\/strong>, 1390-1397.<\/p>\n<p style=\"text-align: justify\">6.\u00a0T Garnatje, J Vall\u00e8s, S Garc\u00eda, O Hidalgo, M Sanz, MA Canela &amp; S Siljak-Yakovlev (2004), Genome size in\u00a0<em>Echinops<\/em> L. and related genera (Asteraceae, Cardueae): karyological, ecological and phylogenetic implications,\u00a0<em>Biology of the Cell<\/em> <strong>96<\/strong>, 117-124.<\/p>\n<p style=\"text-align: justify\">5. J Belmonte &amp; MA Canela (2002), Modelling aerobiological time series\u00a0&#8212;\u00a0Application to Urticaceae, <em>Aerobiologia<\/em> <strong>18<\/strong>, 287-295.<\/p>\n<p style=\"text-align: justify\">4.\u00a0E Gabarra, J Belmonte &amp; MA Canela\u00a0(2002),\u00a0Aerobiological behaviour of\u00a0Platanus\u00a0L. pollen in Catalonia (North-East Spain),\u00a0<em>Aerobiologia<\/em> <strong>18<\/strong>, 185-193.<\/p>\n<p style=\"text-align: justify\">3.\u00a0JM Rib\u00f3,\u00a0MA Canela &amp; E Griful\u00a0(2001),\u00a0Repeatability and reproducibility of the luminescence bacteria bioassay,\u00a0<em>Environmental Toxicology<\/em> <strong>16<\/strong>, 127-135.<\/p>\n<p style=\"text-align: justify\">2.\u00a0MA Canela, E Griful, MC Riva, C Sanpera &amp; B Vall\u00e9s\u00a0(2000), Toxicity values for cationic surfactants,\u00a0<em>Tenside Surfactants Detergents<\/em> <strong>37<\/strong>, 290-296.<\/p>\n<p style=\"text-align: justify\">1.\u00a0J Belmonte, MA Canela &amp; RA Gu\u00e0rdia\u00a0(2000), Comparison between categorical pollen data obtained by Hirst and Cour sampling methods,\u00a0<em>Aerobiologia<\/em> <strong>16<\/strong>, 177-185.<\/p>\n","protected":false},"excerpt":{"rendered":"<p>75. I Alegre, MA Canela &amp; D Pastoriza (2022), Dataset on PGA Tour tournament entry, Data in Brief, https:\/\/doi.org\/10.1016\/j.dib.2022.107952. 74. A Barroso, X Tort-Martorell &amp; MA Canela (2022), How shareholders react to sustainable narratives about leading European energy companies? An event study using sentiment data from the Global Database for Events, Language and Tone (GDELT), [&hellip;]<\/p>\n","protected":false},"author":186,"featured_media":0,"parent":0,"menu_order":0,"comment_status":"open","ping_status":"open","template":"","meta":{"footnotes":""},"class_list":["post-14","page","type-page","status-publish","hentry"],"aioseo_notices":[],"_links":{"self":[{"href":"https:\/\/blog.iese.edu\/mcanela\/wp-json\/wp\/v2\/pages\/14","targetHints":{"allow":["GET"]}}],"collection":[{"href":"https:\/\/blog.iese.edu\/mcanela\/wp-json\/wp\/v2\/pages"}],"about":[{"href":"https:\/\/blog.iese.edu\/mcanela\/wp-json\/wp\/v2\/types\/page"}],"author":[{"embeddable":true,"href":"https:\/\/blog.iese.edu\/mcanela\/wp-json\/wp\/v2\/users\/186"}],"replies":[{"embeddable":true,"href":"https:\/\/blog.iese.edu\/mcanela\/wp-json\/wp\/v2\/comments?post=14"}],"version-history":[{"count":147,"href":"https:\/\/blog.iese.edu\/mcanela\/wp-json\/wp\/v2\/pages\/14\/revisions"}],"predecessor-version":[{"id":1214,"href":"https:\/\/blog.iese.edu\/mcanela\/wp-json\/wp\/v2\/pages\/14\/revisions\/1214"}],"wp:attachment":[{"href":"https:\/\/blog.iese.edu\/mcanela\/wp-json\/wp\/v2\/media?parent=14"}],"curies":[{"name":"wp","href":"https:\/\/api.w.org\/{rel}","templated":true}]}}