{"id":12,"date":"2010-08-13T03:52:10","date_gmt":"2010-08-13T02:52:10","guid":{"rendered":"https:\/\/blog.iese.edu\/moscoso\/media-mentions-and-quotings\/"},"modified":"2025-03-23T19:21:48","modified_gmt":"2025-03-23T18:21:48","slug":"media-mentions-and-quotings","status":"publish","type":"page","link":"https:\/\/blog.iese.edu\/moscoso\/media-mentions-and-quotings\/","title":{"rendered":"Media Mentions"},"content":{"rendered":"<ul>\n<li>Das Fragw\u00fcrdige Gesch\u00e4ft mit den Mystery-Boxen, Handelsblatt, Marc 21st, 2025\u00a0(<a href=\"https:\/\/blog.iese.edu\/moscoso\/files\/2025\/03\/Handelsblatt-Misterybox.pdf\">link<\/a>)<\/li>\n<li>Los consejeros espa\u00f1oles, El Mundo, 9 de junio de 2024 (<a href=\"https:\/\/blog.iese.edu\/moscoso\/files\/2024\/06\/Foro-Consejero-ElMundo.pdf\">link<\/a>)<\/li>\n<li>Estudios humanistas que equilibran la digitalizaci\u00f3n, El Pa\u00eds, 21 de abril de 2024 (<a href=\"https:\/\/blog.iese.edu\/moscoso\/files\/2024\/04\/ElPais-Estudios-Humanistas.pdf\">link<\/a>)<\/li>\n<li>Ense\u00f1anzas para emprendedores con cabeza y coraz\u00f3n, El Pa\u00eds, 21 de abril de 2024 (<a href=\"https:\/\/blog.iese.edu\/moscoso\/files\/2024\/04\/ElPais-Nuevas-competencias.pdf\">link<\/a>)<\/li>\n<li>El secreto de Inditex est\u00e1 en la tienda, El Pa\u00eds, 18 de marzo de 2024, (<a href=\"https:\/\/blog.iese.edu\/moscoso\/files\/2024\/03\/ElPais180324.pdf\">link<\/a>)<\/li>\n<li>Inteligencia artificial con doble filo, El Pa\u00eds, 16 de abril de 2023, (<a href=\"https:\/\/blog.iese.edu\/moscoso\/files\/2023\/04\/ElPais-AI-en-clase.pdf\">link<\/a>)<\/li>\n<li>Juan Abarca, premio emprendedor, Capital, 16 de marzo de 2023, (<a href=\"https:\/\/blog.iese.edu\/moscoso\/files\/2023\/04\/Juan-Abarca-Capital-2023.pdf\">link<\/a>)<\/li>\n<li>Un traje a medida de cada l\u00edder, Expansion, 25 de febrero de 2023, (<a href=\"https:\/\/blog.iese.edu\/moscoso\/files\/2023\/02\/Expansion-Novedades-programas-2023.pdf\">link<\/a>)<\/li>\n<li>Recta final para Iberia y Air Europa, El Mundo, 2 de noviembre de 2022 (<a href=\"https:\/\/blog.iese.edu\/moscoso\/files\/2022\/11\/Compra-AirEu-El-Mundo.pdf\">link<\/a>)<\/li>\n<li>X Foro del Consejero, El Mundo, 18 de septiembre de 2022 (<a href=\"https:\/\/www.elmundo.es\/economia\/actualidad-economica\/2022\/09\/18\/6322191621efa079348b4572.html\">link<\/a>)<\/li>\n<li>Aprender a dirigir en tiempos revueltos, Expansi\u00f3n, 25 de junio de 2022 (<a href=\"https:\/\/blog.iese.edu\/moscoso\/files\/2022\/06\/Dirigir-en-VUCA-Expansion.pdf\">link<\/a>)<\/li>\n<li>El verano m\u00e1s prohibitivo, El Mundo, 13 de junio de 2022 (<a href=\"https:\/\/blog.iese.edu\/moscoso\/files\/2022\/06\/es-ES-3.pdf\">link<\/a>)<\/li>\n<li>Adi\u00f3s carreras, hola cursos sin fin, El Confidencial, 5 de junio de 2022 (<a href=\"https:\/\/www.elconfidencial.com\/espana\/2022-05-30\/adios-carreras-cursos-universidad-crack-demografico_3432249\/\">link<\/a>)<\/li>\n<li>IESE y Esade en el top 5 de la formaci\u00f3n de directivos, Expansi\u00f3n, 23 de mayo de 2022 (<a href=\"https:\/\/blog.iese.edu\/moscoso\/files\/2022\/05\/Exp-FT-Ranking.pdf\">link<\/a>)<\/li>\n<li>Touristische Mauerbl\u00fcmchen, Handelsblatt, May 19th 2022 (<a href=\"https:\/\/blog.iese.edu\/moscoso\/files\/2022\/05\/Tourismus-Handelsblatt.pdf\">link<\/a>)<\/li>\n<li>Aulas para lo ejecutivos del futuro, El Pa\u00eds, 7 de mayo de 2022 (<a href=\"https:\/\/blog.iese.edu\/moscoso\/files\/2022\/05\/Ejecutivos-del-futuro-El-Pais.pdf\">link<\/a>)<\/li>\n<li>So werden Arbeit suchende Spanier in neun Wochen zum Programmierer, Handelsblatt, May 6th 2022 (<a href=\"https:\/\/blog.iese.edu\/moscoso\/files\/2022\/05\/Bootcamps-Handelsblatt.pdf\">link<\/a>)<\/li>\n<li>Jaque del tren low cost al puente a\u00e9reo, El Mundo, 16 de marzo de 2022 (<a href=\"https:\/\/www.elmundo.es\/economia\/empresas\/2022\/03\/16\/62192ce221efa017678b457e.html\">link<\/a>)<\/li>\n<li>El lento resurgir de las agencias, El Mundo, 12 de febrero de 2022 (<a href=\"https:\/\/blog.iese.edu\/moscoso\/files\/2022\/02\/Agencias.pdf\">link<\/a>)<\/li>\n<li>GLOVO: \u201eDas ist das Abenteuer meines Lebens&#8221;, Handelsblatt, 5 Januar 2022 (<a href=\"https:\/\/blog.iese.edu\/moscoso\/files\/2022\/01\/Handelsblatt-Glovo.pdf\">link)<\/a><\/li>\n<li>Tochter von Inditex-Gr\u00fcnder r\u00fcckt beim Zara-Mutterkonzern auf, Handelsblatt, 21 November 2021 (<a href=\"https:\/\/blog.iese.edu\/moscoso\/files\/2021\/12\/Handelsblatt-Ortega.pdf\">link<\/a>)<\/li>\n<li>\u00c1lvarez-Pallete defiende las salidas en buenas conexiones, ECD, 15 de noviembre de 2021 (<a href=\"https:\/\/www.elconfidencialdigital.com\/articulo\/ultima-hora\/alvarez-pallete-defiende-salidas-buenas-condiciones-empleados-que-quieren-reciclarse\/20211112185221304227.html\">link<\/a>)<\/li>\n<li>Ese olvidado shock de oferta, ABC, 1 de noviembre de 2021 (<a href=\"https:\/\/blog.iese.edu\/moscoso\/files\/2021\/11\/Bullwhip-ABC.pdf\">link<\/a>)<\/li>\n<li>La uni\u00f3n Iberia-Air Europa se tambalea, El Mundo, 18 de octubre de 2021 (<a href=\"https:\/\/blog.iese.edu\/moscoso\/files\/2021\/10\/La-uni\u00f3n-de-Iberia-Air-Europa.pdf\">link<\/a>)<\/li>\n<li>Business Schools get to grip with online learning, Financial Times, May 5th, 2021 (<a href=\"https:\/\/blog.iese.edu\/moscoso\/files\/2021\/05\/FT-Online-ExEd.pdf\">link<\/a>)<\/li>\n<li>As\u00ed ser\u00e1 el segundo verano pand\u00e9mico, El Mundo, 23 de abril de 2021 (<a href=\"https:\/\/blog.iese.edu\/moscoso\/files\/2021\/05\/As\u00ed-ser\u00e1-el-segundo-verano-pand\u00e9mico-ElMundo.pdf\">link<\/a>)<\/li>\n<li>El nuevo rescate a Air France abre la puerta a una segunda ronda de ayudas estatales, El Mundo, 8 de abril de 2021 (<a href=\"https:\/\/blog.iese.edu\/moscoso\/files\/2021\/05\/El-nuevo-rescate-a-Air-France.pdf\">link<\/a>)<\/li>\n<li>El sector tur\u00edstico teme que el plan de vacunas paralice el verano, El Mundo, 7 de abril de 2021 (<a href=\"https:\/\/blog.iese.edu\/moscoso\/files\/2021\/04\/Vacunacion-verano-ElMundo.pdf\">link<\/a>)<\/li>\n<li>Operaci\u00f3n dique de turistas, El Mundo, 3 de abril de 2021 (<a href=\"https:\/\/blog.iese.edu\/moscoso\/files\/2021\/04\/Dique-turistas-ElMundo.pdf\">link<\/a>)<\/li>\n<li>La vacunaci\u00f3n crea dudas sobre el turismo, El Mundo, 23 de marzo de 2021 (<a href=\"https:\/\/blog.iese.edu\/moscoso\/files\/2021\/03\/Vacunas-y-Turismo.pdf\">link<\/a>)<\/li>\n<li>El verano, la prueba de fuego, La Provincia, 20 de marzo de 2021 (<a href=\"https:\/\/blog.iese.edu\/moscoso\/files\/2021\/03\/Entrevista-DowJ.pdf\">link<\/a>)<\/li>\n<li>La hosteler\u00eda est\u00e1 contra las cuerdas, entrevista Radio Nacional de Espa\u00f1a, 18 de marzo de 2021 (<a href=\"https:\/\/blog.iese.edu\/moscoso\/files\/2021\/03\/Entrevista-RNE.mp3\">link<\/a>)<\/li>\n<li>Wie es gelingt, mit Amazon zu wachsen, Handelsblatt, 10 M\u00e4rz 2021 (<a href=\"https:\/\/blog.iese.edu\/moscoso\/files\/2021\/03\/Handelsblatt-El-Corte-Ingl\u00e9s.pdf\">link<\/a>)<\/li>\n<li>Liderar el cambio con una nueva hoja de ruta, Expansi\u00f3n, 30 de enero de 2021 (<a href=\"https:\/\/blog.iese.edu\/moscoso\/files\/2021\/02\/EXPANSION-nuevas-capacidades-directivas.pdf\">link<\/a>)<\/li>\n<li>El IESE lanza 3 nuevos programas especializados, La Vanguardia, 25 de enero de 2021 (<a href=\"https:\/\/www.lavanguardia.com\/vida\/20210125\/6196348\/iese-lanza-tres-nuevos-programas-especializados-alta-direccion.html\">link<\/a>)<\/li>\n<li>Alibaba nutzt Spanien als Testlabor, NZZ, 4 Januar 2021 (<a href=\"https:\/\/www.nzz.ch\/pro-global\/technologie\/alibaba-nutzt-spanien-als-testlabor-ld.1590405?reduced=true\">link<\/a>)<\/li>\n<li>Iberia choca con la Sepi por los ajustes de empleo, El Mundo, 1 de enero de 2021 (<a href=\"https:\/\/www.elmundo.es\/economia\/empresas\/2021\/01\/01\/5feb38e221efa02f6e8b467f.html\">link<\/a>)<\/li>\n<li>Virus-Mutation ruiniert die Wintersaison auf den Kanaren, Handelsblatt, 25 Dezember 2020 (<a href=\"https:\/\/www.handelsblatt.com\/politik\/international\/tourismus-virus-mutation-ruiniert-die-wintersaison-auf-den-kanaren-vollends\/26748408.html?ticket=ST-19930550-yBJyTVhSM20eUf6Q9dOQ-ap5\">link<\/a>)<\/li>\n<li>Un rescate para atraer a Iberia, El Mundo, 4 de Noviembre de 2020 (<a href=\"https:\/\/blog.iese.edu\/moscoso\/files\/2020\/11\/Credito-AE-ElMundo.pdf\">link<\/a>)<\/li>\n<li>Spanische Hotelkette bietet ihren Kunden kostenlose Corona Schnelltests, Handelsblatt, 3 November (<a href=\"https:\/\/blog.iese.edu\/moscoso\/files\/2020\/11\/Handelsblatt-Room-Mate.pdf\">link<\/a>)<\/li>\n<li>Una nueva ense\u00f1anza para una nueva era, La Vanguardia, 4 de octubre de 2020 (<a href=\"https:\/\/blog.iese.edu\/moscoso\/files\/2020\/10\/Aulas-h\u00edbridas.pdf\">link<\/a>)<\/li>\n<li>Air Europa pide un rescate, El Mundo, 8 de septiembre de 2020 (<a href=\"https:\/\/blog.iese.edu\/moscoso\/files\/2020\/09\/Rescate-Globalia.pdf\">link<\/a>)<\/li>\n<li>IAG celebra hoy una junta crucial, 8 de septiembre de 2020 (<a href=\"https:\/\/www.elmundo.es\/economia\/empresas\/2020\/09\/08\/5f562c17fc6c83b4208bf343.html\">link<\/a>)<\/li>\n<li>La gran bolsa de despidos del sector a\u00e9reo, El Mundo, 20 de agosto, 2020 (<a href=\"https:\/\/blog.iese.edu\/moscoso\/files\/2020\/09\/Despidos-LLAA.pdf\">link<\/a>)<\/li>\n<li>Autorescate para salvar IAG, El Mundo, 5 de agosto, 2020 (<a href=\"https:\/\/blog.iese.edu\/moscoso\/files\/2020\/08\/ElMundo-IAG.pdf\">link<\/a>)<\/li>\n<li>El viaje m\u00e1s largo, El Pa\u00eds (Cinco D\u00edas), 19 de julio, 2020 (<a href=\"https:\/\/cincodias.elpais.com\/cincodias\/2020\/07\/19\/extras\/1595177313_415919.html\">link<\/a>)<\/li>\n<li>Der Reisesommer droht Desaster zu werden, Handelsblatt, 8 July, 2020 (<a href=\"https:\/\/blog.iese.edu\/moscoso\/files\/2020\/07\/Handelsblatt-Tourismus.pdf\">link<\/a>)<\/li>\n<li>The keys to rebuild the tourism sector after the crisis, Forbes, June 24th 2020 (<a href=\"https:\/\/www.forbesindia.com\/article\/iese-business-school\/the-keys-to-rebuilding-the-tourism-sector-after-the-crisis\/60295\/1\">link<\/a>)<\/li>\n<li>Die\u00a0Coronakrise bedroht das Erfolgsmodell der Modebranche, Handelsblatt, 13 de junio de 2020 (<a href=\"https:\/\/blog.iese.edu\/moscoso\/files\/2020\/06\/Tagesspiegel-Moscoso-21.6.2020.pdf\">link<\/a>)<\/li>\n<li>Entrevista sobre carsharing post covid19, Radio Nacional de Espa\u00f1a, 12 de junio de 2020 (<a href=\"https:\/\/blog.iese.edu\/moscoso\/files\/2020\/06\/Entrevista-RNE.mp3\">link<\/a>)<\/li>\n<li>El corona virus poner en jaque la viabilidad del carsharing, Cinco D\u00edas, 20 de mayo de 2020 (<a href=\"https:\/\/cincodias.elpais.com\/cincodias\/2020\/05\/19\/companias\/1589901900_042150.html\">link<\/a>)<\/li>\n<li>Impacto del corona virus en el sector del turismo, entrevista en el telediario de Antena 3, 17 de mayo de 2020 (<a href=\"https:\/\/www.youtube.com\/watch?v=H8s9kv6M3AE\">link)<\/a><\/li>\n<li>Kein Abstand im Flugzeug, Handelsblatt, 12 May 2020 (<a href=\"https:\/\/blog.iese.edu\/moscoso\/files\/2020\/05\/Handelsblatt-Iberia.pdf\">link<\/a>)<\/li>\n<li>Pruebas de estr\u00e9s para las escuelas de negocio, El Pa\u00eds, 26 de abril de 2020 (<a href=\"https:\/\/blog.iese.edu\/moscoso\/files\/2020\/04\/es-ES-3.pdf\">link<\/a>)<\/li>\n<li>C\u00f3mo satisfacer a miles de clientes contra reloj, El Pa\u00eds, 3 de noviembre de 2019 (<a href=\"https:\/\/blog.iese.edu\/moscoso\/files\/2019\/11\/191103ELPAIS.pdf\">link<\/a>)<\/li>\n<li>Aliexpress er\u00f6ffnet in Madrid erstes station\u00e4res Gesch\u00e4ft in Europa, Handelsblatt, 25 de agosto de 2019 (<a href=\"https:\/\/blog.iese.edu\/moscoso\/files\/2019\/08\/Handelsblatt-Aliexpress-Plaza.pdf\">link<\/a>)<\/li>\n<li>Marta \u00c1lvarez, Siegerin im Familienkonflikt, Handelsbaltt, 10 de agosto de 2019 (<a href=\"https:\/\/blog.iese.edu\/moscoso\/files\/2019\/08\/Handelsblatt-ECI.pdf\">link<\/a>)<\/li>\n<li>El sector a\u00e9reo entra en la tormenta, ABC, 23 de junio de 2019 (<a href=\"https:\/\/blog.iese.edu\/moscoso\/files\/2019\/06\/LLAA-ABC.pdf\">link)<\/a><\/li>\n<li>El Boca-River dejar\u00e1 en Madrid 42 M de euros, Cinco D\u00edas (El Pa\u00eds), 7 de diciembre de 2018 (<a href=\"https:\/\/blog.iese.edu\/moscoso\/files\/2018\/12\/Copa-Libertadores-Cinco-D\u00edas.pdf\">link<\/a>)<\/li>\n<li>A turbulent year in Barcelona: what does that have to do with tourism?, October 3rd 2018, NRC Holland (<a href=\"https:\/\/blog.iese.edu\/moscoso\/files\/2018\/10\/NRC_20181003100000.pdf\">link<\/a>)<\/li>\n<li>Amazon quiere com\u00e9rselo todo, Revista Capital, 1 de noviembre de 2017<\/li>\n<li>El auge gastron\u00f3mico calienta la econom\u00eda, El Pa\u00eds, 27 de mayo de 2017 (<a href=\"http:\/\/economia.elpais.com\/economia\/2017\/05\/25\/actualidad\/1495732102_076135.html\">link<\/a>)<\/li>\n<li>El futuro del empleo: ganadores y perdedores, La Naci\u00f3n, 22 de marzo de 2017 (<a href=\"http:\/\/www.lanacion.com.ar\/1996845-el-futuro-del-empleo-ganadores-y-perdedores-en-el-mundo-del-trabajo\">link<\/a>)<\/li>\n<li>Las firmas de moda pierden terreno ante la potencia de Inditex, El Pa\u00eds, 19 de marzo de 2017 (<a href=\"https:\/\/blog.iese.edu\/moscoso\/files\/2017\/03\/170319ELPAIS.pdf\">link<\/a>)<\/li>\n<li>Las empresas buscan empleado digital, El Pa\u00eds, 11 de marzo de 2017 (<a href=\"http:\/\/economia.elpais.com\/economia\/2017\/03\/10\/actualidad\/1489165785_466140.html\">link<\/a>)<\/li>\n<li>Spain questions its tourism strategy, The Guardian, December, 25th, 2016 (<a href=\"https:\/\/blog.iese.edu\/moscoso\/files\/2017\/01\/1225theguardian.pdf\">link<\/a>)<\/li>\n<li>\u00bfSe le queda el mundo peque\u00f1o a Inditex?, Expansi\u00f3n 3 de diciembre de 2016 (<a href=\"https:\/\/blog.iese.edu\/moscoso\/files\/2016\/12\/EXPANSION-Growth-Inditex.pdf\">link<\/a>)<\/li>\n<li>Apr\u00e8s un \u00e9t\u00e9 record, l&#8217;Espagne s&#8217;inqui\u00e8te de l&#8217;avenir de la &#8220;bulle&#8221; touristique, Challenges, 19 de octubre, 2016 (<a href=\"http:\/\/www.challenges.fr\/economie\/apres-un-ete-record-l-espagne-s-inquiete-de-l-avenir-du-tourisme_433694\">link<\/a>) (y en castellano en la informacion.com\u00a0<a href=\"http:\/\/www.lainformacion.com\/economia-negocios-y-finanzas\/macroeconomia\/excepcional-Espana-preocupada-burbuja-turistica_0_963805123.html\">link<\/a>)<\/li>\n<li>Amazon, en busca de la tienda definitiva, Expansi\u00f3n 16 de Julio, 2016 (<a href=\"https:\/\/blog.iese.edu\/moscoso\/files\/2016\/07\/160708EXPANSION-Amazon.pdf\">link<\/a>)<\/li>\n<li>5 estrategias para innovar en operaciones, Am\u00e9rica Econom\u00eda, 20 de junio de 2016 (<a href=\"http:\/\/mba.americaeconomia.com\/blogs\/iese\/5-estrategias-para-innovar-en-operaciones\/\">link<\/a>)<\/li>\n<li>Into the Crucible, Bejing Review, Nr 20, May 20th, 2016 (<a href=\"http:\/\/www.bjreview.com\/Business\/201605\/t20160513_800056785.html\">link<\/a>)<\/li>\n<li>El mal negocio de tirar alimentos, El Pa\u00eds, 3 de abril de 2016 (<a href=\"https:\/\/blog.iese.edu\/moscoso\/files\/2016\/04\/ElPais-Desperdicio-Alimentos.pdf\">link<\/a>)<\/li>\n<li>Trabajar por proyectos tambi\u00e9n tiene inconvenientes, Cinco D\u00edas, 25 de enero de 2016 (<a href=\"https:\/\/blog.iese.edu\/moscoso\/files\/2016\/01\/Proyectos-5D.pdf\">link<\/a>)<\/li>\n<li>Inditex, imperio de la moda&#8221;r\u00e1pida&#8221;, ABC, 20 de septiembre de 2015 (<a href=\"https:\/\/blog.iese.edu\/moscoso\/files\/2015\/09\/Inditex-Abc.pdf\">link<\/a>)<\/li>\n<li>Inditex, la empresa que cambi\u00f3 la l\u00f3gica de la moda, El Mundo, 22 de junio de 2015 (<a href=\"http:\/\/www.elmundo.es\/economia\/2015\/06\/22\/55847bc7ca47412d548b45b1.html\" target=\"_blank\" rel=\"noopener noreferrer\">link<\/a>)<\/li>\n<li>Los outlets se afianzan en Espa\u00f1a, El Pa\u00eds (Negocios), 3 de mayo de 2015 (<a href=\"https:\/\/blog.iese.edu\/moscoso\/files\/2015\/05\/Outlets-El-Pais.pdf\">pdf<\/a>)<\/li>\n<li>Un l\u00edder mundial tejido en Ateixo, Expansi\u00f3n, 23 de marzo de 2015 (<a href=\"https:\/\/blog.iese.edu\/moscoso\/files\/2015\/03\/150323ExpansionGal.pdf\">pdf<\/a>)<\/li>\n<li>El turismo ondea la bandera verde, ABC, 1 de febrero de 2015<\/li>\n<li>Planifique las devoluciones, Expansi\u00f3n, 29 de diciembre de 2014 (<a href=\"https:\/\/blog.iese.edu\/moscoso\/files\/2015\/01\/Devoluciones-Expansion.pdf\">pdf<\/a>)<\/li>\n<li>Interview CEO Bertelsmann, IESE Insight, Issue 23, December\u00a02014 (<a href=\"https:\/\/blog.iese.edu\/moscoso\/files\/2014\/12\/41-45-Personal-RABE_4.pdf\">pdf<\/a>)<\/li>\n<li>Guiadas por el foco de la recuperaci\u00f3n, El Mundo, 8 de septiembre de 2014<\/li>\n<li>Le textil espagnol empetre dans la crise, Les Echos, 16 de enero de 2014<\/li>\n<li>Entrevista en NTN24 Noticias, 29 de noviembre de 2013<\/li>\n<li>El guardi\u00e1n de la larga cadena, La Vanguardia, 14 de octubre, 2013<\/li>\n<li>Europa 2013, entrevista en TVE 24h, 4 de octubre, 2013<\/li>\n<li>\u00bfDeber\u00eda Espa\u00f1a cambiar de huso horario?\u00a0Noticias A3-TV,\u00a027 de septiembre, 2013 (<a href=\"http:\/\/www.antena3.com\/noticias\/economia\/hay-suficientes-argumentos-favor-cambio-horario-tanto-terminos-economicos-como-sociales_2013092700035.html\">link<\/a>)<\/li>\n<li>Interview on corporate social responsibility in the fashion business on the National Public Radio (USA), june 19th, 2013 (<a title=\"NPR Interview\" href=\"http:\/\/www.npr.org\/blogs\/parallels\/2013\/06\/19\/192760190\/fashions-victims-an-artists-focus-on-garment-workers\">link<\/a>)<\/li>\n<li>La industrial textil hilvana su RSC, Expansi\u00f3n, 5 de junio, 2013 (<a href=\"https:\/\/blog.iese.edu\/moscoso\/files\/2013\/06\/Interview-Moda.pdf\">pdf<\/a>)<\/li>\n<li>\u00bfHay soluci\u00f3n? Peque\u00f1os aeropuertos pierden uno de cada tres pasajeros, Invertia, 29 de abril, 2013<\/li>\n<li>Jeques del Aire, America Econom\u00eda, Marzo de 2013, pp. 50-52<\/li>\n<li>Presentaci\u00f3n de la nueva c\u00e1tedra Eurest de Excelencia en los Servicios, Europa Press, 23 de enero, 2013 (<a href=\"https:\/\/www.youtube.com\/watch?v=lWiYjI1Qo5E\">https:\/\/www.youtube.com\/watch?v=lWiYjI1Qo5E<\/a>)<\/li>\n<li>Esquiva los errores m\u00e1s comunes en el comercio online, Expansi\u00f3n (E&amp;E), 27 de\u00a0Diciembre, 2012<\/li>\n<li>Los planes de Iberia pueden ensombrecer la privatizaci\u00f3n de Aena, Agencia EFE, 21 de Diciembre, 2012<\/li>\n<li>LVMH&#8217;s Loewe Brand Expands, Wall Street Journal, December, 5th, 2012 (<a title=\"Loewe\" href=\"https:\/\/blog.iese.edu\/moscoso\/files\/2012\/12\/WSJ-Loewe.pdf\">pdf<\/a>)<\/li>\n<li>As\u00ed te fichan, as\u00ed te reutilizan las empresas, Revista Capital, Agosto 2012<\/li>\n<li>Interview Toys R Us, IESE Insight, Issue 13, June 2012 (<a href=\"https:\/\/blog.iese.edu\/moscoso\/files\/2012\/06\/Interview-Urcelay.pdf\" target=\"_blank\" rel=\"noopener noreferrer\">pdf<\/a>)<\/li>\n<li>Cantabria: A move to replace sun, sea and sangria with a more cultured view, Financial Times, October 5th, 2011 (<a href=\"https:\/\/blog.iese.edu\/moscoso\/files\/2010\/08\/FT-Tourism051011.pdf\" target=\"_blank\" rel=\"noopener noreferrer\">pdf<\/a>)<\/li>\n<li>Spain raises heat in fight to build high-speed rail link, Financial Times, July 4th, 2011 (<a href=\"https:\/\/blog.iese.edu\/moscoso\/files\/2010\/08\/FT-Train040511.pdf\" target=\"_blank\" rel=\"noopener noreferrer\">pdf<\/a>)<\/li>\n<li>Summary of interview on CNN on Spanish productivity, CNN International, June, 29, 2011 (<a href=\"http:\/\/edition.cnn.com\/video\/#\/video\/business\/2011\/06\/29\/goodman.spain.productivity.cnn?iref=allsearch\" target=\"_blank\" rel=\"noopener noreferrer\">link<\/a>)<\/li>\n<li>Food, festival and history to replace sun, sea and sand, Financial Times, June 17th, 2011 (<a href=\"https:\/\/blog.iese.edu\/moscoso\/files\/2010\/08\/FT-Tourism170611.pdf\" target=\"_blank\" rel=\"noopener noreferrer\">pdf<\/a>)<\/li>\n<li>Interview American Express, IESE Insight, Issue 8, January 2011 (<a href=\"https:\/\/blog.iese.edu\/moscoso\/files\/2012\/06\/PMO-Interview-Amex.pdf\">pdf<\/a>)<\/li>\n<li>No seas convencional. S\u00e9&#8230;Des(igual), Revista Capital, Diciembre 2010<\/li>\n<li>Sun and sea tourism model needs a refresh, Financial Times, October 6th, 2010<\/li>\n<li>Entrevista en directo en el programa de CNN &#8220;En Efectivo&#8221;, Nueva York, 15 de septiembre de 2010<\/li>\n<li>Persiguiendo la competitividad, Revista de Antiguos Alumnos del IESE, 118, julio de 2010<\/li>\n<li>Tarifas planas: vienen los precios a &#8220;la carta&#8221;, suplementos fin de semana Dinero y Empleo, 12 de septiembre de 2010<\/li>\n<li>El rastro de las cenizas, El Pa\u00eds (Negocios), 26 de abril de 2010<\/li>\n<li>El impacto en el PIB ser\u00e1 limitado si se abre ya el espacio a\u00e9reo, El Peri\u00f3dico de Cataluyna, 21 de abril de 2010<\/li>\n<li>&#8220;El IESE presenta su revista en sociedad&#8221;, Expansi\u00f3n, 16 de marzo de 2010<\/li>\n<li>&#8220;Para competir hay que ofrecer productos y servicios de valor para el cliente&#8221;, Entrevista en La Tribuna de Ciudad Real, 12 de febrero de 2010<\/li>\n<li>&#8220;Food, wine and fashion shine on the world stage, Wall Street Journal, May 26th, 2009<\/li>\n<li>&#8220;La imparable invasi\u00f3n del bajo coste&#8221;, Revista Capital, Junio 2008.<\/li>\n<li>&#8220;El mercado de los consejos&#8221;, Emprendedores, Febrero 2008.<\/li>\n<li>\u201cInnovar en operaciones, fuente de ventaja competitiva\u201d, Universia Knowledge@Wharton, featured article, September, 20th, 2006.<\/li>\n<li>\u201cViajes en avi\u00f3n a precios de autob\u00fas\u201d, Cinco D\u00edas, 21 de julio de 2006.<\/li>\n<li>\u201cIberia lucha contra su pasado\u201d, Actualidad Econ\u00f3mica, 26 de enero de 2006.<\/li>\n<li>\u201cTourism: In good shape, but trying a new model\u201d, Financial Times, October 25th 2005.<\/li>\n<li>\u201cSalir a la hora es un gran negocio\u201d, Qu\u00e9!, 21 de septiembre de 2005.<\/li>\n<li>\u201cQuality is key for prosperity\u201d, Financial Times, Special Report Spain, June 14th 2005.<\/li>\n<li>\u201cLas lecciones que vinieron del fr\u00edo\u201d, Expansi\u00f3n, 9 de marzo de 2005.<\/li>\n<\/ul>\n","protected":false},"excerpt":{"rendered":"<p>Das Fragw\u00fcrdige Gesch\u00e4ft mit den Mystery-Boxen, Handelsblatt, Marc 21st, 2025\u00a0(link) Los consejeros espa\u00f1oles, El Mundo, 9 de junio de 2024 (link) Estudios humanistas que equilibran la digitalizaci\u00f3n, El Pa\u00eds, 21 de abril de 2024 (link) Ense\u00f1anzas para emprendedores con cabeza y coraz\u00f3n, El Pa\u00eds, 21 de abril de 2024 (link) El secreto de Inditex est\u00e1 [&hellip;]<\/p>\n","protected":false},"author":12,"featured_media":0,"parent":0,"menu_order":0,"comment_status":"open","ping_status":"closed","template":"","meta":{"footnotes":""},"class_list":["post-12","page","type-page","status-publish","hentry"],"aioseo_notices":[],"_links":{"self":[{"href":"https:\/\/blog.iese.edu\/moscoso\/wp-json\/wp\/v2\/pages\/12","targetHints":{"allow":["GET"]}}],"collection":[{"href":"https:\/\/blog.iese.edu\/moscoso\/wp-json\/wp\/v2\/pages"}],"about":[{"href":"https:\/\/blog.iese.edu\/moscoso\/wp-json\/wp\/v2\/types\/page"}],"author":[{"embeddable":true,"href":"https:\/\/blog.iese.edu\/moscoso\/wp-json\/wp\/v2\/users\/12"}],"replies":[{"embeddable":true,"href":"https:\/\/blog.iese.edu\/moscoso\/wp-json\/wp\/v2\/comments?post=12"}],"version-history":[{"count":140,"href":"https:\/\/blog.iese.edu\/moscoso\/wp-json\/wp\/v2\/pages\/12\/revisions"}],"predecessor-version":[{"id":508,"href":"https:\/\/blog.iese.edu\/moscoso\/wp-json\/wp\/v2\/pages\/12\/revisions\/508"}],"wp:attachment":[{"href":"https:\/\/blog.iese.edu\/moscoso\/wp-json\/wp\/v2\/media?parent=12"}],"curies":[{"name":"wp","href":"https:\/\/api.w.org\/{rel}","templated":true}]}}