{"id":44,"date":"2011-06-08T11:36:56","date_gmt":"2011-06-08T11:36:56","guid":{"rendered":"https:\/\/blog.iese.edu\/munozseca\/?page_id=44"},"modified":"2011-06-08T11:49:40","modified_gmt":"2011-06-08T11:49:40","slug":"articles-and-monograph","status":"publish","type":"page","link":"https:\/\/blog.iese.edu\/munozseca\/publications\/articles-and-monograph\/","title":{"rendered":"Articles and monographs"},"content":{"rendered":"<ul>\n<li>1985: \u201cA strategy for change\u201d. Personnel Management. Cuadernos Laborales INI, December.<\/li>\n<li>1987: \u201cAnalysis of Company-University Needs\u201d in collaboration with J. Riverola, Magazine C\u00edrculo de Empresarios.<\/li>\n<li>1996: \u201cCreatividad e innovaci\u00f3n\u201d in collaboration with J. Riverola, Harvard Deusto Business Review.<\/li>\n<li>1998: Five articles about operations published by the newspaper Expansi\u00f3n in collaboration with J. Riverola, November: \u201cDel buen pensar y el mejor hacer: beneficios a trav\u00e9s de las operaciones\u201d; \u201c\u00bfHay que seguir redise\u00f1ando procesos ahora que no est\u00e1 de moda?\u201d; \u201c\u00bfCu\u00e1nta capacidad se necesita? El caso de los aeropuertos\u201d; \u201cGanar dinero reduciendo los tiempos de respuesta\u201d and \u201cC\u00f3mo obtener el m\u00e1ximo rendimiento de las operaciones\u201d.<\/li>\n<li>1998: \u201cQu\u00e8 ha de fer una pime per gestionar el coneixement?\u201d (\u00bfQu\u00e9 tiene que hacer una PYME para gestionar el conocimiento?), published at the Magazine \u201cDe Qualitat\u201d, of the Generalitat de Catalunya. November.<\/li>\n<li>1999: Five articles about Gesti\u00f3n del Conocimiento published by the newspaper Expansi\u00f3n in collaboration with J. Riverola, February: \u201cReestructuraci\u00f3n y Conocimiento: \u00bfAumentan la competitividad las prejubilaciones?\u201d; \u201c\u00bfQu\u00e9 sabemos?: El portafolio de conocimientos para competir\u201d; \u201cEl sue\u00f1o rom\u00e1ntico de la calidad despierta en la Gesti\u00f3n del Conocimiento\u201d; \u201cLa revoluci\u00f3n pendiente: \u00bftiene usted sitio en su empresa?\u201d; \u201cLas f\u00f3rmulas para Empresas BCC (Based in the Cognitive Creativity)\u201d.<\/li>\n<li>2000: \u201cTecnolog\u00eda una perturbaci\u00f3n en el sistema\u201d, Alumni Magazine of University IEEM of\u00a0 Montevideo.<\/li>\n<\/ul>\n<p><strong><span style=\"text-decoration: underline;\"><br \/>\n<\/span><\/strong><\/p>\n","protected":false},"excerpt":{"rendered":"<p>1985: \u201cA strategy for change\u201d. Personnel Management. Cuadernos Laborales INI, December. 1987: \u201cAnalysis of Company-University Needs\u201d in collaboration with J. Riverola, Magazine C\u00edrculo de Empresarios. 1996: \u201cCreatividad e innovaci\u00f3n\u201d in collaboration with J. Riverola, Harvard Deusto Business Review. 1998: Five articles about operations published by the newspaper Expansi\u00f3n in collaboration with J. Riverola, November: \u201cDel [&hellip;]<\/p>\n","protected":false},"author":13,"featured_media":0,"parent":56,"menu_order":2,"comment_status":"open","ping_status":"closed","template":"","meta":{"footnotes":""},"class_list":["post-44","page","type-page","status-publish","hentry"],"aioseo_notices":[],"_links":{"self":[{"href":"https:\/\/blog.iese.edu\/munozseca\/wp-json\/wp\/v2\/pages\/44","targetHints":{"allow":["GET"]}}],"collection":[{"href":"https:\/\/blog.iese.edu\/munozseca\/wp-json\/wp\/v2\/pages"}],"about":[{"href":"https:\/\/blog.iese.edu\/munozseca\/wp-json\/wp\/v2\/types\/page"}],"author":[{"embeddable":true,"href":"https:\/\/blog.iese.edu\/munozseca\/wp-json\/wp\/v2\/users\/13"}],"replies":[{"embeddable":true,"href":"https:\/\/blog.iese.edu\/munozseca\/wp-json\/wp\/v2\/comments?post=44"}],"version-history":[{"count":5,"href":"https:\/\/blog.iese.edu\/munozseca\/wp-json\/wp\/v2\/pages\/44\/revisions"}],"predecessor-version":[{"id":76,"href":"https:\/\/blog.iese.edu\/munozseca\/wp-json\/wp\/v2\/pages\/44\/revisions\/76"}],"up":[{"embeddable":true,"href":"https:\/\/blog.iese.edu\/munozseca\/wp-json\/wp\/v2\/pages\/56"}],"wp:attachment":[{"href":"https:\/\/blog.iese.edu\/munozseca\/wp-json\/wp\/v2\/media?parent=44"}],"curies":[{"name":"wp","href":"https:\/\/api.w.org\/{rel}","templated":true}]}}