{"id":47,"date":"2011-06-08T11:38:39","date_gmt":"2011-06-08T11:38:39","guid":{"rendered":"https:\/\/blog.iese.edu\/munozseca\/?page_id=47"},"modified":"2012-01-23T16:41:23","modified_gmt":"2012-01-23T15:41:23","slug":"research-papers","status":"publish","type":"page","link":"https:\/\/blog.iese.edu\/munozseca\/publications\/research-papers\/","title":{"rendered":"Research Papers"},"content":{"rendered":"<ul>\n<li>2011: &#8220;A business model for cultural services: Joint design and production of a customer experience&#8221;. IESE, Working Paper.<\/li>\n<li>2008: \u201cAn approach to facilitate problem solving: individualizing the problem proposition\u201d. Research Paper n\u00ba 768 IESE.<\/li>\n<li>2003: \u201cFour Dimensions to Induce Learning: The Challenge Profile\u201d, with C\u00e1ssia Silva Santiago, IESE. Research Paper n\u00ba 520.<\/li>\n<li>2000: \u201cEthics, Operations Management and Globalization: Current Practices in Management Operations: Economic, Social and Ethical Aspects\u201d IESE.<\/li>\n<li>2000: \u201cTowards a Learning Society\u201d. Proceedings. \u201cTowards a Europe of knowledge: Policy spaces to generate learning\u201d, Portuguese Presidency Seminar: Commission of the European Communities.<\/li>\n<li>2000: \u201cA brief synopsis of the Spanish industry\u201d. Working Paper, OP-00-5 IESE.<\/li>\n<li>1999: Project SINFO XXI, Management for New Technology, Ministry of Industry and Energy. Coordinator and director of research.<\/li>\n<li>1998: \u201cUsing technology to enhance business education. A USA-European perspective including empirical evidence\u201d with Aleda V. Roth, J. Riverola, Elena Revilla. DSI Annual meeting at Las Vegas: State University of Innovative Education, Utah, Proceedings.<\/li>\n<li>1998: \u201cUsing technology to enhance business education. A USA-European perspective including empirical evidence\u201d UNC Research Report.<\/li>\n<li>1998: \u201cThe training needs of the future unemployed: Inference and technological competencies\u201d In search of a European response to training for competitive advantage: How to improve adaptability of enterprises and workers, Commission of the European Communities DG-XXII, Seminar proceedings at IESE, Madrid (Spain).<\/li>\n<li>1998: \u201cIn search of a European response to training for competitive advantage\u201d. Director of the research project. Commission of the European Communities.<\/li>\n<li>1998: \u201cBuilding and generating a creative and flexible work force: Key competencies\u201d IESE. Research Paper n\u00ba 359.<\/li>\n<li>1997: \u201cA diagnostic tool for the small to medium size manufacturer\u2019s strategy development through analysis of current operations\u201d with L. Sprague y J. Riverola, DSI en Australia. Proceedings. Fourth International meeting. Decision Sciences Institute.<\/li>\n<li>1997: \u201cAccomplishing Europe through education and training\u201d, Study group on Education and Training. Commission of the European Communities. Report. CEE.<\/li>\n<li>1997: \u201cCompeting through operations: a hotel competitiveness diagnostic tool\u201d in collaboration with J. Riverola and L. Sprague, Managing Service Operations, IESE Business School, Proceedings.<\/li>\n<li>1997: \u201cProject DSS Diagnostic and Proposal\u201d Study and diagnostic of a pilot Project DSS for the Spanish Unity DG XVI. Commission of the European Communities.<\/li>\n<li>1997: \u201cA new way to define Operations in the Hotel Industry\u201d, IESE Research Division. Research Paper n\u00ba 340.<\/li>\n<li>1997: \u201cDevelopment and implementation of a Management Operations Diagnostic to Improve Competitive Strengths\u201d. Coordinator and Director of Research of the research Project Phare, Program ACE, European Economic Community.<\/li>\n<li>1997: \u201cLearning in Firms, Specially SMES, DG-XXII, European Commission. Coordinator and Director of Research.<\/li>\n<li>1996: \u201cPreliminary Results from Spain on the GMRG questionnaire\u201d. Reuni\u00f3n del DSI M\u00e9xico. Proceedings.<\/li>\n<li>1995: \u201cProject IATT\u201d (Instituto Andaluz de Tecnolog\u00edas del Turismo), Consejer\u00eda de Turismo de la Junta de Andaluc\u00eda.<\/li>\n<li>1995: \u201cEnse\u00f1anza de las operaciones con el apoyo de Multimedia\u201d. Research Project at the IESE Business School.<\/li>\n<li>1994: \u201cTechnology Management in Spain\u201d in collaboration with J. Riverola, IESE, Research Paper n\u00ba 278.<\/li>\n<li>1994: \u201cOperations Strategic Analysis: Static and Dynamic Design\u201d Operations Strategy and Performance, University of Cambridge, Manufacturing Engineering Group. Proceedings.<\/li>\n<li>1993: International Interfim Cooperation \u201cGenerating Learning Through Interfirm Cooperation in SMES: A key element to become the best in a Global Market\u201d. Portugal, October. Proceedings.<\/li>\n<li>1993: \u201cTransferencia e implantaci\u00f3n de una metodolog\u00eda de diagn\u00f3stico de la base de conocimiento del INTA\u201d. Project for the Instituto National de T\u00e9cnico Aeroespacial, in collaboration with J. Riverola.<\/li>\n<li>1993: Project CASTA (Centro Andaluz de Servicios Tecnol\u00f3gicos Aplicados), with J. Riverola, for the Instituto de Fomento de Andaluc\u00eda.<\/li>\n<li>1993: Project Iberdrola. \u201cTransferencia e implantaci\u00f3n de una metodolog\u00eda de diagn\u00f3stico de competencias esenciales\u201d in collaboration with J. Riverola.<\/li>\n<li>1993: \u201cEl conocimiento y el desarrollo de la tecnolog\u00eda en la EXPO\u201992: La intensificaci\u00f3n de las ventajas, competitivas de Andaluc\u00eda como resultado\u201d with J. Riverola, R. Andreu &amp; J. Valor, TECNO-EXPO\u201993.<\/li>\n<li>1993: Project DIES, Analysis and implantation in the company Danobat (Grupo Mondrag\u00f3n) of the DIES methodology (Diagnostic of the Operations Competitiveness). Project agreed by the Basque Government. Collaborator: IKERLAN (Consulter Technological del Grupo Mondrag\u00f3n).<\/li>\n<li>1992: \u201cInnovation: Key elements and characteristics\u201d, IESE. Research Paper n\u00ba 236.<\/li>\n<li>1992: \u201cKey elements for a community industrial training strategy for the 90 focused in SMES\u201d. Task Force of Human Resources, Education and Youth. Commission of the European Communities.<\/li>\n<li>1991: \u201cA framework for the TFHR Programs: Concepts and policy implications\u201d Task Force of Human Resources, Education and Youth. Commission of the European Communities.<\/li>\n<li>1991: \u201cThe INFOSMES Diagnosis tool and methodology\u201d DG-XXIII, Commission of the European Communities. Research Paper n\u00ba 200.<\/li>\n<li>1991: PhD \u201cTraining for continuous improvement in the firm and its operations. A framework and its policy making implications from the EEC perspective\u201d, Universidad de Navarra, Faculty of Education Sciences.<\/li>\n<li>1990: \u201cInfosmes, a research project on information and innovation SMEs\u201d DGXXIII, Commission of the European Communities.<\/li>\n<li>1990: \u201cStrategic design of operations: A model and a methodology\u201d in collaboration with J. Riverola. IESE, Research Paper n\u00ba 205.<\/li>\n<li>1989: \u201cImplementing Innovation Projects: A paradigm and its implications\u201d in collaboration with J. Riverola IESE, Research Paper n\u00ba 154.<\/li>\n<li>1987: \u201cManaging Innovation Projects\u201d in collaboration with J. Riverola.<\/li>\n<\/ul>\n","protected":false},"excerpt":{"rendered":"<p>2011: &#8220;A business model for cultural services: Joint design and production of a customer experience&#8221;. IESE, Working Paper. 2008: \u201cAn approach to facilitate problem solving: individualizing the problem proposition\u201d. Research Paper n\u00ba 768 IESE. 2003: \u201cFour Dimensions to Induce Learning: The Challenge Profile\u201d, with C\u00e1ssia Silva Santiago, IESE. Research Paper n\u00ba 520. 2000: \u201cEthics, Operations [&hellip;]<\/p>\n","protected":false},"author":13,"featured_media":0,"parent":56,"menu_order":5,"comment_status":"open","ping_status":"closed","template":"","meta":{"footnotes":""},"class_list":["post-47","page","type-page","status-publish","hentry"],"aioseo_notices":[],"_links":{"self":[{"href":"https:\/\/blog.iese.edu\/munozseca\/wp-json\/wp\/v2\/pages\/47","targetHints":{"allow":["GET"]}}],"collection":[{"href":"https:\/\/blog.iese.edu\/munozseca\/wp-json\/wp\/v2\/pages"}],"about":[{"href":"https:\/\/blog.iese.edu\/munozseca\/wp-json\/wp\/v2\/types\/page"}],"author":[{"embeddable":true,"href":"https:\/\/blog.iese.edu\/munozseca\/wp-json\/wp\/v2\/users\/13"}],"replies":[{"embeddable":true,"href":"https:\/\/blog.iese.edu\/munozseca\/wp-json\/wp\/v2\/comments?post=47"}],"version-history":[{"count":5,"href":"https:\/\/blog.iese.edu\/munozseca\/wp-json\/wp\/v2\/pages\/47\/revisions"}],"predecessor-version":[{"id":184,"href":"https:\/\/blog.iese.edu\/munozseca\/wp-json\/wp\/v2\/pages\/47\/revisions\/184"}],"up":[{"embeddable":true,"href":"https:\/\/blog.iese.edu\/munozseca\/wp-json\/wp\/v2\/pages\/56"}],"wp:attachment":[{"href":"https:\/\/blog.iese.edu\/munozseca\/wp-json\/wp\/v2\/media?parent=47"}],"curies":[{"name":"wp","href":"https:\/\/api.w.org\/{rel}","templated":true}]}}