{"id":49,"date":"2011-06-08T11:40:01","date_gmt":"2011-06-08T11:40:01","guid":{"rendered":"https:\/\/blog.iese.edu\/munozseca\/?page_id=49"},"modified":"2011-06-08T11:49:48","modified_gmt":"2011-06-08T11:49:48","slug":"international-and-national-reports","status":"publish","type":"page","link":"https:\/\/blog.iese.edu\/munozseca\/publications\/international-and-national-reports\/","title":{"rendered":"Reports"},"content":{"rendered":"<ul>\n<li>1992 : \u201cLa formation et la PME\u201d, lecture at RACINE, R\u00e9seau D\u2019Appui et de Capitalisation Europ\u00e9ennes. Condorcet. Paris.<\/li>\n<li>1992: \u201cTraining needs in SMES\u201d lecture at the Vocational Training Seminar. Luxembourg.<\/li>\n<li>1992: \u201cBusiness Growth through improved human resource management. A focus on small and medium sized enterprises\u201d. Lecture at ARTISTE LIMITED, Cambridge. U.K.<\/li>\n<li>1993: \u201cINFOSMES, un estudio para mejorar las operaciones\u201d lecture in: Semana Europea PYME (4th October). CIDEM \u2013 Generalitat de Catalunya. Spain.<\/li>\n<li>1994: \u201cAn operations diagnostic tool\u201d, lecture at GMRG at Seattle University. USA (15-20 June).<\/li>\n<li>1994: \u201cStatic and dynamic design\u201d lecture in OMA, Conference at Cambridge University, U.K. (28-29 June).<\/li>\n<li>1995: Member of \u201cReflection group on education, training and youth\u201d of the European Commission Communities. XXII.<\/li>\n<li>1997: Participation at the first CEO Meeting of the Industrials Companies. \u201c\u00bfD\u00f3nde va la industria espa\u00f1ola en los albores del siglo XXI?\u201d Madrid, IESE Business School, Navarra University. Seminar 16 and 17 December.<\/li>\n<li>1997: \u201cGeneraci\u00f3n de conocimiento y tecnolog\u00eda\u201d lecture at \u201cTaller internacional sobre aplicaci\u00f3n de tecnolog\u00edas de la informaci\u00f3n de procesos de educaci\u00f3n a distancia en el tema de gesti\u00f3n de la tecnolog\u00eda\u201d, Sciences and Technology Latin-American Commission. Caracas, Venezuela.<\/li>\n<li>1998: \u201cInnovative Education\u201d Utah University. Lecture: \u201cUsing technology to enhance business education: a USA-European perspective including empirical evidence\u201d. DSI at Las Vegas, with A. Roth with J. Riverola.<\/li>\n<li>1998: IV International Conference about: La Creaci\u00f3n de empleo y nuevas tecnolog\u00edas. \u201cNuevas tecnolog\u00edas, aprendizaje y empleo\u201d 22 and 23 June, IESE \u2013 Business School, Navarra University, Barcelona (Spain).<\/li>\n<li>1998: \u201cThe challenge to generate a creative and flexible work\u201d Inaugural Lecture in \u201cThe plenary: Opening learning to all working across the Boundaries conference: The learning age: Towards a Europe of Knowledge\u201d, DFEE (Education and Employee Department), Manchester, United Kingdom.<\/li>\n<li>1998: CEO Forum &#8211; Madrid June 10. Extraordinary Session open, product life cycle. Experience in productivity improvement in operations; Moderator: Technological development of operations.<\/li>\n<li>1998: \u201cCreativity and Innovation\u201d Lecture at the \u00a0Seminar of Expert of the DG-XXII, \u00a0European Commission, at IESE Business School, Madrid.<\/li>\n<li>1998: \u201cThe training needs of future unemployed\u201d Lecture, DG-XXIII, IESE, Business School, Seminar.<\/li>\n<li>1999: \u201cA gestao do conhecimento na empresa\u201d, Seminar at Lisbon.<\/li>\n<li>1999: Global Manufacturing Research Group, Coordinator of the International Meeting at IESE, Madrid.<\/li>\n<li>1999: Decision Sciences Institute 5th International Conference, Athens, Greece, 4-7 July. Integrating technology &amp; human decisions: Global Bridges into the 21st Century Panel: Special managerial problems of transitional economies in Europe.<\/li>\n<li>1999: Conference for Luis Simoes Espa\u00f1a. \u201cUn paso adelante m\u00e1s all\u00e1 de la calidad. La gesti\u00f3n del conocimiento\u201d.<\/li>\n<li>2000: \u201cTowards a Europe of Knowledge: Policy spaces to generate learning\u201d, Inaugural lecture in: \u201cThe learning age: Towards a Europe of knowledge\u201d at the Seminar \u201cTowards a learning Society. European Communities Commission.<\/li>\n<li>2002: \u201cIncreasing productivity through the matching of technology and learning: a synopsis\u201d. Joined Up Economy Forum 24, 25, 26 may 2002, Geneva.<\/li>\n<\/ul>\n<p>&nbsp;<\/p>\n","protected":false},"excerpt":{"rendered":"<p>1992 : \u201cLa formation et la PME\u201d, lecture at RACINE, R\u00e9seau D\u2019Appui et de Capitalisation Europ\u00e9ennes. Condorcet. Paris. 1992: \u201cTraining needs in SMES\u201d lecture at the Vocational Training Seminar. Luxembourg. 1992: \u201cBusiness Growth through improved human resource management. A focus on small and medium sized enterprises\u201d. Lecture at ARTISTE LIMITED, Cambridge. U.K. 1993: \u201cINFOSMES, un [&hellip;]<\/p>\n","protected":false},"author":13,"featured_media":0,"parent":56,"menu_order":3,"comment_status":"open","ping_status":"closed","template":"","meta":{"footnotes":""},"class_list":["post-49","page","type-page","status-publish","hentry"],"aioseo_notices":[],"_links":{"self":[{"href":"https:\/\/blog.iese.edu\/munozseca\/wp-json\/wp\/v2\/pages\/49","targetHints":{"allow":["GET"]}}],"collection":[{"href":"https:\/\/blog.iese.edu\/munozseca\/wp-json\/wp\/v2\/pages"}],"about":[{"href":"https:\/\/blog.iese.edu\/munozseca\/wp-json\/wp\/v2\/types\/page"}],"author":[{"embeddable":true,"href":"https:\/\/blog.iese.edu\/munozseca\/wp-json\/wp\/v2\/users\/13"}],"replies":[{"embeddable":true,"href":"https:\/\/blog.iese.edu\/munozseca\/wp-json\/wp\/v2\/comments?post=49"}],"version-history":[{"count":5,"href":"https:\/\/blog.iese.edu\/munozseca\/wp-json\/wp\/v2\/pages\/49\/revisions"}],"predecessor-version":[{"id":77,"href":"https:\/\/blog.iese.edu\/munozseca\/wp-json\/wp\/v2\/pages\/49\/revisions\/77"}],"up":[{"embeddable":true,"href":"https:\/\/blog.iese.edu\/munozseca\/wp-json\/wp\/v2\/pages\/56"}],"wp:attachment":[{"href":"https:\/\/blog.iese.edu\/munozseca\/wp-json\/wp\/v2\/media?parent=49"}],"curies":[{"name":"wp","href":"https:\/\/api.w.org\/{rel}","templated":true}]}}