{"id":1232,"date":"2010-03-02T11:03:24","date_gmt":"2010-03-02T10:03:24","guid":{"rendered":"http:\/\/www.nuriachinchilla.com\/?page_id=1232"},"modified":"2020-06-15T09:11:59","modified_gmt":"2020-06-15T08:11:59","slug":"balancing-work-family-no-matter-where-you-are","status":"publish","type":"page","link":"https:\/\/blog.iese.edu\/nuriachinchilla\/mis-libros\/balancing-work-family-no-matter-where-you-are\/","title":{"rendered":"Balancing Work-family: no matter where you are"},"content":{"rendered":"<div class=\"libros\">\n<p><img loading=\"lazy\" decoding=\"async\" class=\"size-full wp-image-984 alignleft\" style=\"margin-left: 5px;margin-right: 5px\" src=\"https:\/\/blog.iese.edu\/nuriachinchilla\/files\/2010\/03\/balancing-work-and-familyc.jpg\" alt=\"Balancing Work-family: no matter where you are - Nuria Chinchilla\" width=\"170\" height=\"232\" \/><\/p>\n<p style=\"text-align: justify\">Editoras: Nuria Chinchilla, Mireia Las Heras y Aline D. Masuda<\/p>\n<p style=\"text-align: justify\">P\u00e1ginas: 186<\/p>\n<p style=\"text-align: justify\">Fecha: Marzo 2010<\/p>\n<p style=\"text-align: justify\">Esta publicaci\u00f3n nos demuestra c\u00f3mo la conciliaci\u00f3n de los distintos \u00e1mbitos de nuestras vidas es un reto omnipresente, tanto en los pa\u00edses desarrollados como en los que est\u00e1n en v\u00edas de desarrollo. Dentro de nuestro objetivo de ayudar a las empresas de todo el mundo a crear un entorno responsable con las familias, que facilite la armonizaci\u00f3n de la vida profesional y personal, hemos editado un libro de f\u00e1cil comprensi\u00f3n, en el que se repasa el ambiente cultural, social, pol\u00edtico y econ\u00f3mico en las regiones claves del mundo actual, as\u00ed como historias vividas por empleados de diferentes lugares y ambientes culturales.<\/p>\n<p style=\"text-align: justify\">El libro tambi\u00e9n aporta ejemplos y casos empresariales donde se ilustran las mejoras pr\u00e1cticas de empresas en las diferentes regiones, as\u00ed como un conjunto de recomendaciones pr\u00e1cticas basadas en s\u00f3lidas investigaciones internacionales.<\/p>\n<p>Nuria Chinchilla es profesora de <a href=\"https:\/\/www.iese.edu\/es\/claustro-investigacion\/departamentos-academicos\/direccion-personas-organizaciones\/\"><span style=\"color: #ff0000\">Direcci\u00f3n de Personas en las Organizaciones<\/span><\/a> en <a href=\"https:\/\/www.iese.edu\/es\/\"><span style=\"color: #ff0000\">IESE Business School.<\/span><\/a><\/p>\n<\/div>\n<p><!-- end .libros --><\/p>\n","protected":false},"excerpt":{"rendered":"<p>Editoras: Nuria Chinchilla, Mireia Las Heras y Aline D. Masuda P\u00e1ginas: 186 Fecha: Marzo 2010 Esta publicaci\u00f3n nos demuestra c\u00f3mo la conciliaci\u00f3n de los distintos \u00e1mbitos de nuestras vidas es un reto omnipresente, tanto en los pa\u00edses desarrollados como en los que est\u00e1n en v\u00edas de desarrollo. Dentro de nuestro objetivo de ayudar a las [&hellip;]<\/p>\n","protected":false},"author":314,"featured_media":0,"parent":9,"menu_order":0,"comment_status":"open","ping_status":"open","template":"","meta":{"footnotes":""},"class_list":["post-1232","page","type-page","status-publish","hentry"],"_links":{"self":[{"href":"https:\/\/blog.iese.edu\/nuriachinchilla\/wp-json\/wp\/v2\/pages\/1232","targetHints":{"allow":["GET"]}}],"collection":[{"href":"https:\/\/blog.iese.edu\/nuriachinchilla\/wp-json\/wp\/v2\/pages"}],"about":[{"href":"https:\/\/blog.iese.edu\/nuriachinchilla\/wp-json\/wp\/v2\/types\/page"}],"author":[{"embeddable":true,"href":"https:\/\/blog.iese.edu\/nuriachinchilla\/wp-json\/wp\/v2\/users\/314"}],"replies":[{"embeddable":true,"href":"https:\/\/blog.iese.edu\/nuriachinchilla\/wp-json\/wp\/v2\/comments?post=1232"}],"version-history":[{"count":1,"href":"https:\/\/blog.iese.edu\/nuriachinchilla\/wp-json\/wp\/v2\/pages\/1232\/revisions"}],"predecessor-version":[{"id":12177,"href":"https:\/\/blog.iese.edu\/nuriachinchilla\/wp-json\/wp\/v2\/pages\/1232\/revisions\/12177"}],"up":[{"embeddable":true,"href":"https:\/\/blog.iese.edu\/nuriachinchilla\/wp-json\/wp\/v2\/pages\/9"}],"wp:attachment":[{"href":"https:\/\/blog.iese.edu\/nuriachinchilla\/wp-json\/wp\/v2\/media?parent=1232"}],"curies":[{"name":"wp","href":"https:\/\/api.w.org\/{rel}","templated":true}]}}