{"id":40,"date":"2009-02-25T19:29:03","date_gmt":"2009-02-25T18:29:03","guid":{"rendered":"http:\/\/www.nuriachinchilla.com\/?page_id=40"},"modified":"2009-02-25T19:29:03","modified_gmt":"2009-02-25T18:29:03","slug":"ser-una-empresa-familiarmente-responsable","status":"publish","type":"page","link":"https:\/\/blog.iese.edu\/nuriachinchilla\/mis-libros\/ser-una-empresa-familiarmente-responsable\/","title":{"rendered":"Ser una empresa familiarmente responsable: \u00bfLujo o necesidad?"},"content":{"rendered":"<div class=\"libros\"><a href=\"http:\/\/www.casadellibro.com\/libro-ser-una-empresa-familiarmente-responsable-lujo-o-necesidad\/2900001149829\" target=\"_blank\"><img loading=\"lazy\" decoding=\"async\" src=\"\/wp-content\/uploads\/2009\/02\/ser-una-empresa.jpg\" alt=\"Portada de Ser una empresa familiarmente responsable: \u00bfLujo o necesidad?\" width=\"190\" height=\"220\" \/><\/a><\/p>\n<p>Autora: Nuria Chinchilla<\/p>\n<p>P\u00e1ginas: 159<\/p>\n<p>Editorial: Pearson Practice Hall<\/p>\n<p>Fecha: Noviembre 2006<\/p>\n<p>Cada vez es m\u00e1s com\u00fan y necesario el tema de la conciliaci\u00f3n entre la vida familiar y la vida laboral:<\/p>\n<p>&#8211; \u00bfQu\u00e9 pol\u00edticas de conciliaci\u00f3n en sus organizaciones deben implantar las empresas?<\/p>\n<p>&#8211; \u00bfPor qu\u00e9 m\u00f3tivos las empresas buscan convertirse en empresas familiarmente responsables?<\/p>\n<p>&#8211; \u00bfCu\u00e1les son las competencias directivas m\u00e1s buscadas y valoradas por las empresas?<\/p>\n<p>Estas cuestiones y otras m\u00e1s se dan cita en este libro que espera ser una gu\u00eda de inspiraci\u00f3n para muchos directivos que buscan ser l\u00edderes en su entorno familiar y empresarial.<\/p>\n<p><strong>La empresa dialogante<\/strong> es una colecci\u00f3n de libros de publicaci\u00f3n no peri\u00f3dica, que analizar\u00e1 monogr\u00e1ficamente en cada uno de sus vol\u00famenes un tema de inter\u00e9s sobre la comunicaci\u00f3n y la gesti\u00f3n empresarial.<\/p>\n<p>\u201c<a title=\"Web de la casa del libro\" href=\"http:\/\/www.casadellibro.com\/libro-ser-una-empresa-familiarmente-responsable-lujo-o-necesidad\/2900001149829\">Ser una empresa familiarmente responsable: \u00bfLujo o necesidad?<\/a>\u201d en La Casa del Libro (compra online)<\/div>\n<p><!-- end .libros --><\/p>\n","protected":false},"excerpt":{"rendered":"<p>Autora: Nuria Chinchilla P\u00e1ginas: 159 Editorial: Pearson Practice Hall Fecha: Noviembre 2006 Cada vez es m\u00e1s com\u00fan y necesario el tema de la conciliaci\u00f3n entre la vida familiar y la vida laboral: &#8211; \u00bfQu\u00e9 pol\u00edticas de conciliaci\u00f3n en sus organizaciones deben implantar las empresas? &#8211; \u00bfPor qu\u00e9 m\u00f3tivos las empresas buscan convertirse en empresas familiarmente [&hellip;]<\/p>\n","protected":false},"author":1,"featured_media":0,"parent":9,"menu_order":0,"comment_status":"closed","ping_status":"closed","template":"","meta":{"footnotes":""},"class_list":["post-40","page","type-page","status-publish","hentry"],"_links":{"self":[{"href":"https:\/\/blog.iese.edu\/nuriachinchilla\/wp-json\/wp\/v2\/pages\/40","targetHints":{"allow":["GET"]}}],"collection":[{"href":"https:\/\/blog.iese.edu\/nuriachinchilla\/wp-json\/wp\/v2\/pages"}],"about":[{"href":"https:\/\/blog.iese.edu\/nuriachinchilla\/wp-json\/wp\/v2\/types\/page"}],"author":[{"embeddable":true,"href":"https:\/\/blog.iese.edu\/nuriachinchilla\/wp-json\/wp\/v2\/users\/1"}],"replies":[{"embeddable":true,"href":"https:\/\/blog.iese.edu\/nuriachinchilla\/wp-json\/wp\/v2\/comments?post=40"}],"version-history":[{"count":0,"href":"https:\/\/blog.iese.edu\/nuriachinchilla\/wp-json\/wp\/v2\/pages\/40\/revisions"}],"up":[{"embeddable":true,"href":"https:\/\/blog.iese.edu\/nuriachinchilla\/wp-json\/wp\/v2\/pages\/9"}],"wp:attachment":[{"href":"https:\/\/blog.iese.edu\/nuriachinchilla\/wp-json\/wp\/v2\/media?parent=40"}],"curies":[{"name":"wp","href":"https:\/\/api.w.org\/{rel}","templated":true}]}}