{"id":43,"date":"2009-02-25T19:30:26","date_gmt":"2009-02-25T18:30:26","guid":{"rendered":"http:\/\/www.nuriachinchilla.com\/?page_id=43"},"modified":"2009-02-25T19:30:26","modified_gmt":"2009-02-25T18:30:26","slug":"duenos-de-nuestro-destino","status":"publish","type":"page","link":"https:\/\/blog.iese.edu\/nuriachinchilla\/mis-libros\/duenos-de-nuestro-destino\/","title":{"rendered":"Due\u00f1os de nuestro destino: C\u00f3mo conciliar la vida profesional, familiar y personal (2\u00aa edici\u00f3n)"},"content":{"rendered":"<div class=\"libros\"><a href=\"http:\/\/www.casadellibro.com\/libro-duenos-de-nuestro-destino-como-conciliar-la-vida-profesional-familiar-y-personal\/2900001171937\" target=\"_blank\"><img loading=\"lazy\" decoding=\"async\" src=\"\/wp-content\/uploads\/2009\/02\/duenos-de-nuestro-destino.jpg\" alt=\"Portada de Due\u00f1os de nuestro destino\" width=\"190\" height=\"220\" \/><\/a><\/p>\n<p>Autoras: Nuria Chinchilla y Maruja Moragas<\/p>\n<p>P\u00e1ginas: 323<\/p>\n<p>Editorial: ARIEL<\/p>\n<p>Fecha: Junio 2009<\/p>\n<p>\u00bfEs posible conciliar la vida profesional, familiar y personal? \u00c9sta es sin duda una pregunta que est\u00e1 en boca de todos y que cada vez se va a formular con m\u00e1s insistencia, ya que es uno de los problemas peor resueltos en nuestra sociedad.<\/p>\n<p>Este libro, escrito por dos reputadas especialistas, da respuestas para afrontar esta compleja situaci\u00f3n. Y lo hace bas\u00e1ndose en los conocimientos de las autoras sobre esta problem\u00e1tica en Espa\u00f1a y tambi\u00e9n en las soluciones que se han buscado o se est\u00e1n aplicando en pa\u00edses de nuestro entorno geogr\u00e1fico o social.<\/p>\n<p>Para conseguir que la conciliaci\u00f3n trabajo-familia sea de verdad posible, es necesaria la implicaci\u00f3n de nuestros gobernantes y legisladores, la flexibilidad y buenas pr\u00e1cticas de empresarios y el esfuerzo de las familias. Pero tambi\u00e9n y antes que nada nuestra propia voluntad de mejorar la realidad en que vivimos y de convertirnos en due\u00f1os de nuestro destino, logrando un equilibrio arm\u00f3nico entre lo que aportamos y lo que recibimos de la sociedad.<\/p>\n<p>Este libro, rebosante de certera reflexiones y \u00fatiles ejemplos, ofrece una visi\u00f3n pr\u00e1ctica y completa del tema que puede inspirar m\u00faltiples v\u00edas de resoluci\u00f3n de los conflictos que se presentan a diario en nuestras ajetreadas vidas.<\/p>\n<p>Esta <strong>segunda edici\u00f3n<\/strong> lleva incorporadas unas <strong>preguntas para la reflexi\u00f3n personal <\/strong>al final de cada cap\u00edtulo con el objetivo de que el lector pueda poner en pr\u00e1ctica en su vida diaria los conceptos desarrollados en el libro.<\/p>\n<p><strong>Comentarios de apoyo<\/strong><\/p>\n<p><em>Vivimos de manera fragmentada en un mundo lleno de exigencias contradictorias, como son ser buenos padres, trabajar m\u00e1s, cuidar de nosotros mismos. Due\u00f1os de nuestro destino combina la rigurosa ciencia social con la inspiraci\u00f3n, y con un contenido capaz de alcanzar un profundo nivel de verdad sobre la condici\u00f3n humana y sobre c\u00f3mo vivir una vida m\u00e1s plena acorde a quienes somos de verdad y en quienes nos queremos convertir. <\/em><\/p>\n<p align=\"right\"><strong>Jeffrey Pfeffer, Profesor de la Graduate School of Business, Stanford University <\/strong><\/p>\n<p><em>Due\u00f1os de nuestro destino\u00a0facilita tanto el marco te\u00f3rico como\u00a0abundantes herramientas y ejemplos pr\u00e1cticos\u00a0para que el directivo\u00a0act\u00fae en un entorno incierto y cambiante que requiere una gran adaptabilidad. Presenta un enfoque\u00a0\u00a0innovador\u00a0 que aporta una visi\u00f3n integral de la persona y que la propone como eje estabilizador y palanca impulsora del progreso empresarial y social.<\/em><em> <\/em><\/p>\n<p align=\"right\"><strong>Isidro Fain\u00e9, Presidente de La Caixa.<\/strong><\/p>\n<p><em>Una invitaci\u00f3n al viaje de la vida, a bordo de un barco metaf\u00f3rico, que sin duda llenar\u00e1 de viento las velas de cada lector&#8230; <\/em><\/p>\n<p align=\"right\"><strong>Avivah Wittenberg-Cox, CEO 20-first y Miembro VIP del EWPN. <\/strong><\/p>\n<p><em>Este libro es un excelente \u00abmanual de instrucciones\u00bb del ser humano para cualquier persona. Explica, de forma clara y al alcance de todos, valiosos y \u00fatiles conceptos de antropolog\u00eda, \u00e9tica y psicolog\u00eda necesarios tambi\u00e9n para entender el mundo empresarial.<\/em><\/p>\n<p align=\"right\"><strong>Antonio Gonz\u00e1lez-Barros, Presidente del Grupo INTERCOM.<\/strong><\/p>\n<p><em>A diferencia de muchos manuales de autoayuda que encontramos en el mercado, Due\u00f1os de nuestro destino es un libro profundo pero de f\u00e1cil comprensi\u00f3n sobre un tema muy serio: c\u00f3mo desarrollar nuestro verdadero car\u00e1cter y talento de manera que sean \u00fatiles en el m\u00e1s profundo de los sentidos.\u00a0 Este es un libro muy diferente sobre hombres y mujeres, ya que aporta una nueva perspectiva sobre las virtudes cl\u00e1sicas y el conocimiento. \u00a1Ser\u00e1 un \u00e9xito de ventas desde el primer momento! Y ayudar\u00e1 a todo tipo de gente.<\/em><em> <\/em><\/p>\n<p align=\"right\"><strong><em>Janne Haaland Matlary, Profesora del Institute of Political Science, Universidad de Oslo y Norwegian Military Staff College. <\/em><\/strong><\/p>\n<p align=\"right\"><strong><em><br \/>\n<\/em><\/strong><\/p>\n<p>\u201c<a title=\"Web de la casa del libro\" href=\"http:\/\/www.casadellibro.com\/libro-duenos-de-nuestro-destino-como-conciliar-la-vida-profesional-fa-miliar-y-personal\/1268542\/2900001333086\" target=\"_blank\">Due\u00f1os de nuestro destino: C\u00f3mo conciliar la vida profesional, familiar y personal<\/a>\u201d en La Casa del Libro (compra online)<\/p>\n<p>\u00ab<a title=\"comprar Due\u00f1os de nuestro destino\" href=\"http:\/\/www.troa.es\/amplia_libro.asp?codigo=460274&amp;tabla=6&amp;busc=si\" target=\"_blank\">Due\u00f1os de nuestro destino: C\u00f3mo conciliar la vida profesional, familiar y personal<\/a>\u00bb en Librer\u00eda Garb\u00ed (compra online)<\/div>\n<p><!-- end .libros --><\/p>\n","protected":false},"excerpt":{"rendered":"<p>Autoras: Nuria Chinchilla y Maruja Moragas P\u00e1ginas: 323 Editorial: ARIEL Fecha: Junio 2009 \u00bfEs posible conciliar la vida profesional, familiar y personal? \u00c9sta es sin duda una pregunta que est\u00e1 en boca de todos y que cada vez se va a formular con m\u00e1s insistencia, ya que es uno de los problemas peor resueltos en [&hellip;]<\/p>\n","protected":false},"author":1,"featured_media":0,"parent":9,"menu_order":0,"comment_status":"closed","ping_status":"closed","template":"","meta":{"footnotes":""},"class_list":["post-43","page","type-page","status-publish","hentry"],"_links":{"self":[{"href":"https:\/\/blog.iese.edu\/nuriachinchilla\/wp-json\/wp\/v2\/pages\/43","targetHints":{"allow":["GET"]}}],"collection":[{"href":"https:\/\/blog.iese.edu\/nuriachinchilla\/wp-json\/wp\/v2\/pages"}],"about":[{"href":"https:\/\/blog.iese.edu\/nuriachinchilla\/wp-json\/wp\/v2\/types\/page"}],"author":[{"embeddable":true,"href":"https:\/\/blog.iese.edu\/nuriachinchilla\/wp-json\/wp\/v2\/users\/1"}],"replies":[{"embeddable":true,"href":"https:\/\/blog.iese.edu\/nuriachinchilla\/wp-json\/wp\/v2\/comments?post=43"}],"version-history":[{"count":0,"href":"https:\/\/blog.iese.edu\/nuriachinchilla\/wp-json\/wp\/v2\/pages\/43\/revisions"}],"up":[{"embeddable":true,"href":"https:\/\/blog.iese.edu\/nuriachinchilla\/wp-json\/wp\/v2\/pages\/9"}],"wp:attachment":[{"href":"https:\/\/blog.iese.edu\/nuriachinchilla\/wp-json\/wp\/v2\/media?parent=43"}],"curies":[{"name":"wp","href":"https:\/\/api.w.org\/{rel}","templated":true}]}}