{"id":985,"date":"2009-11-19T12:55:37","date_gmt":"2009-11-19T11:55:37","guid":{"rendered":"http:\/\/www.nuriachinchilla.com\/?page_id=985"},"modified":"2009-11-19T12:55:37","modified_gmt":"2009-11-19T11:55:37","slug":"la-rotacion-de-directivos-comprometidos-o-involucrados-reedicion","status":"publish","type":"page","link":"https:\/\/blog.iese.edu\/nuriachinchilla\/mis-libros\/la-rotacion-de-directivos-comprometidos-o-involucrados-reedicion\/","title":{"rendered":"La Rotaci\u00f3n de Directivos: \u00bfComprometidos o involucrados? (Reedici\u00f3n)"},"content":{"rendered":"<div class=\"libros\">\n<p><img loading=\"lazy\" decoding=\"async\" class=\"size-full wp-image-984 alignleft\" style=\"margin-left: 5px;margin-right: 5px\" src=\"https:\/\/blog.iese.edu\/nuriachinchilla\/files\/2009\/11\/la-rotacion-de-directivos1.jpg\" alt=\"La rotaci\u00f3n de Directivos - Nuria Chinchilla\" width=\"170\" height=\"232\" srcset=\"https:\/\/blog.iese.edu\/nuriachinchilla\/files\/2009\/11\/la-rotacion-de-directivos1.jpg 420w, https:\/\/blog.iese.edu\/nuriachinchilla\/files\/2009\/11\/la-rotacion-de-directivos1-219x300.jpg 219w\" sizes=\"auto, (max-width: 170px) 100vw, 170px\" \/><\/p>\n<p style=\"text-align: justify\">Autora: Nuria Chinchilla<\/p>\n<p style=\"text-align: justify\">P\u00e1ginas: 252<\/p>\n<p style=\"text-align: justify\">Editorial: crecento! publishing<\/p>\n<p style=\"text-align: justify\">Fecha: Noviembre 2009<\/p>\n<p style=\"text-align: justify\">Despu\u00e9s de 15 a\u00f1os se ha reeditado este cl\u00e1sico del Management, la \u00ab\u00d3pera Prima\u00bb de la Profesora Nuria Chinchilla. Es una obra atemporal que ayuda a descubrir los v\u00ednculos a desarrollar con la empresa y el encaje de los directivos y empleados con la misma.<\/p>\n<p style=\"text-align: justify\">Gracias al desarrollo de redes sociales virtuales (como Linkedin) hoy se ponen al alcance de las personas muchas m\u00e1s oportunidades y alternativas de trabajo. Por eso, m\u00e1s que nunca, es necesario conocer las palancas que facilitan el desarrollo del compromiso para conseguir una mayor fidelizaci\u00f3n de los empleados ante nuevas oportunidades.<\/p>\n<p style=\"text-align: justify\">La lectura de este libro te invita a una doble reflexi\u00f3n:<\/p>\n<p style=\"text-align: justify\">Por un lado, nos permite una mejor comprensi\u00f3n de una realidad externa a nosotros mismos: los motivos por los cuales otras personas deciden comprometerse o dejar de comprometerse con una empresa, as\u00ed como las consecuencias de esa edici\u00f3n.<\/p>\n<p style=\"text-align: justify\">Por otro lado, nos ayuda a comprender mejor nuestra realidad: nuestros propios motivos y el tipo de v\u00ednculo que estamos desarrollando con la organizaci\u00f3n en la cual ejercemos nuestra profesi\u00f3n.<\/p>\n<p style=\"text-align: justify\">Esta organizaci\u00f3n fue galardonada con el premio EADA 1995. El jurado estuvo integrado por el Dr. Oriol Amat (Universitat Pompeu Fabra), Pere Nicol\u00e1s (Universitat Aut\u00f2noma de Barcelona), el Dr. Francesc Sol\u00e9 (Universitat Polit\u00e9cnica de Catalunya), Llu\u00eds Tar\u00edn (EADA) y por el Dr. Joaqu\u00edn Trigo (Universitat de Barcelona).<\/p>\n<\/div>\n<p><!-- end .libros --><\/p>\n","protected":false},"excerpt":{"rendered":"<p>Autora: Nuria Chinchilla P\u00e1ginas: 252 Editorial: crecento! publishing Fecha: Noviembre 2009 Despu\u00e9s de 15 a\u00f1os se ha reeditado este cl\u00e1sico del Management, la \u00ab\u00d3pera Prima\u00bb de la Profesora Nuria Chinchilla. Es una obra atemporal que ayuda a descubrir los v\u00ednculos a desarrollar con la empresa y el encaje de los directivos y empleados con la [&hellip;]<\/p>\n","protected":false},"author":314,"featured_media":0,"parent":9,"menu_order":0,"comment_status":"open","ping_status":"open","template":"","meta":{"footnotes":""},"class_list":["post-985","page","type-page","status-publish","hentry"],"_links":{"self":[{"href":"https:\/\/blog.iese.edu\/nuriachinchilla\/wp-json\/wp\/v2\/pages\/985","targetHints":{"allow":["GET"]}}],"collection":[{"href":"https:\/\/blog.iese.edu\/nuriachinchilla\/wp-json\/wp\/v2\/pages"}],"about":[{"href":"https:\/\/blog.iese.edu\/nuriachinchilla\/wp-json\/wp\/v2\/types\/page"}],"author":[{"embeddable":true,"href":"https:\/\/blog.iese.edu\/nuriachinchilla\/wp-json\/wp\/v2\/users\/314"}],"replies":[{"embeddable":true,"href":"https:\/\/blog.iese.edu\/nuriachinchilla\/wp-json\/wp\/v2\/comments?post=985"}],"version-history":[{"count":0,"href":"https:\/\/blog.iese.edu\/nuriachinchilla\/wp-json\/wp\/v2\/pages\/985\/revisions"}],"up":[{"embeddable":true,"href":"https:\/\/blog.iese.edu\/nuriachinchilla\/wp-json\/wp\/v2\/pages\/9"}],"wp:attachment":[{"href":"https:\/\/blog.iese.edu\/nuriachinchilla\/wp-json\/wp\/v2\/media?parent=985"}],"curies":[{"name":"wp","href":"https:\/\/api.w.org\/{rel}","templated":true}]}}