{"id":55,"date":"2011-10-05T13:22:34","date_gmt":"2011-10-05T12:22:34","guid":{"rendered":"https:\/\/blog.iese.edu\/ormazabal\/?page_id=55"},"modified":"2026-03-25T15:46:03","modified_gmt":"2026-03-25T14:46:03","slug":"55-2","status":"publish","type":"page","link":"https:\/\/blog.iese.edu\/ormazabal\/55-2\/","title":{"rendered":"Curriculum Vitae"},"content":{"rendered":"<h3><strong>Education<\/strong><\/h3>\n<p>PhD. Business &#8211; Stanford University Graduate School of Business. June 2011<\/p>\n<p>PhD.\u00a0Construction Engineering\u00a0&#8211; Politechnical University of Catalonia. February 2002.<\/p>\n<p>Degree in Civil\u00a0Engineering (Ingenier\u00eda de Caminos, Canales y Puertos)\u00a0&#8211; Politechnical University of Catalonia.\u00a0June 1998<\/p>\n<h3>Fellowships, Recognitions, Honors, and Awards<\/h3>\n<p>Research Member of the\u00a0Sustainable Finance\u00a0Research\u00a0and Policy Network (RPN)<\/p>\n<p>Research Member in the European Corporate Governance Institute (ECGI)<\/p>\n<p>Research Affiliate in the Financial Economics program of the Center for Economic Policy Research (CEPR)<\/p>\n<p>Research Affiliate in the Public-Private Research Center de IESE Business School<\/p>\n<p>Excellence in Refereeing Award, Journal of Accounting Research (2023)<\/p>\n<p>Outstanding Paper Award,\u00a0 Alliance for Research on Corporate Sustainability, Annual Conference (2022)<\/p>\n<p>Excellence in Refereeing Award, Journal of Accounting Research (2022)<\/p>\n<p>Excellence in Reviewing Recognition, European Accounting Research (2022)<\/p>\n<p>Research Award Antonio Dionis (Premio de Investigaci\u00f3n Antonio Dionis de la Fundaci\u00f3n de Estudios Financieros) (2021)<\/p>\n<p>Outstanding Reviewer Recognition. Contemporary Accounting Research (2021)<\/p>\n<p>Excellence in Refereeing Award, Journal of Accounting Research (2020)<\/p>\n<p>Outstanding Reviewer Award. The Accounting Review (2020)<\/p>\n<p>Research Award Antonio Dionis (Premio de Investigaci\u00f3n Antonio Dionis de la Fundaci\u00f3n de Estudios Financieros) (2019)<\/p>\n<p>Jacobs Levy Center Research Paper Prize for outstanding paper (Wharton, University of Pennsylvania) (2018)<\/p>\n<p>Research grant by Social Trends Institute (2021)<\/p>\n<p>Grant SGR 1244 by Ag\u00e8ncia de Gesti\u00f3 d\u2019Ajusts Universitaris i de Recerca (AGAUR) (research fellowship granted by the Catalan Government) (2017)<\/p>\n<p>Grant &#8220;Ayudas a Investigadores y Creadores Culturales&#8221; (research fellowship granted by BBVA Foundation) (2016)<\/p>\n<p>Best Discussion Award. Review of Accounting Studies (RAST)\u00a02015 Conference.<\/p>\n<p>IESE Alumni Association Research Excellence Award (2015\u00a0)<\/p>\n<p>Award &#8220;Premio Fondos Concursables&#8221; from Centro de Gobierno Corporativo de la Universidad de Chile (2015)<\/p>\n<p>Grant SGR 1496 by Ag\u00e8ncia de Gesti\u00f3 d\u2019Ajusts Universitaris i de Recerca (AGAUR) (research fellowship granted by the Catalan Government) (2014)<\/p>\n<p>Marie Curie Fellowship\u00a0(European Commission research fellowship) (2012)<\/p>\n<p>Ramon y Cajal Fellowship (Spanish Government research fellowship) (2011)<\/p>\n<p>Esa and Helena Hietala Fellowship at Stanford University (2010)<\/p>\n<p>Carol F. Dressler Fellowship at Stanford University (2009)<\/p>\n<p>David S. Tappan, Jr. Fellowship at Stanford University (2008)<\/p>\n<p>Alan C. Root Fellowship at Stanford University (2007)<\/p>\n<p>Marian Kennedy Fisher Fellowship at Stanford University (2007)<\/p>\n<p>Spanish Government Research Fellowship FPI (Formaci\u00f3n del Personal Investigador) (1998-2002)<\/p>\n<p>Prize \u201cVictoriano Mu\u00f1oz Ohms\u201d for doctoral dissertation (2002)<\/p>\n<p>Runner-up prize \u201cDragados\u201d, for the dissertation to obtain the degree in Civil Engineering (1998)<\/p>\n<h3>Invited Academic Presentations<\/h3>\n<p>2026:\u00a0 \u00a0Nanyang Business School (NBS) Accounting Conference at Nanyang Technological University (keynote speaker), IE Workshop on Executive Compensation (keynote speaker), Conference on Sustainability Reporting: Bridging Academia and Regulators at Oxford University, 9<sup>th<\/sup> International Conference on Corporate Finance at Hitotsubashi University (keynote speaker), Sustainability Standards Conference at Goethe University (presenter), Annual Conference of the Hellenic (Greek) Accounting and Finance Association (keynote speaker), Bristol Workshop in Corporate Finance, University of Bristol (keynote speaker), Early Researchers\u2019 Consortium at University of Padova (keynote speaker), Vlerick Business School (Executive Remuneration Research Centre, Annual Conference) (keynote speaker), LBS Accounting Symposium (discussant), The Chinese University of Hong Kong (CUHK), 2026 CUHK Accounting Conference (discussant).<\/p>\n<p>2025:\u00a0\u00a0\u00a0 University of Bologna, University College Dublin, ESSEC, NYU (Ross Institute Visiting Distinguished Scholar), NYU Shanghai, Frankfurt School of Finance and Management, HEC Paris (scheduled), Norwegian School of Economics NHH, Stockholm School of Economics, University Southampton (scheduled), University of Hong Kong (scheduled), CKHSB Beijing (scheduled).<\/p>\n<p>2024:\u00a0 \u00a0 Rutgers University, PhD Forum of the European Accounting Association (speaker), Egyptian Online Seminars in Business, Accounting and Economics, Rotman Accounting Conference , Swiss Winter Accounting Conference, HEC Lausanne, Bayes Business School (scheduled), Free University of Bozen-Bolzano, University of Padova, Aarhus BSS, ESSEC Business School.<\/p>\n<p>2023:\u00a0 \u00a0University\u00a0 of Bielefeld, TRR 266 Annual Conference (keynote speaker), University of Chicago, University of Minnesota,\u00a0 University of Calgari, Scandinavian Accounting Research Conference (Keynote Speaker), INSEAD, Columbia University, Stanford GSB Conference on Sustainability (presenter), 14th edition of the Lancaster\/Manchester\/ICAEW conference (presenter), BAFA-SEAG annual meeting (presenter), 2023 Barcelona Accounting Group Summer Workshop (presenter), EAA Doctoral Consortium (speaker).<\/p>\n<p>2022:\u00a0 \u00a0Inquire UK research seminar, Marseille Business School, University of Bristol, University of Bath, University of Miami, Grupo Santander, Tilburg University, Hong Kong University of\u00a0 Science and Technology (HKUST), Universidad Carlos III, Alliance Manchester Business School, University of Hong Kong.<\/p>\n<p>2021:\u00a0 London School of Economics, University of Manheim, ECGI Spotlight Series (Investor Impact on ESG)<\/p>\n<p>2020:\u00a0 Bank of Spain, Banco Santander, Warwick University, BI Norwegian Business School, Indian Institute of Management Bangalore, Erasmus School of Economics.<\/p>\n<p>2019: \u00a0\u00a0 University of Amsterdam, Bocconi University, ESSEC Business School<\/p>\n<p>2018: \u00a0\u00a0 Boston College, University of Michigan, Simon Fraser University, Chinese University of Hong Kong, Frankfurt School of Finance &amp; Management, Hong Kong University of Science and Technology, IESEG, National University of Singapore, Singapore Management University, University of Melbourne, University of Queensland, University of Sydney<\/p>\n<p>2017: \u00a0 \u00a0Arison School of Business, IDC Herzliya, University of Manheim, Tilburg University, Annual Conference of Contemporary Accounting Research<\/p>\n<p>2016: \u00a0\u00a0 Erasmus School of Economics, WHU \u2013 Otto Beisheim School of Management, SOAR Accounting Symposium (Singapore Management University)<\/p>\n<p>2015:\u00a0\u00a0\u00a0 Goethe University \u2013 SAFE workshop on \u201cSay-on-Pay\u201d, Cambridge University \u2013 Financial Accounting Symposium, Universidad Cat\u00f3lica \u2013 NOVA \u2013 Lisbon Accounting Conference, INSEAD, University of Zurich, Humboldt University Berlin, MIT Sloan<\/p>\n<p>2014:\u00a0\u00a0\u00a0 London School of Economics, University Pompeu Fabra,\u00a0Northwestern University, Lancaster University<\/p>\n<p>2013:\u00a0\u00a0\u00a0 Wharton, University Carlos III, University of Navarra, HEC Paris<\/p>\n<p>2012: \u00a0\u00a0 London Business School<\/p>\n<p>&nbsp;<\/p>\n<h3>Participation at Practitioner and Academic Conferences<\/h3>\n<p>Ross Institute Visiting Distinguished Scholar at NYU (scheduled), April 28-May 2, 2025<\/p>\n<p>2024 Accountability in a Sustainable World Conference (speaker), September 24-25, 2024.<\/p>\n<p>Institute of Corporate Directors (Speaker),\u00a0 Manila, September 19-21, 2024.<\/p>\n<p>Cyprus University of Technology Finance and Accounting Research Workshop (speaker), June 22-23, 2024.<\/p>\n<p>London Business School Tax Bootcamp, June 19, 2024.<\/p>\n<p>19 Banking Industry Meeting, IESE Center for International Finance. 16-17 of May, 2024.<\/p>\n<p>Amicorp webminar on ESG Finance- Investing and Sustainability. April, 2024.<\/p>\n<p>IESE-ECGI Corporate Governance Conference. Madrid. 16 of April, 2024.<\/p>\n<p>Coloquio sobre la ESG en la Gobernanza Corporativa. Organizado por Fundaci\u00f3n Alternativas. December, 2023.<\/p>\n<p>\u201cModern Capitalism and Corporate Purpose\u201d event organized by the European Corporate Governance Institute, September 2023<\/p>\n<p>18 Banking Industry Meeting, IESE Center for International Finance. 16-17 of May, 2023.<\/p>\n<p>Foro de Liderazgo Consciente, Capitalismo Consciente, Marzo 2023<\/p>\n<p>IESE-ECGI Corporate Governance Conference. Madrid. 3-4 of October, 2022<\/p>\n<p>17 Banking Industry Meeting,\u00a0 IESE Center for International Finance. 11-12 of May, 2022<\/p>\n<p>IESE-ECGI Corporate Governance Conference. Madrid. 4-5 of October, 2021<\/p>\n<p>IV Foro Anual del Consejero (First Spanish Symposium on Corporate Directors). Madrid. July 4<sup>th<\/sup>, 2018<\/p>\n<p>X Spanish Workshop on Empirical Research in Financial Accounting. A Coru\u00f1a. 2-4 of April, 2014.<\/p>\n<p>XX Annual Symposium of IESE\u2019s Center for International Finance (CIF). Madrid March 21st, 2013<\/p>\n<p>I Foro Anual del Consejero (First Spanish Symposium on\u00a0Corporate Directors). Madrid. May 28th, 2013<\/p>\n<p>&nbsp;<\/p>\n<h3>Invited Participation in Academic Conferences<\/h3>\n<p>2026:\u00a0 University of Warwick (scheduled), Georgetown University (scheduled), Notre Dame (scheduled), Wharton (scheduled), University of Amsterdam (scheduled), University of Padova (scheduled), EAA Virtual Accounting Research Seminar (VARS) 2025\/2026 Series (scheduled), IE (scheduled), American University of Beirut (scheduled), City University of Hong Kong (Distinguished Visiting Scholar), Goethe University (scheduled), CUNEF University (scheduled), Stockholm School of Economics (scheduled).<\/p>\n<p>2025:\u00a0 \u00a0 NYU Shanghai and NYU Stern Joint Accounting Research Conference (presenter), 2025 Lisbon Accounting Conference (discussant), Environmental Regulations and Industrial Structure, organized by Stockholm School of Economics (speaker), ESSEC&#8217;s symposium for Europe-based scholars (keynote speaker), University of Bristol 12th Annual Corporate Finance Conference (keynote speaker), Journal of Accounting Research Annual Conference, International Accounting Policy Forum (presenter), Accounting and Business Research Annual Conference (speaker), Annual Conference of the Hellenic (Greek) Accounting and Finance Association (panelist).<\/p>\n<p>2024:\u00a0 \u00a0 PhD Forum of the European Accounting Association (speaker), Rotman Accounting Conference (speaker), Swiss Winter Accounting Conference (discussant), Review of Accounting Studies 2024 Conference.<\/p>\n<p>2023:\u00a0 \u00a0 Keynote speaker at the TRR 266 Annual Conference, Keynote Speaker at the Scandinavian Accounting Research Conference, Speaker invitation at \u201cModern Capitalism and Corporate Purpose\u201d event organized by the ECGI, Speaker Invitation from Stanford GSB &#8211; Conference on Sustainability, Speaker Invitation 14th edition of the Lancaster\/Manchester\/ICAEW conference, Speaker BAFA-SEAG annual meeting, Journal of Accounting Research Conference, Review of Accounting Studies.<\/p>\n<p>2022:\u00a0 \u00a0 Journal of Accounting Research, Review of Accounting Studies, European Finance Association Annual Meeting (organization committee, session chair), Journal of Law, Finance, and\u00a0 Accounting (discussant), UN PRI Academic Conference 2022 (discussant), IE University Workshop on ESG and Firm Value (discussant), Conference on Corporate Carbon Disclosures (Stanford)<\/p>\n<p>2021:\u00a0\u00a0\u00a0 Cavalcade, Journal of Accounting Research, Global Corporate Governance Colloquia (discussant), Review of Accounting Studies Annual Conference (discussant)<\/p>\n<p>2020:\u00a0\u00a0\u00a0 IIMB Accounting Research Conference (presenter), European Accounting Review Annual Conference (discussant).<\/p>\n<p>2019: \u00a0\u00a0 Accounting Conference, London School of Economics (discussant), LBS Accounting Symposium.<\/p>\n<p>2018: \u00a0\u00a0 Information, Markets, and Organizations Conference 2018, Harvard Business School (discussant), Midyear Meeting of the Financial Accounting and Reporting Section (editorial board), LBS Accounting Symposium.<\/p>\n<p>2017: \u00a0\u00a0 Review of Accounting Studies Annual Conference, European Accounting Association Annual Meeting, LBS Accounting Symposium, Harvard Accounting Symposium, Annual Conference of Contemporary Accounting Research.<\/p>\n<p>2016: \u00a0\u00a0 SOAR Accounting Symposium (Singapore) 2016 (discussant), LBS Accounting Symposium<\/p>\n<p>2015: \u00a0\u00a0 Review of Accounting Studies Conference (discussant), Stanford Accounting Summer Camp (discussant), LBS Accounting Symposium, European Accounting Association Annual Meeting, Universidad Cat\u00f3lica \u2013 NOVA \u2013 Lisbon Accounting Conference (presenter and discussant), Goethe University \u2013 SAFE workshop on \u201cSay-on-Pay\u201d (presenter), Cambridge University \u2013 Financial Accounting Symposium (presenter).<\/p>\n<p>2014:\u00a0LBS Accounting Symposium, Stanford Accounting Summer Camp, American Accounting Association Annual Meeting<\/p>\n<p>2013: \u00a0European Accounting Association Annual Meeting,\u00a0LBS Accounting Symposium, University of Colorado Accounting Symposium<\/p>\n<p>2012: \u00a0LBS Accounting Symposium, Stanford Accounting Summer Camp<\/p>\n<p>2011: \u00a0Stanford Accounting Summer Camp<\/p>\n<p>2010: \u00a0Management Accounting Section Midyear Meeting, American Accounting Association Annual Meeting,\u00a0Stanford Accounting Summer Camp<\/p>\n<p>2009: \u00a0Journal of Accounting and Economics Conference,\u00a0FARS Mid-year Conference<\/p>\n<p>2008: \u00a0Stanford Accounting Summer Camp<\/p>\n<p>2007: \u00a0Stanford Accounting Summer Camp<\/p>\n<p>&nbsp;<\/p>\n<h3>Professional Service<\/h3>\n<p>Editor: Review of Accounting Studies<\/p>\n<p>Ad hoc editor: Contemporary Accounting Research<\/p>\n<p>Ad hoc reviewer: Accounting and Business Research, Contemporary Accounting Research, European Accounting Review, European Journal of Finance, Journal of Accounting Research, Journal of Accounting and Economics, Journal of Accounting and Public Policy, Journal of Banking and Finance, Journal of Business, Finance, and Accounting, Journal of Business Ethics, Journal of Corporate Finance, Journal of Financial Intermediation, Journal of Financial and Quantitative Analysis, Management Science, North American Journal of Economics and Finance, Review of Accounting Studies, Strategic Management Journal, The Accounting Review.<\/p>\n<p>Advisory\u00a0boards: Governance Committee of the American Accounting Association (2014-2015)<\/p>\n<p>Editorial boards: The Accounting Review, Contemporary Accounting Research, European Accounting Review, Journal of Financial Reporting, Revista Espa\u00f1ola de Contabilidad y Financiaci\u00f3n (Spanish Journal of Finance and Accounting), Indian Journal of Accounting Research, Accountability in a Sustainable World.<\/p>\n<p>Editorial Committees: 2024 EFA Program Committee, 2022 EFA Program Committee, 2018 Midyear Meeting of the Financial Accounting and Reporting Section (FARS), subliaison of the 2014 Annual Meeting of the American Accounting Association (AAA), UN Principles for Responsible Investment (PRI) Academic Network Conference 2024.<\/p>\n<p>Evaluation panels: Referee for the Spanish Government\u2019s Science &amp; Innovation Department.<\/p>\n<p>Member of the EFRAG Connectivity Advisory Panel<\/p>\n<h3>Dissertation Committees<\/h3>\n<p>Ph. D. examination commitee\u2013\u00a0 Marco Errico, ESADE (Ph.D. 2024)<\/p>\n<p>Ph. D. examination commitee\u2013\u00a0 Raffaele Manini, Pompeu Fabra University (Ph.D. 2022)<\/p>\n<p>Ph. D. examination commitee\u2013\u00a0 Marta Alonso, University of Navarra (Ph.D. 2022)<\/p>\n<p>Ph. D. Thesis Advisor \u2013 Donald N\u2019Gatta, IESE Business School (Ph.D. 2021)<\/p>\n<p>Ph. D. examination committee \u2013 Karolis Liaudinskas, Pompeu Fabra University (Ph.D. 2020)<\/p>\n<p>Ph. D. examination committee \u2013 Christopher Stewart, University of Melbourne (Ph.D. 2020)<\/p>\n<p>Ph. D. Thesis Advisor \u2013 Fang Li, IESE Business School (Ph.D. 2020)<\/p>\n<p>Ph. D. examination committee \u2013 Pedro Belisario, IESE Business School (Ph.D. 2019)<\/p>\n<p>Ph. D. Thesis Advisor \u2013 Jiyuan Dai, IESE Business School (Ph.D. 2019)<\/p>\n<p>Ph. D. examination committee \u2013 Facundo Mercado, Carlos III University (Ph.D. 2018)<\/p>\n<p>Ph. D. examination committee \u2013 Lluis Puig, Universitat Internacional de Catalunya (ongoing)<\/p>\n<p>Ph. D. examination committee \u2013 Andr\u00e9s Mesa, University of Navarra (Ph.D. 2018)<\/p>\n<p>Ph. D. examination committee \u2013 Wenjiao Cao, Frankfurt School of Finance and Management (Ph.D. 2018)<\/p>\n<p>Ph. D. examination committee \u2013 Kizkitza Biguri, Pompeu Fabra University (Ph.D. 2016)<\/p>\n<p>Ph. D. examination committee \u2013 Luz Parrondo, Pompeu Fabra University (Ph.D. 2016)<\/p>\n<p>Ph. D. examination committee \u2013 Mariano Scapin, Carlos III University (Ph.D. 2015)<\/p>\n<p>Ph. D. examination committee \u2013 Patricia Boyallian, Carlos III University (Ph.D. 2014)<\/p>\n<p>Ph. D. examination committee \u2013 Stefan Gissler, Pompeu Fabra University (Ph.D. 2014)<\/p>\n<p>Ph. D. Thesis Advisor \u2013 Marcos Citelli, IESE Business School (since 2014)<\/p>\n<p>Ph. D. Thesis Advisor \u2013 Daniel Ferr\u00e9s, IESE Business School (Ph.D. 2014)<\/p>\n<p>Ph. D. Thesis Co-Advisor \u2013 Luis Azuola, Polytechnical university of Catalonia (UPC) (Ph.D. 2008)<\/p>\n<p>Ph. D. Thesis Co-Advisor \u2013 Bibiana Alarc\u00f3n, Polytechnical university of Catalonia (UPC) (Ph.D. 2006)<\/p>\n<p>Ph. D. Thesis Co-Advisor \u2013 Resmundo Manga, Polytechnical university of Catalonia (UPC) (Ph.D. 2005)<\/p>\n<p><strong>\u00a0<\/strong><\/p>\n<h3>Teaching<\/h3>\n<p>Courses:<\/p>\n<ul>\n<li>Managerial Accounting (MBA)<\/li>\n<li>Corporate Governance (MBA)<\/li>\n<li>Corporate Governance (PhD)<\/li>\n<\/ul>\n<p>&nbsp;<\/p>\n<h3>Participation in Government-Funded R&amp;D Projects<\/h3>\n<ul>\n<li>\u201cCompetition vs. Concentration in Real Estate and Banking\u201d Research project funded by Ministerio de Econom\u00eda y Competitividad (the Spanish Government\u2019s Economy Department). Subprograma de Investigaci\u00f3n Fundamental no Orientada. ECO2018- 97335-P. Project coordinator: Carles Vergara.<\/li>\n<li>\u201cAvances en Organizaci\u00f3n Industrial, Finanzas y Econom\u00eda Experimental (Advances in Industrial Economics, Finance, and Experimental Economics)\u201d. Research project funded by Ministerio de Econom\u00eda y Competitividad (the Spanish Government\u2019s Economy Department). Subprograma de Investigaci\u00f3n Fundamental no Orientada. ECO2015-63711-P. Project coordinator: Xavier Vives.<\/li>\n<li>\u201cAdvances in Industrial Economics and Finance. Research project funded by Ministerio de Econom\u00eda y Competitividad (the Spanish Government\u2019s Economy Department). Subprograma de Investigaci\u00f3n Fundamental no Orientada. ECON2011-29533. Project coordinator: Xavier Vives.<\/li>\n<li>\u00a0\u201cMIVES I: Integrated Model for a Sustainable Constructive Design. Aplication to Industrial and Service Buildings\u201d. Research project funded by Ministerio de Ciencia y Educacion (the Spanish Government\u2019s Science and Innovation Department). Convocatoria de ayudas de Proyectos de Investigaci\u00f3n Cient\u00edfica y Desarrollo Tecnol\u00f3gico (2002) MAT 2002-04310. Project coordinator: Antonio Aguado.<\/li>\n<li>\u00a0\u201cMIVES II: Sustainability through Value Analysis Applied to Several Fields\u201d. Research project funded by Ministerio de Ciencia y Educacion (the Spanish Government\u2019s Science and Innovation Department). Plan Nacional de I+D+i BIA2005-09163-C03-01. Project coordinator: Antonio Aguado.<\/li>\n<\/ul>\n","protected":false},"excerpt":{"rendered":"<p>Education PhD. Business &#8211; Stanford University Graduate School of Business. June 2011 PhD.\u00a0Construction Engineering\u00a0&#8211; Politechnical University of Catalonia. February 2002. Degree in Civil\u00a0Engineering (Ingenier\u00eda de Caminos, Canales y Puertos)\u00a0&#8211; Politechnical University of Catalonia.\u00a0June 1998 Fellowships, Recognitions, Honors, and Awards Research Member of the\u00a0Sustainable Finance\u00a0Research\u00a0and Policy Network (RPN) Research Member in the European Corporate Governance Institute [&hellip;]<\/p>\n","protected":false},"author":850,"featured_media":0,"parent":0,"menu_order":3,"comment_status":"open","ping_status":"closed","template":"","meta":{"footnotes":""},"class_list":["post-55","page","type-page","status-publish","hentry"],"aioseo_notices":[],"_links":{"self":[{"href":"https:\/\/blog.iese.edu\/ormazabal\/wp-json\/wp\/v2\/pages\/55","targetHints":{"allow":["GET"]}}],"collection":[{"href":"https:\/\/blog.iese.edu\/ormazabal\/wp-json\/wp\/v2\/pages"}],"about":[{"href":"https:\/\/blog.iese.edu\/ormazabal\/wp-json\/wp\/v2\/types\/page"}],"author":[{"embeddable":true,"href":"https:\/\/blog.iese.edu\/ormazabal\/wp-json\/wp\/v2\/users\/850"}],"replies":[{"embeddable":true,"href":"https:\/\/blog.iese.edu\/ormazabal\/wp-json\/wp\/v2\/comments?post=55"}],"version-history":[{"count":170,"href":"https:\/\/blog.iese.edu\/ormazabal\/wp-json\/wp\/v2\/pages\/55\/revisions"}],"predecessor-version":[{"id":677,"href":"https:\/\/blog.iese.edu\/ormazabal\/wp-json\/wp\/v2\/pages\/55\/revisions\/677"}],"wp:attachment":[{"href":"https:\/\/blog.iese.edu\/ormazabal\/wp-json\/wp\/v2\/media?parent=55"}],"curies":[{"name":"wp","href":"https:\/\/api.w.org\/{rel}","templated":true}]}}